{"id":99,"date":"2021-10-22T16:15:18","date_gmt":"2021-10-22T16:15:18","guid":{"rendered":"https:\/\/kaelberer-online.de\/services\/?page_id=99"},"modified":"2021-10-22T16:15:18","modified_gmt":"2021-10-22T16:15:18","slug":"anlagenanschluss-3cx","status":"publish","type":"page","link":"https:\/\/www.kaelberer-online.de\/services\/telefonanlagen\/anlagenanschluss-3cx\/","title":{"rendered":"ANLAGENANSCHLUSS 3CX Beratung Tel. 07164 90 97 00"},"content":{"rendered":"<h2>\n<p>Wissen Sie die Anforderungen an Ihre neue <strong><strong>3CX<\/strong><\/strong> <strong><strong>TK-Anlage<\/strong><\/strong> bereits?<\/p>\n<\/h2>\n<p><h3>Eine aktuelle <strong>3CX<\/strong> <strong>TK-Anlage<\/strong> simplifiziert Ihre Firmenprozesse. Optimieren Sie Ihre Firma mit der neusten und flexiblen <strong>3CX<\/strong> <strong>TK-Anlage<\/strong>. Die <strong>3CX<\/strong> <strong>Telefonanlage<\/strong> die ma\u00dfgeschneidert auf Ihre Anforderungen zugeschnitten ist und mit dem Unternehmen gro\u00df werden kann.<\/h3>\n<\/p>\n<p>Eine neue Arbeitswelt ist mobil unterwegs. Telefonieren Sie mit einem Handy \u00fcber die <strong>3CX<\/strong> <strong>Telefonanlage<\/strong> mit Ihren Klienten. Nat\u00fcrlich \u00fcber Ihre Festnetz-Rufnummer als Absenderkennung. Wahren Sie Ihre Privatsph\u00e4re und beweisen Sie Professionalit\u00e4t.<\/p>\n<p>die <strong>3CX<\/strong> <strong>TK-Anlage<\/strong>n wurden auch f\u00fcr flexibles arbeiten entworfen. Als aktuelle Cloud <strong>3CX<\/strong> <strong>TK-Anlage<\/strong> oder auf der pers\u00f6nlichen Hardware hausintern gehostet. Eine Installation und die Konfiguration ist unkompliziert. Sie bekommen damit eine sichere, zuverl\u00e4ssige wie auch anpassbare <strong>3CX<\/strong> <strong>Telefonanlage<\/strong>.<\/p>\n<h2>Die preiswerte, anpassungsf\u00e4hige L\u00f6sung<\/h2>\n<p>Ein einmaliges Preis- und Leistungsverh\u00e4ltnis. Richten Sie unendlich viele Nebenstellen ein, stets exakt da wo Sie sie im Moment ben\u00f6tigen und sparen Sie Kosten.<\/p>\n<h2>Ermitteln Sie die Anrufenden!<\/h2>\n<p>Bei Anrufeingang pr\u00e4zise wissen wer im Moment anruft. Informationen sind alles. F\u00fcr Besch\u00e4ftigte oder die Gesch\u00e4ftsf\u00fchrung. Somit wissen Sie genau was l\u00e4uft. W\u00e4hlen Sie mit einem simplen Click aus dem CRM oder Ihrer Firmensoftware jede Rufnummer.<\/p>\n<p>Ist es nicht super, wenn Sie von einer zentralen Oberfl\u00e4che heraus s\u00e4mtliche Anrufe t\u00e4tigen, entgegen nehmen wie auch bearbeiten oder aber den Status Ihrer Arbeitskollegen in Erfahrung bringen, eingehende Livechat-Nachrichten beantworten und Videoanrufe initiieren k\u00f6nnten? Mit einem Webclient als Softphone und der Windows Desktop Applikation ist alles das wie auch noch jede Menge mehr realisierbar.<\/p>\n<h2>MS 365 Verzahnung<\/h2>\n<p>Benutzt Ihre Firma MS 365? Dann verbinden Sie dieses m\u00fchelos mit der <strong>3CX<\/strong> <strong>TK-Anlage<\/strong> und kombinieren Sie s\u00e4mtliche Vorteile beider Systeme! User k\u00f6nnen \u00fcbergangslos mit beiden Apps arbeiten, Kontakte verwalten und Vorgehensweisen schlanker machen, um die Effizienz zu erh\u00f6hen und Kunden zu inspirieren. <\/p>\n<h2>Kontakte mit Ihrem <strong>3CX<\/strong> Telefonbuch synchronisieren<\/h2>\n<h2>Microsoft Teams Telefonie-Verzahnung<\/h2>\n<ol>\n<li>Ausschalten Microsoft\u00b4s teurer Inlands-\/internationaler Tarife<\/li>\n<\/li>\n<li>Realisierung externer Telefongespr\u00e4che \u00fcber <strong>3CX<\/strong> SIP-Trunks<\/li>\n<\/li>\n<li>Selektion eines speziellen g\u00fcnstigen SIP-Anbieters Ihrer Gegend<\/li>\n<\/li>\n<\/ol>\n<h3>Unsere Techniker beraten, beschaffen Hardware wie auch Softwareanwendungen, richten ein, konfigurieren, nehmen in Betrieb und Supporten Ihre brandneue <strong>3CX<\/strong> <strong>Telefonanlage<\/strong>. Sie haben Fragen, oder wollen unsere aktuelle Liste der Preise anfordern? Sie erreichen uns unter Telefon 07164 909700 und per E-Mail-Nachricht unter support@kaelberer-online.de<\/h3>\n<h2>Konnten wir Ihr Interesse wecken?<\/h2>\n<p>Unz\u00e4hlige zus\u00e4tzliche top Funktionen warten auf Sie.<\/p>\n<ul>\n<li>Enth\u00e4lt mobile Apps f\u00fcr das Betriebssystem Windows, Web, iOS &#038; Android<\/li>\n<li>Kinderleichte Nutzerverwaltung spart jede Menge Arbeitsstunden<\/li>\n<li>Ver\u00e4ndern des pers\u00f6nlichen Status und Ansicht der Verf\u00fcgbarkeit des Teams<\/li>\n<li>App \u00f6ffnen, QR Code scannen \u2013 im Nu sind Sie bereit!<\/li>\n<li>Zuordnung der Anrufer-ID zu einem Datensatz in Ihrem CRM<\/li>\n<li>Anmeldung am Webclient \u2013 Details in der Willkommens-E-Mail<\/li>\n<li>Wechsel zwischen Sprach- sowie Video-Anrufe mit einem Fingertipp<\/li>\n<li>Perfekte Verbindung f\u00fcr nahtlosen Wechsel zwischen Netzen<\/li>\n<li>Einfaches Erstellen und Organisieren von Nebenstellen \u2013 auch remote<\/li>\n<li>Einfaches Weitersenden von Anrufen und Chatten mit Arbeitskollegen<\/li>\n<li>Verzicht auf kostspielige Mobilanrufe zwischen Mitarbeitern und Kunden<\/li>\n<li>In Minuten Benutzer aktualisieren\/hinzuf\u00fcgen sowie Mailboxen konfigurieren<\/li>\n<li>Benutzerdefinierte Call Flows automatisieren Anfragen &#038; Prozesse<\/li>\n<li>SIP-Forking \u2013 simultane Nutzung von <strong>3CX<\/strong> Anwendung wie auch Tischtelefon<\/li>\n<li>Kostenlose Office-Anrufe f\u00fcr remote &#038; reisende Mitarbeiter<\/li>\n<li>Anrufweiterleitung basierend auf Kundennummer und Anfrage<\/li>\n<li>Inbegriffen Datensicherungen \u00fcber Nacht sowie 24\/7-\u00dcberwachung<\/li>\n<li>Zurverf\u00fcgungstellung Ihrer Entit\u00e4t bei einem Top-Cloud-Anbieter<\/li>\n<li>Unbegrenzte Zahl von Benutzern geb\u00fchrenfrei in <strong>3CX<\/strong> enthalten<\/li>\n<li>Telefonrechnung um bis zu 80 % verringern mittels Wechsel zu <strong>3CX<\/strong><\/li>\n<li>Lockdown-f\u00e4hig mit der kostenlosen App f\u00fcr Web, iOS &#038; Android<\/li>\n<li>Anruf-Protokolle im Kundendatensatz f\u00fcr transparente Anrufhistorie<\/li>\n<\/ul>\n<h3>Fragen Sie mehr Informationen und ein Angebot bei unserer Firma an. Nat\u00fcrlich stellen wir Ihnen auch eine komplette Leistungs\u00fcbersicht zur Verf\u00fcgung.<\/h3>\n<p>[contact-form-7 id=&#8220;5&#8243; title=&#8220;Contact form 1&#8243;]<\/p>\n","protected":false},"excerpt":{"rendered":"<p>Wissen Sie die Anforderungen an Ihre neue 3CX TK-Anlage bereits? Eine aktuelle 3CX TK-Anlage simplifiziert Ihre Firmenprozesse. Optimieren Sie Ihre Firma mit der neusten und flexiblen 3CX TK-Anlage. Die 3CX Telefonanlage die ma\u00dfgeschneidert auf Ihre Anforderungen zugeschnitten ist und mit dem Unternehmen gro\u00df werden kann. Eine neue Arbeitswelt ist mobil unterwegs. Telefonieren Sie mit einem &hellip; <a href=\"https:\/\/www.kaelberer-online.de\/services\/telefonanlagen\/anlagenanschluss-3cx\/\" class=\"more-link\">Continue reading<span class=\"screen-reader-text\"> &#8222;ANLAGENANSCHLUSS 3CX Beratung Tel. 07164 90 97 00&#8220;<\/span><\/a><\/p>\n","protected":false},"author":2,"featured_media":100,"parent":26,"menu_order":0,"comment_status":"closed","ping_status":"closed","template":"","meta":{"footnotes":""},"class_list":["post-99","page","type-page","status-publish","has-post-thumbnail","hentry"],"_links":{"self":[{"href":"https:\/\/www.kaelberer-online.de\/services\/wp-json\/wp\/v2\/pages\/99","targetHints":{"allow":["GET"]}}],"collection":[{"href":"https:\/\/www.kaelberer-online.de\/services\/wp-json\/wp\/v2\/pages"}],"about":[{"href":"https:\/\/www.kaelberer-online.de\/services\/wp-json\/wp\/v2\/types\/page"}],"author":[{"embeddable":true,"href":"https:\/\/www.kaelberer-online.de\/services\/wp-json\/wp\/v2\/users\/2"}],"replies":[{"embeddable":true,"href":"https:\/\/www.kaelberer-online.de\/services\/wp-json\/wp\/v2\/comments?post=99"}],"version-history":[{"count":0,"href":"https:\/\/www.kaelberer-online.de\/services\/wp-json\/wp\/v2\/pages\/99\/revisions"}],"up":[{"embeddable":true,"href":"https:\/\/www.kaelberer-online.de\/services\/wp-json\/wp\/v2\/pages\/26"}],"wp:featuredmedia":[{"embeddable":true,"href":"https:\/\/www.kaelberer-online.de\/services\/wp-json\/wp\/v2\/media\/100"}],"wp:attachment":[{"href":"https:\/\/www.kaelberer-online.de\/services\/wp-json\/wp\/v2\/media?parent=99"}],"curies":[{"name":"wp","href":"https:\/\/api.w.org\/{rel}","templated":true}]}}