{"id":973,"date":"2022-04-20T06:14:36","date_gmt":"2022-04-20T06:14:36","guid":{"rendered":"https:\/\/kaelberer-online.de\/services\/?page_id=973"},"modified":"2022-04-20T06:14:36","modified_gmt":"2022-04-20T06:14:36","slug":"notebook-reparatur-privat-wiesensteig","status":"publish","type":"page","link":"https:\/\/www.kaelberer-online.de\/services\/privat\/notebook-reparatur-privat-wiesensteig\/","title":{"rendered":"Notebook <a href=\"https:\/\/www.kaelberer-online.de\/services\/\">Reparatur<\/a> Privat f\u00fcr Wiesensteig &#8211; Tel. 07164 909700"},"content":{"rendered":"<h2>Ihr EDV-Fachmann aus der n\u00e4chsten N\u00e4he: <span style=\"color: #4F81BD;\"><strong>kaelberer services<\/strong><\/span> &#8211; wir sind nur rund 6.9 Km von Ihnen entfernt.<\/h2>\n<p>Bei unserer Unternehmung ist Ihre Home Computer-Fehlerbeseitigung in den allerbesten H\u00e4nden! Au\u00dferdem f\u00fchren wir verl\u00e4sslich IT-Wartungen inklusive Virenentfernung an Ihrem Laptop durch. Unter Umst\u00e4nden brauchen Sie gute und preiswerte Kaufberatung, Datensicherung und PC-Aufr\u00fcstung? In diesem Fall sind wir der richtige Experte!<\/p>\n<h2>Unsere Spezialisten in Zell u. A. legen gro\u00dfen Wert auf individuellen PC-Service f\u00fcr unsere Privaten Kunden.<\/h2>\n<p>Nehmen Sie mit uns Kontakt auf unter E-Mail: support@kaelberer-online.de und fordern Sie unsere PC-Unterst\u00fctzung an. Unser Angebot gilt sowohl in unseren R\u00e4umlichkeiten als auch via Fernwartung oder vor Ort bei Ihnen in Wiesensteig. Wir sind Ihre profesionelle PC- Betreuung Ihr EDV-Experte<\/p>\n<h3>Unsere Serviceleistungen auf einen Blick:<\/h3>\n<ul>\n<li><span style=\"color: #4F81BD;\"><strong>kaelberer services<\/strong><\/span> steht Ihnen in jeder Situation rund um Personalcomputer wie auch Laptop mit bestem Know How zur Seite.<\/li>\n<li>Erweiterung von Personalcomputer beziehungsweise Notebook<\/li>\n<li>Kompetente Schadensabwicklung rund um PC und Datensicherung<\/li>\n<li>Es kommt \u00f6fter vor, als gedacht: ein unachtsamer Moment \u2013 falsche Taste bet\u00e4tigt und Daten sind gel\u00f6scht.<\/li>\n<li><u>Reparatur<\/u> und Instandsetzung von Computern, Notebooks<\/li>\n<li>Virenentfernung, Virenschutz wie auch gute und preiswerte Datensicherung<\/li>\n<\/ul>\n<p><strong><span style=\"color: #FF0000;\">Zus\u00e4tzliche Dienste auf Anfrage Tel.: 07164 909700<\/span><\/strong><\/p>\n<h2>Installation von Komponennten sowie Softwarel\u00f6sungen<\/h2>\n<p>In unserer sich rasant ver\u00e4ndernden Umgebung gibt es unabl\u00e4ssig Neuerungen. Die Anschaffung eines neuen Computers, Druckers, Scanners oder einer Fritz box kann f\u00fcr den Laien sehr herausfordernd sein. Sie wissen nicht, wie moderne Programme benutzt werden? Dann supporten wir Sie gerne dabei. Selbstverst\u00e4ndlich z\u00e4hlt die Ger\u00e4te- und Softwareinstallation zu unseren T\u00e4tigkeiten.<\/p>\n<p>Rechner und <strong>Laptop<\/strong>-Aufr\u00fcstung \u2013 gewissenhaft und kompetent von kaelberer services.<\/p>\n<p>Technik steht nie still. Um Ihren PC auf einem neusten Status zu halten, m\u00fcsste ab und zu eine fachm\u00e4nnische Aufr\u00fcstung vorgenommen werden. Die Hardware-Aufr\u00fcstung ist bei uns in fachm\u00e4nnischer Hand.<\/p>\n<h2>Wenn es Personal Computer-Probleme gibt<\/h2>\n<p>Wenn Ihr PC nicht mehr korrekt funktioniert sowie das Handy oder der <u>Laptop<\/u> besch\u00e4digt ist, dann wenden Sie sich vertrauensvoll an uns.<\/p>\n<p>Vollservice f\u00fcr jegliche Personal Computer, egal welche Marke.<\/p>\n<p>Vielf\u00e4ltige Services, die Ihren Rechner und Laptop betreffen, \u00fcbernimmt unser Fachbetrieb mit viel Genauigkeit. <span style=\"color: #4F81BD;\"><strong>kaelberer services<\/strong><\/span> ist Ihr qualifizierter Profi f\u00fcr Services in Wiesensteig. Dabei ist unser Angebot besonders weit gef\u00e4chert. Dar\u00fcber hinaus offerieren wir neben Personal Computer-Reparatur auch viele EDV-Leistungen wie Datensicherung, Softwareinstallation und Schulungen.<\/p>\n<h2>PC-Unterst\u00fctzung f\u00fcr Private Kunden<\/h2>\n<p>Die Anforderungen von Privaten Kunden erfordern h\u00e4ufig passende L\u00f6sungen. Unsere Firma ist darauf eingestellt. Den \u00e4lteren Laptop m\u00fcssen Sie nicht gleich zum Recyclinghof transportieren, wom\u00f6glich ben\u00f6tigt er nur eine General\u00fcberholung und eine neue SSD. In diesem Fall gibt eine Reihe von L\u00f6sungen, Nachhaltigkeit ins Spiel zu bringen.<\/p>\n<p><strong><cite>Rechner-Dienst im privaten Bereich: <span style=\"color: #4F81BD;\"><strong>kaelberer services<\/strong><\/span> Telefon: 07164 909700 &#8211; | E-Mail: support@kaelberer-online.de<\/cite><\/strong><\/p>\n<p>[contact-form-7 id=&#8220;524&#8243; title=&#8220;<u>Notebook<\/u>&#8211;<u>Reparatur<\/u>-Privat&#8220;]<\/p>\n","protected":false},"excerpt":{"rendered":"<p>Ihr EDV-Fachmann aus der n\u00e4chsten N\u00e4he: kaelberer services &#8211; wir sind nur rund 6.9 Km von Ihnen entfernt. Bei unserer Unternehmung ist Ihre Home Computer-Fehlerbeseitigung in den allerbesten H\u00e4nden! Au\u00dferdem f\u00fchren wir verl\u00e4sslich IT-Wartungen inklusive Virenentfernung an Ihrem Laptop durch. Unter Umst\u00e4nden brauchen Sie gute und preiswerte Kaufberatung, Datensicherung und PC-Aufr\u00fcstung? In diesem Fall sind &hellip; <a href=\"https:\/\/www.kaelberer-online.de\/services\/privat\/notebook-reparatur-privat-wiesensteig\/\" class=\"more-link\">Continue reading<span class=\"screen-reader-text\"> &#8222;Notebook <a href=\"https:\/\/www.kaelberer-online.de\/services\/\">Reparatur<\/a> Privat f\u00fcr Wiesensteig &#8211; Tel. 07164 909700&#8243;<\/span><\/a><\/p>\n","protected":false},"author":2,"featured_media":974,"parent":486,"menu_order":0,"comment_status":"closed","ping_status":"closed","template":"","meta":{"footnotes":""},"class_list":["post-973","page","type-page","status-publish","has-post-thumbnail","hentry"],"_links":{"self":[{"href":"https:\/\/www.kaelberer-online.de\/services\/wp-json\/wp\/v2\/pages\/973","targetHints":{"allow":["GET"]}}],"collection":[{"href":"https:\/\/www.kaelberer-online.de\/services\/wp-json\/wp\/v2\/pages"}],"about":[{"href":"https:\/\/www.kaelberer-online.de\/services\/wp-json\/wp\/v2\/types\/page"}],"author":[{"embeddable":true,"href":"https:\/\/www.kaelberer-online.de\/services\/wp-json\/wp\/v2\/users\/2"}],"replies":[{"embeddable":true,"href":"https:\/\/www.kaelberer-online.de\/services\/wp-json\/wp\/v2\/comments?post=973"}],"version-history":[{"count":0,"href":"https:\/\/www.kaelberer-online.de\/services\/wp-json\/wp\/v2\/pages\/973\/revisions"}],"up":[{"embeddable":true,"href":"https:\/\/www.kaelberer-online.de\/services\/wp-json\/wp\/v2\/pages\/486"}],"wp:featuredmedia":[{"embeddable":true,"href":"https:\/\/www.kaelberer-online.de\/services\/wp-json\/wp\/v2\/media\/974"}],"wp:attachment":[{"href":"https:\/\/www.kaelberer-online.de\/services\/wp-json\/wp\/v2\/media?parent=973"}],"curies":[{"name":"wp","href":"https:\/\/api.w.org\/{rel}","templated":true}]}}