{"id":971,"date":"2022-03-08T09:52:50","date_gmt":"2022-03-08T09:52:50","guid":{"rendered":"https:\/\/kaelberer-online.de\/services\/?page_id=971"},"modified":"2022-03-08T09:52:50","modified_gmt":"2022-03-08T09:52:50","slug":"notebook-reparatur-privat-wernau","status":"publish","type":"page","link":"https:\/\/www.kaelberer-online.de\/services\/privat\/notebook-reparatur-privat-wernau\/","title":{"rendered":"Notebook <u>Reparatur<\/u> Privat in Wernau &#8211; Tel. 07164 909700"},"content":{"rendered":"<h2>Ihr IT-Fachmann aus der N\u00e4he: <span style=\"color: #4F81BD;\"><strong>kaelberer services<\/strong><\/span> &#8211; unsere Firma ist nur etwa 9.8 Km von Ihnen entfernt.<\/h2>\n<p>Bei uns ist Ihre Personal Computer-Fehlerbeseitigung in den allerbesten H\u00e4nden! Au\u00dferdem k\u00f6nnen wir verl\u00e4sslich IT-Wartungen inklusive Virenentfernung an Ihrem Computer durchf\u00fchren. Gegebenenfalls ben\u00f6tigen Sie fachgem\u00e4\u00dfe Kaufberatung, Datensicherung sowie Personal Computer-Aufr\u00fcstung? In diesem Fall sind wir der optimale Ansprechpartner!<\/p>\n<h2>Unsere Spezialisten in Zell unter Aichelberg legen besonderen Wert auf individuellen PC-Service f\u00fcr unsere Privaten Klienten.<\/h2>\n<p>Nehmen Sie mit uns Kontakt auf unter Telefon 07164 909700 und verlangen Sie unsere PC-Unterst\u00fctzung. Dieses Angebot gilt sowohl in unseren R\u00e4umlichkeiten wie auch via Fernwartung oder vor Ort bei Ihnen in Wernau. Unsere Firma ist Ihre profesionelle Heimcomputer- Betreuung Ihr EDV-Experte<\/p>\n<h3>Die Services unserer Firma auf einen Blick:<\/h3>\n<ul>\n<li>Aufr\u00fcstung von Personalcomputer und Notebook<\/li>\n<li>Virenentfernung, Virenschutz und gute und preiswerte Sicherung Ihrer Daten<\/li>\n<li>Professionelle Schadensabwicklung rund um Heimcomputer und Backup<\/li>\n<li>Reparatur und <strong>Reparatur<\/strong> von PCs, Notebooks<\/li>\n<li>Manchmal kommt es vor: ein Moment in dem man nicht aufpasst \u2013 falsche Taste gedr\u00fcckt und die Daten sind gel\u00f6scht.<\/li>\n<\/ul>\n<p><strong><span style=\"color: #FF0000;\">Weitere Dienste auf Anfrage Telefon: 07164 909700<\/span><\/strong><\/p>\n<h2>Inbetriebnahme von Ger\u00e4ten und Software<\/h2>\n<p>In unserer sich rasant ver\u00e4ndernden Welt gibt es permanent Neuerungen. Der Erwerb eines neuen Computers, Druckers, Scanners oder einer Fritz box kann f\u00fcr den Unerfahrenen ausgesprochen anspruchsvoll sein. Sie wissen nicht, wie neuartige Softwareprogramme benutzt werden k\u00f6nnen? Dann unterst\u00fctzen wir Sie nat\u00fcrlich dabei. Nat\u00fcrlich geh\u00f6rt die Ger\u00e4te- und Softwareinstallation zu unseren T\u00e4tigkeiten.<\/p>\n<p>Rechner und <u>Notebook<\/u>-Aufr\u00fcstung \u2013 zuverl\u00e4ssig und professionell von kaelberer services.<\/p>\n<p>Technik steht niemals still. Um Ihren Personalcomputer auf einem neuesten Stand zu halten, sollte ab und zu eine fachm\u00e4nnische Aufr\u00fcstung gemacht werden. Ihre Hardware-Aufr\u00fcstung ist bei uns in kompetenter Hand.<\/p>\n<h2>Wenn der Personal Computer einmal schadhaft ist<\/h2>\n<p>Sollte Ihr Heimcomputer nicht mehr fehlerfrei funktionieren und das Smartphone oder der Laptop kaputt ist, dann wenden Sie sich vertrauensvoll an kaelberer-services.<\/p>\n<p>Vollservice f\u00fcr s\u00e4mtliche Personalcomputer, egal welches Model.<\/p>\n<p>Weitreichende Dienste, die Ihren PC und Laptop betreffen, \u00fcbernehmen unsere Experten mit viel Sorgfalt. <span style=\"color: #4F81BD;\"><strong>kaelberer services<\/strong><\/span> ist Ihr kompetenter Profi f\u00fcr Services in Wernau. Hierbei ist unser Angebot besonders breit gef\u00e4chert. Im \u00dcbrigen bieten wir neben Heimcomputer-<u>Reparatur<\/u> auch weitreichende EDV-T\u00e4tigkeiten wie Backup, Softwareinstallation und Einzelschulungen.<\/p>\n<h2>Rechner-Unterst\u00fctzung f\u00fcr Private Kunden<\/h2>\n<p>Die Anforderungen von Privatkunden ben\u00f6tigen h\u00e4ufig besondere L\u00f6sungen. Unsere Mitarbeiter von kaelberer-services sind darauf eingestellt. Den \u00e4lteren Laptop m\u00fcssen Sie nicht zum Recyclinghof verfrachten, eventuell ben\u00f6tigt er nur eine Runderneuerung sowie eine neuartige SSD-Festplatte. In diesem Fall gibt eine Vielzahl von Chancen, Nachhaltigkeit ins Spiel zu bringen.<\/p>\n<p><strong><cite>Rechner-Dienst privat: <span style=\"color: #4F81BD;\"><strong>kaelberer services<\/strong><\/span> Telefon: 07164 909700 &#8211; | E-Mail: support@kaelberer-online.de<\/cite><\/strong><\/p>\n<p>[contact-form-7 id=&#8220;524&#8243; title=&#8220;<strong>Notebook<\/strong>-Reparatur-Privat&#8220;]<\/p>\n","protected":false},"excerpt":{"rendered":"<p>Ihr IT-Fachmann aus der N\u00e4he: kaelberer services &#8211; unsere Firma ist nur etwa 9.8 Km von Ihnen entfernt. Bei uns ist Ihre Personal Computer-Fehlerbeseitigung in den allerbesten H\u00e4nden! Au\u00dferdem k\u00f6nnen wir verl\u00e4sslich IT-Wartungen inklusive Virenentfernung an Ihrem Computer durchf\u00fchren. Gegebenenfalls ben\u00f6tigen Sie fachgem\u00e4\u00dfe Kaufberatung, Datensicherung sowie Personal Computer-Aufr\u00fcstung? In diesem Fall sind wir der optimale &hellip; <a href=\"https:\/\/www.kaelberer-online.de\/services\/privat\/notebook-reparatur-privat-wernau\/\" class=\"more-link\">Continue reading<span class=\"screen-reader-text\"> &#8222;Notebook <u>Reparatur<\/u> Privat in Wernau &#8211; Tel. 07164 909700&#8243;<\/span><\/a><\/p>\n","protected":false},"author":2,"featured_media":972,"parent":486,"menu_order":0,"comment_status":"closed","ping_status":"closed","template":"","meta":{"footnotes":""},"class_list":["post-971","page","type-page","status-publish","has-post-thumbnail","hentry"],"_links":{"self":[{"href":"https:\/\/www.kaelberer-online.de\/services\/wp-json\/wp\/v2\/pages\/971","targetHints":{"allow":["GET"]}}],"collection":[{"href":"https:\/\/www.kaelberer-online.de\/services\/wp-json\/wp\/v2\/pages"}],"about":[{"href":"https:\/\/www.kaelberer-online.de\/services\/wp-json\/wp\/v2\/types\/page"}],"author":[{"embeddable":true,"href":"https:\/\/www.kaelberer-online.de\/services\/wp-json\/wp\/v2\/users\/2"}],"replies":[{"embeddable":true,"href":"https:\/\/www.kaelberer-online.de\/services\/wp-json\/wp\/v2\/comments?post=971"}],"version-history":[{"count":0,"href":"https:\/\/www.kaelberer-online.de\/services\/wp-json\/wp\/v2\/pages\/971\/revisions"}],"up":[{"embeddable":true,"href":"https:\/\/www.kaelberer-online.de\/services\/wp-json\/wp\/v2\/pages\/486"}],"wp:featuredmedia":[{"embeddable":true,"href":"https:\/\/www.kaelberer-online.de\/services\/wp-json\/wp\/v2\/media\/972"}],"wp:attachment":[{"href":"https:\/\/www.kaelberer-online.de\/services\/wp-json\/wp\/v2\/media?parent=971"}],"curies":[{"name":"wp","href":"https:\/\/api.w.org\/{rel}","templated":true}]}}