{"id":969,"date":"2022-03-28T04:41:10","date_gmt":"2022-03-28T04:41:10","guid":{"rendered":"https:\/\/kaelberer-online.de\/services\/?page_id=969"},"modified":"2022-03-28T04:41:10","modified_gmt":"2022-03-28T04:41:10","slug":"notebook-reparatur-privat-weilheim-an-der-teck","status":"publish","type":"page","link":"https:\/\/www.kaelberer-online.de\/services\/privat\/notebook-reparatur-privat-weilheim-an-der-teck\/","title":{"rendered":"<a href=\"https:\/\/www.kaelberer-online.de\/services\/\">Notebook<\/a> <u>Reparatur<\/u> Privat in Weilheim an der Teck &#8211; Tel. 07164 909700"},"content":{"rendered":"<h2>Ihr IT-Spezialist in der nahe gelegenen Umgebung: <span style=\"color: #4F81BD;\"><strong>kaelberer services<\/strong><\/span> &#8211; wir sind nur etwa 1.9 Kilometer von Ihnen entfernt.<\/h2>\n<p>Bei uns ist Ihre Heimcomputer-<u>Reparatur<\/u> in den besten H\u00e4nden! Au\u00dferdem k\u00f6nnen wir zuverl\u00e4ssig IT-Wartungen inklusive Virenentfernung an Ihrem <strong>Laptop<\/strong> durchf\u00fchren. Unter Umst\u00e4nden ben\u00f6tigen Sie professionelle Kaufberatung, Datensicherung und PC-Aufr\u00fcstung? Dann sind wir der geeignete Partner!<\/p>\n<h2>Unsere Mitarbeiter in Zell unter Aichelberg legen besonderen Wert auf pers\u00f6nlichen EDV-Service f\u00fcr unsere Privaten Kunden.<\/h2>\n<p>Nehmen Sie mit uns Kontakt auf unter Telefon 07164 909700 und verlangen Sie unsere PC-Unterst\u00fctzung. Dieses Angebot gilt sowohl in unseren R\u00e4umlichkeiten wie auch via Fernwartung oder vor Ort bei Ihnen in Weilheim an der Teck. Wir sind Ihre profesionelle PC- Betreuung Ihr EDV-Profi<\/p>\n<h3>Die Services unserer Firma auf einen Blick:<\/h3>\n<ul>\n<li>Erweiterung von Personalcomputer beziehungsweise <a href=\"https:\/\/www.kaelberer-online.de\/services\/\">Notebook<\/a><\/li>\n<li>Installation von Ger\u00e4tschaft sowie Software<\/li>\n<li>Kompetente Abwicklung rund um Personalcomputer und Datensicherung<\/li>\n<li>Virenentfernung, Virenschutz wie auch kompetente Datensicherung<\/li>\n<li>Fehlerbehebung und Reparatur von PCs, Laptops<\/li>\n<\/ul>\n<p><strong><span style=\"color: #FF0000;\">Zus\u00e4tzliche Dienste auf Anfrage Telefon: 07164 909700<\/span><\/strong><\/p>\n<h2>Installation von Ger\u00e4ten oder Softwarel\u00f6sungen<\/h2>\n<p>In unserer sich rasant ver\u00e4ndernden Welt gibt es permanent Neuerungen. Der Erwerb eines brandneuen Rechners, Druckers, Scanners oder einer Fritz box kann f\u00fcr den Unerfahrenen \u00fcberaus anspruchsvoll sein. Sie wissen nicht, wie neuartige Programme benutzt werden k\u00f6nnen? Dann supporten wir Sie gerne dabei. Selbstredend z\u00e4hlt die Ger\u00e4te- wie auch Installation von Software zu unseren Arbeiten.<\/p>\n<p>Heimcomputer sowie Laptop-Aufr\u00fcstung \u2013 gewissenhaft und kompetent von kaelberer services.<\/p>\n<p>Technik steht niemals still. Um Ihren PC auf einem neuesten Status zu halten, sollte von Zeit zu Zeit eine professionelle Aufr\u00fcstung realisiert werden. Die Hardware-Aufr\u00fcstung ist bei uns in professioneller Hand.<\/p>\n<h2>Wenn es Rechner-Probleme gibt<\/h2>\n<p>Sollte Ihr Heimcomputer nicht mehr korrekt funktionieren und das Handy oder der Laptop kaputt ist, dann wenden Sie sich vertrauensvoll an kaelberer-services.<\/p>\n<p>Rund um Service f\u00fcr jegliche Rechner, egal wie alt.<\/p>\n<p>Weitreichende Serviceleistungen, die Ihren Computer und Laptop betreffen, \u00fcbernehmen unsere Experten mit jeder Menge Sorgfalt. Unsere Firm ist Ihr erfahrener Partner f\u00fcr Services in Weilheim an der Teck. Hierbei ist das Angebotsspektrum sehr breit gef\u00e4chert. Im \u00dcbrigen offerieren wir neben Heimcomputer-Reparatur auch viele IT-Dienstleistungen wie Backup, Installation von Software und Schulungen.<\/p>\n<h2>Personalcomputer-Unterst\u00fctzung f\u00fcr Privatkunden<\/h2>\n<p>Die W\u00fcnsche von Privatkunden ben\u00f6tigen oft besondere L\u00f6sungen. Unsere Mitarbeiter von kaelberer-services sind darauf eingestellt. Den \u00e4lteren Laptop m\u00fcssen Sie nicht zum Wertstoffhof bringen, wahrscheinlich ben\u00f6tigt er nur eine General\u00fcberholung sowie eine neuartige SSD-Harddisk. Hierbei gibt eine Reihe von L\u00f6sungen, Nachhaltigkeit ins Spiel zu bringen.<\/p>\n<p><strong><cite>PC-Service im privaten Rahmen: <span style=\"color: #4F81BD;\"><strong>kaelberer services<\/strong><\/span> Telefon: 07164 909700 &#8211; | E-Mail: support@kaelberer-online.de<\/cite><\/strong><\/p>\n<p>[contact-form-7 id=&#8220;524&#8243; title=&#8220;Notebook-<strong>Reparatur<\/strong>-Privat&#8220;]<\/p>\n","protected":false},"excerpt":{"rendered":"<p>Ihr IT-Spezialist in der nahe gelegenen Umgebung: kaelberer services &#8211; wir sind nur etwa 1.9 Kilometer von Ihnen entfernt. Bei uns ist Ihre Heimcomputer-Reparatur in den besten H\u00e4nden! Au\u00dferdem k\u00f6nnen wir zuverl\u00e4ssig IT-Wartungen inklusive Virenentfernung an Ihrem Laptop durchf\u00fchren. Unter Umst\u00e4nden ben\u00f6tigen Sie professionelle Kaufberatung, Datensicherung und PC-Aufr\u00fcstung? Dann sind wir der geeignete Partner! Unsere &hellip; <a href=\"https:\/\/www.kaelberer-online.de\/services\/privat\/notebook-reparatur-privat-weilheim-an-der-teck\/\" class=\"more-link\">Continue reading<span class=\"screen-reader-text\"> &#8222;<a href=\"https:\/\/www.kaelberer-online.de\/services\/\">Notebook<\/a> <u>Reparatur<\/u> Privat in Weilheim an der Teck &#8211; Tel. 07164 909700&#8243;<\/span><\/a><\/p>\n","protected":false},"author":2,"featured_media":970,"parent":486,"menu_order":0,"comment_status":"closed","ping_status":"closed","template":"","meta":{"footnotes":""},"class_list":["post-969","page","type-page","status-publish","has-post-thumbnail","hentry"],"_links":{"self":[{"href":"https:\/\/www.kaelberer-online.de\/services\/wp-json\/wp\/v2\/pages\/969","targetHints":{"allow":["GET"]}}],"collection":[{"href":"https:\/\/www.kaelberer-online.de\/services\/wp-json\/wp\/v2\/pages"}],"about":[{"href":"https:\/\/www.kaelberer-online.de\/services\/wp-json\/wp\/v2\/types\/page"}],"author":[{"embeddable":true,"href":"https:\/\/www.kaelberer-online.de\/services\/wp-json\/wp\/v2\/users\/2"}],"replies":[{"embeddable":true,"href":"https:\/\/www.kaelberer-online.de\/services\/wp-json\/wp\/v2\/comments?post=969"}],"version-history":[{"count":0,"href":"https:\/\/www.kaelberer-online.de\/services\/wp-json\/wp\/v2\/pages\/969\/revisions"}],"up":[{"embeddable":true,"href":"https:\/\/www.kaelberer-online.de\/services\/wp-json\/wp\/v2\/pages\/486"}],"wp:featuredmedia":[{"embeddable":true,"href":"https:\/\/www.kaelberer-online.de\/services\/wp-json\/wp\/v2\/media\/970"}],"wp:attachment":[{"href":"https:\/\/www.kaelberer-online.de\/services\/wp-json\/wp\/v2\/media?parent=969"}],"curies":[{"name":"wp","href":"https:\/\/api.w.org\/{rel}","templated":true}]}}