{"id":967,"date":"2022-03-06T15:04:54","date_gmt":"2022-03-06T15:04:54","guid":{"rendered":"https:\/\/kaelberer-online.de\/services\/?page_id=967"},"modified":"2022-03-06T15:04:54","modified_gmt":"2022-03-06T15:04:54","slug":"notebook-reparatur-privat-wangen","status":"publish","type":"page","link":"https:\/\/www.kaelberer-online.de\/services\/privat\/notebook-reparatur-privat-wangen\/","title":{"rendered":"Notebook <strong>Reparatur<\/strong> Privat f\u00fcr Wangen &#8211; Tel. 07164 909700"},"content":{"rendered":"<h2>Ihr IT-Experte in der nahe gelegenen Gegend: <span style=\"color: #4F81BD;\"><strong>kaelberer services<\/strong><\/span> &#8211; wir sind nur ca 8.4 Km von Ihnen weg.<\/h2>\n<p>Bei unserer Firma ist Ihre Home Computer-Instandsetzung in den allerbesten H\u00e4nden! Au\u00dferdem f\u00fchren wir zuverl\u00e4ssig IT-Wartungen inklusive Virenentfernung an Ihrem Computer durch. Gegebenenfalls ben\u00f6tigen Sie kompetente Kaufberatung, Datensicherung oder PC-Aufr\u00fcstung? Dann sind wir der geeignete Ansprechpartner!<\/p>\n<h2>Wir von <span style=\"color: #4F81BD;\"><strong>kaelberer services<\/strong><\/span> in Zell unter Aichelberg legen gro\u00dfen Wert auf individuellen PC-Service f\u00fcr unsere Privatkunden.<\/h2>\n<p>Nehmen Sie mit uns Kontakt auf unter Telefon 07164 909700 und fordern Sie unsere PC-Unterst\u00fctzung an. Dieses Angebot gilt sowohl in unseren R\u00e4umlichkeiten als auch via Fernwartung oder vor Ort bei Ihnen in Wangen. Unsere Firma ist Ihre fachkundige Heimcomputer- Betreuung Ihr EDV-Fachmann<\/p>\n<h3>Unsere Serviceleistungen auf einen Blick:<\/h3>\n<ul>\n<li>Installation, Konfiguration von Ger\u00e4tschaft wie auch Software<\/li>\n<li>Unsere Firma steht Ihnen in jeder Lage rund um PC wie auch <u>Laptop<\/u> mit bestem Know How zur Seite.<\/li>\n<li>Professionelle Abwicklung rund um PC und Backup<\/li>\n<li>Virenentfernung, Virenschutz sowie professionelle Sicherung Ihrer Daten<\/li>\n<li>Reparatur und Reparatur von PCs, Notebooks<\/li>\n<\/ul>\n<p><strong><span style=\"color: #FF0000;\">Mehr Leistungen auf Anfrage Telefon: 07164 909700<\/span><\/strong><\/p>\n<h2>Konfiguration von Komponennten sowie Software<\/h2>\n<p>In unserer schnelllebigen Welt gibt es dauerhaft \u00c4nderungen. Die Anschaffung eines brandneuen Rechners, Druckers, Scanners oder einer Fritz box kann f\u00fcr den Laien ziemlich herausfordernd sein. Sie wissen nicht, wie neue Tools genutzt werden k\u00f6nnen? Dann supporten wir Sie gern dabei. Nat\u00fcrlich z\u00e4hlt die Ger\u00e4te- und Installation von Software zu unseren Arbeiten.<\/p>\n<p>Personal Computer sowie Notebook-Aufr\u00fcstung \u2013 gewissenhaft und kompetent von kaelberer services.<\/p>\n<p>Technik steht nie still. Damit Sie stets auf dem neuesten Stand mit Ihrem Heimcomputer sind, m\u00fcsste von Zeit zu Zeit eine fachgerechte Aufr\u00fcstung realisiert werden. Ihre Hardware-Aufr\u00fcstung ist bei uns in fachm\u00e4nnischer Hand.<\/p>\n<h2>Wenn der PC mal defekt ist<\/h2>\n<p>Wenn Ihr PC nicht mehr fehlerfrei funktioniert sowie das Smartphone oder der Laptop l\u00e4diert ist, dann wenden Sie sich vertrauensvoll an uns.<\/p>\n<p>Vollservice f\u00fcr s\u00e4mtliche Personal Computer, egal welches Model.<\/p>\n<p>Umfassende Service-Leistungen, die Ihren Computer und Notebook betreffen, \u00fcbernimmt unser Fachbetrieb mit viel Gewissenhaftigkeit. <span style=\"color: #4F81BD;\"><strong>kaelberer services<\/strong><\/span> ist Ihr qualifizierter Profi f\u00fcr Services in Wangen. Dabei ist das Angebotsspektrum sehr weit gef\u00e4chert. Im \u00dcbrigen offerieren wir neben Heimcomputer-Reparatur auch weitreichende IT-T\u00e4tigkeiten wie Backup, Installation von Software und Schulungen.<\/p>\n<h2>Rechner-Unterst\u00fctzung f\u00fcr Private Kunden<\/h2>\n<p>Die Anforderungen von Privatleuten ben\u00f6tigen oft ma\u00dfgeschneiderte Services. Wir von kaelberer-services sind darauf eingestellt. Den \u00e4lteren <a href=\"https:\/\/www.kaelberer-online.de\/services\/\">Laptop<\/a> m\u00fcssen Sie nicht gleich zum Recyclinghof bringen, m\u00f6glicherweise ben\u00f6tigt er nur eine Runderneuerung sowie eine neue SSD-Festplatte. In diesem Fall gibt eine Vielzahl von Optionen, Nachhaltigkeit ins Spiel zu bringen.<\/p>\n<p><strong><cite>Personalcomputer-Dienst im privaten Bereich: <span style=\"color: #4F81BD;\"><strong>kaelberer services<\/strong><\/span> Telefon: 07164 909700 &#8211; | E-Mail: support@kaelberer-online.de<\/cite><\/strong><\/p>\n<p>[contact-form-7 id=&#8220;524&#8243; title=&#8220;<strong>Notebook<\/strong>-Reparatur-Privat&#8220;]<\/p>\n","protected":false},"excerpt":{"rendered":"<p>Ihr IT-Experte in der nahe gelegenen Gegend: kaelberer services &#8211; wir sind nur ca 8.4 Km von Ihnen weg. Bei unserer Firma ist Ihre Home Computer-Instandsetzung in den allerbesten H\u00e4nden! Au\u00dferdem f\u00fchren wir zuverl\u00e4ssig IT-Wartungen inklusive Virenentfernung an Ihrem Computer durch. Gegebenenfalls ben\u00f6tigen Sie kompetente Kaufberatung, Datensicherung oder PC-Aufr\u00fcstung? Dann sind wir der geeignete Ansprechpartner! &hellip; <a href=\"https:\/\/www.kaelberer-online.de\/services\/privat\/notebook-reparatur-privat-wangen\/\" class=\"more-link\">Continue reading<span class=\"screen-reader-text\"> &#8222;Notebook <strong>Reparatur<\/strong> Privat f\u00fcr Wangen &#8211; Tel. 07164 909700&#8243;<\/span><\/a><\/p>\n","protected":false},"author":2,"featured_media":968,"parent":486,"menu_order":0,"comment_status":"closed","ping_status":"closed","template":"","meta":{"footnotes":""},"class_list":["post-967","page","type-page","status-publish","has-post-thumbnail","hentry"],"_links":{"self":[{"href":"https:\/\/www.kaelberer-online.de\/services\/wp-json\/wp\/v2\/pages\/967","targetHints":{"allow":["GET"]}}],"collection":[{"href":"https:\/\/www.kaelberer-online.de\/services\/wp-json\/wp\/v2\/pages"}],"about":[{"href":"https:\/\/www.kaelberer-online.de\/services\/wp-json\/wp\/v2\/types\/page"}],"author":[{"embeddable":true,"href":"https:\/\/www.kaelberer-online.de\/services\/wp-json\/wp\/v2\/users\/2"}],"replies":[{"embeddable":true,"href":"https:\/\/www.kaelberer-online.de\/services\/wp-json\/wp\/v2\/comments?post=967"}],"version-history":[{"count":0,"href":"https:\/\/www.kaelberer-online.de\/services\/wp-json\/wp\/v2\/pages\/967\/revisions"}],"up":[{"embeddable":true,"href":"https:\/\/www.kaelberer-online.de\/services\/wp-json\/wp\/v2\/pages\/486"}],"wp:featuredmedia":[{"embeddable":true,"href":"https:\/\/www.kaelberer-online.de\/services\/wp-json\/wp\/v2\/media\/968"}],"wp:attachment":[{"href":"https:\/\/www.kaelberer-online.de\/services\/wp-json\/wp\/v2\/media?parent=967"}],"curies":[{"name":"wp","href":"https:\/\/api.w.org\/{rel}","templated":true}]}}