{"id":965,"date":"2022-04-23T17:00:28","date_gmt":"2022-04-23T17:00:28","guid":{"rendered":"https:\/\/kaelberer-online.de\/services\/?page_id=965"},"modified":"2022-04-23T17:00:28","modified_gmt":"2022-04-23T17:00:28","slug":"notebook-reparatur-privat-uhingen","status":"publish","type":"page","link":"https:\/\/www.kaelberer-online.de\/services\/privat\/notebook-reparatur-privat-uhingen\/","title":{"rendered":"Notebook <u>Reparatur<\/u> Privat f\u00fcr Uhingen &#8211; Telefon 07164 909700"},"content":{"rendered":"<h2>Ihr IT-Fachmann aus der N\u00e4he: <span style=\"color: #4F81BD;\"><strong>kaelberer services<\/strong><\/span> &#8211; unsere Firma ist nur ca 3.1 Km von Ihnen weg.<\/h2>\n<p>Bei uns ist Ihre Heimcomputer-Reparatur in den allerbesten H\u00e4nden! Dar\u00fcber hinaus k\u00f6nnen wir verl\u00e4sslich IT-Wartungen inklusive Virenentfernung an Ihrem <u>Laptop<\/u> durchf\u00fchren. Vielleicht w\u00fcnschen Sie fachgem\u00e4\u00dfe Kaufberatung, Datensicherung und PC-Aufr\u00fcstung? In diesem Fall sind wir der geeignete Experte!<\/p>\n<h2>Wir von <span style=\"color: #4F81BD;\"><strong>kaelberer services<\/strong><\/span> in Zell u. A. legen gro\u00dfen Wert auf pers\u00f6nlichen EDV-Service f\u00fcr unsere Privatkunden.<\/h2>\n<p>Nehmen Sie mit uns Kontakt auf unter Telefon 07164 909700 und verlangen Sie unsere PC-Unterst\u00fctzung. Dieses Angebot gilt sowohl in unseren B\u00fcror\u00e4umen als auch via Fernwartung oder vor Ort bei Ihnen in Uhingen. Unsere Firma ist Ihre kompetente Heimcomputer- Betreuung Ihr EDV-Profi<\/p>\n<h3>Die Services unserer Firma auf einen Blick:<\/h3>\n<ul>\n<li>Sachkundige Schadensabwicklung rund um Personalcomputer und Datensicherung<\/li>\n<li>Unsere Firma steht Ihnen in jeder Lage rund um Personalcomputer und Notebook mit bestem Know How zur Seite.<\/li>\n<li>Aufr\u00fcstung von PC beziehungsweise <a href=\"https:\/\/www.kaelberer-online.de\/services\/\">Laptop<\/a><\/li>\n<li>Fehlerbehebung und <strong>Reparatur<\/strong> von PCs, Notebooks<\/li>\n<li>Installation von Ger\u00e4tschaft sowie Software<\/li>\n<\/ul>\n<p><strong><span style=\"color: #FF0000;\">Mehr Dienstleistungen auf Anfrage Telefon: 07164 909700<\/span><\/strong><\/p>\n<h2>Inbetriebnahme von Ger\u00e4ten sowie Software<\/h2>\n<p>In unserer schnelllebigen Welt gibt es beharrlich Innovationen. Der Erwerb eines neuen PCs, Druckers, Scanners oder einer Fritz box kann f\u00fcr den Nichtexperten ausgesprochen fordernd sein. Sie haben weder Zeit noch Wissen, wie neuartige Programme genutzt werden? Dann betreuen wir Sie gern dabei. Nat\u00fcrlich z\u00e4hlt eine Ger\u00e4te- sowie Softwareinstallation zu unseren Arbeiten.<\/p>\n<p>Personal Computer und Laptop-Aufr\u00fcstung \u2013 zuverl\u00e4ssig und professionell von kaelberer services.<\/p>\n<p>Die Technik steht nie still. Um Ihren PC auf einem neusten Status zu halten, m\u00fcsste ab und zu eine fachm\u00e4nnische Aufr\u00fcstung durchgef\u00fchrt werden. Die Hardware-Aufr\u00fcstung ist bei uns in fachm\u00e4nnischer Hand.<\/p>\n<h2>Wenn es Heimcomputer-Probleme gibt<\/h2>\n<p>Sollte Ihr Personal Computer nicht mehr fehlerfrei funktionieren sowie das Mobiltelefon oder der Laptop l\u00e4diert ist, dann wenden Sie sich vertrauensvoll an uns.<\/p>\n<p>Rund um Service f\u00fcr s\u00e4mtliche PC, egal wie alt.<\/p>\n<p>Umfassende Service-Leistungen, die Ihren Rechner und Laptop betreffen, \u00fcbernehmen unsere Experten mit reichlich Sorgfalt. <span style=\"color: #4F81BD;\"><strong>kaelberer services<\/strong><\/span> ist Ihr qualifizierter Partner f\u00fcr Services in Uhingen. Hierbei ist unser Angebotsspektrum sehr breit gef\u00e4chert. Zudem offerieren wir neben PC-Reparatur auch weitreichende EDV-T\u00e4tigkeiten wie Datensicherung, Softwareinstallation und Schulungen.<\/p>\n<h2>Rechner-Support f\u00fcr Privatkunden<\/h2>\n<p>Die Bed\u00fcrfnisse von Privatkunden ben\u00f6tigen h\u00e4ufig ma\u00dfgeschneiderte L\u00f6sungen. Unsere Firma ist darauf eingestellt. Ihren alten Laptop m\u00fcssen Sie nicht zum Recyclinghof bringen, vermutlich ben\u00f6tigt er lediglich eine Runderneuerung oder eine neue SSD-Festplatte. In diesem Fall gibt eine Vielzahl von L\u00f6sungen, Nachhaltigkeit ins Spiel zu bringen.<\/p>\n<p><strong><cite>Rechner-Service im privaten Rahmen: <span style=\"color: #4F81BD;\"><strong>kaelberer services<\/strong><\/span> Telefon: 07164 909700 &#8211; | E-Mail: support@kaelberer-online.de<\/cite><\/strong><\/p>\n<p>[contact-form-7 id=&#8220;524&#8243; title=&#8220;<strong>Notebook<\/strong>-Reparatur-Privat&#8220;]<\/p>\n","protected":false},"excerpt":{"rendered":"<p>Ihr IT-Fachmann aus der N\u00e4he: kaelberer services &#8211; unsere Firma ist nur ca 3.1 Km von Ihnen weg. Bei uns ist Ihre Heimcomputer-Reparatur in den allerbesten H\u00e4nden! Dar\u00fcber hinaus k\u00f6nnen wir verl\u00e4sslich IT-Wartungen inklusive Virenentfernung an Ihrem Laptop durchf\u00fchren. Vielleicht w\u00fcnschen Sie fachgem\u00e4\u00dfe Kaufberatung, Datensicherung und PC-Aufr\u00fcstung? In diesem Fall sind wir der geeignete Experte! &hellip; <a href=\"https:\/\/www.kaelberer-online.de\/services\/privat\/notebook-reparatur-privat-uhingen\/\" class=\"more-link\">Continue reading<span class=\"screen-reader-text\"> &#8222;Notebook <u>Reparatur<\/u> Privat f\u00fcr Uhingen &#8211; Telefon 07164 909700&#8243;<\/span><\/a><\/p>\n","protected":false},"author":2,"featured_media":966,"parent":486,"menu_order":0,"comment_status":"closed","ping_status":"closed","template":"","meta":{"footnotes":""},"class_list":["post-965","page","type-page","status-publish","has-post-thumbnail","hentry"],"_links":{"self":[{"href":"https:\/\/www.kaelberer-online.de\/services\/wp-json\/wp\/v2\/pages\/965","targetHints":{"allow":["GET"]}}],"collection":[{"href":"https:\/\/www.kaelberer-online.de\/services\/wp-json\/wp\/v2\/pages"}],"about":[{"href":"https:\/\/www.kaelberer-online.de\/services\/wp-json\/wp\/v2\/types\/page"}],"author":[{"embeddable":true,"href":"https:\/\/www.kaelberer-online.de\/services\/wp-json\/wp\/v2\/users\/2"}],"replies":[{"embeddable":true,"href":"https:\/\/www.kaelberer-online.de\/services\/wp-json\/wp\/v2\/comments?post=965"}],"version-history":[{"count":0,"href":"https:\/\/www.kaelberer-online.de\/services\/wp-json\/wp\/v2\/pages\/965\/revisions"}],"up":[{"embeddable":true,"href":"https:\/\/www.kaelberer-online.de\/services\/wp-json\/wp\/v2\/pages\/486"}],"wp:featuredmedia":[{"embeddable":true,"href":"https:\/\/www.kaelberer-online.de\/services\/wp-json\/wp\/v2\/media\/966"}],"wp:attachment":[{"href":"https:\/\/www.kaelberer-online.de\/services\/wp-json\/wp\/v2\/media?parent=965"}],"curies":[{"name":"wp","href":"https:\/\/api.w.org\/{rel}","templated":true}]}}