{"id":960,"date":"2022-05-02T06:11:56","date_gmt":"2022-05-02T06:11:56","guid":{"rendered":"https:\/\/kaelberer-online.de\/services\/?page_id=960"},"modified":"2022-05-02T06:11:56","modified_gmt":"2022-05-02T06:11:56","slug":"notebook-reparatur-privat-reichenbach-an-der-fils","status":"publish","type":"page","link":"https:\/\/www.kaelberer-online.de\/services\/privat\/notebook-reparatur-privat-reichenbach-an-der-fils\/","title":{"rendered":"Notebook <strong>Reparatur<\/strong> Privat in Reichenbach an der Fils &#8211; Telefon 07164 909700"},"content":{"rendered":"<h2>Ihr IT-Fachmann aus der N\u00e4he: <span style=\"color: #4F81BD;\"><strong>kaelberer services<\/strong><\/span> &#8211; unser Betrieb ist nur etwa 9.4 Kilometer von Ihnen entfernt.<\/h2>\n<p>Bei uns ist Ihre Home Computer-Fehlerbehebung in den besten H\u00e4nden! Au\u00dferdem f\u00fchren wir verl\u00e4sslich IT-Wartungen inklusive Virenentfernung an Ihrem PC durch. Gegebenenfalls ben\u00f6tigen Sie zuverl\u00e4ssige Kaufberatung, Datensicherung oder PC-Aufr\u00fcstung? Dann sind wir der ideale Experte!<\/p>\n<h2>Wir von <span style=\"color: #4F81BD;\"><strong>kaelberer services<\/strong><\/span> in Zell u. A. legen gro\u00dfen Wert auf pers\u00f6nlichen EDV-Service f\u00fcr unsere Privatkunden.<\/h2>\n<p>Nehmen Sie mit uns Kontakt auf unter Telefon 07164 909700 und fordern Sie unsere PC-Unterst\u00fctzung an. Dieses Angebot gilt sowohl in unseren R\u00e4umlichkeiten wie auch via Fernwartung oder vor Ort bei Ihnen in Reichenbach an der Fils. Wir sind Ihre fachkundige PC- Betreuung Ihr IT-Fachmann<\/p>\n<h3>Unsere Serviceleistungen auf einen Blick:<\/h3>\n<ul>\n<li>Installation, Konfiguration von Ger\u00e4tschaft wie auch Software<\/li>\n<li>Virenentfernung, Virenschutz wie auch kompetente Datensicherung<\/li>\n<li>Kompetente Schadensabwicklung rund um PC und Backup<\/li>\n<li>Es kommt \u00f6fter vor, als gedacht: ein Moment in dem man nicht aufpasst \u2013 falsche Taste gedr\u00fcckt und Daten sind gel\u00f6scht.<\/li>\n<li>Fehlerbeseitigung und Instandsetzung von Computern, Laptops<\/li>\n<\/ul>\n<p><strong><span style=\"color: #FF0000;\">Weitere Angebote auf Anfrage Tel.: 07164 909700<\/span><\/strong><\/p>\n<h2>Installation von Ger\u00e4ten oder Software<\/h2>\n<p>In unserer schnelllebigen Welt gibt es dauernd Neuerungen. Die Anschaffung eines aktuellen PCs, Druckers, Scanners oder einer Fritz box kann f\u00fcr den Nichtexperten ausgesprochen anspruchsvoll sein. Sie wissen nicht, wie moderne Softwareprogramme benutzt werden k\u00f6nnen? Dann betreuen wir Sie gern dabei. Selbstredend z\u00e4hlt eine Ger\u00e4te- wie auch Softwareinstallation zu unseren Aufgaben.<\/p>\n<p>Personalcomputer sowie <strong>Laptop<\/strong>-Aufr\u00fcstung \u2013 gewissenhaft und qualifiziert von kaelberer services.<\/p>\n<p>Technik steht nie still. Damit Sie generell auf dem neuesten Status mit Ihrem Rechner sind, sollte von Zeit zu Zeit eine professionelle Aufr\u00fcstung vorgenommen werden. Ihre Hardware-Aufr\u00fcstung ist bei uns in fachm\u00e4nnischer Hand.<\/p>\n<h2>Schadensabwicklung vom Fachmann<\/h2>\n<p>Wenn Ihr PC nicht mehr richtig funktioniert sowie das Handy oder Notebook l\u00e4diert ist, dann wenden Sie sich vertrauensvoll an uns.<\/p>\n<p>Rund um Service f\u00fcr alle Rechner, egal welches Model.<\/p>\n<p>Weitreichende Service-Leistungen, die Ihren Computer und <strong>Laptop<\/strong> betreffen, \u00fcbernimmt unser Fachbetrieb mit reichlich Genauigkeit. <span style=\"color: #4F81BD;\"><strong>kaelberer services<\/strong><\/span> ist Ihr qualifizierter Profi f\u00fcr Services in Reichenbach an der Fils. Hierbei ist unser Angebot besonders breit gef\u00e4chert. Zudem offerieren wir neben Heimcomputer-<u>Reparatur<\/u> auch weitreichende IT-Leistungen wie Backup, Softwareinstallation und Einzelschulungen.<\/p>\n<h2>Personal Computer-Support f\u00fcr Private Kunden<\/h2>\n<p>Die W\u00fcnsche von Privatkunden ben\u00f6tigen oft ma\u00dfgeschneiderte L\u00f6sungen. Unsere Mitarbeiter von kaelberer-services sind darauf eingestellt. Ihren \u00e4lteren Laptop m\u00fcssen Sie nicht gleich zum Altstoffsammelzentrum bringen, wahrscheinlich ben\u00f6tigt er nur eine Runderneuerung und eine neuartige SSD. In diesem Fall gibt eine Reihe von M\u00f6glichkeiten, Nachhaltigkeit ins Spiel zu bringen.<\/p>\n<p><strong><cite>PC-Service privat: <span style=\"color: #4F81BD;\"><strong>kaelberer services<\/strong><\/span> Telefon: 07164 909700 &#8211; | E-Mail: support@kaelberer-online.de<\/cite><\/strong><\/p>\n<p>[contact-form-7 id=&#8220;524&#8243; title=&#8220;Notebook-<a href=\"https:\/\/www.kaelberer-online.de\/services\/\">Reparatur<\/a>-Privat&#8220;]<\/p>\n","protected":false},"excerpt":{"rendered":"<p>Ihr IT-Fachmann aus der N\u00e4he: kaelberer services &#8211; unser Betrieb ist nur etwa 9.4 Kilometer von Ihnen entfernt. Bei uns ist Ihre Home Computer-Fehlerbehebung in den besten H\u00e4nden! Au\u00dferdem f\u00fchren wir verl\u00e4sslich IT-Wartungen inklusive Virenentfernung an Ihrem PC durch. Gegebenenfalls ben\u00f6tigen Sie zuverl\u00e4ssige Kaufberatung, Datensicherung oder PC-Aufr\u00fcstung? Dann sind wir der ideale Experte! Wir von &hellip; <a href=\"https:\/\/www.kaelberer-online.de\/services\/privat\/notebook-reparatur-privat-reichenbach-an-der-fils\/\" class=\"more-link\">Continue reading<span class=\"screen-reader-text\"> &#8222;Notebook <strong>Reparatur<\/strong> Privat in Reichenbach an der Fils &#8211; Telefon 07164 909700&#8243;<\/span><\/a><\/p>\n","protected":false},"author":2,"featured_media":0,"parent":486,"menu_order":0,"comment_status":"closed","ping_status":"closed","template":"","meta":{"footnotes":""},"class_list":["post-960","page","type-page","status-publish","hentry"],"_links":{"self":[{"href":"https:\/\/www.kaelberer-online.de\/services\/wp-json\/wp\/v2\/pages\/960","targetHints":{"allow":["GET"]}}],"collection":[{"href":"https:\/\/www.kaelberer-online.de\/services\/wp-json\/wp\/v2\/pages"}],"about":[{"href":"https:\/\/www.kaelberer-online.de\/services\/wp-json\/wp\/v2\/types\/page"}],"author":[{"embeddable":true,"href":"https:\/\/www.kaelberer-online.de\/services\/wp-json\/wp\/v2\/users\/2"}],"replies":[{"embeddable":true,"href":"https:\/\/www.kaelberer-online.de\/services\/wp-json\/wp\/v2\/comments?post=960"}],"version-history":[{"count":0,"href":"https:\/\/www.kaelberer-online.de\/services\/wp-json\/wp\/v2\/pages\/960\/revisions"}],"up":[{"embeddable":true,"href":"https:\/\/www.kaelberer-online.de\/services\/wp-json\/wp\/v2\/pages\/486"}],"wp:attachment":[{"href":"https:\/\/www.kaelberer-online.de\/services\/wp-json\/wp\/v2\/media?parent=960"}],"curies":[{"name":"wp","href":"https:\/\/api.w.org\/{rel}","templated":true}]}}