{"id":956,"date":"2022-04-21T13:44:43","date_gmt":"2022-04-21T13:44:43","guid":{"rendered":"https:\/\/kaelberer-online.de\/services\/?page_id=956"},"modified":"2022-04-21T13:44:43","modified_gmt":"2022-04-21T13:44:43","slug":"notebook-reparatur-privat-owen","status":"publish","type":"page","link":"https:\/\/www.kaelberer-online.de\/services\/privat\/notebook-reparatur-privat-owen\/","title":{"rendered":"Notebook <u>Reparatur<\/u> Privat in Owen &#8211; Telefon 07164 909700"},"content":{"rendered":"<h2>Ihr EDV-Fachmann aus der n\u00e4chsten N\u00e4he: <span style=\"color: #4F81BD;\"><strong>kaelberer services<\/strong><\/span> &#8211; unsere Firma ist nur ungef\u00e4hr 8.8 Km von Ihnen weg.<\/h2>\n<p>Bei unserer Unternehmung ist Ihre Computer-<u>Reparatur<\/u> in den allerbesten H\u00e4nden! Dar\u00fcber hinaus k\u00f6nnen wir gewissenhaft IT-Wartungen inklusive Virenentfernung an Ihrem Computer durchf\u00fchren. M\u00f6glicherweise brauchen Sie g\u00fcnstige und professionelle Kaufberatung, Datensicherung sowie Personal Computer-Aufr\u00fcstung? In diesem Fall sind wir der geeignete Ansprechpartner!<\/p>\n<h2>Wir von <span style=\"color: #4F81BD;\"><strong>kaelberer services<\/strong><\/span> in Zell unter Aichelberg legen gro\u00dfen Wert auf pers\u00f6nlichen PC-Service f\u00fcr unsere Privatkunden.<\/h2>\n<p>Nehmen Sie mit uns Kontakt auf unter E-Mail: support@kaelberer-online.de und verlangen Sie unsere PC-Unterst\u00fctzung. Unser Angebot gilt sowohl in unseren R\u00e4umlichkeiten wie auch via Fernwartung oder vor Ort bei Ihnen in Owen. Wir sind Ihre profesionelle Heimcomputer- Betreuung Ihr IT-Fachmann<\/p>\n<h3>Die Services unserer Firma auf einen Blick:<\/h3>\n<ul>\n<li>Installation, Konfiguration von Ger\u00e4tschaft und Software<\/li>\n<li>Manchmal kommt es vor: ein unachtsamer Moment \u2013 versehentlich falsche Taste gedr\u00fcckt und Daten sind gel\u00f6scht.<\/li>\n<li>Aufr\u00fcstung von PC sowie Laptop<\/li>\n<li><span style=\"color: #4F81BD;\"><strong>kaelberer services<\/strong><\/span> steht Ihnen in jeder Situation rund um Personalcomputer sowie Laptop mit bestem Fachwissen zur Seite.<\/li>\n<li>Fehlerbeseitigung und Reparatur von Computern, Notebooks<\/li>\n<\/ul>\n<p><strong><span style=\"color: #FF0000;\">Zus\u00e4tzliche Leistungen auf Anfrage Tel.: 07164 909700<\/span><\/strong><\/p>\n<h2>Installation von Ger\u00e4ten sowie Software<\/h2>\n<p>In unserer sich rasant ver\u00e4ndernden Welt gibt es unabl\u00e4ssig Innovationen. Der Erwerb eines aktuellen Computers, Druckers, Scanners oder einer Fritz box kann f\u00fcr den Unerfahrenen sehr anspruchsvoll sein. Sie haben weder Zeit noch Wissen, wie neue Softwareprogramme benutzt werden? Dann unterst\u00fctzen wir Sie gern dabei. Selbstverst\u00e4ndlich z\u00e4hlt die Ger\u00e4te- sowie Softwareinstallation zu unseren T\u00e4tigkeiten.<\/p>\n<p>Personal Computer wie auch <a href=\"https:\/\/www.kaelberer-online.de\/services\/\">Notebook<\/a>-Aufr\u00fcstung \u2013 verl\u00e4sslich und professionell von kaelberer services.<\/p>\n<p>Technik steht niemals still. Um Ihren Personalcomputer auf dem neusten Stand zu halten, sollte von Zeit zu Zeit eine fachm\u00e4nnische Aufr\u00fcstung durchgef\u00fchrt werden. Ihre Hardware-Aufr\u00fcstung ist bei uns in qualifizierter Hand.<\/p>\n<h2>Schadensabwicklung vom Fachmann<\/h2>\n<p>Sollte Ihr Heimcomputer nicht mehr korrekt funktionieren oder das Handy oder <u>Notebook<\/u> l\u00e4diert ist, dann wenden Sie sich vertrauensvoll an uns.<\/p>\n<p>Rund um Service f\u00fcr jegliche Heimcomputer, egal wie alt.<\/p>\n<p>Weitreichende Serviceleistungen, die Ihren PC und Notebook betreffen, \u00fcbernehmen unsere Experten mit reichlich Genauigkeit. Unsere Firm ist Ihr kompetenter Profi f\u00fcr Services in Owen. Dabei ist unser Angebot ziemlich breit gef\u00e4chert. Zudem offerieren wir neben Personalcomputer-Reparatur auch viele EDV-Leistungen wie Datensicherung, Installation von Software und Schulungen.<\/p>\n<h2>Rechner-Support f\u00fcr Privatleute<\/h2>\n<p>Die W\u00fcnsche von Privaten Kunden erfordern h\u00e4ufig besondere Services. Unsere Firma ist darauf eingestellt. Ihren alten <u>Laptop<\/u> m\u00fcssen Sie nicht zum Altstoffsammelzentrum bringen, vielleicht ben\u00f6tigt er nur eine General\u00fcberholung und eine neue SSD. In diesem Fall gibt eine gro\u00dfe Anzahl von Optionen, Nachhaltigkeit ins Spiel zu bringen.<\/p>\n<p><strong><cite>PC-Service privat: <span style=\"color: #4F81BD;\"><strong>kaelberer services<\/strong><\/span> Telefon: 07164 909700 &#8211; | E-Mail: support@kaelberer-online.de<\/cite><\/strong><\/p>\n<p>[contact-form-7 id=&#8220;524&#8243; title=&#8220;<strong>Notebook<\/strong>-Reparatur-Privat&#8220;]<\/p>\n","protected":false},"excerpt":{"rendered":"<p>Ihr EDV-Fachmann aus der n\u00e4chsten N\u00e4he: kaelberer services &#8211; unsere Firma ist nur ungef\u00e4hr 8.8 Km von Ihnen weg. Bei unserer Unternehmung ist Ihre Computer-Reparatur in den allerbesten H\u00e4nden! Dar\u00fcber hinaus k\u00f6nnen wir gewissenhaft IT-Wartungen inklusive Virenentfernung an Ihrem Computer durchf\u00fchren. M\u00f6glicherweise brauchen Sie g\u00fcnstige und professionelle Kaufberatung, Datensicherung sowie Personal Computer-Aufr\u00fcstung? In diesem Fall &hellip; <a href=\"https:\/\/www.kaelberer-online.de\/services\/privat\/notebook-reparatur-privat-owen\/\" class=\"more-link\">Continue reading<span class=\"screen-reader-text\"> &#8222;Notebook <u>Reparatur<\/u> Privat in Owen &#8211; Telefon 07164 909700&#8243;<\/span><\/a><\/p>\n","protected":false},"author":2,"featured_media":957,"parent":486,"menu_order":0,"comment_status":"closed","ping_status":"closed","template":"","meta":{"footnotes":""},"class_list":["post-956","page","type-page","status-publish","has-post-thumbnail","hentry"],"_links":{"self":[{"href":"https:\/\/www.kaelberer-online.de\/services\/wp-json\/wp\/v2\/pages\/956","targetHints":{"allow":["GET"]}}],"collection":[{"href":"https:\/\/www.kaelberer-online.de\/services\/wp-json\/wp\/v2\/pages"}],"about":[{"href":"https:\/\/www.kaelberer-online.de\/services\/wp-json\/wp\/v2\/types\/page"}],"author":[{"embeddable":true,"href":"https:\/\/www.kaelberer-online.de\/services\/wp-json\/wp\/v2\/users\/2"}],"replies":[{"embeddable":true,"href":"https:\/\/www.kaelberer-online.de\/services\/wp-json\/wp\/v2\/comments?post=956"}],"version-history":[{"count":0,"href":"https:\/\/www.kaelberer-online.de\/services\/wp-json\/wp\/v2\/pages\/956\/revisions"}],"up":[{"embeddable":true,"href":"https:\/\/www.kaelberer-online.de\/services\/wp-json\/wp\/v2\/pages\/486"}],"wp:featuredmedia":[{"embeddable":true,"href":"https:\/\/www.kaelberer-online.de\/services\/wp-json\/wp\/v2\/media\/957"}],"wp:attachment":[{"href":"https:\/\/www.kaelberer-online.de\/services\/wp-json\/wp\/v2\/media?parent=956"}],"curies":[{"name":"wp","href":"https:\/\/api.w.org\/{rel}","templated":true}]}}