{"id":952,"date":"2022-03-30T20:54:58","date_gmt":"2022-03-30T20:54:58","guid":{"rendered":"https:\/\/kaelberer-online.de\/services\/?page_id=952"},"modified":"2022-03-30T20:54:58","modified_gmt":"2022-03-30T20:54:58","slug":"notebook-reparatur-privat-notzingen","status":"publish","type":"page","link":"https:\/\/www.kaelberer-online.de\/services\/privat\/notebook-reparatur-privat-notzingen\/","title":{"rendered":"Notebook Reparatur Privat f\u00fcr Notzingen &#8211; Telefon 07164 909700"},"content":{"rendered":"<h2>Ihr EDV-Fachmann aus der nahe gelegenen Gegend: <span style=\"color: #4F81BD;\"><strong>kaelberer services<\/strong><\/span> &#8211; unser Unternehmen ist nur ungef\u00e4hr 6.2 Km von Ihnen weg.<\/h2>\n<p>Bei uns ist Ihre Home Computer-<a href=\"https:\/\/www.kaelberer-online.de\/services\/\">Reparatur<\/a> in den besten H\u00e4nden! Au\u00dferdem f\u00fchren wir verl\u00e4sslich IT-Wartungen inklusive Virenentfernung an Ihrem PC durch. Unter Umst\u00e4nden ben\u00f6tigen Sie fachm\u00e4nnische Kaufberatung, Datensicherung und Personal Computer-Aufr\u00fcstung? Dann sind wir der richtige Ansprechpartner!<\/p>\n<h2>Unsere Mitarbeiter in Zell u. A. legen gro\u00dfen Wert auf individuellen PC-Service f\u00fcr unsere Privatkunden.<\/h2>\n<p>Nehmen Sie mit uns Kontakt auf unter E-Mail: support@kaelberer-online.de und fordern Sie unsere PC-Unterst\u00fctzung an. Unser Angebot gilt sowohl in unseren B\u00fcror\u00e4umen wie auch \u00fcber Fernwartung oder vor Ort bei Ihnen in Notzingen. Wir sind Ihre fachkundige Personal Computer- Betreuung Ihr EDV-Experte<\/p>\n<h3>Unsere Serviceleistungen auf einen Blick:<\/h3>\n<ul>\n<li><strong>Fehlerbehebung<\/strong> und Reparatur von PCs, Notebooks<\/li>\n<li>Unsere Firma steht Ihnen in jeder Lage rund um Personalcomputer wie auch Laptop mit bestem Wissen zur Seite.<\/li>\n<li>Sachkundige Schadensabwicklung rund um Personalcomputer und Backup<\/li>\n<li>Installation von Ger\u00e4tschaft wie auch Software<\/li>\n<li>Virenentfernung, Virenschutz wie auch gute und preiswerte Sicherung Ihrer Daten<\/li>\n<li>Manchmal kommt es vor: ein unachtsamer Moment \u2013 falsche Taste gedr\u00fcckt und Daten sind gel\u00f6scht.<\/li>\n<li>Erweiterung von Heimcomputer beziehungsweise <a href=\"https:\/\/www.kaelberer-online.de\/services\/\">Laptop<\/a><\/li>\n<\/ul>\n<p><strong><span style=\"color: #FF0000;\">Zus\u00e4tzliche Angebote auf Anfrage Tel.: 07164 909700<\/span><\/strong><\/p>\n<h2>Konfiguration von Komponennten und Software<\/h2>\n<p>In unserer schnelllebigen Umgebung gibt es st\u00e4ndig Innovationen. Die Anschaffung eines aktuellen Computers, Druckers, Scanners oder einer Fritz box kann f\u00fcr den Unerfahrenen sehr fordernd sein. Sie wissen nicht, wie neue Anwendungen genutzt werden k\u00f6nnen? Dann betreuen wir Sie gerne dabei. Selbstverst\u00e4ndlich z\u00e4hlt eine Ger\u00e4te- sowie Softwareinstallation zu unseren Arbeiten.<\/p>\n<p>Personal Computer sowie Notebook-Aufr\u00fcstung \u2013 verl\u00e4sslich und fachkundig von kaelberer services.<\/p>\n<p>Technik steht niemals still. Damit Sie stets auf dem aktuellen Status mit Ihrem Rechner sind, m\u00fcsste von Zeit zu Zeit eine professionelle Aufr\u00fcstung gemacht werden. Die Hardware-Aufr\u00fcstung ist bei uns in fachm\u00e4nnischer Hand.<\/p>\n<h2>Wenn es PC-Probleme gibt<\/h2>\n<p>Wenn Ihr Personal Computer nicht mehr fehlerfrei funktioniert und das Handy oder der Laptop besch\u00e4digt ist, dann wenden Sie sich vertrauensvoll an kaelberer-services.<\/p>\n<p>Vollservice f\u00fcr alle Personal Computer, egal wie alt.<\/p>\n<p>Weitreichende Serviceleistungen, die Ihren PC und Notebook betreffen, \u00fcbernimmt unser Fachbetrieb mit viel Gewissenhaftigkeit. <span style=\"color: #4F81BD;\"><strong>kaelberer services<\/strong><\/span> ist Ihr qualifizierter Partner f\u00fcr Services in Notzingen. Dabei ist unser Angebot besonders weit gef\u00e4chert. Im \u00dcbrigen offerieren wir neben PC-Reparatur auch weitreichende IT-T\u00e4tigkeiten wie Datensicherung, Installation von Software und Einzelschulungen.<\/p>\n<h2>Personal Computer-Support f\u00fcr Privatleute<\/h2>\n<p>Die Anforderungen von Privatkunden ben\u00f6tigen h\u00e4ufig besondere L\u00f6sungen. Unsere Mitarbeiter von kaelberer-services sind darauf eingestellt. Ihren \u00e4lteren <strong>Laptop<\/strong> m\u00fcssen Sie nicht gleich zum Recyclinghof verfrachten, wom\u00f6glich ben\u00f6tigt er lediglich eine General\u00fcberholung und eine moderne SSD-Harddisk. Hierbei gibt eine Vielzahl von L\u00f6sungen, Nachhaltigkeit ins Spiel zu bringen.<\/p>\n<p><strong><cite>PC-Dienst privat: <span style=\"color: #4F81BD;\"><strong>kaelberer services<\/strong><\/span> Telefon: 07164 909700 &#8211; | E-Mail: support@kaelberer-online.de<\/cite><\/strong><\/p>\n<p>[contact-form-7 id=&#8220;524&#8243; title=&#8220;<u>Notebook<\/u>&#8211;<strong>Reparatur<\/strong>-Privat&#8220;]<\/p>\n","protected":false},"excerpt":{"rendered":"<p>Ihr EDV-Fachmann aus der nahe gelegenen Gegend: kaelberer services &#8211; unser Unternehmen ist nur ungef\u00e4hr 6.2 Km von Ihnen weg. Bei uns ist Ihre Home Computer-Reparatur in den besten H\u00e4nden! Au\u00dferdem f\u00fchren wir verl\u00e4sslich IT-Wartungen inklusive Virenentfernung an Ihrem PC durch. Unter Umst\u00e4nden ben\u00f6tigen Sie fachm\u00e4nnische Kaufberatung, Datensicherung und Personal Computer-Aufr\u00fcstung? Dann sind wir der &hellip; <a href=\"https:\/\/www.kaelberer-online.de\/services\/privat\/notebook-reparatur-privat-notzingen\/\" class=\"more-link\">Continue reading<span class=\"screen-reader-text\"> &#8222;Notebook Reparatur Privat f\u00fcr Notzingen &#8211; Telefon 07164 909700&#8220;<\/span><\/a><\/p>\n","protected":false},"author":2,"featured_media":953,"parent":486,"menu_order":0,"comment_status":"closed","ping_status":"closed","template":"","meta":{"footnotes":""},"class_list":["post-952","page","type-page","status-publish","has-post-thumbnail","hentry"],"_links":{"self":[{"href":"https:\/\/www.kaelberer-online.de\/services\/wp-json\/wp\/v2\/pages\/952","targetHints":{"allow":["GET"]}}],"collection":[{"href":"https:\/\/www.kaelberer-online.de\/services\/wp-json\/wp\/v2\/pages"}],"about":[{"href":"https:\/\/www.kaelberer-online.de\/services\/wp-json\/wp\/v2\/types\/page"}],"author":[{"embeddable":true,"href":"https:\/\/www.kaelberer-online.de\/services\/wp-json\/wp\/v2\/users\/2"}],"replies":[{"embeddable":true,"href":"https:\/\/www.kaelberer-online.de\/services\/wp-json\/wp\/v2\/comments?post=952"}],"version-history":[{"count":0,"href":"https:\/\/www.kaelberer-online.de\/services\/wp-json\/wp\/v2\/pages\/952\/revisions"}],"up":[{"embeddable":true,"href":"https:\/\/www.kaelberer-online.de\/services\/wp-json\/wp\/v2\/pages\/486"}],"wp:featuredmedia":[{"embeddable":true,"href":"https:\/\/www.kaelberer-online.de\/services\/wp-json\/wp\/v2\/media\/953"}],"wp:attachment":[{"href":"https:\/\/www.kaelberer-online.de\/services\/wp-json\/wp\/v2\/media?parent=952"}],"curies":[{"name":"wp","href":"https:\/\/api.w.org\/{rel}","templated":true}]}}