{"id":948,"date":"2022-04-10T08:25:24","date_gmt":"2022-04-10T08:25:24","guid":{"rendered":"https:\/\/kaelberer-online.de\/services\/?page_id=948"},"modified":"2022-04-10T08:25:24","modified_gmt":"2022-04-10T08:25:24","slug":"notebook-reparatur-privat-muehlhausen-im-taele","status":"publish","type":"page","link":"https:\/\/www.kaelberer-online.de\/services\/privat\/notebook-reparatur-privat-muehlhausen-im-taele\/","title":{"rendered":"Notebook Reparatur Privat in M\u00fchlhausen im T\u00e4le &#8211; Tel. 07164 909700"},"content":{"rendered":"<h2>Ihr EDV-Fachmann in der nahe gelegenen Umgebung: <span style=\"color: #4F81BD;\"><strong>kaelberer services<\/strong><\/span> &#8211; unsere Firma ist nur circa 8.6 Km von Ihnen weg.<\/h2>\n<p>Bei unserer Unternehmung ist Ihre Computer-Fehlerbeseitigung in den besten H\u00e4nden! Au\u00dferdem f\u00fchren wir zuverl\u00e4ssig IT-Wartungen inklusive Virenentfernung an Ihrem <strong>Laptop<\/strong> durch. Vielleicht brauchen Sie professionelle Kaufberatung, Datensicherung sowie PC-Aufr\u00fcstung? Dann sind wir der optimale Ansprechpartner!<\/p>\n<h2>Unsere Mitarbeiter in Zell unter Aichelberg legen gro\u00dfen Wert auf pers\u00f6nlichen PC-Service f\u00fcr unsere Privaten Kunden.<\/h2>\n<p>Nehmen Sie mit uns Kontakt auf unter Telefon 07164 909700 und fordern Sie unsere PC-Unterst\u00fctzung an. Unser Angebot gilt sowohl in unseren B\u00fcror\u00e4umen als auch via Fernwartung oder vor Ort bei Ihnen in M\u00fchlhausen im T\u00e4le. Wir sind Ihre fachkundige Personal Computer- Betreuung Ihr IT-Fachmann<\/p>\n<h3>Unsere Serviceleistungen auf einen Blick:<\/h3>\n<ul>\n<li>Es kommt \u00f6fter vor, als gedacht: ein Moment in dem man nicht aufpasst \u2013 falsche Taste bet\u00e4tigt und die Daten sind gel\u00f6scht.<\/li>\n<li>Kompetente Schadensabwicklung rund um Personalcomputer und Datensicherung<\/li>\n<li><span style=\"color: #4F81BD;\"><strong>kaelberer services<\/strong><\/span> steht Ihnen in jeder Lage rund um Personal Computer wie auch Notebook mit bestem Fachwissen zur Seite.<\/li>\n<li>Installation von Ger\u00e4ten wie auch Software<\/li>\n<li>Fehlerbeseitigung und Reparatur von PCs, Notebooks<\/li>\n<li>Erweiterung von Personalcomputer und <strong>Notebook<\/strong><\/li>\n<li>Virenentfernung, Virenschutz wie auch professionelle Datensicherung<\/li>\n<\/ul>\n<p><strong><span style=\"color: #FF0000;\">Erg\u00e4nzende Leistungen auf Anfrage Tel.: 07164 909700<\/span><\/strong><\/p>\n<h2>Konfiguration von Ger\u00e4ten oder Software<\/h2>\n<p>In unserer sich rasant ver\u00e4ndernden Welt gibt es permanent Innovationen. Die Anschaffung eines neuen Rechners, Druckers, Scanners oder einer Fritz box kann f\u00fcr den Unerfahrenen besonders herausfordernd sein. Sie haben weder Zeit noch Wissen, wie moderne Softwareprogramme benutzt werden? Dann betreuen wir Sie gern dabei. Selbstverst\u00e4ndlich geh\u00f6rt eine Ger\u00e4te- wie auch Installation von Software zu unseren Aufgaben.<\/p>\n<p>Heimcomputer sowie <strong>Laptop<\/strong>-Aufr\u00fcstung \u2013 zuverl\u00e4ssig und kompetent von kaelberer services.<\/p>\n<p>Technik steht nie still. Um Ihren Personalcomputer auf einem neuesten Status zu halten, sollte von Zeit zu Zeit eine fachm\u00e4nnische Aufr\u00fcstung vorgenommen werden. Ihre Hardware-Aufr\u00fcstung ist bei uns in professioneller Hand.<\/p>\n<h2>Wenn der Personalcomputer mal schadhaft ist<\/h2>\n<p>Wenn Ihr PC nicht mehr fehlerfrei funktioniert oder das Handy oder <strong>Notebook<\/strong> besch\u00e4digt ist, dann wenden Sie sich vertrauensvoll an kaelberer-services.<\/p>\n<p>Rund um Service f\u00fcr s\u00e4mtliche Rechner, egal wie alt.<\/p>\n<p>Weitreichende Serviceleistungen, die Ihren Rechner und Notebook betreffen, \u00fcbernimmt unser Fachbetrieb mit jeder Menge Genauigkeit. Unsere Firm ist Ihr kompetenter Profi f\u00fcr Services in M\u00fchlhausen im T\u00e4le. Dabei ist das Angebot besonders breit gef\u00e4chert. Dar\u00fcber hinaus offerieren wir neben PC-<strong>Reparatur<\/strong> auch viele IT-Leistungen wie Backup, Softwareinstallation und Schulungen.<\/p>\n<h2>PC-Unterst\u00fctzung f\u00fcr Private Kunden<\/h2>\n<p>Die Belange von Privaten Kunden erfordern h\u00e4ufig individuelle L\u00f6sungen. Unsere Firma ist darauf eingestellt. Ihren alten Laptop m\u00fcssen Sie nicht gleich zum Recyclinghof transportieren, vermutlich ben\u00f6tigt er lediglich eine General\u00fcberholung oder eine neuartige SSD-Harddisk. In diesem Fall gibt eine gro\u00dfe Anzahl von Varianten, Nachhaltigkeit ins Spiel zu bringen.<\/p>\n<p><strong><cite>Personalcomputer-Service privat: <span style=\"color: #4F81BD;\"><strong>kaelberer services<\/strong><\/span> Telefon: 07164 909700 &#8211; | E-Mail: support@kaelberer-online.de<\/cite><\/strong><\/p>\n<p>[contact-form-7 id=&#8220;524&#8243; title=&#8220;<a href=\"https:\/\/www.kaelberer-online.de\/services\/\">Notebook<\/a>-Reparatur-Privat&#8220;]<\/p>\n","protected":false},"excerpt":{"rendered":"<p>Ihr EDV-Fachmann in der nahe gelegenen Umgebung: kaelberer services &#8211; unsere Firma ist nur circa 8.6 Km von Ihnen weg. Bei unserer Unternehmung ist Ihre Computer-Fehlerbeseitigung in den besten H\u00e4nden! Au\u00dferdem f\u00fchren wir zuverl\u00e4ssig IT-Wartungen inklusive Virenentfernung an Ihrem Laptop durch. Vielleicht brauchen Sie professionelle Kaufberatung, Datensicherung sowie PC-Aufr\u00fcstung? Dann sind wir der optimale Ansprechpartner! &hellip; <a href=\"https:\/\/www.kaelberer-online.de\/services\/privat\/notebook-reparatur-privat-muehlhausen-im-taele\/\" class=\"more-link\">Continue reading<span class=\"screen-reader-text\"> &#8222;Notebook Reparatur Privat in M\u00fchlhausen im T\u00e4le &#8211; Tel. 07164 909700&#8220;<\/span><\/a><\/p>\n","protected":false},"author":2,"featured_media":949,"parent":486,"menu_order":0,"comment_status":"closed","ping_status":"closed","template":"","meta":{"footnotes":""},"class_list":["post-948","page","type-page","status-publish","has-post-thumbnail","hentry"],"_links":{"self":[{"href":"https:\/\/www.kaelberer-online.de\/services\/wp-json\/wp\/v2\/pages\/948","targetHints":{"allow":["GET"]}}],"collection":[{"href":"https:\/\/www.kaelberer-online.de\/services\/wp-json\/wp\/v2\/pages"}],"about":[{"href":"https:\/\/www.kaelberer-online.de\/services\/wp-json\/wp\/v2\/types\/page"}],"author":[{"embeddable":true,"href":"https:\/\/www.kaelberer-online.de\/services\/wp-json\/wp\/v2\/users\/2"}],"replies":[{"embeddable":true,"href":"https:\/\/www.kaelberer-online.de\/services\/wp-json\/wp\/v2\/comments?post=948"}],"version-history":[{"count":0,"href":"https:\/\/www.kaelberer-online.de\/services\/wp-json\/wp\/v2\/pages\/948\/revisions"}],"up":[{"embeddable":true,"href":"https:\/\/www.kaelberer-online.de\/services\/wp-json\/wp\/v2\/pages\/486"}],"wp:featuredmedia":[{"embeddable":true,"href":"https:\/\/www.kaelberer-online.de\/services\/wp-json\/wp\/v2\/media\/949"}],"wp:attachment":[{"href":"https:\/\/www.kaelberer-online.de\/services\/wp-json\/wp\/v2\/media?parent=948"}],"curies":[{"name":"wp","href":"https:\/\/api.w.org\/{rel}","templated":true}]}}