{"id":946,"date":"2022-03-26T22:51:38","date_gmt":"2022-03-26T22:51:38","guid":{"rendered":"https:\/\/kaelberer-online.de\/services\/?page_id=946"},"modified":"2022-03-26T22:51:38","modified_gmt":"2022-03-26T22:51:38","slug":"notebook-reparatur-privat-lenningen","status":"publish","type":"page","link":"https:\/\/www.kaelberer-online.de\/services\/privat\/notebook-reparatur-privat-lenningen\/","title":{"rendered":"Notebook Reparatur Privat in Lenningen &#8211; Telefon 07164 909700"},"content":{"rendered":"<h2>Ihr IT-Spezialist aus der n\u00e4chsten N\u00e4he: <span style=\"color: #4F81BD;\"><strong>kaelberer services<\/strong><\/span> &#8211; wir sind nur rund 9.8 Kilometer von Ihnen entfernt.<\/h2>\n<p>Bei unserer Firma ist Ihre Home Computer-Fehlerbehebung in den besten H\u00e4nden! Dar\u00fcber hinaus f\u00fchren wir gewissenhaft IT-Wartungen inklusive Virenentfernung an Ihrem <strong>Notebook<\/strong> durch. Eventuell w\u00fcnschen Sie professionelle Kaufberatung, Datensicherung oder PC-Aufr\u00fcstung? Dann sind wir der optimale Partner!<\/p>\n<h2>Unsere Spezialisten in Zell unter Aichelberg legen gro\u00dfen Wert auf pers\u00f6nlichen PC-Service f\u00fcr unsere Privaten Kunden.<\/h2>\n<p>Nehmen Sie mit uns Kontakt auf unter Telefon 07164 909700 und fordern Sie unsere PC-Unterst\u00fctzung an. Unser Angebot gilt sowohl in unseren R\u00e4umlichkeiten wie auch \u00fcber Fernwartung oder vor Ort bei Ihnen in Lenningen. Wir sind Ihre fachkundige PC- Betreuung Ihr IT-Experte<\/p>\n<h3>Unsere Serviceleistungen auf einen Blick:<\/h3>\n<ul>\n<li><span style=\"color: #4F81BD;\"><strong>kaelberer services<\/strong><\/span> steht Ihnen in jeder Situation rund um Personal Computer wie auch Laptop mit bestem Wissen zur Seite.<\/li>\n<li><strong>Reparatur<\/strong> und Reparatur von PCs, Laptops<\/li>\n<li>Erweiterung von Heimcomputer beziehungsweise Laptop<\/li>\n<li>Es kommt \u00f6fter vor, als gedacht: ein Moment in dem man nicht aufpasst \u2013 versehentlich falsche Taste gedr\u00fcckt und die Daten sind gel\u00f6scht.<\/li>\n<li>Kompetente Schadensabwicklung rund um Heimcomputer und Backup<\/li>\n<li>Installation von Ger\u00e4tschaft wie auch Software<\/li>\n<\/ul>\n<p><strong><span style=\"color: #FF0000;\">Mehr Dienstleistungen auf Anfrage Telefon: 07164 909700<\/span><\/strong><\/p>\n<h2>Installation von Komponennten sowie Softwarel\u00f6sungen<\/h2>\n<p>In unserer schnelllebigen Welt gibt es st\u00e4ndig Innovationen. Die Anschaffung eines neuen Computers, Druckers, Scanners oder einer Fritz box kann f\u00fcr den Laien ziemlich anspruchsvoll sein. Sie haben weder Zeit noch Wissen, wie neuartige Anwendungen genutzt werden k\u00f6nnen? Dann unterst\u00fctzen wir Sie gern dabei. Nat\u00fcrlich z\u00e4hlt eine Ger\u00e4te- sowie Installation von Software zu unseren Arbeiten.<\/p>\n<p>PC wie auch Laptop-Aufr\u00fcstung \u2013 gewissenhaft und qualifiziert von kaelberer services.<\/p>\n<p>Technik steht nie still. Um Ihren Personal Computer auf einem neusten Stand zu halten, sollte von Zeit zu Zeit eine fachm\u00e4nnische Aufr\u00fcstung ausgef\u00fchrt werden. Ihre Hardware-Aufr\u00fcstung ist bei uns in professioneller Hand.<\/p>\n<h2>Schadensabwicklung vom Experten<\/h2>\n<p>Wenn Ihr Rechner nicht mehr korrekt funktioniert und das Handy oder der Laptop kaputt ist, dann wenden Sie sich vertrauensvoll an kaelberer-services.<\/p>\n<p>Rund um Service f\u00fcr alle PC, egal welches Model.<\/p>\n<p>Umfassende Services, die Ihren Rechner und <a href=\"https:\/\/www.kaelberer-online.de\/services\/\">Notebook<\/a> betreffen, \u00fcbernimmt unser Fachbetrieb mit reichlich Sorgfalt. <span style=\"color: #4F81BD;\"><strong>kaelberer services<\/strong><\/span> ist Ihr qualifizierter Partner f\u00fcr Services in Lenningen. Dabei ist unser Angebot besonders breit gef\u00e4chert. Au\u00dferdem bieten wir neben Personalcomputer-Reparatur auch weitreichende IT-Leistungen wie Backup, Softwareinstallation und Einzelschulungen.<\/p>\n<h2>PC-Unterst\u00fctzung f\u00fcr Privatleute<\/h2>\n<p>Die Bed\u00fcrfnisse von Privaten Kunden ben\u00f6tigen h\u00e4ufig individuelle L\u00f6sungen. Wir von kaelberer-services sind darauf eingestellt. Den \u00e4lteren <strong>Laptop<\/strong> m\u00fcssen Sie nicht zum Recyclinghof verfrachten, m\u00f6glicherweise ben\u00f6tigt er lediglich eine General\u00fcberholung sowie eine moderne SSD-Harddisk. In diesem Fall gibt eine Vielzahl von Varianten, Nachhaltigkeit ins Spiel zu bringen.<\/p>\n<p><strong><cite>Personalcomputer-Dienst im privaten Bereich: <span style=\"color: #4F81BD;\"><strong>kaelberer services<\/strong><\/span> Telefon: 07164 909700 &#8211; | E-Mail: support@kaelberer-online.de<\/cite><\/strong><\/p>\n<p>[contact-form-7 id=&#8220;524&#8243; title=&#8220;Notebook-<strong>Reparatur<\/strong>-Privat&#8220;]<\/p>\n","protected":false},"excerpt":{"rendered":"<p>Ihr IT-Spezialist aus der n\u00e4chsten N\u00e4he: kaelberer services &#8211; wir sind nur rund 9.8 Kilometer von Ihnen entfernt. Bei unserer Firma ist Ihre Home Computer-Fehlerbehebung in den besten H\u00e4nden! Dar\u00fcber hinaus f\u00fchren wir gewissenhaft IT-Wartungen inklusive Virenentfernung an Ihrem Notebook durch. Eventuell w\u00fcnschen Sie professionelle Kaufberatung, Datensicherung oder PC-Aufr\u00fcstung? Dann sind wir der optimale Partner! &hellip; <a href=\"https:\/\/www.kaelberer-online.de\/services\/privat\/notebook-reparatur-privat-lenningen\/\" class=\"more-link\">Continue reading<span class=\"screen-reader-text\"> &#8222;Notebook Reparatur Privat in Lenningen &#8211; Telefon 07164 909700&#8220;<\/span><\/a><\/p>\n","protected":false},"author":2,"featured_media":947,"parent":486,"menu_order":0,"comment_status":"closed","ping_status":"closed","template":"","meta":{"footnotes":""},"class_list":["post-946","page","type-page","status-publish","has-post-thumbnail","hentry"],"_links":{"self":[{"href":"https:\/\/www.kaelberer-online.de\/services\/wp-json\/wp\/v2\/pages\/946","targetHints":{"allow":["GET"]}}],"collection":[{"href":"https:\/\/www.kaelberer-online.de\/services\/wp-json\/wp\/v2\/pages"}],"about":[{"href":"https:\/\/www.kaelberer-online.de\/services\/wp-json\/wp\/v2\/types\/page"}],"author":[{"embeddable":true,"href":"https:\/\/www.kaelberer-online.de\/services\/wp-json\/wp\/v2\/users\/2"}],"replies":[{"embeddable":true,"href":"https:\/\/www.kaelberer-online.de\/services\/wp-json\/wp\/v2\/comments?post=946"}],"version-history":[{"count":0,"href":"https:\/\/www.kaelberer-online.de\/services\/wp-json\/wp\/v2\/pages\/946\/revisions"}],"up":[{"embeddable":true,"href":"https:\/\/www.kaelberer-online.de\/services\/wp-json\/wp\/v2\/pages\/486"}],"wp:featuredmedia":[{"embeddable":true,"href":"https:\/\/www.kaelberer-online.de\/services\/wp-json\/wp\/v2\/media\/947"}],"wp:attachment":[{"href":"https:\/\/www.kaelberer-online.de\/services\/wp-json\/wp\/v2\/media?parent=946"}],"curies":[{"name":"wp","href":"https:\/\/api.w.org\/{rel}","templated":true}]}}