{"id":944,"date":"2022-03-25T06:25:07","date_gmt":"2022-03-25T06:25:07","guid":{"rendered":"https:\/\/kaelberer-online.de\/services\/?page_id=944"},"modified":"2022-03-25T06:25:07","modified_gmt":"2022-03-25T06:25:07","slug":"notebook-reparatur-privat-kirchheim-unter-teck","status":"publish","type":"page","link":"https:\/\/www.kaelberer-online.de\/services\/privat\/notebook-reparatur-privat-kirchheim-unter-teck\/","title":{"rendered":"<u>Notebook<\/u> Reparatur Privat in Kirchheim unter Teck &#8211; Telefon 07164 909700"},"content":{"rendered":"<h2>Ihr IT-Spezialist aus der n\u00e4chsten N\u00e4he: <span style=\"color: #4F81BD;\"><strong>kaelberer services<\/strong><\/span> &#8211; unser Betrieb ist nur etwa 3.8 Kilometer von Ihnen weg.<\/h2>\n<p>Bei uns ist Ihre Heimcomputer-Fehlerbeseitigung in den allerbesten H\u00e4nden! Au\u00dferdem f\u00fchren wir zuverl\u00e4ssig IT-Wartungen inklusive Virenentfernung an Ihrem Computer durch. M\u00f6glicherweise brauchen Sie zuverl\u00e4ssige Kaufberatung, Datensicherung oder PC-Aufr\u00fcstung? In diesem Fall sind wir der richtige Partner!<\/p>\n<h2>Unsere Mitarbeiter in Zell u. A. legen besonderen Wert auf pers\u00f6nlichen EDV-Service f\u00fcr unsere Privatkunden.<\/h2>\n<p>Nehmen Sie mit uns Kontakt auf unter Telefon 07164 909700 und fordern Sie unsere PC-Unterst\u00fctzung an. Dieses Angebot gilt sowohl in unseren R\u00e4umlichkeiten als auch \u00fcber Fernwartung oder vor Ort bei Ihnen in Kirchheim unter Teck. Unsere Firma ist Ihre kompetente Heimcomputer- Betreuung Ihr IT-Fachmann<\/p>\n<h3>Unsere Serviceleistungen auf einen Blick:<\/h3>\n<ul>\n<li>Sachkundige Abwicklung rund um Personalcomputer und Datensicherung<\/li>\n<li>Fehlerbehebung und Instandsetzung von PCs, Notebooks<\/li>\n<li>Unsere Firma steht Ihnen in jeder Situation rund um Heimcomputer wie auch Notebook mit bestem Know How zur Seite.<\/li>\n<li>Virenentfernung, Virenschutz wie auch kompetente Datensicherung<\/li>\n<li>Aufr\u00fcstung von Heimcomputer beziehungsweise <u>Notebook<\/u><\/li>\n<li>Installation von Ger\u00e4ten wie auch Software<\/li>\n<\/ul>\n<p><strong><span style=\"color: #FF0000;\">Zus\u00e4tzliche Dienstleistungen auf Anfrage Telefon: 07164 909700<\/span><\/strong><\/p>\n<h2>Inbetriebnahme von Ger\u00e4ten oder Softwarel\u00f6sungen<\/h2>\n<p>In unserer sich rasant ver\u00e4ndernden Welt gibt es unabl\u00e4ssig Neuerungen. Die Anschaffung eines aktuellen Computers, Druckers, Scanners oder einer Fritz box kann f\u00fcr den Nichtexperten ziemlich anspruchsvoll sein. Sie wissen nicht, wie neuartige Anwendungen benutzt werden k\u00f6nnen? Dann unterst\u00fctzen wir Sie gerne dabei. Nat\u00fcrlich geh\u00f6rt eine Ger\u00e4te- sowie Softwareinstallation zu unseren T\u00e4tigkeiten.<\/p>\n<p>Personal Computer sowie Laptop-Aufr\u00fcstung \u2013 gewissenhaft und fachkundig von kaelberer services.<\/p>\n<p>Technik steht niemals still. Um Ihren Rechner auf einem neuesten Stand zu halten, sollte ab und zu eine fachgerechte Aufr\u00fcstung gemacht werden. Ihre Hardware-Aufr\u00fcstung ist bei uns in kompetenter Hand.<\/p>\n<h2>Schadensabwicklung vom Profi<\/h2>\n<p>Wenn Ihr Heimcomputer nicht mehr korrekt funktioniert oder das Mobiltelefon oder <u>Notebook<\/u> l\u00e4diert ist, dann wenden Sie sich vertrauensvoll an uns.<\/p>\n<p>Rund um Service f\u00fcr jegliche Personalcomputer, egal welche Marke.<\/p>\n<p>Vielf\u00e4ltige Mehrwerte, die Ihren Computer und <a href=\"https:\/\/www.kaelberer-online.de\/services\/\">Notebook<\/a> betreffen, \u00fcbernimmt unser Fachbetrieb mit reichlich Sorgfalt. Unsere Firm ist Ihr erfahrener Partner f\u00fcr Services in Kirchheim unter Teck. Hierbei ist unser Angebotsspektrum sehr breit gef\u00e4chert. Im \u00dcbrigen bieten wir neben Rechner-<strong>Reparatur<\/strong> auch viele IT-T\u00e4tigkeiten wie Backup, Softwareinstallation und Schulungen.<\/p>\n<h2>Personal Computer-Unterst\u00fctzung f\u00fcr Private Kunden<\/h2>\n<p>Die Belange von Privaten Kunden ben\u00f6tigen oft passende Services. Unsere Firma ist darauf eingestellt. Ihren \u00e4lteren <strong>Laptop<\/strong> m\u00fcssen Sie nicht gleich zum Altstoffsammelzentrum verfrachten, m\u00f6glicherweise ben\u00f6tigt er nur eine Runderneuerung sowie eine neue SSD-Festplatte. Hierbei gibt eine Vielzahl von Chancen, Nachhaltigkeit ins Spiel zu bringen.<\/p>\n<p><strong><cite>Heimcomputer-Dienst privat: <span style=\"color: #4F81BD;\"><strong>kaelberer services<\/strong><\/span> Telefon: 07164 909700 &#8211; | E-Mail: support@kaelberer-online.de<\/cite><\/strong><\/p>\n<p>[contact-form-7 id=&#8220;524&#8243; title=&#8220;Notebook-Reparatur-Privat&#8220;]<\/p>\n","protected":false},"excerpt":{"rendered":"<p>Ihr IT-Spezialist aus der n\u00e4chsten N\u00e4he: kaelberer services &#8211; unser Betrieb ist nur etwa 3.8 Kilometer von Ihnen weg. Bei uns ist Ihre Heimcomputer-Fehlerbeseitigung in den allerbesten H\u00e4nden! Au\u00dferdem f\u00fchren wir zuverl\u00e4ssig IT-Wartungen inklusive Virenentfernung an Ihrem Computer durch. M\u00f6glicherweise brauchen Sie zuverl\u00e4ssige Kaufberatung, Datensicherung oder PC-Aufr\u00fcstung? In diesem Fall sind wir der richtige Partner! &hellip; <a href=\"https:\/\/www.kaelberer-online.de\/services\/privat\/notebook-reparatur-privat-kirchheim-unter-teck\/\" class=\"more-link\">Continue reading<span class=\"screen-reader-text\"> &#8222;<u>Notebook<\/u> Reparatur Privat in Kirchheim unter Teck &#8211; Telefon 07164 909700&#8243;<\/span><\/a><\/p>\n","protected":false},"author":2,"featured_media":945,"parent":486,"menu_order":0,"comment_status":"closed","ping_status":"closed","template":"","meta":{"footnotes":""},"class_list":["post-944","page","type-page","status-publish","has-post-thumbnail","hentry"],"_links":{"self":[{"href":"https:\/\/www.kaelberer-online.de\/services\/wp-json\/wp\/v2\/pages\/944","targetHints":{"allow":["GET"]}}],"collection":[{"href":"https:\/\/www.kaelberer-online.de\/services\/wp-json\/wp\/v2\/pages"}],"about":[{"href":"https:\/\/www.kaelberer-online.de\/services\/wp-json\/wp\/v2\/types\/page"}],"author":[{"embeddable":true,"href":"https:\/\/www.kaelberer-online.de\/services\/wp-json\/wp\/v2\/users\/2"}],"replies":[{"embeddable":true,"href":"https:\/\/www.kaelberer-online.de\/services\/wp-json\/wp\/v2\/comments?post=944"}],"version-history":[{"count":0,"href":"https:\/\/www.kaelberer-online.de\/services\/wp-json\/wp\/v2\/pages\/944\/revisions"}],"up":[{"embeddable":true,"href":"https:\/\/www.kaelberer-online.de\/services\/wp-json\/wp\/v2\/pages\/486"}],"wp:featuredmedia":[{"embeddable":true,"href":"https:\/\/www.kaelberer-online.de\/services\/wp-json\/wp\/v2\/media\/945"}],"wp:attachment":[{"href":"https:\/\/www.kaelberer-online.de\/services\/wp-json\/wp\/v2\/media?parent=944"}],"curies":[{"name":"wp","href":"https:\/\/api.w.org\/{rel}","templated":true}]}}