{"id":943,"date":"2022-04-29T02:54:59","date_gmt":"2022-04-29T02:54:59","guid":{"rendered":"https:\/\/kaelberer-online.de\/services\/?page_id=943"},"modified":"2022-04-29T02:54:59","modified_gmt":"2022-04-29T02:54:59","slug":"notebook-reparatur-privat-holzmaden","status":"publish","type":"page","link":"https:\/\/www.kaelberer-online.de\/services\/privat\/notebook-reparatur-privat-holzmaden\/","title":{"rendered":"<u>Notebook<\/u> <a href=\"https:\/\/www.kaelberer-online.de\/services\/\">Reparatur<\/a> Privat f\u00fcr Holzmaden &#8211; Tel. 07164 909700"},"content":{"rendered":"<h2>Ihr IT-Spezialist aus der nahe gelegenen Gegend: <span style=\"color: #4F81BD;\"><strong>kaelberer services<\/strong><\/span> &#8211; wir sind nur ungef\u00e4hr 1.1 Kilometer von Ihnen entfernt.<\/h2>\n<p>Bei unserer Firma ist Ihre Heimcomputer-Fehlerbehebung in den besten H\u00e4nden! Au\u00dferdem k\u00f6nnen wir gewissenhaft IT-Wartungen inklusive Virenentfernung an Ihrem Computer durchf\u00fchren. Unter Umst\u00e4nden w\u00fcnschen Sie qualifizierte Kaufberatung, Datensicherung oder Heimcomputer-Aufr\u00fcstung? In diesem Fall sind wir der ideale Ansprechpartner!<\/p>\n<h2>Unsere Mitarbeiter in Zell u. A. legen besonderen Wert auf individuellen EDV-Service f\u00fcr unsere Privaten Klienten.<\/h2>\n<p>Nehmen Sie mit uns Kontakt auf unter E-Mail: support@kaelberer-online.de und verlangen Sie unsere PC-Unterst\u00fctzung. Dieses Angebot gilt sowohl in unseren B\u00fcror\u00e4umen als auch \u00fcber Fernwartung oder vor Ort bei Ihnen in Holzmaden. Unsere Firma ist Ihre kompetente Heimcomputer- Betreuung Ihr EDV-Experte<\/p>\n<h3>Die Services unserer Firma auf einen Blick:<\/h3>\n<ul>\n<li>Installation von Ger\u00e4tschaft sowie Software<\/li>\n<li>Kompetente Schadensabwicklung rund um PC und Backup<\/li>\n<li><span style=\"color: #4F81BD;\"><strong>kaelberer services<\/strong><\/span> steht Ihnen in jeder Situation rund um Heimcomputer wie auch Notebook mit bestem Wissen zur Seite.<\/li>\n<li>Aufr\u00fcstung von Personal Computer beziehungsweise <u>Laptop<\/u><\/li>\n<li>Fehlerbehebung und <u>Reparatur<\/u> von Computern, Notebooks<\/li>\n<\/ul>\n<p><strong><span style=\"color: #FF0000;\">Zus\u00e4tzliche Leistungen auf Anfrage Tel.: 07164 909700<\/span><\/strong><\/p>\n<h2>Konfiguration von Komponennten sowie Softwarel\u00f6sungen<\/h2>\n<p>In unserer schnelllebigen Umgebung gibt es best\u00e4ndig Neuerungen. Der Erwerb eines brandneuen PCs, Druckers, Scanners oder einer Fritz box kann f\u00fcr den Unerfahrenen sehr anspruchsvoll sein. Sie haben weder Zeit noch Wissen, wie neuartige Programme benutzt werden k\u00f6nnen? Dann betreuen wir Sie gerne dabei. Nat\u00fcrlich z\u00e4hlt eine Ger\u00e4te- sowie Installation von Software zu unseren T\u00e4tigkeiten.<\/p>\n<p>PC sowie <strong>Notebook<\/strong>-Aufr\u00fcstung \u2013 gewissenhaft und professionell von kaelberer services.<\/p>\n<p>Technik steht nie still. Damit Sie stets auf dem neusten Stand mit Ihrem Personalcomputer sind, m\u00fcsste von Zeit zu Zeit eine professionelle Aufr\u00fcstung ausgef\u00fchrt werden. Die Hardware-Aufr\u00fcstung ist bei uns in qualifizierter Hand.<\/p>\n<h2>Schadensabwicklung vom Profi<\/h2>\n<p>Sollte Ihr PC nicht mehr richtig funktionieren und das Mobiltelefon oder Notebook kaputt ist, dann wenden Sie sich vertrauensvoll an uns.<\/p>\n<p>Vollservice f\u00fcr s\u00e4mtliche Personalcomputer, egal wie alt.<\/p>\n<p>Weitreichende Dienste, die Ihren Computer und Laptop betreffen, \u00fcbernehmen unsere Experten mit jeder Menge Gewissenhaftigkeit. <span style=\"color: #4F81BD;\"><strong>kaelberer services<\/strong><\/span> ist Ihr qualifizierter Partner f\u00fcr Services in Holzmaden. Dabei ist das Angebot sehr weit gef\u00e4chert. Im \u00dcbrigen bieten wir neben PC-Reparatur auch viele IT-Leistungen wie Backup, Installation von Software und Einzelschulungen.<\/p>\n<h2>Personalcomputer-Support f\u00fcr Privatkunden<\/h2>\n<p>Die Anforderungen von Privatkunden ben\u00f6tigen h\u00e4ufig besondere Services. Unsere Firma ist darauf eingestellt. Ihren \u00e4lteren Laptop m\u00fcssen Sie nicht zum Altstoffsammelzentrum bringen, m\u00f6glicherweise ben\u00f6tigt er nur eine General\u00fcberholung und eine neue SSD-Harddisk. Hierbei gibt eine Reihe von M\u00f6glichkeiten, Nachhaltigkeit ins Spiel zu bringen.<\/p>\n<p><strong><cite>Personal Computer-Service im privaten Bereich: <span style=\"color: #4F81BD;\"><strong>kaelberer services<\/strong><\/span> Telefon: 07164 909700 &#8211; | E-Mail: support@kaelberer-online.de<\/cite><\/strong><\/p>\n<p>[contact-form-7 id=&#8220;524&#8243; title=&#8220;Notebook-<u>Reparatur<\/u>-Privat&#8220;]<\/p>\n","protected":false},"excerpt":{"rendered":"<p>Ihr IT-Spezialist aus der nahe gelegenen Gegend: kaelberer services &#8211; wir sind nur ungef\u00e4hr 1.1 Kilometer von Ihnen entfernt. Bei unserer Firma ist Ihre Heimcomputer-Fehlerbehebung in den besten H\u00e4nden! Au\u00dferdem k\u00f6nnen wir gewissenhaft IT-Wartungen inklusive Virenentfernung an Ihrem Computer durchf\u00fchren. Unter Umst\u00e4nden w\u00fcnschen Sie qualifizierte Kaufberatung, Datensicherung oder Heimcomputer-Aufr\u00fcstung? In diesem Fall sind wir der &hellip; <a href=\"https:\/\/www.kaelberer-online.de\/services\/privat\/notebook-reparatur-privat-holzmaden\/\" class=\"more-link\">Continue reading<span class=\"screen-reader-text\"> &#8222;<u>Notebook<\/u> <a href=\"https:\/\/www.kaelberer-online.de\/services\/\">Reparatur<\/a> Privat f\u00fcr Holzmaden &#8211; Tel. 07164 909700&#8243;<\/span><\/a><\/p>\n","protected":false},"author":2,"featured_media":0,"parent":486,"menu_order":0,"comment_status":"closed","ping_status":"closed","template":"","meta":{"footnotes":""},"class_list":["post-943","page","type-page","status-publish","hentry"],"_links":{"self":[{"href":"https:\/\/www.kaelberer-online.de\/services\/wp-json\/wp\/v2\/pages\/943","targetHints":{"allow":["GET"]}}],"collection":[{"href":"https:\/\/www.kaelberer-online.de\/services\/wp-json\/wp\/v2\/pages"}],"about":[{"href":"https:\/\/www.kaelberer-online.de\/services\/wp-json\/wp\/v2\/types\/page"}],"author":[{"embeddable":true,"href":"https:\/\/www.kaelberer-online.de\/services\/wp-json\/wp\/v2\/users\/2"}],"replies":[{"embeddable":true,"href":"https:\/\/www.kaelberer-online.de\/services\/wp-json\/wp\/v2\/comments?post=943"}],"version-history":[{"count":0,"href":"https:\/\/www.kaelberer-online.de\/services\/wp-json\/wp\/v2\/pages\/943\/revisions"}],"up":[{"embeddable":true,"href":"https:\/\/www.kaelberer-online.de\/services\/wp-json\/wp\/v2\/pages\/486"}],"wp:attachment":[{"href":"https:\/\/www.kaelberer-online.de\/services\/wp-json\/wp\/v2\/media?parent=943"}],"curies":[{"name":"wp","href":"https:\/\/api.w.org\/{rel}","templated":true}]}}