{"id":941,"date":"2022-03-23T20:16:06","date_gmt":"2022-03-23T20:16:06","guid":{"rendered":"https:\/\/kaelberer-online.de\/services\/?page_id=941"},"modified":"2022-03-23T20:16:06","modified_gmt":"2022-03-23T20:16:06","slug":"notebook-reparatur-privat-hochdorf","status":"publish","type":"page","link":"https:\/\/www.kaelberer-online.de\/services\/privat\/notebook-reparatur-privat-hochdorf\/","title":{"rendered":"<u>Notebook<\/u> Reparatur Privat in Hochdorf &#8211; Telefon 07164 909700"},"content":{"rendered":"<h2>Ihr IT-Profi in der nahe gelegenen Umgebung: <span style=\"color: #4F81BD;\"><strong>kaelberer services<\/strong><\/span> &#8211; unser Unternehmen ist nur rund 7.7 Km von Ihnen entfernt.<\/h2>\n<p>Bei uns ist Ihre Rechner-Reparatur in den besten H\u00e4nden! Au\u00dferdem f\u00fchren wir zuverl\u00e4ssig IT-Wartungen inklusive Virenentfernung an Ihrem Laptop durch. Eventuell w\u00fcnschen Sie gute und preiswerte Kaufberatung, Datensicherung sowie PC-Aufr\u00fcstung? In diesem Fall sind wir der geeignete Ansprechpartner!<\/p>\n<h2>Unsere Spezialisten in Zell unter Aichelberg legen besonderen Wert auf individuellen PC-Service f\u00fcr unsere Privatkunden.<\/h2>\n<p>Nehmen Sie mit uns Kontakt auf unter E-Mail: support@kaelberer-online.de und fordern Sie unsere PC-Unterst\u00fctzung an. Unser Angebot gilt sowohl in unseren R\u00e4umlichkeiten wie auch via Fernwartung oder vor Ort bei Ihnen in Hochdorf. Unsere Firma ist Ihre profesionelle Heimcomputer- Betreuung Ihr EDV-Fachmann<\/p>\n<h3>Unsere Serviceleistungen auf einen Blick:<\/h3>\n<ul>\n<li><a href=\"https:\/\/www.kaelberer-online.de\/services\/\">Fehlerbehebung<\/a> und Instandsetzung von PCs, Notebooks<\/li>\n<li>Professionelle Schadensabwicklung rund um Heimcomputer und Backup<\/li>\n<li>Erweiterung von Personalcomputer beziehungsweise <strong>Notebook<\/strong><\/li>\n<li><span style=\"color: #4F81BD;\"><strong>kaelberer services<\/strong><\/span> steht Ihnen in jeder Lage rund um PC sowie <u>Notebook<\/u> mit bestem Wissen zur Seite.<\/li>\n<li>Virenentfernung, Virenschutz sowie gute und preiswerte Sicherung Ihrer Daten<\/li>\n<\/ul>\n<p><strong><span style=\"color: #FF0000;\">Mehr Dienste auf Anfrage Telefon: 07164 909700<\/span><\/strong><\/p>\n<h2>Konfiguration von Komponennten sowie Softwarel\u00f6sungen<\/h2>\n<p>In unserer schnelllebigen Welt gibt es st\u00e4ndig Neuerungen. Die Anschaffung eines neuen Rechners, Druckers, Scanners oder einer Fritz box kann f\u00fcr den Unerfahrenen ziemlich anspruchsvoll sein. Sie wissen nicht, wie neue Programme benutzt werden? Dann unterst\u00fctzen wir Sie nat\u00fcrlich dabei. Selbstredend z\u00e4hlt eine Ger\u00e4te- wie auch Installation von Software zu unseren Aufgaben.<\/p>\n<p>Heimcomputer und Notebook-Aufr\u00fcstung \u2013 gewissenhaft und fachkundig von kaelberer services.<\/p>\n<p>Die Technik steht niemals still. Damit Sie generell auf dem aktuellen Status mit Ihrem PC sind, sollte ab und zu eine professionelle Aufr\u00fcstung ausgef\u00fchrt werden. Ihre Hardware-Aufr\u00fcstung ist bei uns in professioneller Hand.<\/p>\n<h2>Schadensabwicklung vom Experten<\/h2>\n<p>Wenn Ihr Personal Computer nicht mehr fehlerfrei funktioniert sowie das Mobiltelefon oder der Laptop l\u00e4diert ist, dann wenden Sie sich vertrauensvoll an kaelberer-services.<\/p>\n<p>Vollservice f\u00fcr s\u00e4mtliche PC, egal welches Model.<\/p>\n<p>Vielf\u00e4ltige Serviceleistungen, die Ihren PC und Laptop betreffen, \u00fcbernimmt unser Fachbetrieb mit jeder Menge Genauigkeit. <span style=\"color: #4F81BD;\"><strong>kaelberer services<\/strong><\/span> ist Ihr erfahrener Profi f\u00fcr Services in Hochdorf. Dabei ist unser Angebotsspektrum besonders weit gef\u00e4chert. Im \u00dcbrigen bieten wir neben PC-Reparatur auch viele IT-Dienstleistungen wie Datensicherung, Softwareinstallation und Schulungen.<\/p>\n<h2>PC-Support f\u00fcr Privatkunden<\/h2>\n<p>Die Belange von Privaten Kunden erfordern oft passende L\u00f6sungen. Unsere Firma ist darauf eingestellt. Den \u00e4lteren Laptop m\u00fcssen Sie nicht zum Altstoffsammelzentrum verfrachten, eventuell ben\u00f6tigt er lediglich eine General\u00fcberholung oder eine neue SSD-Festplatte. In diesem Fall gibt eine Reihe von M\u00f6glichkeiten, Nachhaltigkeit ins Spiel zu bringen.<\/p>\n<p><strong><cite>Rechner-Dienst im privaten Rahmen: <span style=\"color: #4F81BD;\"><strong>kaelberer services<\/strong><\/span> Telefon: 07164 909700 &#8211; | E-Mail: support@kaelberer-online.de<\/cite><\/strong><\/p>\n<p>[contact-form-7 id=&#8220;524&#8243; title=&#8220;Notebook-Reparatur-Privat&#8220;]<\/p>\n","protected":false},"excerpt":{"rendered":"<p>Ihr IT-Profi in der nahe gelegenen Umgebung: kaelberer services &#8211; unser Unternehmen ist nur rund 7.7 Km von Ihnen entfernt. Bei uns ist Ihre Rechner-Reparatur in den besten H\u00e4nden! Au\u00dferdem f\u00fchren wir zuverl\u00e4ssig IT-Wartungen inklusive Virenentfernung an Ihrem Laptop durch. Eventuell w\u00fcnschen Sie gute und preiswerte Kaufberatung, Datensicherung sowie PC-Aufr\u00fcstung? In diesem Fall sind wir &hellip; <a href=\"https:\/\/www.kaelberer-online.de\/services\/privat\/notebook-reparatur-privat-hochdorf\/\" class=\"more-link\">Continue reading<span class=\"screen-reader-text\"> &#8222;<u>Notebook<\/u> Reparatur Privat in Hochdorf &#8211; Telefon 07164 909700&#8243;<\/span><\/a><\/p>\n","protected":false},"author":2,"featured_media":942,"parent":486,"menu_order":0,"comment_status":"closed","ping_status":"closed","template":"","meta":{"footnotes":""},"class_list":["post-941","page","type-page","status-publish","has-post-thumbnail","hentry"],"_links":{"self":[{"href":"https:\/\/www.kaelberer-online.de\/services\/wp-json\/wp\/v2\/pages\/941","targetHints":{"allow":["GET"]}}],"collection":[{"href":"https:\/\/www.kaelberer-online.de\/services\/wp-json\/wp\/v2\/pages"}],"about":[{"href":"https:\/\/www.kaelberer-online.de\/services\/wp-json\/wp\/v2\/types\/page"}],"author":[{"embeddable":true,"href":"https:\/\/www.kaelberer-online.de\/services\/wp-json\/wp\/v2\/users\/2"}],"replies":[{"embeddable":true,"href":"https:\/\/www.kaelberer-online.de\/services\/wp-json\/wp\/v2\/comments?post=941"}],"version-history":[{"count":0,"href":"https:\/\/www.kaelberer-online.de\/services\/wp-json\/wp\/v2\/pages\/941\/revisions"}],"up":[{"embeddable":true,"href":"https:\/\/www.kaelberer-online.de\/services\/wp-json\/wp\/v2\/pages\/486"}],"wp:featuredmedia":[{"embeddable":true,"href":"https:\/\/www.kaelberer-online.de\/services\/wp-json\/wp\/v2\/media\/942"}],"wp:attachment":[{"href":"https:\/\/www.kaelberer-online.de\/services\/wp-json\/wp\/v2\/media?parent=941"}],"curies":[{"name":"wp","href":"https:\/\/api.w.org\/{rel}","templated":true}]}}