{"id":939,"date":"2022-04-11T11:23:47","date_gmt":"2022-04-11T11:23:47","guid":{"rendered":"https:\/\/kaelberer-online.de\/services\/?page_id=939"},"modified":"2022-04-11T11:23:47","modified_gmt":"2022-04-11T11:23:47","slug":"notebook-reparatur-privat-heiningen","status":"publish","type":"page","link":"https:\/\/www.kaelberer-online.de\/services\/privat\/notebook-reparatur-privat-heiningen\/","title":{"rendered":"Notebook Reparatur Privat f\u00fcr Heiningen &#8211; Tel. 07164 909700"},"content":{"rendered":"<h2>Ihr IT-Fachmann aus der N\u00e4he: <span style=\"color: #4F81BD;\"><strong>kaelberer services<\/strong><\/span> &#8211; unser Betrieb ist nur etwa 4.6 Km von Ihnen entfernt.<\/h2>\n<p>Bei unserer Unternehmung ist Ihre PC-<u>Reparatur<\/u> in den allerbesten H\u00e4nden! Au\u00dferdem f\u00fchren wir zuverl\u00e4ssig IT-Wartungen inklusive Virenentfernung an Ihrem Notebook durch. Gegebenenfalls brauchen Sie fachm\u00e4nnische Kaufberatung, Datensicherung oder Heimcomputer-Aufr\u00fcstung? In diesem Fall sind wir der ideale Partner!<\/p>\n<h2>Unsere Mitarbeiter in Zell u. A. legen gro\u00dfen Wert auf individuellen EDV-Service f\u00fcr unsere Privaten Kunden.<\/h2>\n<p>Nehmen Sie mit uns Kontakt auf unter Telefon 07164 909700 und fordern Sie unsere PC-Unterst\u00fctzung an. Unser Angebot gilt sowohl in unseren B\u00fcror\u00e4umen als auch \u00fcber Fernwartung oder vor Ort bei Ihnen in Heiningen. Wir sind Ihre profesionelle Personal Computer- Betreuung Ihr IT-Fachmann<\/p>\n<h3>Unsere Serviceleistungen auf einen Blick:<\/h3>\n<ul>\n<li>Aufr\u00fcstung von Personalcomputer beziehungsweise Notebook<\/li>\n<li>Professionelle Schadensabwicklung rund um Heimcomputer und Backup<\/li>\n<li><span style=\"color: #4F81BD;\"><strong>kaelberer services<\/strong><\/span> steht Ihnen in jeder Lage rund um Personalcomputer und <a href=\"https:\/\/www.kaelberer-online.de\/services\/\">Laptop<\/a> mit bestem Wissen zur Seite.<\/li>\n<li><strong>Reparatur<\/strong> und Reparatur von Computern, Laptops<\/li>\n<li>Installation, Konfiguration von Ger\u00e4ten sowie Software<\/li>\n<li>Es kommt \u00f6fter vor, als gedacht: ein unachtsamer Moment \u2013 falsche Taste bet\u00e4tigt und Daten sind gel\u00f6scht.<\/li>\n<\/ul>\n<p><strong><span style=\"color: #FF0000;\">Erg\u00e4nzende Dienste auf Anfrage Telefon: 07164 909700<\/span><\/strong><\/p>\n<h2>Inbetriebnahme von Komponennten und Softwarel\u00f6sungen<\/h2>\n<p>In unserer schnelllebigen Welt gibt es best\u00e4ndig \u00c4nderungen. Die Anschaffung eines brandneuen PCs, Druckers, Scanners oder einer Fritz box kann f\u00fcr den Laien ausgesprochen anspruchsvoll sein. Sie wissen nicht, wie neue Softwareprogramme genutzt werden? Dann supporten wir Sie nat\u00fcrlich dabei. Nat\u00fcrlich geh\u00f6rt die Ger\u00e4te- sowie Softwareinstallation zu unseren Aufgaben.<\/p>\n<p>Personal Computer sowie Laptop-Aufr\u00fcstung \u2013 gewissenhaft und qualifiziert von kaelberer services.<\/p>\n<p>Die Technik steht niemals still. Damit Sie stets auf dem neusten Status mit Ihrem Personal Computer sind, m\u00fcsste von Zeit zu Zeit eine fachgerechte Aufr\u00fcstung ausgef\u00fchrt werden. Die Hardware-Aufr\u00fcstung ist bei uns in professioneller Hand.<\/p>\n<h2>Wenn es Personalcomputer-Probleme gibt<\/h2>\n<p>Wenn Ihr PC nicht mehr fehlerfrei funktioniert sowie das Smartphone oder der <u>Laptop<\/u> kaputt ist, dann wenden Sie sich vertrauensvoll an uns.<\/p>\n<p>Vollservice f\u00fcr s\u00e4mtliche Personalcomputer, egal wie alt.<\/p>\n<p>Weitreichende Services, die Ihren Rechner und Notebook betreffen, \u00fcbernimmt unser Fachbetrieb mit jeder Menge Sorgfalt. <span style=\"color: #4F81BD;\"><strong>kaelberer services<\/strong><\/span> ist Ihr professioneller Profi f\u00fcr Services in Heiningen. Hierbei ist das Angebotsspektrum ziemlich breit gef\u00e4chert. Au\u00dferdem offerieren wir neben Heimcomputer-<strong>Reparatur<\/strong> auch weitreichende EDV-T\u00e4tigkeiten wie Datensicherung, Installation von Software und Schulungen.<\/p>\n<h2>Rechner-Unterst\u00fctzung f\u00fcr Privatkunden<\/h2>\n<p>Die Bed\u00fcrfnisse von Privatkunden ben\u00f6tigen oft individuelle Services. Unsere Firma ist darauf eingestellt. Ihren \u00e4lteren <a href=\"https:\/\/www.kaelberer-online.de\/services\/\">Laptop<\/a> m\u00fcssen Sie nicht zum Wertstoffhof transportieren, vermutlich ben\u00f6tigt er nur eine General\u00fcberholung und eine moderne SSD-Festplatte. In diesem Fall gibt eine Reihe von L\u00f6sungen, Nachhaltigkeit ins Spiel zu bringen.<\/p>\n<p><strong><cite>Heimcomputer-Dienst privat: <span style=\"color: #4F81BD;\"><strong>kaelberer services<\/strong><\/span> Telefon: 07164 909700 &#8211; | E-Mail: support@kaelberer-online.de<\/cite><\/strong><\/p>\n<p>[contact-form-7 id=&#8220;524&#8243; title=&#8220;Notebook-<strong>Reparatur<\/strong>-Privat&#8220;]<\/p>\n","protected":false},"excerpt":{"rendered":"<p>Ihr IT-Fachmann aus der N\u00e4he: kaelberer services &#8211; unser Betrieb ist nur etwa 4.6 Km von Ihnen entfernt. Bei unserer Unternehmung ist Ihre PC-Reparatur in den allerbesten H\u00e4nden! Au\u00dferdem f\u00fchren wir zuverl\u00e4ssig IT-Wartungen inklusive Virenentfernung an Ihrem Notebook durch. Gegebenenfalls brauchen Sie fachm\u00e4nnische Kaufberatung, Datensicherung oder Heimcomputer-Aufr\u00fcstung? In diesem Fall sind wir der ideale Partner! &hellip; <a href=\"https:\/\/www.kaelberer-online.de\/services\/privat\/notebook-reparatur-privat-heiningen\/\" class=\"more-link\">Continue reading<span class=\"screen-reader-text\"> &#8222;Notebook Reparatur Privat f\u00fcr Heiningen &#8211; Tel. 07164 909700&#8220;<\/span><\/a><\/p>\n","protected":false},"author":2,"featured_media":940,"parent":486,"menu_order":0,"comment_status":"closed","ping_status":"closed","template":"","meta":{"footnotes":""},"class_list":["post-939","page","type-page","status-publish","has-post-thumbnail","hentry"],"_links":{"self":[{"href":"https:\/\/www.kaelberer-online.de\/services\/wp-json\/wp\/v2\/pages\/939","targetHints":{"allow":["GET"]}}],"collection":[{"href":"https:\/\/www.kaelberer-online.de\/services\/wp-json\/wp\/v2\/pages"}],"about":[{"href":"https:\/\/www.kaelberer-online.de\/services\/wp-json\/wp\/v2\/types\/page"}],"author":[{"embeddable":true,"href":"https:\/\/www.kaelberer-online.de\/services\/wp-json\/wp\/v2\/users\/2"}],"replies":[{"embeddable":true,"href":"https:\/\/www.kaelberer-online.de\/services\/wp-json\/wp\/v2\/comments?post=939"}],"version-history":[{"count":0,"href":"https:\/\/www.kaelberer-online.de\/services\/wp-json\/wp\/v2\/pages\/939\/revisions"}],"up":[{"embeddable":true,"href":"https:\/\/www.kaelberer-online.de\/services\/wp-json\/wp\/v2\/pages\/486"}],"wp:featuredmedia":[{"embeddable":true,"href":"https:\/\/www.kaelberer-online.de\/services\/wp-json\/wp\/v2\/media\/940"}],"wp:attachment":[{"href":"https:\/\/www.kaelberer-online.de\/services\/wp-json\/wp\/v2\/media?parent=939"}],"curies":[{"name":"wp","href":"https:\/\/api.w.org\/{rel}","templated":true}]}}