{"id":935,"date":"2022-03-07T04:38:38","date_gmt":"2022-03-07T04:38:38","guid":{"rendered":"https:\/\/kaelberer-online.de\/services\/?page_id=935"},"modified":"2022-03-07T04:38:38","modified_gmt":"2022-03-07T04:38:38","slug":"notebook-reparatur-privat-gruibingen","status":"publish","type":"page","link":"https:\/\/www.kaelberer-online.de\/services\/privat\/notebook-reparatur-privat-gruibingen\/","title":{"rendered":"<a href=\"https:\/\/www.kaelberer-online.de\/services\/\">Notebook<\/a> Reparatur Privat f\u00fcr Gruibingen &#8211; Tel. 07164 909700"},"content":{"rendered":"<h2>Ihr IT-Experte in der nahe gelegenen Umgebung: <span style=\"color: #4F81BD;\"><strong>kaelberer services<\/strong><\/span> &#8211; wir sind nur ungef\u00e4hr 3.3 Km von Ihnen entfernt.<\/h2>\n<p>Bei unserer Firma ist Ihre Heimcomputer-Reparatur in den allerbesten H\u00e4nden! Au\u00dferdem k\u00f6nnen wir verl\u00e4sslich IT-Wartungen inklusive Virenentfernung an Ihrem Computer durchf\u00fchren. Eventuell w\u00fcnschen Sie fachm\u00e4nnische Kaufberatung, Datensicherung und Personal Computer-Aufr\u00fcstung? Dann sind wir der ideale Ansprechpartner!<\/p>\n<h2>Wir von <span style=\"color: #4F81BD;\"><strong>kaelberer services<\/strong><\/span> in Zell unter Aichelberg legen besonderen Wert auf individuellen PC-Service f\u00fcr unsere Privaten Kunden.<\/h2>\n<p>Nehmen Sie mit uns Kontakt auf unter Telefon 07164 909700 und verlangen Sie unsere PC-Unterst\u00fctzung. Dieses Angebot gilt sowohl in unseren R\u00e4umlichkeiten als auch \u00fcber Fernwartung oder vor Ort bei Ihnen in Gruibingen. Wir sind Ihre kompetente Heimcomputer- Betreuung Ihr IT-Fachmann<\/p>\n<h3>Die Services unserer Firma auf einen Blick:<\/h3>\n<ul>\n<li>Es kommt \u00f6fter vor, als gedacht: ein unachtsamer Moment \u2013 versehentlich falsche Taste bet\u00e4tigt und die Daten sind gel\u00f6scht.<\/li>\n<li>Professionelle Abwicklung rund um Personal Computer und Backup<\/li>\n<li>Erweiterung von Heimcomputer und Notebook<\/li>\n<li><span style=\"color: #4F81BD;\"><strong>kaelberer services<\/strong><\/span> steht Ihnen in jeder Situation rund um Personal Computer und Notebook mit bestem Fachwissen zur Seite.<\/li>\n<li>Installation von Ger\u00e4tschaft und Software<\/li>\n<li>Fehlerbeseitigung und Instandsetzung von Computern, Notebooks<\/li>\n<li>Virenentfernung, Virenschutz und professionelle Sicherung Ihrer Daten<\/li>\n<\/ul>\n<p><strong><span style=\"color: #FF0000;\">Weitere Dienstleistungen auf Anfrage Tel.: 07164 909700<\/span><\/strong><\/p>\n<h2>Konfiguration von Komponennten oder Softwarel\u00f6sungen<\/h2>\n<p>In unserer schnelllebigen Welt gibt es best\u00e4ndig \u00c4nderungen. Der Erwerb eines aktuellen Rechners, Druckers, Scanners oder einer Fritz box kann f\u00fcr den Unerfahrenen ziemlich fordernd sein. Sie haben weder Zeit noch Wissen, wie neue Programme benutzt werden? Dann unterst\u00fctzen wir Sie nat\u00fcrlich dabei. Selbstverst\u00e4ndlich z\u00e4hlt die Ger\u00e4te- wie auch Softwareinstallation zu unseren T\u00e4tigkeiten.<\/p>\n<p>Personal Computer und <a href=\"https:\/\/www.kaelberer-online.de\/services\/\">Laptop<\/a>-Aufr\u00fcstung \u2013 zuverl\u00e4ssig und professionell von kaelberer services.<\/p>\n<p>Die Technik steht nie still. Damit Sie stets auf dem aktuellen Stand mit Ihrem Personalcomputer sind, m\u00fcsste ab und zu eine professionelle Aufr\u00fcstung gemacht werden. Ihre Hardware-Aufr\u00fcstung ist bei uns in fachm\u00e4nnischer Hand.<\/p>\n<h2>Wenn der PC mal defekt ist<\/h2>\n<p>Sollte Ihr Heimcomputer nicht mehr fehlerfrei funktionieren sowie das Handy oder <strong>Notebook<\/strong> besch\u00e4digt ist, dann wenden Sie sich vertrauensvoll an uns.<\/p>\n<p>Vollservice f\u00fcr alle Personalcomputer, egal welche Marke.<\/p>\n<p>Vielf\u00e4ltige Services, die Ihren PC und <u>Laptop<\/u> betreffen, \u00fcbernehmen unsere Experten mit reichlich Gewissenhaftigkeit. Unsere Firm ist Ihr erfahrener Partner f\u00fcr Services in Gruibingen. Dabei ist das Angebot sehr breit gef\u00e4chert. Im \u00dcbrigen bieten wir neben Heimcomputer-Reparatur auch viele EDV-Dienstleistungen wie Datensicherung, Softwareinstallation und Schulungen.<\/p>\n<h2>Personal Computer-Support f\u00fcr Privatkunden<\/h2>\n<p>Die Belange von Privatleuten ben\u00f6tigen oft ma\u00dfgeschneiderte L\u00f6sungen. Unsere Firma ist darauf eingestellt. Den \u00e4lteren Laptop m\u00fcssen Sie nicht zum Altstoffsammelzentrum verfrachten, vermutlich ben\u00f6tigt er nur eine General\u00fcberholung oder eine neuartige SSD-Harddisk. In diesem Fall gibt eine Vielzahl von L\u00f6sungen, Nachhaltigkeit ins Spiel zu bringen.<\/p>\n<p><strong><cite>PC-Dienst privat: <span style=\"color: #4F81BD;\"><strong>kaelberer services<\/strong><\/span> Telefon: 07164 909700 &#8211; | E-Mail: support@kaelberer-online.de<\/cite><\/strong><\/p>\n<p>[contact-form-7 id=&#8220;524&#8243; title=&#8220;Notebook-<u>Reparatur<\/u>-Privat&#8220;]<\/p>\n","protected":false},"excerpt":{"rendered":"<p>Ihr IT-Experte in der nahe gelegenen Umgebung: kaelberer services &#8211; wir sind nur ungef\u00e4hr 3.3 Km von Ihnen entfernt. Bei unserer Firma ist Ihre Heimcomputer-Reparatur in den allerbesten H\u00e4nden! Au\u00dferdem k\u00f6nnen wir verl\u00e4sslich IT-Wartungen inklusive Virenentfernung an Ihrem Computer durchf\u00fchren. Eventuell w\u00fcnschen Sie fachm\u00e4nnische Kaufberatung, Datensicherung und Personal Computer-Aufr\u00fcstung? Dann sind wir der ideale Ansprechpartner! &hellip; <a href=\"https:\/\/www.kaelberer-online.de\/services\/privat\/notebook-reparatur-privat-gruibingen\/\" class=\"more-link\">Continue reading<span class=\"screen-reader-text\"> &#8222;<a href=\"https:\/\/www.kaelberer-online.de\/services\/\">Notebook<\/a> Reparatur Privat f\u00fcr Gruibingen &#8211; Tel. 07164 909700&#8243;<\/span><\/a><\/p>\n","protected":false},"author":2,"featured_media":936,"parent":486,"menu_order":0,"comment_status":"closed","ping_status":"closed","template":"","meta":{"footnotes":""},"class_list":["post-935","page","type-page","status-publish","has-post-thumbnail","hentry"],"_links":{"self":[{"href":"https:\/\/www.kaelberer-online.de\/services\/wp-json\/wp\/v2\/pages\/935","targetHints":{"allow":["GET"]}}],"collection":[{"href":"https:\/\/www.kaelberer-online.de\/services\/wp-json\/wp\/v2\/pages"}],"about":[{"href":"https:\/\/www.kaelberer-online.de\/services\/wp-json\/wp\/v2\/types\/page"}],"author":[{"embeddable":true,"href":"https:\/\/www.kaelberer-online.de\/services\/wp-json\/wp\/v2\/users\/2"}],"replies":[{"embeddable":true,"href":"https:\/\/www.kaelberer-online.de\/services\/wp-json\/wp\/v2\/comments?post=935"}],"version-history":[{"count":0,"href":"https:\/\/www.kaelberer-online.de\/services\/wp-json\/wp\/v2\/pages\/935\/revisions"}],"up":[{"embeddable":true,"href":"https:\/\/www.kaelberer-online.de\/services\/wp-json\/wp\/v2\/pages\/486"}],"wp:featuredmedia":[{"embeddable":true,"href":"https:\/\/www.kaelberer-online.de\/services\/wp-json\/wp\/v2\/media\/936"}],"wp:attachment":[{"href":"https:\/\/www.kaelberer-online.de\/services\/wp-json\/wp\/v2\/media?parent=935"}],"curies":[{"name":"wp","href":"https:\/\/api.w.org\/{rel}","templated":true}]}}