{"id":933,"date":"2022-03-13T17:53:24","date_gmt":"2022-03-13T17:53:24","guid":{"rendered":"https:\/\/kaelberer-online.de\/services\/?page_id=933"},"modified":"2022-03-13T17:53:24","modified_gmt":"2022-03-13T17:53:24","slug":"notebook-reparatur-privat-goeppingen","status":"publish","type":"page","link":"https:\/\/www.kaelberer-online.de\/services\/privat\/notebook-reparatur-privat-goeppingen\/","title":{"rendered":"Notebook Reparatur Privat in G\u00f6ppingen &#8211; Telefon 07164 909700"},"content":{"rendered":"<h2>Ihr EDV-Experte aus der nahe gelegenen Gegend: <span style=\"color: #4F81BD;\"><strong>kaelberer services<\/strong><\/span> &#8211; unser Betrieb ist nur etwa 7.9 Km von Ihnen entfernt.<\/h2>\n<p>Bei uns ist Ihre Computer-<strong>Fehlerbehebung<\/strong> in den allerbesten H\u00e4nden! Dar\u00fcber hinaus f\u00fchren wir gewissenhaft IT-Wartungen inklusive Virenentfernung an Ihrem PC durch. Vielleicht ben\u00f6tigen Sie professionelle Kaufberatung, Datensicherung oder Personal Computer-Aufr\u00fcstung? In diesem Fall sind wir der ideale Experte!<\/p>\n<h2>Unsere Mitarbeiter in Zell unter Aichelberg legen gro\u00dfen Wert auf individuellen EDV-Service f\u00fcr unsere Privaten Kunden.<\/h2>\n<p>Nehmen Sie mit uns Kontakt auf unter Telefon 07164 909700 und fordern Sie unsere PC-Unterst\u00fctzung an. Unser Angebot gilt sowohl in unseren B\u00fcror\u00e4umen als auch via Fernwartung oder vor Ort bei Ihnen in G\u00f6ppingen. Wir sind Ihre kompetente PC- Betreuung Ihr IT-Fachmann<\/p>\n<h3>Unsere Serviceleistungen auf einen Blick:<\/h3>\n<ul>\n<li>Erweiterung von Heimcomputer und Laptop<\/li>\n<li><span style=\"color: #4F81BD;\"><strong>kaelberer services<\/strong><\/span> steht Ihnen in jeder Situation rund um Personal Computer sowie <a href=\"https:\/\/www.kaelberer-online.de\/services\/\">Laptop<\/a> mit bestem Wissen zur Seite.<\/li>\n<li>Virenentfernung, Virenschutz und professionelle Sicherung Ihrer Daten<\/li>\n<li>Sachkundige Abwicklung rund um Personal Computer und Datensicherung<\/li>\n<li>Es kommt \u00f6fter vor, als gedacht: ein unachtsamer Moment \u2013 versehentlich falsche Taste gedr\u00fcckt und die Daten sind gel\u00f6scht.<\/li>\n<li><strong>Reparatur<\/strong> und Instandsetzung von PCs, Laptops<\/li>\n<\/ul>\n<p><strong><span style=\"color: #FF0000;\">Mehr Angebote auf Anfrage Tel.: 07164 909700<\/span><\/strong><\/p>\n<h2>Inbetriebnahme von Ger\u00e4ten oder Software<\/h2>\n<p>In unserer sich rasant ver\u00e4ndernden Welt gibt es dauernd \u00c4nderungen. Die Anschaffung eines neuen Rechners, Druckers, Scanners oder einer Fritz box kann f\u00fcr den Nichtexperten ziemlich fordernd sein. Sie wissen nicht, wie moderne Softwareprogramme benutzt werden k\u00f6nnen? Dann unterst\u00fctzen wir Sie gern dabei. Selbstredend z\u00e4hlt eine Ger\u00e4te- sowie Installation von Software zu unseren T\u00e4tigkeiten.<\/p>\n<p>Rechner sowie Notebook-Aufr\u00fcstung \u2013 gewissenhaft und professionell von kaelberer services.<\/p>\n<p>Die Technik steht nie still. Damit Sie immer auf dem neusten Status mit Ihrem Personal Computer sind, m\u00fcsste ab und zu eine professionelle Aufr\u00fcstung vorgenommen werden. Ihre Hardware-Aufr\u00fcstung ist bei uns in kompetenter Hand.<\/p>\n<h2>Schadensabwicklung vom Profi<\/h2>\n<p>Wenn Ihr Personal Computer nicht mehr richtig funktioniert sowie das Smartphone oder der <u>Laptop<\/u> kaputt ist, dann wenden Sie sich vertrauensvoll an kaelberer-services.<\/p>\n<p>Rund um Service f\u00fcr jegliche PC, egal welche Marke.<\/p>\n<p>Umfassende Dienste, die Ihren Computer und Laptop betreffen, \u00fcbernimmt unser Fachbetrieb mit viel Sorgfalt. Unsere Firm ist Ihr versierter Partner f\u00fcr Services in G\u00f6ppingen. Dabei ist unser Angebotsspektrum sehr weit gef\u00e4chert. Au\u00dferdem offerieren wir neben Heimcomputer-<strong>Reparatur<\/strong> auch viele IT-Leistungen wie Backup, Installation von Software und Einzelschulungen.<\/p>\n<h2>Rechner-Support f\u00fcr Privatkunden<\/h2>\n<p>Die Anforderungen von Privaten Kunden ben\u00f6tigen h\u00e4ufig individuelle L\u00f6sungen. Unsere Mitarbeiter von kaelberer-services sind darauf eingestellt. Den \u00e4lteren Laptop m\u00fcssen Sie nicht gleich zum Recyclinghof verfrachten, vermutlich ben\u00f6tigt er lediglich eine General\u00fcberholung oder eine neue SSD-Harddisk. In diesem Fall gibt eine Vielzahl von Optionen, Nachhaltigkeit ins Spiel zu bringen.<\/p>\n<p><strong><cite>PC-Service im privaten Rahmen: <span style=\"color: #4F81BD;\"><strong>kaelberer services<\/strong><\/span> Telefon: 07164 909700 &#8211; | E-Mail: support@kaelberer-online.de<\/cite><\/strong><\/p>\n<p>[contact-form-7 id=&#8220;524&#8243; title=&#8220;Notebook-Reparatur-Privat&#8220;]<\/p>\n","protected":false},"excerpt":{"rendered":"<p>Ihr EDV-Experte aus der nahe gelegenen Gegend: kaelberer services &#8211; unser Betrieb ist nur etwa 7.9 Km von Ihnen entfernt. Bei uns ist Ihre Computer-Fehlerbehebung in den allerbesten H\u00e4nden! Dar\u00fcber hinaus f\u00fchren wir gewissenhaft IT-Wartungen inklusive Virenentfernung an Ihrem PC durch. Vielleicht ben\u00f6tigen Sie professionelle Kaufberatung, Datensicherung oder Personal Computer-Aufr\u00fcstung? In diesem Fall sind wir &hellip; <a href=\"https:\/\/www.kaelberer-online.de\/services\/privat\/notebook-reparatur-privat-goeppingen\/\" class=\"more-link\">Continue reading<span class=\"screen-reader-text\"> &#8222;Notebook Reparatur Privat in G\u00f6ppingen &#8211; Telefon 07164 909700&#8220;<\/span><\/a><\/p>\n","protected":false},"author":2,"featured_media":934,"parent":486,"menu_order":0,"comment_status":"closed","ping_status":"closed","template":"","meta":{"footnotes":""},"class_list":["post-933","page","type-page","status-publish","has-post-thumbnail","hentry"],"_links":{"self":[{"href":"https:\/\/www.kaelberer-online.de\/services\/wp-json\/wp\/v2\/pages\/933","targetHints":{"allow":["GET"]}}],"collection":[{"href":"https:\/\/www.kaelberer-online.de\/services\/wp-json\/wp\/v2\/pages"}],"about":[{"href":"https:\/\/www.kaelberer-online.de\/services\/wp-json\/wp\/v2\/types\/page"}],"author":[{"embeddable":true,"href":"https:\/\/www.kaelberer-online.de\/services\/wp-json\/wp\/v2\/users\/2"}],"replies":[{"embeddable":true,"href":"https:\/\/www.kaelberer-online.de\/services\/wp-json\/wp\/v2\/comments?post=933"}],"version-history":[{"count":0,"href":"https:\/\/www.kaelberer-online.de\/services\/wp-json\/wp\/v2\/pages\/933\/revisions"}],"up":[{"embeddable":true,"href":"https:\/\/www.kaelberer-online.de\/services\/wp-json\/wp\/v2\/pages\/486"}],"wp:featuredmedia":[{"embeddable":true,"href":"https:\/\/www.kaelberer-online.de\/services\/wp-json\/wp\/v2\/media\/934"}],"wp:attachment":[{"href":"https:\/\/www.kaelberer-online.de\/services\/wp-json\/wp\/v2\/media?parent=933"}],"curies":[{"name":"wp","href":"https:\/\/api.w.org\/{rel}","templated":true}]}}