{"id":931,"date":"2022-03-28T03:48:56","date_gmt":"2022-03-28T03:48:56","guid":{"rendered":"https:\/\/kaelberer-online.de\/services\/?page_id=931"},"modified":"2022-03-28T03:48:56","modified_gmt":"2022-03-28T03:48:56","slug":"notebook-reparatur-privat-gammelshausen","status":"publish","type":"page","link":"https:\/\/www.kaelberer-online.de\/services\/privat\/notebook-reparatur-privat-gammelshausen\/","title":{"rendered":"<a href=\"https:\/\/www.kaelberer-online.de\/services\/\">Notebook<\/a> <u>Reparatur<\/u> Privat f\u00fcr Gammelshausen &#8211; Tel. 07164 909700"},"content":{"rendered":"<h2>Ihr IT-Experte in der nahe gelegenen Gegend: <span style=\"color: #4F81BD;\"><strong>kaelberer services<\/strong><\/span> &#8211; unsere Firma ist nur ca 5.3 Km von Ihnen entfernt.<\/h2>\n<p>Bei uns ist Ihre Home Computer-Fehlerbehebung in den allerbesten H\u00e4nden! Dar\u00fcber hinaus k\u00f6nnen wir gewissenhaft IT-Wartungen inklusive Virenentfernung an Ihrem PC durchf\u00fchren. Unter Umst\u00e4nden brauchen Sie qualifizierte Kaufberatung, Datensicherung sowie PC-Aufr\u00fcstung? In diesem Fall sind wir der perfekte Ansprechpartner!<\/p>\n<h2>Wir von <span style=\"color: #4F81BD;\"><strong>kaelberer services<\/strong><\/span> in Zell unter Aichelberg legen besonderen Wert auf individuellen EDV-Service f\u00fcr unsere Privaten Kunden.<\/h2>\n<p>Nehmen Sie mit uns Kontakt auf unter E-Mail: support@kaelberer-online.de und verlangen Sie unsere PC-Unterst\u00fctzung. Dieses Angebot gilt sowohl in unseren R\u00e4umlichkeiten als auch via Fernwartung oder vor Ort bei Ihnen in Gammelshausen. Wir sind Ihre fachkundige Heimcomputer- Betreuung Ihr EDV-Fachmann<\/p>\n<h3>Die Services unserer Firma auf einen Blick:<\/h3>\n<ul>\n<li>Erweiterung von Personal Computer und <u>Laptop<\/u><\/li>\n<li>Installation von Ger\u00e4ten sowie Software<\/li>\n<li>Virenentfernung, Virenschutz wie auch gute und preiswerte Sicherung Ihrer Daten<\/li>\n<li><span style=\"color: #4F81BD;\"><strong>kaelberer services<\/strong><\/span> steht Ihnen in jeder Situation rund um Heimcomputer wie auch <strong>Notebook<\/strong> mit bestem Know How zur Seite.<\/li>\n<li>Manchmal kommt es vor: ein Moment in dem man nicht aufpasst \u2013 versehentlich falsche Taste gedr\u00fcckt und die Daten sind gel\u00f6scht.<\/li>\n<\/ul>\n<p><strong><span style=\"color: #FF0000;\">Mehr Dienstleistungen auf Anfrage Tel.: 07164 909700<\/span><\/strong><\/p>\n<h2>Inbetriebnahme von Ger\u00e4ten oder Softwarel\u00f6sungen<\/h2>\n<p>In unserer schnelllebigen Umgebung gibt es beharrlich \u00c4nderungen. Der Erwerb eines aktuellen PCs, Druckers, Scanners oder einer Fritz box kann f\u00fcr den Unerfahrenen \u00fcberaus herausfordernd sein. Sie wissen nicht, wie neue Tools benutzt werden k\u00f6nnen? Dann betreuen wir Sie nat\u00fcrlich dabei. Nat\u00fcrlich geh\u00f6rt eine Ger\u00e4te- und Installation von Software zu unseren Aufgaben.<\/p>\n<p>Personal Computer wie auch Laptop-Aufr\u00fcstung \u2013 gewissenhaft und kompetent von kaelberer services.<\/p>\n<p>Technik steht niemals still. Damit Sie stets auf dem neuesten Status mit Ihrem Rechner sind, m\u00fcsste ab und zu eine fachgerechte Aufr\u00fcstung durchgef\u00fchrt werden. Ihre Hardware-Aufr\u00fcstung ist bei uns in kompetenter Hand.<\/p>\n<h2>Wenn der Personal Computer mal schadhaft ist<\/h2>\n<p>Sollte Ihr PC nicht mehr fehlerfrei funktionieren sowie das Mobiltelefon oder der <a href=\"https:\/\/www.kaelberer-online.de\/services\/\">Laptop<\/a> kaputt ist, dann wenden Sie sich vertrauensvoll an kaelberer-services.<\/p>\n<p>Vollservice f\u00fcr alle Rechner, egal welche Marke.<\/p>\n<p>Umfassende Service-Leistungen, die Ihren PC und <strong>Laptop<\/strong> betreffen, \u00fcbernehmen unsere Experten mit jeder Menge Sorgfalt. <span style=\"color: #4F81BD;\"><strong>kaelberer services<\/strong><\/span> ist Ihr routinierter Partner f\u00fcr Services in Gammelshausen. Hierbei ist das Angebotsspektrum sehr weit gef\u00e4chert. Im \u00dcbrigen offerieren wir neben Rechner-<strong>Reparatur<\/strong> auch weitreichende IT-T\u00e4tigkeiten wie Backup, Installation von Software und Einzelschulungen.<\/p>\n<h2>Personal Computer-Support f\u00fcr Privatkunden<\/h2>\n<p>Die Bed\u00fcrfnisse von Privatleuten ben\u00f6tigen oft besondere L\u00f6sungen. Unsere Firma ist darauf eingestellt. Ihren alten Laptop m\u00fcssen Sie nicht gleich zum Wertstoffhof verfrachten, m\u00f6glicherweise ben\u00f6tigt er nur eine Runderneuerung sowie eine moderne SSD-Harddisk. Hierbei gibt eine Vielzahl von L\u00f6sungen, Nachhaltigkeit ins Spiel zu bringen.<\/p>\n<p><strong><cite>PC-Service privat: <span style=\"color: #4F81BD;\"><strong>kaelberer services<\/strong><\/span> Telefon: 07164 909700 &#8211; | E-Mail: support@kaelberer-online.de<\/cite><\/strong><\/p>\n<p>[contact-form-7 id=&#8220;524&#8243; title=&#8220;Notebook-Reparatur-Privat&#8220;]<\/p>\n","protected":false},"excerpt":{"rendered":"<p>Ihr IT-Experte in der nahe gelegenen Gegend: kaelberer services &#8211; unsere Firma ist nur ca 5.3 Km von Ihnen entfernt. Bei uns ist Ihre Home Computer-Fehlerbehebung in den allerbesten H\u00e4nden! Dar\u00fcber hinaus k\u00f6nnen wir gewissenhaft IT-Wartungen inklusive Virenentfernung an Ihrem PC durchf\u00fchren. Unter Umst\u00e4nden brauchen Sie qualifizierte Kaufberatung, Datensicherung sowie PC-Aufr\u00fcstung? In diesem Fall sind &hellip; <a href=\"https:\/\/www.kaelberer-online.de\/services\/privat\/notebook-reparatur-privat-gammelshausen\/\" class=\"more-link\">Continue reading<span class=\"screen-reader-text\"> &#8222;<a href=\"https:\/\/www.kaelberer-online.de\/services\/\">Notebook<\/a> <u>Reparatur<\/u> Privat f\u00fcr Gammelshausen &#8211; Tel. 07164 909700&#8243;<\/span><\/a><\/p>\n","protected":false},"author":2,"featured_media":932,"parent":486,"menu_order":0,"comment_status":"closed","ping_status":"closed","template":"","meta":{"footnotes":""},"class_list":["post-931","page","type-page","status-publish","has-post-thumbnail","hentry"],"_links":{"self":[{"href":"https:\/\/www.kaelberer-online.de\/services\/wp-json\/wp\/v2\/pages\/931","targetHints":{"allow":["GET"]}}],"collection":[{"href":"https:\/\/www.kaelberer-online.de\/services\/wp-json\/wp\/v2\/pages"}],"about":[{"href":"https:\/\/www.kaelberer-online.de\/services\/wp-json\/wp\/v2\/types\/page"}],"author":[{"embeddable":true,"href":"https:\/\/www.kaelberer-online.de\/services\/wp-json\/wp\/v2\/users\/2"}],"replies":[{"embeddable":true,"href":"https:\/\/www.kaelberer-online.de\/services\/wp-json\/wp\/v2\/comments?post=931"}],"version-history":[{"count":0,"href":"https:\/\/www.kaelberer-online.de\/services\/wp-json\/wp\/v2\/pages\/931\/revisions"}],"up":[{"embeddable":true,"href":"https:\/\/www.kaelberer-online.de\/services\/wp-json\/wp\/v2\/pages\/486"}],"wp:featuredmedia":[{"embeddable":true,"href":"https:\/\/www.kaelberer-online.de\/services\/wp-json\/wp\/v2\/media\/932"}],"wp:attachment":[{"href":"https:\/\/www.kaelberer-online.de\/services\/wp-json\/wp\/v2\/media?parent=931"}],"curies":[{"name":"wp","href":"https:\/\/api.w.org\/{rel}","templated":true}]}}