{"id":927,"date":"2022-03-30T03:23:35","date_gmt":"2022-03-30T03:23:35","guid":{"rendered":"https:\/\/kaelberer-online.de\/services\/?page_id=927"},"modified":"2022-03-30T03:23:35","modified_gmt":"2022-03-30T03:23:35","slug":"notebook-reparatur-privat-eislingen-fils","status":"publish","type":"page","link":"https:\/\/www.kaelberer-online.de\/services\/privat\/notebook-reparatur-privat-eislingen-fils\/","title":{"rendered":"Notebook Reparatur Privat in Eislingen-Fils &#8211; Telefon 07164 909700"},"content":{"rendered":"<h2>Ihr IT-Profi aus der nahe gelegenen Umgebung: <span style=\"color: #4F81BD;\"><strong>kaelberer services<\/strong><\/span> &#8211; wir sind nur etwa 9.8 Km von Ihnen entfernt.<\/h2>\n<p>Bei unserer Firma ist Ihre PC-Fehlerbeseitigung in den besten H\u00e4nden! Au\u00dferdem k\u00f6nnen wir gewissenhaft IT-Wartungen inklusive Virenentfernung an Ihrem PC durchf\u00fchren. Gegebenenfalls brauchen Sie gute und preiswerte Kaufberatung, Datensicherung und Heimcomputer-Aufr\u00fcstung? In diesem Fall sind wir der perfekte Experte!<\/p>\n<h2>Wir von <span style=\"color: #4F81BD;\"><strong>kaelberer services<\/strong><\/span> in Zell u. A. legen besonderen Wert auf pers\u00f6nlichen PC-Service f\u00fcr unsere Privaten Kunden.<\/h2>\n<p>Nehmen Sie mit uns Kontakt auf unter E-Mail: support@kaelberer-online.de und verlangen Sie unsere PC-Unterst\u00fctzung. Dieses Angebot gilt sowohl in unseren B\u00fcror\u00e4umen als auch \u00fcber Fernwartung oder vor Ort bei Ihnen in Eislingen-Fils. Unsere Firma ist Ihre fachkundige Heimcomputer- Betreuung Ihr EDV-Profi<\/p>\n<h3>Die Services unserer Firma auf einen Blick:<\/h3>\n<ul>\n<li>Professionelle Abwicklung rund um Personal Computer und Backup<\/li>\n<li>Reparatur und Reparatur von Computern, Laptops<\/li>\n<li>Manchmal kommt es vor: ein unachtsamer Moment \u2013 versehentlich falsche Taste bet\u00e4tigt und die Daten sind gel\u00f6scht.<\/li>\n<li>Installation von Ger\u00e4ten wie auch Software<\/li>\n<li>Virenentfernung, Virenschutz und fachm\u00e4nnische Datensicherung<\/li>\n<\/ul>\n<p><strong><span style=\"color: #FF0000;\">Zus\u00e4tzliche Services auf Anfrage Telefon: 07164 909700<\/span><\/strong><\/p>\n<h2>Inbetriebnahme von Ger\u00e4ten oder Software<\/h2>\n<p>In unserer sich rasant ver\u00e4ndernden Umgebung gibt es permanent \u00c4nderungen. Der Erwerb eines brandneuen Rechners, Druckers, Scanners oder einer Fritz box kann f\u00fcr den Laien ausgesprochen herausfordernd sein. Sie wissen nicht, wie neue Anwendungen genutzt werden k\u00f6nnen? Dann unterst\u00fctzen wir Sie gerne dabei. Selbstverst\u00e4ndlich geh\u00f6rt die Ger\u00e4te- wie auch Softwareinstallation zu unseren Arbeiten.<\/p>\n<p>Heimcomputer sowie Notebook-Aufr\u00fcstung \u2013 gewissenhaft und qualifiziert von kaelberer services.<\/p>\n<p>Die Technik steht niemals still. Damit Sie stets auf dem aktuellen Stand mit Ihrem Personal Computer sind, sollte ab und zu eine fachgerechte Aufr\u00fcstung ausgef\u00fchrt werden. Die Hardware-Aufr\u00fcstung ist bei uns in professioneller Hand.<\/p>\n<h2>Wenn es Heimcomputer-Probleme gibt<\/h2>\n<p>Sollte Ihr Heimcomputer nicht mehr korrekt funktionieren und das Smartphone oder <u>Notebook<\/u> kaputt ist, dann wenden Sie sich vertrauensvoll an kaelberer-services.<\/p>\n<p>Rund um Service f\u00fcr jegliche Personal Computer, egal welche Marke.<\/p>\n<p>Umfassende Dienste, die Ihren Computer und <u>Notebook<\/u> betreffen, \u00fcbernehmen unsere Experten mit viel Genauigkeit. <span style=\"color: #4F81BD;\"><strong>kaelberer services<\/strong><\/span> ist Ihr versierter Profi f\u00fcr Services in Eislingen-Fils. Dabei ist unser Angebotsspektrum besonders breit gef\u00e4chert. Au\u00dferdem offerieren wir neben PC-<strong>Reparatur<\/strong> auch viele IT-Leistungen wie Datensicherung, Installation von Software und Schulungen.<\/p>\n<h2>Personal Computer-Support f\u00fcr Privatkunden<\/h2>\n<p>Die Bed\u00fcrfnisse von Privatkunden ben\u00f6tigen oft passende L\u00f6sungen. Unsere Mitarbeiter von kaelberer-services sind darauf eingestellt. Ihren alten <u>Laptop<\/u> m\u00fcssen Sie nicht gleich zum Wertstoffhof transportieren, vielleicht ben\u00f6tigt er nur eine General\u00fcberholung sowie eine moderne SSD-Festplatte. In diesem Fall gibt eine Vielzahl von M\u00f6glichkeiten, Nachhaltigkeit ins Spiel zu bringen.<\/p>\n<p><strong><cite>Rechner-Service im privaten Bereich: <span style=\"color: #4F81BD;\"><strong>kaelberer services<\/strong><\/span> Telefon: 07164 909700 &#8211; | E-Mail: support@kaelberer-online.de<\/cite><\/strong><\/p>\n<p>[contact-form-7 id=&#8220;524&#8243; title=&#8220;Notebook-Reparatur-Privat&#8220;]<\/p>\n","protected":false},"excerpt":{"rendered":"<p>Ihr IT-Profi aus der nahe gelegenen Umgebung: kaelberer services &#8211; wir sind nur etwa 9.8 Km von Ihnen entfernt. Bei unserer Firma ist Ihre PC-Fehlerbeseitigung in den besten H\u00e4nden! Au\u00dferdem k\u00f6nnen wir gewissenhaft IT-Wartungen inklusive Virenentfernung an Ihrem PC durchf\u00fchren. Gegebenenfalls brauchen Sie gute und preiswerte Kaufberatung, Datensicherung und Heimcomputer-Aufr\u00fcstung? In diesem Fall sind wir &hellip; <a href=\"https:\/\/www.kaelberer-online.de\/services\/privat\/notebook-reparatur-privat-eislingen-fils\/\" class=\"more-link\">Continue reading<span class=\"screen-reader-text\"> &#8222;Notebook Reparatur Privat in Eislingen-Fils &#8211; Telefon 07164 909700&#8220;<\/span><\/a><\/p>\n","protected":false},"author":2,"featured_media":928,"parent":486,"menu_order":0,"comment_status":"closed","ping_status":"closed","template":"","meta":{"footnotes":""},"class_list":["post-927","page","type-page","status-publish","has-post-thumbnail","hentry"],"_links":{"self":[{"href":"https:\/\/www.kaelberer-online.de\/services\/wp-json\/wp\/v2\/pages\/927","targetHints":{"allow":["GET"]}}],"collection":[{"href":"https:\/\/www.kaelberer-online.de\/services\/wp-json\/wp\/v2\/pages"}],"about":[{"href":"https:\/\/www.kaelberer-online.de\/services\/wp-json\/wp\/v2\/types\/page"}],"author":[{"embeddable":true,"href":"https:\/\/www.kaelberer-online.de\/services\/wp-json\/wp\/v2\/users\/2"}],"replies":[{"embeddable":true,"href":"https:\/\/www.kaelberer-online.de\/services\/wp-json\/wp\/v2\/comments?post=927"}],"version-history":[{"count":0,"href":"https:\/\/www.kaelberer-online.de\/services\/wp-json\/wp\/v2\/pages\/927\/revisions"}],"up":[{"embeddable":true,"href":"https:\/\/www.kaelberer-online.de\/services\/wp-json\/wp\/v2\/pages\/486"}],"wp:featuredmedia":[{"embeddable":true,"href":"https:\/\/www.kaelberer-online.de\/services\/wp-json\/wp\/v2\/media\/928"}],"wp:attachment":[{"href":"https:\/\/www.kaelberer-online.de\/services\/wp-json\/wp\/v2\/media?parent=927"}],"curies":[{"name":"wp","href":"https:\/\/api.w.org\/{rel}","templated":true}]}}