{"id":920,"date":"2022-03-12T02:41:00","date_gmt":"2022-03-12T02:41:00","guid":{"rendered":"https:\/\/kaelberer-online.de\/services\/?page_id=920"},"modified":"2022-03-12T02:41:00","modified_gmt":"2022-03-12T02:41:00","slug":"notebook-reparatur-privat-deggingen","status":"publish","type":"page","link":"https:\/\/www.kaelberer-online.de\/services\/privat\/notebook-reparatur-privat-deggingen\/","title":{"rendered":"<strong>Notebook<\/strong> Reparatur Privat in Deggingen &#8211; Tel. 07164 909700"},"content":{"rendered":"<h2>Ihr IT-Fachmann aus der n\u00e4chsten N\u00e4he: <span style=\"color: #4F81BD;\"><strong>kaelberer services<\/strong><\/span> &#8211; unsere Firma ist nur rund 8.8 Kilometer von Ihnen weg.<\/h2>\n<p>Bei uns ist Ihre Heimcomputer-Instandsetzung in den allerbesten H\u00e4nden! Au\u00dferdem f\u00fchren wir zuverl\u00e4ssig IT-Wartungen inklusive Virenentfernung an Ihrem Notebook durch. Gegebenenfalls ben\u00f6tigen Sie fachm\u00e4nnische Kaufberatung, Datensicherung sowie Personal Computer-Aufr\u00fcstung? In diesem Fall sind wir der geeignete Experte!<\/p>\n<h2>Wir von <span style=\"color: #4F81BD;\"><strong>kaelberer services<\/strong><\/span> in Zell unter Aichelberg legen besonderen Wert auf pers\u00f6nlichen PC-Service f\u00fcr unsere Privaten Klienten.<\/h2>\n<p>Nehmen Sie mit uns Kontakt auf unter Telefon 07164 909700 und fordern Sie unsere PC-Unterst\u00fctzung an. Unser Angebot gilt sowohl in unseren B\u00fcror\u00e4umen wie auch \u00fcber Fernwartung oder vor Ort bei Ihnen in Deggingen. Unsere Firma ist Ihre profesionelle Heimcomputer- Betreuung Ihr IT-Experte<\/p>\n<h3>Unsere Serviceleistungen auf einen Blick:<\/h3>\n<ul>\n<li>Virenentfernung, Virenschutz wie auch fachm\u00e4nnische Sicherung Ihrer Daten<\/li>\n<li>Sachkundige Abwicklung rund um PC und Backup<\/li>\n<li>Aufr\u00fcstung von Personalcomputer beziehungsweise <strong>Notebook<\/strong><\/li>\n<li><span style=\"color: #4F81BD;\"><strong>kaelberer services<\/strong><\/span> steht Ihnen in jeder Situation rund um PC wie auch Notebook mit bestem Fachwissen zur Seite.<\/li>\n<li>Manchmal kommt es vor: ein Moment in dem man nicht aufpasst \u2013 versehentlich falsche Taste gedr\u00fcckt und die Daten sind gel\u00f6scht.<\/li>\n<li>Fehlerbeseitigung und Reparatur von PCs, Notebooks<\/li>\n<li>Installation von Ger\u00e4ten sowie Software<\/li>\n<\/ul>\n<p><strong><span style=\"color: #FF0000;\">Erg\u00e4nzende Services auf Anfrage Telefon: 07164 909700<\/span><\/strong><\/p>\n<h2>Inbetriebnahme von Komponennten und Softwarel\u00f6sungen<\/h2>\n<p>In unserer schnelllebigen Umgebung gibt es best\u00e4ndig Neuerungen. Die Anschaffung eines neuen PCs, Druckers, Scanners oder einer Fritz box kann f\u00fcr den Nichtexperten ausgesprochen herausfordernd sein. Sie haben weder Zeit noch Wissen, wie neue Programme benutzt werden k\u00f6nnen? Dann betreuen wir Sie nat\u00fcrlich dabei. Selbstverst\u00e4ndlich geh\u00f6rt eine Ger\u00e4te- wie auch Softwareinstallation zu unseren T\u00e4tigkeiten.<\/p>\n<p>Personalcomputer sowie <u>Laptop<\/u>-Aufr\u00fcstung \u2013 gewissenhaft und professionell von kaelberer services.<\/p>\n<p>Die Technik steht nie still. Damit Sie immer auf dem neusten Status mit Ihrem Personal Computer sind, m\u00fcsste ab und zu eine fachgerechte Aufr\u00fcstung vorgenommen werden. Ihre Hardware-Aufr\u00fcstung ist bei uns in qualifizierter Hand.<\/p>\n<h2>Schadensabwicklung vom Experten<\/h2>\n<p>Wenn Ihr Personal Computer nicht mehr fehlerfrei funktioniert oder das Mobiltelefon oder der Laptop besch\u00e4digt ist, dann wenden Sie sich vertrauensvoll an kaelberer-services.<\/p>\n<p>Vollservice f\u00fcr jegliche Personal Computer, egal wie alt.<\/p>\n<p>Umfassende Service-Leistungen, die Ihren Computer und <a href=\"https:\/\/www.kaelberer-online.de\/services\/\">Notebook<\/a> betreffen, \u00fcbernimmt unser Fachbetrieb mit viel Gewissenhaftigkeit. Unsere Firm ist Ihr routinierter Profi f\u00fcr Services in Deggingen. Hierbei ist das Angebotsspektrum sehr weit gef\u00e4chert. Zudem bieten wir neben Personalcomputer-Reparatur auch weitreichende EDV-Dienstleistungen wie Backup, Softwareinstallation und Einzelschulungen.<\/p>\n<h2>Personalcomputer-Unterst\u00fctzung f\u00fcr Privatleute<\/h2>\n<p>Die W\u00fcnsche von Privaten Kunden erfordern h\u00e4ufig besondere Services. Unsere Firma ist darauf eingestellt. Ihren alten Laptop m\u00fcssen Sie nicht gleich zum Altstoffsammelzentrum transportieren, wom\u00f6glich ben\u00f6tigt er nur eine Runderneuerung oder eine neue SSD. Hierbei gibt eine Vielzahl von Chancen, Nachhaltigkeit ins Spiel zu bringen.<\/p>\n<p><strong><cite>Personal Computer-Dienst privat: <span style=\"color: #4F81BD;\"><strong>kaelberer services<\/strong><\/span> Telefon: 07164 909700 &#8211; | E-Mail: support@kaelberer-online.de<\/cite><\/strong><\/p>\n<p>[contact-form-7 id=&#8220;524&#8243; title=&#8220;Notebook-<a href=\"https:\/\/www.kaelberer-online.de\/services\/\">Reparatur<\/a>-Privat&#8220;]<\/p>\n","protected":false},"excerpt":{"rendered":"<p>Ihr IT-Fachmann aus der n\u00e4chsten N\u00e4he: kaelberer services &#8211; unsere Firma ist nur rund 8.8 Kilometer von Ihnen weg. Bei uns ist Ihre Heimcomputer-Instandsetzung in den allerbesten H\u00e4nden! Au\u00dferdem f\u00fchren wir zuverl\u00e4ssig IT-Wartungen inklusive Virenentfernung an Ihrem Notebook durch. Gegebenenfalls ben\u00f6tigen Sie fachm\u00e4nnische Kaufberatung, Datensicherung sowie Personal Computer-Aufr\u00fcstung? In diesem Fall sind wir der geeignete &hellip; <a href=\"https:\/\/www.kaelberer-online.de\/services\/privat\/notebook-reparatur-privat-deggingen\/\" class=\"more-link\">Continue reading<span class=\"screen-reader-text\"> &#8222;<strong>Notebook<\/strong> Reparatur Privat in Deggingen &#8211; Tel. 07164 909700&#8243;<\/span><\/a><\/p>\n","protected":false},"author":2,"featured_media":921,"parent":486,"menu_order":0,"comment_status":"closed","ping_status":"closed","template":"","meta":{"footnotes":""},"class_list":["post-920","page","type-page","status-publish","has-post-thumbnail","hentry"],"_links":{"self":[{"href":"https:\/\/www.kaelberer-online.de\/services\/wp-json\/wp\/v2\/pages\/920","targetHints":{"allow":["GET"]}}],"collection":[{"href":"https:\/\/www.kaelberer-online.de\/services\/wp-json\/wp\/v2\/pages"}],"about":[{"href":"https:\/\/www.kaelberer-online.de\/services\/wp-json\/wp\/v2\/types\/page"}],"author":[{"embeddable":true,"href":"https:\/\/www.kaelberer-online.de\/services\/wp-json\/wp\/v2\/users\/2"}],"replies":[{"embeddable":true,"href":"https:\/\/www.kaelberer-online.de\/services\/wp-json\/wp\/v2\/comments?post=920"}],"version-history":[{"count":0,"href":"https:\/\/www.kaelberer-online.de\/services\/wp-json\/wp\/v2\/pages\/920\/revisions"}],"up":[{"embeddable":true,"href":"https:\/\/www.kaelberer-online.de\/services\/wp-json\/wp\/v2\/pages\/486"}],"wp:featuredmedia":[{"embeddable":true,"href":"https:\/\/www.kaelberer-online.de\/services\/wp-json\/wp\/v2\/media\/921"}],"wp:attachment":[{"href":"https:\/\/www.kaelberer-online.de\/services\/wp-json\/wp\/v2\/media?parent=920"}],"curies":[{"name":"wp","href":"https:\/\/api.w.org\/{rel}","templated":true}]}}