{"id":918,"date":"2022-03-16T15:02:02","date_gmt":"2022-03-16T15:02:02","guid":{"rendered":"https:\/\/kaelberer-online.de\/services\/?page_id=918"},"modified":"2022-03-16T15:02:02","modified_gmt":"2022-03-16T15:02:02","slug":"notebook-reparatur-privat-bissingen-an-der-teck","status":"publish","type":"page","link":"https:\/\/www.kaelberer-online.de\/services\/privat\/notebook-reparatur-privat-bissingen-an-der-teck\/","title":{"rendered":"<strong>Notebook<\/strong> <a href=\"https:\/\/www.kaelberer-online.de\/services\/\">Reparatur<\/a> Privat in Bissingen an der Teck &#8211; Telefon 07164 909700"},"content":{"rendered":"<h2>Ihr IT-Profi aus der nahe gelegenen Umgebung: <span style=\"color: #4F81BD;\"><strong>kaelberer services<\/strong><\/span> &#8211; wir sind nur rund 5.9 Kilometer von Ihnen entfernt.<\/h2>\n<p>Bei unserer Firma ist Ihre Home Computer-Instandsetzung in den besten H\u00e4nden! Au\u00dferdem f\u00fchren wir zuverl\u00e4ssig IT-Wartungen inklusive Virenentfernung an Ihrem <a href=\"https:\/\/www.kaelberer-online.de\/services\/\">Laptop<\/a> durch. Eventuell brauchen Sie g\u00fcnstige und professionelle Kaufberatung, Datensicherung und Personal Computer-Aufr\u00fcstung? In diesem Fall sind wir der optimale Partner!<\/p>\n<h2>Wir von <span style=\"color: #4F81BD;\"><strong>kaelberer services<\/strong><\/span> in Zell u. A. legen besonderen Wert auf pers\u00f6nlichen EDV-Service f\u00fcr unsere Privatkunden.<\/h2>\n<p>Nehmen Sie mit uns Kontakt auf unter E-Mail: support@kaelberer-online.de und fordern Sie unsere PC-Unterst\u00fctzung an. Dieses Angebot gilt sowohl in unseren B\u00fcror\u00e4umen wie auch via Fernwartung oder vor Ort bei Ihnen in Bissingen an der Teck. Wir sind Ihre fachkundige Heimcomputer- Betreuung Ihr EDV-Fachmann<\/p>\n<h3>Unsere Serviceleistungen auf einen Blick:<\/h3>\n<ul>\n<li>Virenentfernung, Virenschutz sowie kompetente Datensicherung<\/li>\n<li>Unsere Firma steht Ihnen in jeder Situation rund um Personalcomputer sowie Notebook mit bestem Wissen zur Seite.<\/li>\n<li>Fehlerbeseitigung und Reparatur von Computern, Laptops<\/li>\n<li>Sachkundige Abwicklung rund um Personalcomputer und Backup<\/li>\n<li>Installation von Ger\u00e4tschaft und Software<\/li>\n<li>Erweiterung von Personalcomputer und <u>Notebook<\/u><\/li>\n<li>Manchmal kommt es vor: ein unachtsamer Moment \u2013 falsche Taste gedr\u00fcckt und Daten sind gel\u00f6scht.<\/li>\n<\/ul>\n<p><strong><span style=\"color: #FF0000;\">Weitere Angebote auf Anfrage Tel.: 07164 909700<\/span><\/strong><\/p>\n<h2>Installation von Ger\u00e4ten und Softwarel\u00f6sungen<\/h2>\n<p>In unserer schnelllebigen Umgebung gibt es st\u00e4ndig \u00c4nderungen. Die Anschaffung eines brandneuen Computers, Druckers, Scanners oder einer Fritz box kann f\u00fcr den Laien sehr fordernd sein. Sie haben weder Zeit noch Wissen, wie moderne Anwendungen genutzt werden k\u00f6nnen? Dann unterst\u00fctzen wir Sie gerne dabei. Nat\u00fcrlich z\u00e4hlt eine Ger\u00e4te- und Installation von Software zu unseren Arbeiten.<\/p>\n<p>Personal Computer wie auch <u>Laptop<\/u>-Aufr\u00fcstung \u2013 zuverl\u00e4ssig und professionell von kaelberer services.<\/p>\n<p>Technik steht niemals still. Damit Sie immer auf dem neuesten Status mit Ihrem PC sind, sollte von Zeit zu Zeit eine professionelle Aufr\u00fcstung durchgef\u00fchrt werden. Die Hardware-Aufr\u00fcstung ist bei uns in kompetenter Hand.<\/p>\n<h2>Wenn der Heimcomputer einmal schadhaft ist<\/h2>\n<p>Wenn Ihr Rechner nicht mehr korrekt funktioniert und das Smartphone oder Notebook l\u00e4diert ist, dann wenden Sie sich vertrauensvoll an kaelberer-services.<\/p>\n<p>Rund um Service f\u00fcr alle PC, egal welches Model.<\/p>\n<p>Umfassende Serviceleistungen, die Ihren Computer und <strong>Notebook<\/strong> betreffen, \u00fcbernimmt unser Fachbetrieb mit viel Sorgfalt. <span style=\"color: #4F81BD;\"><strong>kaelberer services<\/strong><\/span> ist Ihr routinierter Partner f\u00fcr Services in Bissingen an der Teck. Dabei ist unser Angebotsspektrum besonders breit gef\u00e4chert. Dar\u00fcber hinaus bieten wir neben Rechner-Reparatur auch viele EDV-Leistungen wie Backup, Installation von Software und Schulungen.<\/p>\n<h2>PC-Support f\u00fcr Privatleute<\/h2>\n<p>Die W\u00fcnsche von Privatleuten erfordern h\u00e4ufig ma\u00dfgeschneiderte L\u00f6sungen. Unsere Firma ist darauf eingestellt. Den \u00e4lteren <u>Laptop<\/u> m\u00fcssen Sie nicht zum Altstoffsammelzentrum verfrachten, vielleicht ben\u00f6tigt er lediglich eine General\u00fcberholung und eine neue SSD-Harddisk. Hierbei gibt eine gro\u00dfe Anzahl von M\u00f6glichkeiten, Nachhaltigkeit ins Spiel zu bringen.<\/p>\n<p><strong><cite>Personal Computer-Service im privaten Bereich: <span style=\"color: #4F81BD;\"><strong>kaelberer services<\/strong><\/span> Telefon: 07164 909700 &#8211; | E-Mail: support@kaelberer-online.de<\/cite><\/strong><\/p>\n<p>[contact-form-7 id=&#8220;524&#8243; title=&#8220;Notebook-Reparatur-Privat&#8220;]<\/p>\n","protected":false},"excerpt":{"rendered":"<p>Ihr IT-Profi aus der nahe gelegenen Umgebung: kaelberer services &#8211; wir sind nur rund 5.9 Kilometer von Ihnen entfernt. Bei unserer Firma ist Ihre Home Computer-Instandsetzung in den besten H\u00e4nden! Au\u00dferdem f\u00fchren wir zuverl\u00e4ssig IT-Wartungen inklusive Virenentfernung an Ihrem Laptop durch. Eventuell brauchen Sie g\u00fcnstige und professionelle Kaufberatung, Datensicherung und Personal Computer-Aufr\u00fcstung? In diesem Fall &hellip; <a href=\"https:\/\/www.kaelberer-online.de\/services\/privat\/notebook-reparatur-privat-bissingen-an-der-teck\/\" class=\"more-link\">Continue reading<span class=\"screen-reader-text\"> &#8222;<strong>Notebook<\/strong> <a href=\"https:\/\/www.kaelberer-online.de\/services\/\">Reparatur<\/a> Privat in Bissingen an der Teck &#8211; Telefon 07164 909700&#8243;<\/span><\/a><\/p>\n","protected":false},"author":2,"featured_media":919,"parent":486,"menu_order":0,"comment_status":"closed","ping_status":"closed","template":"","meta":{"footnotes":""},"class_list":["post-918","page","type-page","status-publish","has-post-thumbnail","hentry"],"_links":{"self":[{"href":"https:\/\/www.kaelberer-online.de\/services\/wp-json\/wp\/v2\/pages\/918","targetHints":{"allow":["GET"]}}],"collection":[{"href":"https:\/\/www.kaelberer-online.de\/services\/wp-json\/wp\/v2\/pages"}],"about":[{"href":"https:\/\/www.kaelberer-online.de\/services\/wp-json\/wp\/v2\/types\/page"}],"author":[{"embeddable":true,"href":"https:\/\/www.kaelberer-online.de\/services\/wp-json\/wp\/v2\/users\/2"}],"replies":[{"embeddable":true,"href":"https:\/\/www.kaelberer-online.de\/services\/wp-json\/wp\/v2\/comments?post=918"}],"version-history":[{"count":0,"href":"https:\/\/www.kaelberer-online.de\/services\/wp-json\/wp\/v2\/pages\/918\/revisions"}],"up":[{"embeddable":true,"href":"https:\/\/www.kaelberer-online.de\/services\/wp-json\/wp\/v2\/pages\/486"}],"wp:featuredmedia":[{"embeddable":true,"href":"https:\/\/www.kaelberer-online.de\/services\/wp-json\/wp\/v2\/media\/919"}],"wp:attachment":[{"href":"https:\/\/www.kaelberer-online.de\/services\/wp-json\/wp\/v2\/media?parent=918"}],"curies":[{"name":"wp","href":"https:\/\/api.w.org\/{rel}","templated":true}]}}