{"id":914,"date":"2022-03-10T00:32:34","date_gmt":"2022-03-10T00:32:34","guid":{"rendered":"https:\/\/kaelberer-online.de\/services\/?page_id=914"},"modified":"2022-03-10T00:32:34","modified_gmt":"2022-03-10T00:32:34","slug":"notebook-reparatur-privat-bad-boll","status":"publish","type":"page","link":"https:\/\/www.kaelberer-online.de\/services\/privat\/notebook-reparatur-privat-bad-boll\/","title":{"rendered":"<strong>Notebook<\/strong> Reparatur Privat f\u00fcr Bad Boll &#8211; Tel. 07164 909700"},"content":{"rendered":"<h2>Ihr IT-Fachmann aus der nahe gelegenen Gegend: <span style=\"color: #4F81BD;\"><strong>kaelberer services<\/strong><\/span> &#8211; unsere Firma ist nur rund 1.4 Kilometer von Ihnen entfernt.<\/h2>\n<p>Bei unserer Firma ist Ihre Heimcomputer-Reparatur in den besten H\u00e4nden! Dar\u00fcber hinaus k\u00f6nnen wir zuverl\u00e4ssig IT-Wartungen inklusive Virenentfernung an Ihrem Rechner durchf\u00fchren. Unter Umst\u00e4nden w\u00fcnschen Sie g\u00fcnstige und professionelle Kaufberatung, Datensicherung sowie Heimcomputer-Aufr\u00fcstung? In diesem Fall sind wir der geeignete Experte!<\/p>\n<h2>Unsere Mitarbeiter in Zell u. A. legen gro\u00dfen Wert auf individuellen PC-Service f\u00fcr unsere Privatkunden.<\/h2>\n<p>Nehmen Sie mit uns Kontakt auf unter E-Mail: support@kaelberer-online.de und verlangen Sie unsere PC-Unterst\u00fctzung. Dieses Angebot gilt sowohl in unseren R\u00e4umlichkeiten als auch via Fernwartung oder vor Ort bei Ihnen in Bad Boll. Wir sind Ihre fachkundige Heimcomputer- Betreuung Ihr EDV-Fachmann<\/p>\n<h3>Die Services unserer Firma auf einen Blick:<\/h3>\n<ul>\n<li>Fehlerbeseitigung und Reparatur von Computern, Notebooks<\/li>\n<li>Sachkundige Schadensabwicklung rund um Personalcomputer und Datensicherung<\/li>\n<li>Manchmal kommt es vor: ein Moment in dem man nicht aufpasst \u2013 falsche Taste bet\u00e4tigt und die Daten sind gel\u00f6scht.<\/li>\n<li>Unsere Firma steht Ihnen in jeder Situation rund um Personal Computer wie auch <a href=\"https:\/\/www.kaelberer-online.de\/services\/\">Laptop<\/a> mit bestem Wissen zur Seite.<\/li>\n<li>Installation, Konfiguration von Ger\u00e4tschaft und Software<\/li>\n<li>Virenentfernung, Virenschutz sowie fachm\u00e4nnische Sicherung Ihrer Daten<\/li>\n<li>Aufr\u00fcstung von Heimcomputer beziehungsweise <a href=\"https:\/\/www.kaelberer-online.de\/services\/\">Laptop<\/a><\/li>\n<\/ul>\n<p><strong><span style=\"color: #FF0000;\">Erg\u00e4nzende Dienste auf Anfrage Tel.: 07164 909700<\/span><\/strong><\/p>\n<h2>Inbetriebnahme von Komponennten und Softwarel\u00f6sungen<\/h2>\n<p>In unserer sich rasant ver\u00e4ndernden Umgebung gibt es dauerhaft Neuerungen. Der Erwerb eines brandneuen Rechners, Druckers, Scanners oder einer Fritz box kann f\u00fcr den Nichtexperten ziemlich fordernd sein. Sie wissen nicht, wie neuartige Anwendungen benutzt werden? Dann betreuen wir Sie gerne dabei. Nat\u00fcrlich z\u00e4hlt eine Ger\u00e4te- und Installation von Software zu unseren Arbeiten.<\/p>\n<p>Heimcomputer sowie Laptop-Aufr\u00fcstung \u2013 verl\u00e4sslich und professionell von kaelberer services.<\/p>\n<p>Die Technik steht niemals still. Damit Sie immer auf dem neuesten Stand mit Ihrem Personal Computer sind, sollte ab und zu eine fachm\u00e4nnische Aufr\u00fcstung ausgef\u00fchrt werden. Die Hardware-Aufr\u00fcstung ist bei uns in professioneller Hand.<\/p>\n<h2>Wenn der Personal Computer mal defekt ist<\/h2>\n<p>Sollte Ihr Rechner nicht mehr richtig funktionieren und das Mobiltelefon oder der <u>Laptop<\/u> l\u00e4diert ist, dann wenden Sie sich vertrauensvoll an uns.<\/p>\n<p>Vollservice f\u00fcr jegliche PC, egal welche Marke.<\/p>\n<p>Umfassende Serviceleistungen, die Ihren Computer und Notebook betreffen, \u00fcbernehmen unsere Experten mit viel Genauigkeit. Unsere Firm ist Ihr routinierter Profi f\u00fcr Services in Bad Boll. Dabei ist das Angebotsspektrum sehr breit gef\u00e4chert. Im \u00dcbrigen offerieren wir neben PC-<u>Reparatur<\/u> auch weitreichende IT-Leistungen wie Datensicherung, Softwareinstallation und Einzelschulungen.<\/p>\n<h2>PC-Unterst\u00fctzung f\u00fcr Privatkunden<\/h2>\n<p>Die W\u00fcnsche von Privatleuten ben\u00f6tigen h\u00e4ufig individuelle L\u00f6sungen. Unsere Firma ist darauf eingestellt. Den \u00e4lteren <u>Laptop<\/u> m\u00fcssen Sie nicht zum Recyclinghof bringen, vermutlich ben\u00f6tigt er nur eine Runderneuerung oder eine neue SSD-Festplatte. In diesem Fall gibt eine Reihe von Optionen, Nachhaltigkeit ins Spiel zu bringen.<\/p>\n<p><strong><cite>PC-Service im privaten Bereich: <span style=\"color: #4F81BD;\"><strong>kaelberer services<\/strong><\/span> Telefon: 07164 909700 &#8211; | E-Mail: support@kaelberer-online.de<\/cite><\/strong><\/p>\n<p>[contact-form-7 id=&#8220;524&#8243; title=&#8220;<u>Notebook<\/u>-Reparatur-Privat&#8220;]<\/p>\n","protected":false},"excerpt":{"rendered":"<p>Ihr IT-Fachmann aus der nahe gelegenen Gegend: kaelberer services &#8211; unsere Firma ist nur rund 1.4 Kilometer von Ihnen entfernt. Bei unserer Firma ist Ihre Heimcomputer-Reparatur in den besten H\u00e4nden! Dar\u00fcber hinaus k\u00f6nnen wir zuverl\u00e4ssig IT-Wartungen inklusive Virenentfernung an Ihrem Rechner durchf\u00fchren. Unter Umst\u00e4nden w\u00fcnschen Sie g\u00fcnstige und professionelle Kaufberatung, Datensicherung sowie Heimcomputer-Aufr\u00fcstung? In diesem &hellip; <a href=\"https:\/\/www.kaelberer-online.de\/services\/privat\/notebook-reparatur-privat-bad-boll\/\" class=\"more-link\">Continue reading<span class=\"screen-reader-text\"> &#8222;<strong>Notebook<\/strong> Reparatur Privat f\u00fcr Bad Boll &#8211; Tel. 07164 909700&#8243;<\/span><\/a><\/p>\n","protected":false},"author":2,"featured_media":915,"parent":486,"menu_order":0,"comment_status":"closed","ping_status":"closed","template":"","meta":{"footnotes":""},"class_list":["post-914","page","type-page","status-publish","has-post-thumbnail","hentry"],"_links":{"self":[{"href":"https:\/\/www.kaelberer-online.de\/services\/wp-json\/wp\/v2\/pages\/914","targetHints":{"allow":["GET"]}}],"collection":[{"href":"https:\/\/www.kaelberer-online.de\/services\/wp-json\/wp\/v2\/pages"}],"about":[{"href":"https:\/\/www.kaelberer-online.de\/services\/wp-json\/wp\/v2\/types\/page"}],"author":[{"embeddable":true,"href":"https:\/\/www.kaelberer-online.de\/services\/wp-json\/wp\/v2\/users\/2"}],"replies":[{"embeddable":true,"href":"https:\/\/www.kaelberer-online.de\/services\/wp-json\/wp\/v2\/comments?post=914"}],"version-history":[{"count":0,"href":"https:\/\/www.kaelberer-online.de\/services\/wp-json\/wp\/v2\/pages\/914\/revisions"}],"up":[{"embeddable":true,"href":"https:\/\/www.kaelberer-online.de\/services\/wp-json\/wp\/v2\/pages\/486"}],"wp:featuredmedia":[{"embeddable":true,"href":"https:\/\/www.kaelberer-online.de\/services\/wp-json\/wp\/v2\/media\/915"}],"wp:attachment":[{"href":"https:\/\/www.kaelberer-online.de\/services\/wp-json\/wp\/v2\/media?parent=914"}],"curies":[{"name":"wp","href":"https:\/\/api.w.org\/{rel}","templated":true}]}}