{"id":910,"date":"2022-03-18T15:39:24","date_gmt":"2022-03-18T15:39:24","guid":{"rendered":"https:\/\/kaelberer-online.de\/services\/?page_id=910"},"modified":"2022-03-18T15:39:24","modified_gmt":"2022-03-18T15:39:24","slug":"notebook-reparatur-privat-aichelberg","status":"publish","type":"page","link":"https:\/\/www.kaelberer-online.de\/services\/privat\/notebook-reparatur-privat-aichelberg\/","title":{"rendered":"Notebook <strong>Reparatur<\/strong> Privat in Aichelberg &#8211; Telefon 07164 909700"},"content":{"rendered":"<h2>Ihr EDV-Fachmann aus der N\u00e4he: <span style=\"color: #4F81BD;\"><strong>kaelberer services<\/strong><\/span> &#8211; unser Betrieb ist nur circa 0.5 Kilometer von Ihnen entfernt.<\/h2>\n<p>Bei uns ist Ihre PC-Instandsetzung in den besten H\u00e4nden! Dar\u00fcber hinaus f\u00fchren wir verl\u00e4sslich IT-Wartungen inklusive Virenentfernung an Ihrem Laptop durch. Eventuell brauchen Sie gute und preiswerte Kaufberatung, Datensicherung oder Heimcomputer-Aufr\u00fcstung? In diesem Fall sind wir der richtige Partner!<\/p>\n<h2>Wir von <span style=\"color: #4F81BD;\"><strong>kaelberer services<\/strong><\/span> in Zell unter Aichelberg legen besonderen Wert auf individuellen PC-Service f\u00fcr unsere Privatkunden.<\/h2>\n<p>Nehmen Sie mit uns Kontakt auf unter Telefon 07164 909700 und fordern Sie unsere PC-Unterst\u00fctzung an. Dieses Angebot gilt sowohl in unseren B\u00fcror\u00e4umen wie auch \u00fcber Fernwartung oder vor Ort bei Ihnen in Aichelberg. Wir sind Ihre kompetente Personal Computer- Betreuung Ihr IT-Profi<\/p>\n<h3>Unsere Serviceleistungen auf einen Blick:<\/h3>\n<ul>\n<li>Virenentfernung, Virenschutz sowie g\u00fcnstige und professionelle Datensicherung<\/li>\n<li>Aufr\u00fcstung von Heimcomputer sowie <strong>Laptop<\/strong><\/li>\n<li>Kompetente Abwicklung rund um Personal Computer und Datensicherung<\/li>\n<li>Manchmal kommt es vor: ein Moment in dem man nicht aufpasst \u2013 falsche Taste bet\u00e4tigt und die Daten sind gel\u00f6scht.<\/li>\n<li>Installation, Konfiguration von Ger\u00e4tschaft und Software<\/li>\n<li>Fehlerbeseitigung und Instandsetzung von Computern, Notebooks<\/li>\n<\/ul>\n<p><strong><span style=\"color: #FF0000;\">Zus\u00e4tzliche Services auf Anfrage Tel.: 07164 909700<\/span><\/strong><\/p>\n<h2>Installation von Komponennten oder Softwarel\u00f6sungen<\/h2>\n<p>In unserer schnelllebigen Umgebung gibt es permanent \u00c4nderungen. Die Anschaffung eines neuen Rechners, Druckers, Scanners oder einer Fritz box kann f\u00fcr den Unerfahrenen sehr herausfordernd sein. Sie wissen nicht, wie neuartige Tools genutzt werden? Dann betreuen wir Sie nat\u00fcrlich dabei. Selbstredend geh\u00f6rt eine Ger\u00e4te- sowie Softwareinstallation zu unseren Aufgaben.<\/p>\n<p>Personalcomputer wie auch Notebook-Aufr\u00fcstung \u2013 zuverl\u00e4ssig und kompetent von kaelberer services.<\/p>\n<p>Technik steht nie still. Um Ihren Personal Computer auf einem aktuellen Status zu halten, m\u00fcsste von Zeit zu Zeit eine fachm\u00e4nnische Aufr\u00fcstung gemacht werden. Ihre Hardware-Aufr\u00fcstung ist bei uns in fachm\u00e4nnischer Hand.<\/p>\n<h2>Schadensabwicklung vom Fachmann<\/h2>\n<p>Wenn Ihr Heimcomputer nicht mehr fehlerfrei funktioniert oder das Mobiltelefon oder der Laptop kaputt ist, dann wenden Sie sich vertrauensvoll an kaelberer-services.<\/p>\n<p>Vollservice f\u00fcr s\u00e4mtliche Personalcomputer, egal wie alt.<\/p>\n<p>Weitreichende Services, die Ihren Rechner und Notebook betreffen, \u00fcbernimmt unser Fachbetrieb mit jeder Menge Genauigkeit. <span style=\"color: #4F81BD;\"><strong>kaelberer services<\/strong><\/span> ist Ihr professioneller Profi f\u00fcr Services in Aichelberg. Dabei ist das Angebot besonders breit gef\u00e4chert. Im \u00dcbrigen offerieren wir neben Heimcomputer-<a href=\"https:\/\/www.kaelberer-online.de\/services\/\">Reparatur<\/a> auch viele EDV-Leistungen wie Backup, Installation von Software und Einzelschulungen.<\/p>\n<h2>Rechner-Support f\u00fcr Privatleute<\/h2>\n<p>Die Belange von Privatleuten erfordern oft passende L\u00f6sungen. Unsere Firma ist darauf eingestellt. Den \u00e4lteren <strong>Laptop<\/strong> m\u00fcssen Sie nicht gleich zum Recyclinghof verfrachten, wahrscheinlich ben\u00f6tigt er nur eine Runderneuerung und eine neue SSD-Festplatte. In diesem Fall gibt eine Reihe von Optionen, Nachhaltigkeit ins Spiel zu bringen.<\/p>\n<p><strong><cite>Personalcomputer-Service im privaten Rahmen: <span style=\"color: #4F81BD;\"><strong>kaelberer services<\/strong><\/span> Telefon: 07164 909700 &#8211; | E-Mail: support@kaelberer-online.de<\/cite><\/strong><\/p>\n<p>[contact-form-7 id=&#8220;524&#8243; title=&#8220;<strong>Notebook<\/strong>-Reparatur-Privat&#8220;]<\/p>\n","protected":false},"excerpt":{"rendered":"<p>Ihr EDV-Fachmann aus der N\u00e4he: kaelberer services &#8211; unser Betrieb ist nur circa 0.5 Kilometer von Ihnen entfernt. Bei uns ist Ihre PC-Instandsetzung in den besten H\u00e4nden! Dar\u00fcber hinaus f\u00fchren wir verl\u00e4sslich IT-Wartungen inklusive Virenentfernung an Ihrem Laptop durch. Eventuell brauchen Sie gute und preiswerte Kaufberatung, Datensicherung oder Heimcomputer-Aufr\u00fcstung? In diesem Fall sind wir der &hellip; <a href=\"https:\/\/www.kaelberer-online.de\/services\/privat\/notebook-reparatur-privat-aichelberg\/\" class=\"more-link\">Continue reading<span class=\"screen-reader-text\"> &#8222;Notebook <strong>Reparatur<\/strong> Privat in Aichelberg &#8211; Telefon 07164 909700&#8243;<\/span><\/a><\/p>\n","protected":false},"author":2,"featured_media":911,"parent":486,"menu_order":0,"comment_status":"closed","ping_status":"closed","template":"","meta":{"footnotes":""},"class_list":["post-910","page","type-page","status-publish","has-post-thumbnail","hentry"],"_links":{"self":[{"href":"https:\/\/www.kaelberer-online.de\/services\/wp-json\/wp\/v2\/pages\/910","targetHints":{"allow":["GET"]}}],"collection":[{"href":"https:\/\/www.kaelberer-online.de\/services\/wp-json\/wp\/v2\/pages"}],"about":[{"href":"https:\/\/www.kaelberer-online.de\/services\/wp-json\/wp\/v2\/types\/page"}],"author":[{"embeddable":true,"href":"https:\/\/www.kaelberer-online.de\/services\/wp-json\/wp\/v2\/users\/2"}],"replies":[{"embeddable":true,"href":"https:\/\/www.kaelberer-online.de\/services\/wp-json\/wp\/v2\/comments?post=910"}],"version-history":[{"count":0,"href":"https:\/\/www.kaelberer-online.de\/services\/wp-json\/wp\/v2\/pages\/910\/revisions"}],"up":[{"embeddable":true,"href":"https:\/\/www.kaelberer-online.de\/services\/wp-json\/wp\/v2\/pages\/486"}],"wp:featuredmedia":[{"embeddable":true,"href":"https:\/\/www.kaelberer-online.de\/services\/wp-json\/wp\/v2\/media\/911"}],"wp:attachment":[{"href":"https:\/\/www.kaelberer-online.de\/services\/wp-json\/wp\/v2\/media?parent=910"}],"curies":[{"name":"wp","href":"https:\/\/api.w.org\/{rel}","templated":true}]}}