{"id":906,"date":"2022-04-21T21:27:57","date_gmt":"2022-04-21T21:27:57","guid":{"rendered":"https:\/\/kaelberer-online.de\/services\/?page_id=906"},"modified":"2022-04-21T21:27:57","modified_gmt":"2022-04-21T21:27:57","slug":"pc-reparatur-privat-wiesensteig","status":"publish","type":"page","link":"https:\/\/www.kaelberer-online.de\/services\/privat\/pc-reparatur-privat-wiesensteig\/","title":{"rendered":"PC Reparatur Privat f\u00fcr Wiesensteig &#8211; Tel. 07164 909700"},"content":{"rendered":"<h2>Ihr EDV-Experte aus der nahe gelegenen Umgebung: <span style=\"color: #4F81BD;\"><strong>kaelberer services<\/strong><\/span> &#8211; wir sind nur ca 6.9 Kilometer von Ihnen entfernt.<\/h2>\n<p>Bei uns ist Ihre Computer-Instandsetzung in den allerbesten H\u00e4nden! Au\u00dferdem k\u00f6nnen wir verl\u00e4sslich IT-Wartungen inklusive Virenentfernung an Ihrem Notebook durchf\u00fchren. Unter Umst\u00e4nden brauchen Sie qualifizierte Kaufberatung, Datensicherung und Personal Computer-Aufr\u00fcstung? Dann sind wir der perfekte Partner!<\/p>\n<h2>Unsere Spezialisten in Zell u. A. legen gro\u00dfen Wert auf pers\u00f6nlichen EDV-Service f\u00fcr unsere Privaten Kunden.<\/h2>\n<p>Nehmen Sie mit uns Kontakt auf unter E-Mail: support@kaelberer-online.de und verlangen Sie unsere PC-Unterst\u00fctzung. Unser Angebot gilt sowohl in unseren B\u00fcror\u00e4umen als auch \u00fcber Fernwartung oder vor Ort bei Ihnen in Wiesensteig. Wir sind Ihre fachkundige PC- Betreuung Ihr IT-Profi<\/p>\n<h3>Die Services unserer Firma auf einen Blick:<\/h3>\n<ul>\n<li>Fehlerbehebung und Reparatur von PCs, Laptops<\/li>\n<li>Professionelle Schadensabwicklung rund um Heimcomputer und Datensicherung<\/li>\n<li>Aufr\u00fcstung von Personal Computer und Notebook<\/li>\n<li>Installation von Ger\u00e4ten wie auch Software<\/li>\n<li>Virenentfernung, Virenschutz und kompetente Datensicherung<\/li>\n<li><span style=\"color: #4F81BD;\"><strong>kaelberer services<\/strong><\/span> steht Ihnen in jeder Situation rund um Personal Computer sowie Notebook mit bestem Fachwissen zur Seite.<\/li>\n<\/ul>\n<p><strong><span style=\"color: #FF0000;\">Weitere Leistungen auf Anfrage Telefon: 07164 909700<\/span><\/strong><\/p>\n<h2>Konfiguration von Komponennten und Software<\/h2>\n<p>In unserer schnelllebigen Umgebung gibt es dauernd \u00c4nderungen. Der Erwerb eines neuen Computers, Druckers, Scanners oder einer Fritz box kann f\u00fcr den Laien besonders herausfordernd sein. Sie haben weder Zeit noch Wissen, wie neue Softwareprogramme benutzt werden k\u00f6nnen? Dann supporten wir Sie gern dabei. Selbstredend z\u00e4hlt die Ger\u00e4te- wie auch Installation von Software zu unseren T\u00e4tigkeiten.<\/p>\n<p>Rechner wie auch Notebook-Aufr\u00fcstung \u2013 zuverl\u00e4ssig und qualifiziert von kaelberer services.<\/p>\n<p>Die Technik steht niemals still. Damit Sie stets auf dem neusten Status mit Ihrem Personal Computer sind, sollte von Zeit zu Zeit eine professionelle Aufr\u00fcstung vorgenommen werden. Ihre Hardware-Aufr\u00fcstung ist bei uns in professioneller Hand.<\/p>\n<h2>Wenn der Personalcomputer mal defekt ist<\/h2>\n<p>Sollte Ihr PC nicht mehr korrekt funktionieren sowie das Handy oder Notebook kaputt ist, dann wenden Sie sich vertrauensvoll an uns.<\/p>\n<p>Vollservice f\u00fcr s\u00e4mtliche Rechner, egal welche Marke.<\/p>\n<p>Umfassende Services, die Ihren Computer und Notebook betreffen, \u00fcbernehmen unsere Experten mit reichlich Sorgfalt. Unsere Firm ist Ihr professioneller Partner f\u00fcr Services in Wiesensteig. Hierbei ist das Angebot sehr weit gef\u00e4chert. Au\u00dferdem offerieren wir neben Rechner-Reparatur auch weitreichende EDV-Dienstleistungen wie Backup, Installation von Software und Einzelschulungen.<\/p>\n<h2>Rechner-Unterst\u00fctzung f\u00fcr Privatkunden<\/h2>\n<p>Die Belange von Privatleuten ben\u00f6tigen h\u00e4ufig individuelle Services. Unsere Mitarbeiter von kaelberer-services sind darauf eingestellt. Den \u00e4lteren Laptop m\u00fcssen Sie nicht gleich zum Recyclinghof bringen, m\u00f6glicherweise ben\u00f6tigt er lediglich eine Runderneuerung und eine moderne SSD-Harddisk. In diesem Fall gibt eine Vielzahl von M\u00f6glichkeiten, Nachhaltigkeit ins Spiel zu bringen.<\/p>\n<p><strong><cite>PC-Dienst privat: <span style=\"color: #4F81BD;\"><strong>kaelberer services<\/strong><\/span> Telefon: 07164 909700 &#8211; | E-Mail: support@kaelberer-online.de<\/cite><\/strong><\/p>\n<p>[contact-form-7 id=&#8220;524&#8243; title=&#8220;PC-Reparatur-Privat&#8220;]<\/p>\n","protected":false},"excerpt":{"rendered":"<p>Ihr EDV-Experte aus der nahe gelegenen Umgebung: kaelberer services &#8211; wir sind nur ca 6.9 Kilometer von Ihnen entfernt. Bei uns ist Ihre Computer-Instandsetzung in den allerbesten H\u00e4nden! Au\u00dferdem k\u00f6nnen wir verl\u00e4sslich IT-Wartungen inklusive Virenentfernung an Ihrem Notebook durchf\u00fchren. Unter Umst\u00e4nden brauchen Sie qualifizierte Kaufberatung, Datensicherung und Personal Computer-Aufr\u00fcstung? Dann sind wir der perfekte Partner! &hellip; <a href=\"https:\/\/www.kaelberer-online.de\/services\/privat\/pc-reparatur-privat-wiesensteig\/\" class=\"more-link\">Continue reading<span class=\"screen-reader-text\"> &#8222;PC Reparatur Privat f\u00fcr Wiesensteig &#8211; Tel. 07164 909700&#8220;<\/span><\/a><\/p>\n","protected":false},"author":2,"featured_media":907,"parent":486,"menu_order":0,"comment_status":"closed","ping_status":"closed","template":"","meta":{"footnotes":""},"class_list":["post-906","page","type-page","status-publish","has-post-thumbnail","hentry"],"_links":{"self":[{"href":"https:\/\/www.kaelberer-online.de\/services\/wp-json\/wp\/v2\/pages\/906","targetHints":{"allow":["GET"]}}],"collection":[{"href":"https:\/\/www.kaelberer-online.de\/services\/wp-json\/wp\/v2\/pages"}],"about":[{"href":"https:\/\/www.kaelberer-online.de\/services\/wp-json\/wp\/v2\/types\/page"}],"author":[{"embeddable":true,"href":"https:\/\/www.kaelberer-online.de\/services\/wp-json\/wp\/v2\/users\/2"}],"replies":[{"embeddable":true,"href":"https:\/\/www.kaelberer-online.de\/services\/wp-json\/wp\/v2\/comments?post=906"}],"version-history":[{"count":0,"href":"https:\/\/www.kaelberer-online.de\/services\/wp-json\/wp\/v2\/pages\/906\/revisions"}],"up":[{"embeddable":true,"href":"https:\/\/www.kaelberer-online.de\/services\/wp-json\/wp\/v2\/pages\/486"}],"wp:featuredmedia":[{"embeddable":true,"href":"https:\/\/www.kaelberer-online.de\/services\/wp-json\/wp\/v2\/media\/907"}],"wp:attachment":[{"href":"https:\/\/www.kaelberer-online.de\/services\/wp-json\/wp\/v2\/media?parent=906"}],"curies":[{"name":"wp","href":"https:\/\/api.w.org\/{rel}","templated":true}]}}