{"id":904,"date":"2022-03-23T10:54:38","date_gmt":"2022-03-23T10:54:38","guid":{"rendered":"https:\/\/kaelberer-online.de\/services\/?page_id=904"},"modified":"2022-03-23T10:54:38","modified_gmt":"2022-03-23T10:54:38","slug":"pc-reparatur-privat-wernau","status":"publish","type":"page","link":"https:\/\/www.kaelberer-online.de\/services\/privat\/pc-reparatur-privat-wernau\/","title":{"rendered":"PC Reparatur Privat f\u00fcr Wernau &#8211; Tel. 07164 909700"},"content":{"rendered":"<h2>Ihr IT-Fachmann aus der N\u00e4he: <span style=\"color: #4F81BD;\"><strong>kaelberer services<\/strong><\/span> &#8211; unsere Firma ist nur rund 9.8 Km von Ihnen entfernt.<\/h2>\n<p>Bei uns ist Ihre Home Computer-Fehlerbeseitigung in den besten H\u00e4nden! Dar\u00fcber hinaus k\u00f6nnen wir gewissenhaft IT-Wartungen inklusive Virenentfernung an Ihrem Notebook durchf\u00fchren. Eventuell w\u00fcnschen Sie gute und preiswerte Kaufberatung, Datensicherung oder PC-Aufr\u00fcstung? In diesem Fall sind wir der ideale Experte!<\/p>\n<h2>Unsere Spezialisten in Zell u. A. legen gro\u00dfen Wert auf pers\u00f6nlichen EDV-Service f\u00fcr unsere Privatkunden.<\/h2>\n<p>Nehmen Sie mit uns Kontakt auf unter E-Mail: support@kaelberer-online.de und verlangen Sie unsere PC-Unterst\u00fctzung. Dieses Angebot gilt sowohl in unseren R\u00e4umlichkeiten wie auch via Fernwartung oder vor Ort bei Ihnen in Wernau. Unsere Firma ist Ihre profesionelle Heimcomputer- Betreuung Ihr IT-Experte<\/p>\n<h3>Die Services unserer Firma auf einen Blick:<\/h3>\n<ul>\n<li>Manchmal kommt es vor: ein unachtsamer Moment \u2013 falsche Taste bet\u00e4tigt und Daten sind gel\u00f6scht.<\/li>\n<li>Fehlerbehebung und Reparatur von PCs, Laptops<\/li>\n<li>Virenentfernung, Virenschutz sowie professionelle Datensicherung<\/li>\n<li>Erweiterung von Personalcomputer sowie Notebook<\/li>\n<li>Professionelle Schadensabwicklung rund um PC und Backup<\/li>\n<li>Unsere Firma steht Ihnen in jeder Situation rund um Personalcomputer sowie Notebook mit bestem Fachwissen zur Seite.<\/li>\n<\/ul>\n<p><strong><span style=\"color: #FF0000;\">Erg\u00e4nzende Leistungen auf Anfrage Tel.: 07164 909700<\/span><\/strong><\/p>\n<h2>Inbetriebnahme von Komponennten und Softwarel\u00f6sungen<\/h2>\n<p>In unserer sich rasant ver\u00e4ndernden Welt gibt es andauernd \u00c4nderungen. Der Erwerb eines neuen PCs, Druckers, Scanners oder einer Fritz box kann f\u00fcr den Laien sehr fordernd sein. Sie haben weder Zeit noch Wissen, wie neue Programme benutzt werden k\u00f6nnen? Dann unterst\u00fctzen wir Sie gerne dabei. Nat\u00fcrlich geh\u00f6rt eine Ger\u00e4te- wie auch Softwareinstallation zu unseren Arbeiten.<\/p>\n<p>Personal Computer wie auch Laptop-Aufr\u00fcstung \u2013 zuverl\u00e4ssig und kompetent von kaelberer services.<\/p>\n<p>Die Technik steht niemals still. Um Ihren PC auf dem aktuellen Stand zu halten, m\u00fcsste ab und zu eine fachgerechte Aufr\u00fcstung durchgef\u00fchrt werden. Die Hardware-Aufr\u00fcstung ist bei uns in qualifizierter Hand.<\/p>\n<h2>Schadensabwicklung vom Experten<\/h2>\n<p>Sollte Ihr Rechner nicht mehr fehlerfrei funktionieren und das Mobiltelefon oder der Laptop kaputt ist, dann wenden Sie sich vertrauensvoll an uns.<\/p>\n<p>Vollservice f\u00fcr alle Heimcomputer, egal welches Model.<\/p>\n<p>Umfassende Mehrwerte, die Ihren Computer und Notebook betreffen, \u00fcbernehmen unsere Experten mit reichlich Sorgfalt. Unsere Firm ist Ihr professioneller Profi f\u00fcr Services in Wernau. Hierbei ist unser Angebotsspektrum ziemlich breit gef\u00e4chert. Zudem offerieren wir neben Personalcomputer-Reparatur auch weitreichende IT-Dienstleistungen wie Backup, Installation von Software und Schulungen.<\/p>\n<h2>Heimcomputer-Unterst\u00fctzung f\u00fcr Private Kunden<\/h2>\n<p>Die Anforderungen von Privaten Kunden ben\u00f6tigen h\u00e4ufig besondere Services. Unsere Techniker von kaelberer-services sind darauf eingestellt. Den \u00e4lteren Laptop m\u00fcssen Sie nicht zum Altstoffsammelzentrum transportieren, eventuell ben\u00f6tigt er lediglich eine Runderneuerung sowie eine neue SSD. In diesem Fall gibt eine Vielzahl von Chancen, Nachhaltigkeit ins Spiel zu bringen.<\/p>\n<p><strong><cite>Personal Computer-Dienst im privaten Rahmen: <span style=\"color: #4F81BD;\"><strong>kaelberer services<\/strong><\/span> Telefon: 07164 909700 &#8211; | E-Mail: support@kaelberer-online.de<\/cite><\/strong><\/p>\n<p>[contact-form-7 id=&#8220;524&#8243; title=&#8220;PC-Reparatur-Privat&#8220;]<\/p>\n","protected":false},"excerpt":{"rendered":"<p>Ihr IT-Fachmann aus der N\u00e4he: kaelberer services &#8211; unsere Firma ist nur rund 9.8 Km von Ihnen entfernt. Bei uns ist Ihre Home Computer-Fehlerbeseitigung in den besten H\u00e4nden! Dar\u00fcber hinaus k\u00f6nnen wir gewissenhaft IT-Wartungen inklusive Virenentfernung an Ihrem Notebook durchf\u00fchren. Eventuell w\u00fcnschen Sie gute und preiswerte Kaufberatung, Datensicherung oder PC-Aufr\u00fcstung? In diesem Fall sind wir &hellip; <a href=\"https:\/\/www.kaelberer-online.de\/services\/privat\/pc-reparatur-privat-wernau\/\" class=\"more-link\">Continue reading<span class=\"screen-reader-text\"> &#8222;PC Reparatur Privat f\u00fcr Wernau &#8211; Tel. 07164 909700&#8220;<\/span><\/a><\/p>\n","protected":false},"author":2,"featured_media":905,"parent":486,"menu_order":0,"comment_status":"closed","ping_status":"closed","template":"","meta":{"footnotes":""},"class_list":["post-904","page","type-page","status-publish","has-post-thumbnail","hentry"],"_links":{"self":[{"href":"https:\/\/www.kaelberer-online.de\/services\/wp-json\/wp\/v2\/pages\/904","targetHints":{"allow":["GET"]}}],"collection":[{"href":"https:\/\/www.kaelberer-online.de\/services\/wp-json\/wp\/v2\/pages"}],"about":[{"href":"https:\/\/www.kaelberer-online.de\/services\/wp-json\/wp\/v2\/types\/page"}],"author":[{"embeddable":true,"href":"https:\/\/www.kaelberer-online.de\/services\/wp-json\/wp\/v2\/users\/2"}],"replies":[{"embeddable":true,"href":"https:\/\/www.kaelberer-online.de\/services\/wp-json\/wp\/v2\/comments?post=904"}],"version-history":[{"count":0,"href":"https:\/\/www.kaelberer-online.de\/services\/wp-json\/wp\/v2\/pages\/904\/revisions"}],"up":[{"embeddable":true,"href":"https:\/\/www.kaelberer-online.de\/services\/wp-json\/wp\/v2\/pages\/486"}],"wp:featuredmedia":[{"embeddable":true,"href":"https:\/\/www.kaelberer-online.de\/services\/wp-json\/wp\/v2\/media\/905"}],"wp:attachment":[{"href":"https:\/\/www.kaelberer-online.de\/services\/wp-json\/wp\/v2\/media?parent=904"}],"curies":[{"name":"wp","href":"https:\/\/api.w.org\/{rel}","templated":true}]}}