{"id":894,"date":"2022-04-13T02:34:12","date_gmt":"2022-04-13T02:34:12","guid":{"rendered":"https:\/\/kaelberer-online.de\/services\/?page_id=894"},"modified":"2022-04-13T02:34:12","modified_gmt":"2022-04-13T02:34:12","slug":"pc-reparatur-privat-schlat","status":"publish","type":"page","link":"https:\/\/www.kaelberer-online.de\/services\/privat\/pc-reparatur-privat-schlat\/","title":{"rendered":"PC Reparatur Privat in Schlat &#8211; Tel. 07164 909700"},"content":{"rendered":"<h2>Ihr IT-Experte in der nahe gelegenen Gegend: <span style=\"color: #4F81BD;\"><strong>kaelberer services<\/strong><\/span> &#8211; unsere Firma ist nur rund 8.6 Kilometer von Ihnen weg.<\/h2>\n<p>Bei unserer Firma ist Ihre Computer-Fehlerbehebung in den allerbesten H\u00e4nden! Au\u00dferdem k\u00f6nnen wir zuverl\u00e4ssig IT-Wartungen inklusive Virenentfernung an Ihrem Notebook durchf\u00fchren. Eventuell ben\u00f6tigen Sie gute und preiswerte Kaufberatung, Datensicherung sowie Heimcomputer-Aufr\u00fcstung? Dann sind wir der ideale Partner!<\/p>\n<h2>Wir von <span style=\"color: #4F81BD;\"><strong>kaelberer services<\/strong><\/span> in Zell unter Aichelberg legen gro\u00dfen Wert auf pers\u00f6nlichen PC-Service f\u00fcr unsere Privatkunden.<\/h2>\n<p>Nehmen Sie mit uns Kontakt auf unter Telefon 07164 909700 und verlangen Sie unsere PC-Unterst\u00fctzung. Unser Angebot gilt sowohl in unseren R\u00e4umlichkeiten wie auch \u00fcber Fernwartung oder vor Ort bei Ihnen in Schlat. Unsere Firma ist Ihre kompetente PC- Betreuung Ihr EDV-Profi<\/p>\n<h3>Die Services unserer Firma auf einen Blick:<\/h3>\n<ul>\n<li>Manchmal kommt es vor: ein Moment in dem man nicht aufpasst \u2013 falsche Taste gedr\u00fcckt und Daten sind gel\u00f6scht.<\/li>\n<li>Virenentfernung, Virenschutz und gute und preiswerte Sicherung Ihrer Daten<\/li>\n<li>Unsere Firma steht Ihnen in jeder Situation rund um Heimcomputer sowie Laptop mit bestem Fachwissen zur Seite.<\/li>\n<li>Reparatur und Instandsetzung von Computern, Laptops<\/li>\n<li>Sachkundige Schadensabwicklung rund um PC und Datensicherung<\/li>\n<\/ul>\n<p><strong><span style=\"color: #FF0000;\">Zus\u00e4tzliche Angebote auf Anfrage Tel.: 07164 909700<\/span><\/strong><\/p>\n<h2>Inbetriebnahme von Ger\u00e4ten und Software<\/h2>\n<p>In unserer schnelllebigen Welt gibt es andauernd Innovationen. Der Erwerb eines brandneuen PCs, Druckers, Scanners oder einer Fritz box kann f\u00fcr den Nichtexperten besonders anspruchsvoll sein. Sie haben weder Zeit noch Wissen, wie neue Programme benutzt werden? Dann unterst\u00fctzen wir Sie gerne dabei. Nat\u00fcrlich geh\u00f6rt eine Ger\u00e4te- wie auch Softwareinstallation zu unseren Arbeiten.<\/p>\n<p>PC sowie Notebook-Aufr\u00fcstung \u2013 verl\u00e4sslich und fachkundig von kaelberer services.<\/p>\n<p>Technik steht niemals still. Um Ihren Personal Computer auf einem neuesten Status zu halten, m\u00fcsste von Zeit zu Zeit eine fachm\u00e4nnische Aufr\u00fcstung durchgef\u00fchrt werden. Die Hardware-Aufr\u00fcstung ist bei uns in professioneller Hand.<\/p>\n<h2>Wenn der Personalcomputer mal defekt ist<\/h2>\n<p>Sollte Ihr Personalcomputer nicht mehr korrekt funktionieren sowie das Mobiltelefon oder Notebook besch\u00e4digt ist, dann wenden Sie sich vertrauensvoll an kaelberer-services.<\/p>\n<p>Vollservice f\u00fcr alle Rechner, egal welche Marke.<\/p>\n<p>Weitreichende Service-Leistungen, die Ihren Rechner und Laptop betreffen, \u00fcbernehmen unsere Experten mit reichlich Gewissenhaftigkeit. <span style=\"color: #4F81BD;\"><strong>kaelberer services<\/strong><\/span> ist Ihr qualifizierter Profi f\u00fcr Services in Schlat. Hierbei ist das Angebot sehr weit gef\u00e4chert. Zudem offerieren wir neben PC-Reparatur auch viele IT-Leistungen wie Datensicherung, Softwareinstallation und Einzelschulungen.<\/p>\n<h2>PC-Support f\u00fcr Privatleute<\/h2>\n<p>Die Anforderungen von Privaten Kunden ben\u00f6tigen h\u00e4ufig ma\u00dfgeschneiderte Services. Unsere Techniker von kaelberer-services sind darauf eingestellt. Ihren alten Laptop m\u00fcssen Sie nicht zum Altstoffsammelzentrum bringen, m\u00f6glicherweise ben\u00f6tigt er nur eine Runderneuerung und eine moderne SSD. In diesem Fall gibt eine gro\u00dfe Anzahl von L\u00f6sungen, Nachhaltigkeit ins Spiel zu bringen.<\/p>\n<p><strong><cite>PC-Dienst im privaten Bereich: <span style=\"color: #4F81BD;\"><strong>kaelberer services<\/strong><\/span> Telefon: 07164 909700 &#8211; | E-Mail: support@kaelberer-online.de<\/cite><\/strong><\/p>\n<p>[contact-form-7 id=&#8220;524&#8243; title=&#8220;PC-Reparatur-Privat&#8220;]<\/p>\n","protected":false},"excerpt":{"rendered":"<p>Ihr IT-Experte in der nahe gelegenen Gegend: kaelberer services &#8211; unsere Firma ist nur rund 8.6 Kilometer von Ihnen weg. Bei unserer Firma ist Ihre Computer-Fehlerbehebung in den allerbesten H\u00e4nden! Au\u00dferdem k\u00f6nnen wir zuverl\u00e4ssig IT-Wartungen inklusive Virenentfernung an Ihrem Notebook durchf\u00fchren. Eventuell ben\u00f6tigen Sie gute und preiswerte Kaufberatung, Datensicherung sowie Heimcomputer-Aufr\u00fcstung? Dann sind wir der &hellip; <a href=\"https:\/\/www.kaelberer-online.de\/services\/privat\/pc-reparatur-privat-schlat\/\" class=\"more-link\">Continue reading<span class=\"screen-reader-text\"> &#8222;PC Reparatur Privat in Schlat &#8211; Tel. 07164 909700&#8220;<\/span><\/a><\/p>\n","protected":false},"author":2,"featured_media":895,"parent":486,"menu_order":0,"comment_status":"closed","ping_status":"closed","template":"","meta":{"footnotes":""},"class_list":["post-894","page","type-page","status-publish","has-post-thumbnail","hentry"],"_links":{"self":[{"href":"https:\/\/www.kaelberer-online.de\/services\/wp-json\/wp\/v2\/pages\/894","targetHints":{"allow":["GET"]}}],"collection":[{"href":"https:\/\/www.kaelberer-online.de\/services\/wp-json\/wp\/v2\/pages"}],"about":[{"href":"https:\/\/www.kaelberer-online.de\/services\/wp-json\/wp\/v2\/types\/page"}],"author":[{"embeddable":true,"href":"https:\/\/www.kaelberer-online.de\/services\/wp-json\/wp\/v2\/users\/2"}],"replies":[{"embeddable":true,"href":"https:\/\/www.kaelberer-online.de\/services\/wp-json\/wp\/v2\/comments?post=894"}],"version-history":[{"count":0,"href":"https:\/\/www.kaelberer-online.de\/services\/wp-json\/wp\/v2\/pages\/894\/revisions"}],"up":[{"embeddable":true,"href":"https:\/\/www.kaelberer-online.de\/services\/wp-json\/wp\/v2\/pages\/486"}],"wp:featuredmedia":[{"embeddable":true,"href":"https:\/\/www.kaelberer-online.de\/services\/wp-json\/wp\/v2\/media\/895"}],"wp:attachment":[{"href":"https:\/\/www.kaelberer-online.de\/services\/wp-json\/wp\/v2\/media?parent=894"}],"curies":[{"name":"wp","href":"https:\/\/api.w.org\/{rel}","templated":true}]}}