{"id":893,"date":"2022-04-22T09:34:14","date_gmt":"2022-04-22T09:34:14","guid":{"rendered":"https:\/\/kaelberer-online.de\/services\/?page_id=893"},"modified":"2022-04-22T09:34:14","modified_gmt":"2022-04-22T09:34:14","slug":"pc-reparatur-privat-reichenbach-an-der-fils","status":"publish","type":"page","link":"https:\/\/www.kaelberer-online.de\/services\/privat\/pc-reparatur-privat-reichenbach-an-der-fils\/","title":{"rendered":"PC Reparatur Privat in Reichenbach an der Fils &#8211; Telefon 07164 909700"},"content":{"rendered":"<h2>Ihr IT-Profi aus der nahe gelegenen Umgebung: <span style=\"color: #4F81BD;\"><strong>kaelberer services<\/strong><\/span> &#8211; wir sind nur circa 9.4 Kilometer von Ihnen entfernt.<\/h2>\n<p>Bei unserer Unternehmung ist Ihre Rechner-Fehlerbeseitigung in den allerbesten H\u00e4nden! Au\u00dferdem f\u00fchren wir zuverl\u00e4ssig IT-Wartungen inklusive Virenentfernung an Ihrem Rechner durch. Vielleicht w\u00fcnschen Sie gute und preiswerte Kaufberatung, Datensicherung sowie PC-Aufr\u00fcstung? Dann sind wir der geeignete Experte!<\/p>\n<h2>Wir von <span style=\"color: #4F81BD;\"><strong>kaelberer services<\/strong><\/span> in Zell unter Aichelberg legen gro\u00dfen Wert auf pers\u00f6nlichen EDV-Service f\u00fcr unsere Privaten Klienten.<\/h2>\n<p>Nehmen Sie mit uns Kontakt auf unter E-Mail: support@kaelberer-online.de und fordern Sie unsere PC-Unterst\u00fctzung an. Dieses Angebot gilt sowohl in unseren R\u00e4umlichkeiten als auch \u00fcber Fernwartung oder vor Ort bei Ihnen in Reichenbach an der Fils. Unsere Firma ist Ihre fachkundige Heimcomputer- Betreuung Ihr IT-Experte<\/p>\n<h3>Unsere Serviceleistungen auf einen Blick:<\/h3>\n<ul>\n<li>Professionelle Schadensabwicklung rund um Personal Computer und Backup<\/li>\n<li>Fehlerbehebung und Instandsetzung von Computern, Laptops<\/li>\n<li>Virenentfernung, Virenschutz und gute und preiswerte Sicherung Ihrer Daten<\/li>\n<li>Erweiterung von Personalcomputer und Notebook<\/li>\n<li>Installation von Ger\u00e4tschaft und Software<\/li>\n<\/ul>\n<p><strong><span style=\"color: #FF0000;\">Erg\u00e4nzende Services auf Anfrage Telefon: 07164 909700<\/span><\/strong><\/p>\n<h2>Installation von Komponennten sowie Softwarel\u00f6sungen<\/h2>\n<p>In unserer sich rasant ver\u00e4ndernden Umgebung gibt es andauernd \u00c4nderungen. Die Anschaffung eines aktuellen Rechners, Druckers, Scanners oder einer Fritz box kann f\u00fcr den Unerfahrenen sehr herausfordernd sein. Sie wissen nicht, wie moderne Tools genutzt werden? Dann unterst\u00fctzen wir Sie gern dabei. Selbstredend geh\u00f6rt eine Ger\u00e4te- und Softwareinstallation zu unseren Arbeiten.<\/p>\n<p>Personal Computer und Laptop-Aufr\u00fcstung \u2013 zuverl\u00e4ssig und qualifiziert von kaelberer services.<\/p>\n<p>Technik steht nie still. Um Ihren Heimcomputer auf dem neusten Stand zu halten, m\u00fcsste ab und zu eine fachgerechte Aufr\u00fcstung gemacht werden. Ihre Hardware-Aufr\u00fcstung ist bei uns in professioneller Hand.<\/p>\n<h2>Schadensabwicklung vom Profi<\/h2>\n<p>Wenn Ihr Heimcomputer nicht mehr fehlerfrei funktioniert und das Smartphone oder Notebook l\u00e4diert ist, dann wenden Sie sich vertrauensvoll an kaelberer-services.<\/p>\n<p>Vollservice f\u00fcr alle Personal Computer, egal wie alt.<\/p>\n<p>Weitreichende Serviceleistungen, die Ihren PC und Notebook betreffen, \u00fcbernimmt unser Fachbetrieb mit viel Gewissenhaftigkeit. Unsere Firm ist Ihr erfahrener Partner f\u00fcr Services in Reichenbach an der Fils. Dabei ist das Angebot sehr weit gef\u00e4chert. Im \u00dcbrigen bieten wir neben Heimcomputer-Reparatur auch weitreichende IT-Leistungen wie Backup, Installation von Software und Schulungen.<\/p>\n<h2>Heimcomputer-Support f\u00fcr Privatleute<\/h2>\n<p>Die Anforderungen von Privatleuten erfordern h\u00e4ufig passende Services. Unsere Firma ist darauf eingestellt. Ihren \u00e4lteren Laptop m\u00fcssen Sie nicht zum Wertstoffhof verfrachten, wom\u00f6glich ben\u00f6tigt er nur eine General\u00fcberholung und eine neue SSD. Hierbei gibt eine Reihe von Optionen, Nachhaltigkeit ins Spiel zu bringen.<\/p>\n<p><strong><cite>Heimcomputer-Dienst im privaten Rahmen: <span style=\"color: #4F81BD;\"><strong>kaelberer services<\/strong><\/span> Telefon: 07164 909700 &#8211; | E-Mail: support@kaelberer-online.de<\/cite><\/strong><\/p>\n<p>[contact-form-7 id=&#8220;524&#8243; title=&#8220;PC-Reparatur-Privat&#8220;]<\/p>\n","protected":false},"excerpt":{"rendered":"<p>Ihr IT-Profi aus der nahe gelegenen Umgebung: kaelberer services &#8211; wir sind nur circa 9.4 Kilometer von Ihnen entfernt. Bei unserer Unternehmung ist Ihre Rechner-Fehlerbeseitigung in den allerbesten H\u00e4nden! Au\u00dferdem f\u00fchren wir zuverl\u00e4ssig IT-Wartungen inklusive Virenentfernung an Ihrem Rechner durch. Vielleicht w\u00fcnschen Sie gute und preiswerte Kaufberatung, Datensicherung sowie PC-Aufr\u00fcstung? Dann sind wir der geeignete &hellip; <a href=\"https:\/\/www.kaelberer-online.de\/services\/privat\/pc-reparatur-privat-reichenbach-an-der-fils\/\" class=\"more-link\">Continue reading<span class=\"screen-reader-text\"> &#8222;PC Reparatur Privat in Reichenbach an der Fils &#8211; Telefon 07164 909700&#8220;<\/span><\/a><\/p>\n","protected":false},"author":2,"featured_media":0,"parent":486,"menu_order":0,"comment_status":"closed","ping_status":"closed","template":"","meta":{"footnotes":""},"class_list":["post-893","page","type-page","status-publish","hentry"],"_links":{"self":[{"href":"https:\/\/www.kaelberer-online.de\/services\/wp-json\/wp\/v2\/pages\/893","targetHints":{"allow":["GET"]}}],"collection":[{"href":"https:\/\/www.kaelberer-online.de\/services\/wp-json\/wp\/v2\/pages"}],"about":[{"href":"https:\/\/www.kaelberer-online.de\/services\/wp-json\/wp\/v2\/types\/page"}],"author":[{"embeddable":true,"href":"https:\/\/www.kaelberer-online.de\/services\/wp-json\/wp\/v2\/users\/2"}],"replies":[{"embeddable":true,"href":"https:\/\/www.kaelberer-online.de\/services\/wp-json\/wp\/v2\/comments?post=893"}],"version-history":[{"count":0,"href":"https:\/\/www.kaelberer-online.de\/services\/wp-json\/wp\/v2\/pages\/893\/revisions"}],"up":[{"embeddable":true,"href":"https:\/\/www.kaelberer-online.de\/services\/wp-json\/wp\/v2\/pages\/486"}],"wp:attachment":[{"href":"https:\/\/www.kaelberer-online.de\/services\/wp-json\/wp\/v2\/media?parent=893"}],"curies":[{"name":"wp","href":"https:\/\/api.w.org\/{rel}","templated":true}]}}