{"id":891,"date":"2022-03-25T17:47:13","date_gmt":"2022-03-25T17:47:13","guid":{"rendered":"https:\/\/kaelberer-online.de\/services\/?page_id=891"},"modified":"2022-03-25T17:47:13","modified_gmt":"2022-03-25T17:47:13","slug":"pc-reparatur-privat-rechberghausen","status":"publish","type":"page","link":"https:\/\/www.kaelberer-online.de\/services\/privat\/pc-reparatur-privat-rechberghausen\/","title":{"rendered":"PC Reparatur Privat f\u00fcr Rechberghausen &#8211; Tel. 07164 909700"},"content":{"rendered":"<h2>Ihr EDV-Experte aus der N\u00e4he: <span style=\"color: #4F81BD;\"><strong>kaelberer services<\/strong><\/span> &#8211; wir sind nur ungef\u00e4hr 9.3 Kilometer von Ihnen weg.<\/h2>\n<p>Bei uns ist Ihre PC-Fehlerbehebung in den allerbesten H\u00e4nden! Au\u00dferdem f\u00fchren wir gewissenhaft IT-Wartungen inklusive Virenentfernung an Ihrem PC durch. Vielleicht ben\u00f6tigen Sie kompetente Kaufberatung, Datensicherung sowie Personal Computer-Aufr\u00fcstung? In diesem Fall sind wir der ideale Experte!<\/p>\n<h2>Unsere Mitarbeiter in Zell unter Aichelberg legen gro\u00dfen Wert auf pers\u00f6nlichen EDV-Service f\u00fcr unsere Privatkunden.<\/h2>\n<p>Nehmen Sie mit uns Kontakt auf unter Telefon 07164 909700 und fordern Sie unsere PC-Unterst\u00fctzung an. Unser Angebot gilt sowohl in unseren B\u00fcror\u00e4umen wie auch via Fernwartung oder vor Ort bei Ihnen in Rechberghausen. Unsere Firma ist Ihre kompetente Personal Computer- Betreuung Ihr IT-Profi<\/p>\n<h3>Unsere Serviceleistungen auf einen Blick:<\/h3>\n<ul>\n<li>Virenentfernung, Virenschutz sowie kompetente Datensicherung<\/li>\n<li><span style=\"color: #4F81BD;\"><strong>kaelberer services<\/strong><\/span> steht Ihnen in jeder Situation rund um Heimcomputer sowie Laptop mit bestem Know How zur Seite.<\/li>\n<li>Installation von Ger\u00e4tschaft sowie Software<\/li>\n<li>Kompetente Abwicklung rund um Heimcomputer und Backup<\/li>\n<li>Erweiterung von PC beziehungsweise Laptop<\/li>\n<li>Fehlerbehebung und Reparatur von PCs, Laptops<\/li>\n<li>Manchmal kommt es vor: ein unachtsamer Moment \u2013 versehentlich falsche Taste bet\u00e4tigt und Daten sind gel\u00f6scht.<\/li>\n<\/ul>\n<p><strong><span style=\"color: #FF0000;\">Weitere Services auf Anfrage Telefon: 07164 909700<\/span><\/strong><\/p>\n<h2>Inbetriebnahme von Komponennten sowie Software<\/h2>\n<p>In unserer schnelllebigen Umgebung gibt es andauernd Innovationen. Die Anschaffung eines neuen PCs, Druckers, Scanners oder einer Fritz box kann f\u00fcr den Unerfahrenen besonders herausfordernd sein. Sie wissen nicht, wie moderne Softwareprogramme genutzt werden? Dann unterst\u00fctzen wir Sie gerne dabei. Nat\u00fcrlich geh\u00f6rt die Ger\u00e4te- sowie Installation von Software zu unseren Arbeiten.<\/p>\n<p>Personal Computer wie auch Notebook-Aufr\u00fcstung \u2013 gewissenhaft und kompetent von kaelberer services.<\/p>\n<p>Die Technik steht nie still. Um Ihren Rechner auf einem aktuellen Status zu halten, sollte ab und zu eine professionelle Aufr\u00fcstung ausgef\u00fchrt werden. Ihre Hardware-Aufr\u00fcstung ist bei uns in fachm\u00e4nnischer Hand.<\/p>\n<h2>Wenn der Personalcomputer einmal defekt ist<\/h2>\n<p>Wenn Ihr Heimcomputer nicht mehr fehlerfrei funktioniert oder das Mobiltelefon oder Notebook l\u00e4diert ist, dann wenden Sie sich vertrauensvoll an kaelberer-services.<\/p>\n<p>Vollservice f\u00fcr alle PC, egal welches Model.<\/p>\n<p>Weitreichende Serviceleistungen, die Ihren PC und Laptop betreffen, \u00fcbernimmt unser Fachbetrieb mit viel Gewissenhaftigkeit. Unsere Firm ist Ihr kompetenter Profi f\u00fcr Services in Rechberghausen. Dabei ist das Angebot besonders weit gef\u00e4chert. Zudem offerieren wir neben PC-Reparatur auch weitreichende EDV-Leistungen wie Backup, Installation von Software und Schulungen.<\/p>\n<h2>Personal Computer-Unterst\u00fctzung f\u00fcr Privatkunden<\/h2>\n<p>Die Bed\u00fcrfnisse von Privaten Kunden ben\u00f6tigen oft passende Services. Wir von kaelberer-services sind darauf eingestellt. Den \u00e4lteren Laptop m\u00fcssen Sie nicht zum Recyclinghof bringen, m\u00f6glicherweise ben\u00f6tigt er nur eine Runderneuerung und eine neuartige SSD-Harddisk. In diesem Fall gibt eine Reihe von M\u00f6glichkeiten, Nachhaltigkeit ins Spiel zu bringen.<\/p>\n<p><strong><cite>PC-Dienst privat: <span style=\"color: #4F81BD;\"><strong>kaelberer services<\/strong><\/span> Telefon: 07164 909700 &#8211; | E-Mail: support@kaelberer-online.de<\/cite><\/strong><\/p>\n<p>[contact-form-7 id=&#8220;524&#8243; title=&#8220;PC-Reparatur-Privat&#8220;]<\/p>\n","protected":false},"excerpt":{"rendered":"<p>Ihr EDV-Experte aus der N\u00e4he: kaelberer services &#8211; wir sind nur ungef\u00e4hr 9.3 Kilometer von Ihnen weg. Bei uns ist Ihre PC-Fehlerbehebung in den allerbesten H\u00e4nden! Au\u00dferdem f\u00fchren wir gewissenhaft IT-Wartungen inklusive Virenentfernung an Ihrem PC durch. Vielleicht ben\u00f6tigen Sie kompetente Kaufberatung, Datensicherung sowie Personal Computer-Aufr\u00fcstung? In diesem Fall sind wir der ideale Experte! Unsere &hellip; <a href=\"https:\/\/www.kaelberer-online.de\/services\/privat\/pc-reparatur-privat-rechberghausen\/\" class=\"more-link\">Continue reading<span class=\"screen-reader-text\"> &#8222;PC Reparatur Privat f\u00fcr Rechberghausen &#8211; Tel. 07164 909700&#8220;<\/span><\/a><\/p>\n","protected":false},"author":2,"featured_media":892,"parent":486,"menu_order":0,"comment_status":"closed","ping_status":"closed","template":"","meta":{"footnotes":""},"class_list":["post-891","page","type-page","status-publish","has-post-thumbnail","hentry"],"_links":{"self":[{"href":"https:\/\/www.kaelberer-online.de\/services\/wp-json\/wp\/v2\/pages\/891","targetHints":{"allow":["GET"]}}],"collection":[{"href":"https:\/\/www.kaelberer-online.de\/services\/wp-json\/wp\/v2\/pages"}],"about":[{"href":"https:\/\/www.kaelberer-online.de\/services\/wp-json\/wp\/v2\/types\/page"}],"author":[{"embeddable":true,"href":"https:\/\/www.kaelberer-online.de\/services\/wp-json\/wp\/v2\/users\/2"}],"replies":[{"embeddable":true,"href":"https:\/\/www.kaelberer-online.de\/services\/wp-json\/wp\/v2\/comments?post=891"}],"version-history":[{"count":0,"href":"https:\/\/www.kaelberer-online.de\/services\/wp-json\/wp\/v2\/pages\/891\/revisions"}],"up":[{"embeddable":true,"href":"https:\/\/www.kaelberer-online.de\/services\/wp-json\/wp\/v2\/pages\/486"}],"wp:featuredmedia":[{"embeddable":true,"href":"https:\/\/www.kaelberer-online.de\/services\/wp-json\/wp\/v2\/media\/892"}],"wp:attachment":[{"href":"https:\/\/www.kaelberer-online.de\/services\/wp-json\/wp\/v2\/media?parent=891"}],"curies":[{"name":"wp","href":"https:\/\/api.w.org\/{rel}","templated":true}]}}