{"id":887,"date":"2022-03-17T13:48:30","date_gmt":"2022-03-17T13:48:30","guid":{"rendered":"https:\/\/kaelberer-online.de\/services\/?page_id=887"},"modified":"2022-03-17T13:48:30","modified_gmt":"2022-03-17T13:48:30","slug":"pc-reparatur-privat-ohmden","status":"publish","type":"page","link":"https:\/\/www.kaelberer-online.de\/services\/privat\/pc-reparatur-privat-ohmden\/","title":{"rendered":"PC Reparatur Privat f\u00fcr Ohmden &#8211; Tel. 07164 909700"},"content":{"rendered":"<h2>Ihr EDV-Profi aus der N\u00e4he: <span style=\"color: #4F81BD;\"><strong>kaelberer services<\/strong><\/span> &#8211; unser Betrieb ist nur circa 1.2 Kilometer von Ihnen weg.<\/h2>\n<p>Bei unserer Unternehmung ist Ihre Rechner-Fehlerbeseitigung in den allerbesten H\u00e4nden! Dar\u00fcber hinaus f\u00fchren wir zuverl\u00e4ssig IT-Wartungen inklusive Virenentfernung an Ihrem PC durch. Unter Umst\u00e4nden brauchen Sie fachgem\u00e4\u00dfe Kaufberatung, Datensicherung sowie Heimcomputer-Aufr\u00fcstung? Dann sind wir der perfekte Partner!<\/p>\n<h2>Wir von <span style=\"color: #4F81BD;\"><strong>kaelberer services<\/strong><\/span> in Zell u. A. legen besonderen Wert auf pers\u00f6nlichen PC-Service f\u00fcr unsere Privatkunden.<\/h2>\n<p>Nehmen Sie mit uns Kontakt auf unter Telefon 07164 909700 und fordern Sie unsere PC-Unterst\u00fctzung an. Dieses Angebot gilt sowohl in unseren R\u00e4umlichkeiten als auch via Fernwartung oder vor Ort bei Ihnen in Ohmden. Wir sind Ihre fachkundige Heimcomputer- Betreuung Ihr EDV-Fachmann<\/p>\n<h3>Unsere Serviceleistungen auf einen Blick:<\/h3>\n<ul>\n<li>Reparatur und Reparatur von Computern, Laptops<\/li>\n<li><span style=\"color: #4F81BD;\"><strong>kaelberer services<\/strong><\/span> steht Ihnen in jeder Situation rund um Personal Computer sowie Notebook mit bestem Know How zur Seite.<\/li>\n<li>Kompetente Abwicklung rund um Personalcomputer und Datensicherung<\/li>\n<li>Virenentfernung, Virenschutz wie auch professionelle Datensicherung<\/li>\n<li>Es kommt \u00f6fter vor, als gedacht: ein unachtsamer Moment \u2013 falsche Taste gedr\u00fcckt und Daten sind gel\u00f6scht.<\/li>\n<li>Aufr\u00fcstung von Personal Computer sowie Laptop<\/li>\n<\/ul>\n<p><strong><span style=\"color: #FF0000;\">Weitere Leistungen auf Anfrage Telefon: 07164 909700<\/span><\/strong><\/p>\n<h2>Inbetriebnahme von Komponennten oder Software<\/h2>\n<p>In unserer schnelllebigen Umgebung gibt es dauerhaft \u00c4nderungen. Die Anschaffung eines neuen PCs, Druckers, Scanners oder einer Fritz box kann f\u00fcr den Laien sehr fordernd sein. Sie haben weder Zeit noch Wissen, wie neue Softwareprogramme genutzt werden? Dann unterst\u00fctzen wir Sie nat\u00fcrlich dabei. Selbstverst\u00e4ndlich z\u00e4hlt die Ger\u00e4te- wie auch Softwareinstallation zu unseren Aufgaben.<\/p>\n<p>Personalcomputer wie auch Notebook-Aufr\u00fcstung \u2013 verl\u00e4sslich und kompetent von kaelberer services.<\/p>\n<p>Technik steht nie still. Damit Sie generell auf dem aktuellen Stand mit Ihrem Rechner sind, m\u00fcsste ab und zu eine fachm\u00e4nnische Aufr\u00fcstung vorgenommen werden. Die Hardware-Aufr\u00fcstung ist bei uns in professioneller Hand.<\/p>\n<h2>Wenn der Rechner einmal defekt ist<\/h2>\n<p>Wenn Ihr PC nicht mehr richtig funktioniert und das Handy oder Notebook kaputt ist, dann wenden Sie sich vertrauensvoll an kaelberer-services.<\/p>\n<p>Rund um Service f\u00fcr jegliche Personalcomputer, egal welche Marke.<\/p>\n<p>Umfassende Service-Leistungen, die Ihren Computer und Notebook betreffen, \u00fcbernimmt unser Fachbetrieb mit viel Gewissenhaftigkeit. Unsere Firm ist Ihr routinierter Profi f\u00fcr Services in Ohmden. Hierbei ist unser Angebot besonders weit gef\u00e4chert. Im \u00dcbrigen offerieren wir neben Personalcomputer-Reparatur auch viele IT-Dienstleistungen wie Backup, Softwareinstallation und Schulungen.<\/p>\n<h2>Heimcomputer-Support f\u00fcr Private Kunden<\/h2>\n<p>Die W\u00fcnsche von Privaten Kunden ben\u00f6tigen h\u00e4ufig ma\u00dfgeschneiderte L\u00f6sungen. Unsere Techniker von kaelberer-services sind darauf eingestellt. Ihren alten Laptop m\u00fcssen Sie nicht zum Altstoffsammelzentrum verfrachten, eventuell ben\u00f6tigt er lediglich eine Runderneuerung und eine moderne SSD-Festplatte. Hierbei gibt eine Vielzahl von Chancen, Nachhaltigkeit ins Spiel zu bringen.<\/p>\n<p><strong><cite>PC-Service im privaten Rahmen: <span style=\"color: #4F81BD;\"><strong>kaelberer services<\/strong><\/span> Telefon: 07164 909700 &#8211; | E-Mail: support@kaelberer-online.de<\/cite><\/strong><\/p>\n<p>[contact-form-7 id=&#8220;524&#8243; title=&#8220;PC-Reparatur-Privat&#8220;]<\/p>\n","protected":false},"excerpt":{"rendered":"<p>Ihr EDV-Profi aus der N\u00e4he: kaelberer services &#8211; unser Betrieb ist nur circa 1.2 Kilometer von Ihnen weg. Bei unserer Unternehmung ist Ihre Rechner-Fehlerbeseitigung in den allerbesten H\u00e4nden! Dar\u00fcber hinaus f\u00fchren wir zuverl\u00e4ssig IT-Wartungen inklusive Virenentfernung an Ihrem PC durch. Unter Umst\u00e4nden brauchen Sie fachgem\u00e4\u00dfe Kaufberatung, Datensicherung sowie Heimcomputer-Aufr\u00fcstung? Dann sind wir der perfekte Partner! &hellip; <a href=\"https:\/\/www.kaelberer-online.de\/services\/privat\/pc-reparatur-privat-ohmden\/\" class=\"more-link\">Continue reading<span class=\"screen-reader-text\"> &#8222;PC Reparatur Privat f\u00fcr Ohmden &#8211; Tel. 07164 909700&#8220;<\/span><\/a><\/p>\n","protected":false},"author":2,"featured_media":888,"parent":486,"menu_order":0,"comment_status":"closed","ping_status":"closed","template":"","meta":{"footnotes":""},"class_list":["post-887","page","type-page","status-publish","has-post-thumbnail","hentry"],"_links":{"self":[{"href":"https:\/\/www.kaelberer-online.de\/services\/wp-json\/wp\/v2\/pages\/887","targetHints":{"allow":["GET"]}}],"collection":[{"href":"https:\/\/www.kaelberer-online.de\/services\/wp-json\/wp\/v2\/pages"}],"about":[{"href":"https:\/\/www.kaelberer-online.de\/services\/wp-json\/wp\/v2\/types\/page"}],"author":[{"embeddable":true,"href":"https:\/\/www.kaelberer-online.de\/services\/wp-json\/wp\/v2\/users\/2"}],"replies":[{"embeddable":true,"href":"https:\/\/www.kaelberer-online.de\/services\/wp-json\/wp\/v2\/comments?post=887"}],"version-history":[{"count":0,"href":"https:\/\/www.kaelberer-online.de\/services\/wp-json\/wp\/v2\/pages\/887\/revisions"}],"up":[{"embeddable":true,"href":"https:\/\/www.kaelberer-online.de\/services\/wp-json\/wp\/v2\/pages\/486"}],"wp:featuredmedia":[{"embeddable":true,"href":"https:\/\/www.kaelberer-online.de\/services\/wp-json\/wp\/v2\/media\/888"}],"wp:attachment":[{"href":"https:\/\/www.kaelberer-online.de\/services\/wp-json\/wp\/v2\/media?parent=887"}],"curies":[{"name":"wp","href":"https:\/\/api.w.org\/{rel}","templated":true}]}}