{"id":883,"date":"2022-03-21T21:01:47","date_gmt":"2022-03-21T21:01:47","guid":{"rendered":"https:\/\/kaelberer-online.de\/services\/?page_id=883"},"modified":"2022-03-21T21:01:47","modified_gmt":"2022-03-21T21:01:47","slug":"pc-reparatur-privat-neidlingen","status":"publish","type":"page","link":"https:\/\/www.kaelberer-online.de\/services\/privat\/pc-reparatur-privat-neidlingen\/","title":{"rendered":"PC Reparatur Privat f\u00fcr Neidlingen &#8211; Telefon 07164 909700"},"content":{"rendered":"<h2>Ihr EDV-Profi aus der N\u00e4he: <span style=\"color: #4F81BD;\"><strong>kaelberer services<\/strong><\/span> &#8211; unsere Firma ist nur ungef\u00e4hr 5.4 Km von Ihnen weg.<\/h2>\n<p>Bei uns ist Ihre Rechner-Fehlerbehebung in den besten H\u00e4nden! Au\u00dferdem f\u00fchren wir zuverl\u00e4ssig IT-Wartungen inklusive Virenentfernung an Ihrem Computer durch. Gegebenenfalls ben\u00f6tigen Sie qualifizierte Kaufberatung, Datensicherung oder Personal Computer-Aufr\u00fcstung? Dann sind wir der ideale Experte!<\/p>\n<h2>Wir von <span style=\"color: #4F81BD;\"><strong>kaelberer services<\/strong><\/span> in Zell u. A. legen besonderen Wert auf individuellen PC-Service f\u00fcr unsere Privaten Klienten.<\/h2>\n<p>Nehmen Sie mit uns Kontakt auf unter E-Mail: support@kaelberer-online.de und fordern Sie unsere PC-Unterst\u00fctzung an. Dieses Angebot gilt sowohl in unseren R\u00e4umlichkeiten als auch via Fernwartung oder vor Ort bei Ihnen in Neidlingen. Wir sind Ihre kompetente PC- Betreuung Ihr EDV-Fachmann<\/p>\n<h3>Unsere Serviceleistungen auf einen Blick:<\/h3>\n<ul>\n<li>Reparatur und Instandsetzung von Computern, Laptops<\/li>\n<li>Manchmal kommt es vor: ein unachtsamer Moment \u2013 falsche Taste bet\u00e4tigt und Daten sind gel\u00f6scht.<\/li>\n<li>Installation, Konfiguration von Ger\u00e4tschaft und Software<\/li>\n<li>Virenentfernung, Virenschutz sowie professionelle Datensicherung<\/li>\n<li>Sachkundige Schadensabwicklung rund um Personal Computer und Datensicherung<\/li>\n<li>Aufr\u00fcstung von PC beziehungsweise Notebook<\/li>\n<\/ul>\n<p><strong><span style=\"color: #FF0000;\">Weitere Angebote auf Anfrage Tel.: 07164 909700<\/span><\/strong><\/p>\n<h2>Konfiguration von Ger\u00e4ten und Software<\/h2>\n<p>In unserer schnelllebigen Umgebung gibt es best\u00e4ndig \u00c4nderungen. Die Anschaffung eines aktuellen Rechners, Druckers, Scanners oder einer Fritz box kann f\u00fcr den Nichtexperten \u00fcberaus fordernd sein. Sie haben weder Zeit noch Wissen, wie moderne Programme genutzt werden? Dann unterst\u00fctzen wir Sie gerne dabei. Nat\u00fcrlich z\u00e4hlt eine Ger\u00e4te- sowie Softwareinstallation zu unseren T\u00e4tigkeiten.<\/p>\n<p>Heimcomputer wie auch Laptop-Aufr\u00fcstung \u2013 gewissenhaft und qualifiziert von kaelberer services.<\/p>\n<p>Technik steht niemals still. Um Ihren Personal Computer auf einem aktuellen Status zu halten, m\u00fcsste ab und zu eine fachgerechte Aufr\u00fcstung realisiert werden. Die Hardware-Aufr\u00fcstung ist bei uns in qualifizierter Hand.<\/p>\n<h2>Wenn der Personalcomputer mal defekt ist<\/h2>\n<p>Wenn Ihr Rechner nicht mehr korrekt funktioniert und das Smartphone oder Notebook besch\u00e4digt ist, dann wenden Sie sich vertrauensvoll an kaelberer-services.<\/p>\n<p>Rund um Service f\u00fcr s\u00e4mtliche Rechner, egal wie alt.<\/p>\n<p>Vielf\u00e4ltige Serviceleistungen, die Ihren Computer und Notebook betreffen, \u00fcbernimmt unser Fachbetrieb mit jeder Menge Genauigkeit. Unsere Firm ist Ihr professioneller Profi f\u00fcr Services in Neidlingen. Dabei ist unser Angebotsspektrum sehr breit gef\u00e4chert. Dar\u00fcber hinaus bieten wir neben Personalcomputer-Reparatur auch weitreichende EDV-T\u00e4tigkeiten wie Datensicherung, Installation von Software und Einzelschulungen.<\/p>\n<h2>Personalcomputer-Unterst\u00fctzung f\u00fcr Privatleute<\/h2>\n<p>Die Bed\u00fcrfnisse von Privaten Kunden erfordern oft besondere L\u00f6sungen. Unsere Firma ist darauf eingestellt. Den \u00e4lteren Laptop m\u00fcssen Sie nicht gleich zum Altstoffsammelzentrum verfrachten, vielleicht ben\u00f6tigt er lediglich eine Runderneuerung oder eine moderne SSD. Hierbei gibt eine gro\u00dfe Anzahl von L\u00f6sungen, Nachhaltigkeit ins Spiel zu bringen.<\/p>\n<p><strong><cite>Personal Computer-Service im privaten Bereich: <span style=\"color: #4F81BD;\"><strong>kaelberer services<\/strong><\/span> Telefon: 07164 909700 &#8211; | E-Mail: support@kaelberer-online.de<\/cite><\/strong><\/p>\n<p>[contact-form-7 id=&#8220;524&#8243; title=&#8220;PC-Reparatur-Privat&#8220;]<\/p>\n","protected":false},"excerpt":{"rendered":"<p>Ihr EDV-Profi aus der N\u00e4he: kaelberer services &#8211; unsere Firma ist nur ungef\u00e4hr 5.4 Km von Ihnen weg. Bei uns ist Ihre Rechner-Fehlerbehebung in den besten H\u00e4nden! Au\u00dferdem f\u00fchren wir zuverl\u00e4ssig IT-Wartungen inklusive Virenentfernung an Ihrem Computer durch. Gegebenenfalls ben\u00f6tigen Sie qualifizierte Kaufberatung, Datensicherung oder Personal Computer-Aufr\u00fcstung? Dann sind wir der ideale Experte! Wir von &hellip; <a href=\"https:\/\/www.kaelberer-online.de\/services\/privat\/pc-reparatur-privat-neidlingen\/\" class=\"more-link\">Continue reading<span class=\"screen-reader-text\"> &#8222;PC Reparatur Privat f\u00fcr Neidlingen &#8211; Telefon 07164 909700&#8220;<\/span><\/a><\/p>\n","protected":false},"author":2,"featured_media":884,"parent":486,"menu_order":0,"comment_status":"closed","ping_status":"closed","template":"","meta":{"footnotes":""},"class_list":["post-883","page","type-page","status-publish","has-post-thumbnail","hentry"],"_links":{"self":[{"href":"https:\/\/www.kaelberer-online.de\/services\/wp-json\/wp\/v2\/pages\/883","targetHints":{"allow":["GET"]}}],"collection":[{"href":"https:\/\/www.kaelberer-online.de\/services\/wp-json\/wp\/v2\/pages"}],"about":[{"href":"https:\/\/www.kaelberer-online.de\/services\/wp-json\/wp\/v2\/types\/page"}],"author":[{"embeddable":true,"href":"https:\/\/www.kaelberer-online.de\/services\/wp-json\/wp\/v2\/users\/2"}],"replies":[{"embeddable":true,"href":"https:\/\/www.kaelberer-online.de\/services\/wp-json\/wp\/v2\/comments?post=883"}],"version-history":[{"count":0,"href":"https:\/\/www.kaelberer-online.de\/services\/wp-json\/wp\/v2\/pages\/883\/revisions"}],"up":[{"embeddable":true,"href":"https:\/\/www.kaelberer-online.de\/services\/wp-json\/wp\/v2\/pages\/486"}],"wp:featuredmedia":[{"embeddable":true,"href":"https:\/\/www.kaelberer-online.de\/services\/wp-json\/wp\/v2\/media\/884"}],"wp:attachment":[{"href":"https:\/\/www.kaelberer-online.de\/services\/wp-json\/wp\/v2\/media?parent=883"}],"curies":[{"name":"wp","href":"https:\/\/api.w.org\/{rel}","templated":true}]}}