{"id":881,"date":"2022-03-29T02:22:26","date_gmt":"2022-03-29T02:22:26","guid":{"rendered":"https:\/\/kaelberer-online.de\/services\/?page_id=881"},"modified":"2022-03-29T02:22:26","modified_gmt":"2022-03-29T02:22:26","slug":"pc-reparatur-privat-muehlhausen-im-taele","status":"publish","type":"page","link":"https:\/\/www.kaelberer-online.de\/services\/privat\/pc-reparatur-privat-muehlhausen-im-taele\/","title":{"rendered":"PC Reparatur Privat in M\u00fchlhausen im T\u00e4le &#8211; Tel. 07164 909700"},"content":{"rendered":"<h2>Ihr EDV-Profi in der nahe gelegenen Umgebung: <span style=\"color: #4F81BD;\"><strong>kaelberer services<\/strong><\/span> &#8211; wir sind nur ungef\u00e4hr 8.6 Km von Ihnen entfernt.<\/h2>\n<p>Bei uns ist Ihre Personal Computer-Reparatur in den allerbesten H\u00e4nden! Dar\u00fcber hinaus k\u00f6nnen wir zuverl\u00e4ssig IT-Wartungen inklusive Virenentfernung an Ihrem PC durchf\u00fchren. Vielleicht w\u00fcnschen Sie zuverl\u00e4ssige Kaufberatung, Datensicherung und PC-Aufr\u00fcstung? Dann sind wir der perfekte Ansprechpartner!<\/p>\n<h2>Unsere Spezialisten in Zell u. A. legen gro\u00dfen Wert auf pers\u00f6nlichen PC-Service f\u00fcr unsere Privatkunden.<\/h2>\n<p>Nehmen Sie mit uns Kontakt auf unter Telefon 07164 909700 und verlangen Sie unsere PC-Unterst\u00fctzung. Unser Angebot gilt sowohl in unseren R\u00e4umlichkeiten als auch \u00fcber Fernwartung oder vor Ort bei Ihnen in M\u00fchlhausen im T\u00e4le. Unsere Firma ist Ihre kompetente Heimcomputer- Betreuung Ihr EDV-Experte<\/p>\n<h3>Die Services unserer Firma auf einen Blick:<\/h3>\n<ul>\n<li>Installation von Ger\u00e4ten sowie Software<\/li>\n<li>Professionelle Schadensabwicklung rund um PC und Datensicherung<\/li>\n<li>Aufr\u00fcstung von Personalcomputer beziehungsweise Notebook<\/li>\n<li>Manchmal kommt es vor: ein unachtsamer Moment \u2013 versehentlich falsche Taste bet\u00e4tigt und Daten sind gel\u00f6scht.<\/li>\n<li>Fehlerbehebung und Instandsetzung von Computern, Notebooks<\/li>\n<\/ul>\n<p><strong><span style=\"color: #FF0000;\">Mehr Angebote auf Anfrage Tel.: 07164 909700<\/span><\/strong><\/p>\n<h2>Installation von Komponennten sowie Softwarel\u00f6sungen<\/h2>\n<p>In unserer schnelllebigen Umgebung gibt es permanent \u00c4nderungen. Der Erwerb eines neuen Rechners, Druckers, Scanners oder einer Fritz box kann f\u00fcr den Laien ausgesprochen herausfordernd sein. Sie haben weder Zeit noch Wissen, wie moderne Anwendungen genutzt werden k\u00f6nnen? Dann unterst\u00fctzen wir Sie nat\u00fcrlich dabei. Selbstredend z\u00e4hlt die Ger\u00e4te- und Installation von Software zu unseren T\u00e4tigkeiten.<\/p>\n<p>PC sowie Laptop-Aufr\u00fcstung \u2013 zuverl\u00e4ssig und professionell von kaelberer services.<\/p>\n<p>Die Technik steht niemals still. Um Ihren Rechner auf einem neusten Status zu halten, m\u00fcsste von Zeit zu Zeit eine fachgerechte Aufr\u00fcstung realisiert werden. Die Hardware-Aufr\u00fcstung ist bei uns in kompetenter Hand.<\/p>\n<h2>Wenn der Heimcomputer mal schadhaft ist<\/h2>\n<p>Sollte Ihr Personalcomputer nicht mehr korrekt funktionieren oder das Smartphone oder Notebook besch\u00e4digt ist, dann wenden Sie sich vertrauensvoll an uns.<\/p>\n<p>Rund um Service f\u00fcr s\u00e4mtliche PC, egal welche Marke.<\/p>\n<p>Umfassende Services, die Ihren Computer und Laptop betreffen, \u00fcbernehmen unsere Experten mit jeder Menge Gewissenhaftigkeit. <span style=\"color: #4F81BD;\"><strong>kaelberer services<\/strong><\/span> ist Ihr routinierter Partner f\u00fcr Services in M\u00fchlhausen im T\u00e4le. Hierbei ist das Angebot ziemlich weit gef\u00e4chert. Im \u00dcbrigen bieten wir neben Personal Computer-Reparatur auch weitreichende IT-Dienstleistungen wie Datensicherung, Softwareinstallation und Einzelschulungen.<\/p>\n<h2>PC-Support f\u00fcr Privatkunden<\/h2>\n<p>Die Belange von Privatleuten erfordern oft ma\u00dfgeschneiderte L\u00f6sungen. Unsere Techniker von kaelberer-services sind darauf eingestellt. Ihren alten Laptop m\u00fcssen Sie nicht zum Recyclinghof verfrachten, wahrscheinlich ben\u00f6tigt er lediglich eine Runderneuerung und eine moderne SSD-Festplatte. Hierbei gibt eine Vielzahl von Optionen, Nachhaltigkeit ins Spiel zu bringen.<\/p>\n<p><strong><cite>Heimcomputer-Service privat: <span style=\"color: #4F81BD;\"><strong>kaelberer services<\/strong><\/span> Telefon: 07164 909700 &#8211; | E-Mail: support@kaelberer-online.de<\/cite><\/strong><\/p>\n<p>[contact-form-7 id=&#8220;524&#8243; title=&#8220;PC-Reparatur-Privat&#8220;]<\/p>\n","protected":false},"excerpt":{"rendered":"<p>Ihr EDV-Profi in der nahe gelegenen Umgebung: kaelberer services &#8211; wir sind nur ungef\u00e4hr 8.6 Km von Ihnen entfernt. Bei uns ist Ihre Personal Computer-Reparatur in den allerbesten H\u00e4nden! Dar\u00fcber hinaus k\u00f6nnen wir zuverl\u00e4ssig IT-Wartungen inklusive Virenentfernung an Ihrem PC durchf\u00fchren. Vielleicht w\u00fcnschen Sie zuverl\u00e4ssige Kaufberatung, Datensicherung und PC-Aufr\u00fcstung? Dann sind wir der perfekte Ansprechpartner! &hellip; <a href=\"https:\/\/www.kaelberer-online.de\/services\/privat\/pc-reparatur-privat-muehlhausen-im-taele\/\" class=\"more-link\">Continue reading<span class=\"screen-reader-text\"> &#8222;PC Reparatur Privat in M\u00fchlhausen im T\u00e4le &#8211; Tel. 07164 909700&#8220;<\/span><\/a><\/p>\n","protected":false},"author":2,"featured_media":882,"parent":486,"menu_order":0,"comment_status":"closed","ping_status":"closed","template":"","meta":{"footnotes":""},"class_list":["post-881","page","type-page","status-publish","has-post-thumbnail","hentry"],"_links":{"self":[{"href":"https:\/\/www.kaelberer-online.de\/services\/wp-json\/wp\/v2\/pages\/881","targetHints":{"allow":["GET"]}}],"collection":[{"href":"https:\/\/www.kaelberer-online.de\/services\/wp-json\/wp\/v2\/pages"}],"about":[{"href":"https:\/\/www.kaelberer-online.de\/services\/wp-json\/wp\/v2\/types\/page"}],"author":[{"embeddable":true,"href":"https:\/\/www.kaelberer-online.de\/services\/wp-json\/wp\/v2\/users\/2"}],"replies":[{"embeddable":true,"href":"https:\/\/www.kaelberer-online.de\/services\/wp-json\/wp\/v2\/comments?post=881"}],"version-history":[{"count":0,"href":"https:\/\/www.kaelberer-online.de\/services\/wp-json\/wp\/v2\/pages\/881\/revisions"}],"up":[{"embeddable":true,"href":"https:\/\/www.kaelberer-online.de\/services\/wp-json\/wp\/v2\/pages\/486"}],"wp:featuredmedia":[{"embeddable":true,"href":"https:\/\/www.kaelberer-online.de\/services\/wp-json\/wp\/v2\/media\/882"}],"wp:attachment":[{"href":"https:\/\/www.kaelberer-online.de\/services\/wp-json\/wp\/v2\/media?parent=881"}],"curies":[{"name":"wp","href":"https:\/\/api.w.org\/{rel}","templated":true}]}}