{"id":879,"date":"2022-03-31T01:01:55","date_gmt":"2022-03-31T01:01:55","guid":{"rendered":"https:\/\/kaelberer-online.de\/services\/?page_id=879"},"modified":"2022-03-31T01:01:55","modified_gmt":"2022-03-31T01:01:55","slug":"pc-reparatur-privat-lenningen","status":"publish","type":"page","link":"https:\/\/www.kaelberer-online.de\/services\/privat\/pc-reparatur-privat-lenningen\/","title":{"rendered":"PC Reparatur Privat in Lenningen &#8211; Tel. 07164 909700"},"content":{"rendered":"<h2>Ihr IT-Spezialist aus der nahe gelegenen Umgebung: <span style=\"color: #4F81BD;\"><strong>kaelberer services<\/strong><\/span> &#8211; unser Betrieb ist nur ca 9.8 Km von Ihnen entfernt.<\/h2>\n<p>Bei uns ist Ihre Rechner-Instandsetzung in den besten H\u00e4nden! Au\u00dferdem f\u00fchren wir verl\u00e4sslich IT-Wartungen inklusive Virenentfernung an Ihrem Rechner durch. Vielleicht brauchen Sie fachm\u00e4nnische Kaufberatung, Datensicherung oder PC-Aufr\u00fcstung? Dann sind wir der perfekte Ansprechpartner!<\/p>\n<h2>Wir von <span style=\"color: #4F81BD;\"><strong>kaelberer services<\/strong><\/span> in Zell unter Aichelberg legen gro\u00dfen Wert auf individuellen EDV-Service f\u00fcr unsere Privaten Klienten.<\/h2>\n<p>Nehmen Sie mit uns Kontakt auf unter E-Mail: support@kaelberer-online.de und fordern Sie unsere PC-Unterst\u00fctzung an. Unser Angebot gilt sowohl in unseren B\u00fcror\u00e4umen als auch via Fernwartung oder vor Ort bei Ihnen in Lenningen. Wir sind Ihre profesionelle Personal Computer- Betreuung Ihr EDV-Profi<\/p>\n<h3>Unsere Serviceleistungen auf einen Blick:<\/h3>\n<ul>\n<li>Sachkundige Abwicklung rund um Personalcomputer und Datensicherung<\/li>\n<li>Fehlerbeseitigung und Reparatur von Computern, Laptops<\/li>\n<li>Aufr\u00fcstung von Personalcomputer sowie Laptop<\/li>\n<li>Virenentfernung, Virenschutz und professionelle Sicherung Ihrer Daten<\/li>\n<li>Es kommt \u00f6fter vor, als gedacht: ein Moment in dem man nicht aufpasst \u2013 falsche Taste gedr\u00fcckt und die Daten sind gel\u00f6scht.<\/li>\n<\/ul>\n<p><strong><span style=\"color: #FF0000;\">Mehr Dienste auf Anfrage Telefon: 07164 909700<\/span><\/strong><\/p>\n<h2>Konfiguration von Ger\u00e4ten sowie Software<\/h2>\n<p>In unserer sich rasant ver\u00e4ndernden Umgebung gibt es beharrlich Innovationen. Die Anschaffung eines brandneuen Rechners, Druckers, Scanners oder einer Fritz box kann f\u00fcr den Nichtexperten sehr fordernd sein. Sie haben weder Zeit noch Wissen, wie neue Tools benutzt werden? Dann betreuen wir Sie nat\u00fcrlich dabei. Nat\u00fcrlich z\u00e4hlt eine Ger\u00e4te- sowie Installation von Software zu unseren T\u00e4tigkeiten.<\/p>\n<p>Rechner und Notebook-Aufr\u00fcstung \u2013 verl\u00e4sslich und qualifiziert von kaelberer services.<\/p>\n<p>Die Technik steht nie still. Damit Sie immer auf dem neusten Stand mit Ihrem Personalcomputer sind, sollte von Zeit zu Zeit eine professionelle Aufr\u00fcstung ausgef\u00fchrt werden. Die Hardware-Aufr\u00fcstung ist bei uns in professioneller Hand.<\/p>\n<h2>Wenn es Heimcomputer-Probleme gibt<\/h2>\n<p>Wenn Ihr PC nicht mehr fehlerfrei funktioniert und das Mobiltelefon oder der Laptop kaputt ist, dann wenden Sie sich vertrauensvoll an uns.<\/p>\n<p>Rund um Service f\u00fcr jegliche Rechner, egal welche Marke.<\/p>\n<p>Umfassende Service-Leistungen, die Ihren PC und Notebook betreffen, \u00fcbernimmt unser Fachbetrieb mit reichlich Sorgfalt. <span style=\"color: #4F81BD;\"><strong>kaelberer services<\/strong><\/span> ist Ihr kompetenter Partner f\u00fcr Services in Lenningen. Hierbei ist das Angebotsspektrum sehr weit gef\u00e4chert. Zudem offerieren wir neben Personalcomputer-Reparatur auch weitreichende IT-Dienstleistungen wie Backup, Installation von Software und Einzelschulungen.<\/p>\n<h2>Rechner-Unterst\u00fctzung f\u00fcr Private Kunden<\/h2>\n<p>Die Anforderungen von Privatleuten ben\u00f6tigen h\u00e4ufig besondere L\u00f6sungen. Unsere Mitarbeiter von kaelberer-services sind darauf eingestellt. Den \u00e4lteren Laptop m\u00fcssen Sie nicht gleich zum Recyclinghof bringen, wom\u00f6glich ben\u00f6tigt er lediglich eine Runderneuerung oder eine moderne SSD-Harddisk. In diesem Fall gibt eine Reihe von L\u00f6sungen, Nachhaltigkeit ins Spiel zu bringen.<\/p>\n<p><strong><cite>Personalcomputer-Service im privaten Rahmen: <span style=\"color: #4F81BD;\"><strong>kaelberer services<\/strong><\/span> Telefon: 07164 909700 &#8211; | E-Mail: support@kaelberer-online.de<\/cite><\/strong><\/p>\n<p>[contact-form-7 id=&#8220;524&#8243; title=&#8220;PC-Reparatur-Privat&#8220;]<\/p>\n","protected":false},"excerpt":{"rendered":"<p>Ihr IT-Spezialist aus der nahe gelegenen Umgebung: kaelberer services &#8211; unser Betrieb ist nur ca 9.8 Km von Ihnen entfernt. Bei uns ist Ihre Rechner-Instandsetzung in den besten H\u00e4nden! Au\u00dferdem f\u00fchren wir verl\u00e4sslich IT-Wartungen inklusive Virenentfernung an Ihrem Rechner durch. Vielleicht brauchen Sie fachm\u00e4nnische Kaufberatung, Datensicherung oder PC-Aufr\u00fcstung? Dann sind wir der perfekte Ansprechpartner! Wir &hellip; <a href=\"https:\/\/www.kaelberer-online.de\/services\/privat\/pc-reparatur-privat-lenningen\/\" class=\"more-link\">Continue reading<span class=\"screen-reader-text\"> &#8222;PC Reparatur Privat in Lenningen &#8211; Tel. 07164 909700&#8220;<\/span><\/a><\/p>\n","protected":false},"author":2,"featured_media":880,"parent":486,"menu_order":0,"comment_status":"closed","ping_status":"closed","template":"","meta":{"footnotes":""},"class_list":["post-879","page","type-page","status-publish","has-post-thumbnail","hentry"],"_links":{"self":[{"href":"https:\/\/www.kaelberer-online.de\/services\/wp-json\/wp\/v2\/pages\/879","targetHints":{"allow":["GET"]}}],"collection":[{"href":"https:\/\/www.kaelberer-online.de\/services\/wp-json\/wp\/v2\/pages"}],"about":[{"href":"https:\/\/www.kaelberer-online.de\/services\/wp-json\/wp\/v2\/types\/page"}],"author":[{"embeddable":true,"href":"https:\/\/www.kaelberer-online.de\/services\/wp-json\/wp\/v2\/users\/2"}],"replies":[{"embeddable":true,"href":"https:\/\/www.kaelberer-online.de\/services\/wp-json\/wp\/v2\/comments?post=879"}],"version-history":[{"count":0,"href":"https:\/\/www.kaelberer-online.de\/services\/wp-json\/wp\/v2\/pages\/879\/revisions"}],"up":[{"embeddable":true,"href":"https:\/\/www.kaelberer-online.de\/services\/wp-json\/wp\/v2\/pages\/486"}],"wp:featuredmedia":[{"embeddable":true,"href":"https:\/\/www.kaelberer-online.de\/services\/wp-json\/wp\/v2\/media\/880"}],"wp:attachment":[{"href":"https:\/\/www.kaelberer-online.de\/services\/wp-json\/wp\/v2\/media?parent=879"}],"curies":[{"name":"wp","href":"https:\/\/api.w.org\/{rel}","templated":true}]}}