{"id":874,"date":"2022-03-09T10:53:50","date_gmt":"2022-03-09T10:53:50","guid":{"rendered":"https:\/\/kaelberer-online.de\/services\/?page_id=874"},"modified":"2022-03-09T10:53:50","modified_gmt":"2022-03-09T10:53:50","slug":"pc-reparatur-privat-hochdorf","status":"publish","type":"page","link":"https:\/\/www.kaelberer-online.de\/services\/privat\/pc-reparatur-privat-hochdorf\/","title":{"rendered":"PC Reparatur Privat in Hochdorf &#8211; Telefon 07164 909700"},"content":{"rendered":"<h2>Ihr EDV-Profi aus der nahe gelegenen Gegend: <span style=\"color: #4F81BD;\"><strong>kaelberer services<\/strong><\/span> &#8211; wir sind nur etwa 7.7 Km von Ihnen entfernt.<\/h2>\n<p>Bei uns ist Ihre Heimcomputer-Fehlerbehebung in den allerbesten H\u00e4nden! Dar\u00fcber hinaus f\u00fchren wir gewissenhaft IT-Wartungen inklusive Virenentfernung an Ihrem Laptop durch. Gegebenenfalls brauchen Sie fachgem\u00e4\u00dfe Kaufberatung, Datensicherung sowie Personal Computer-Aufr\u00fcstung? In diesem Fall sind wir der optimale Experte!<\/p>\n<h2>Unsere Spezialisten in Zell u. A. legen gro\u00dfen Wert auf individuellen EDV-Service f\u00fcr unsere Privaten Klienten.<\/h2>\n<p>Nehmen Sie mit uns Kontakt auf unter E-Mail: support@kaelberer-online.de und fordern Sie unsere PC-Unterst\u00fctzung an. Unser Angebot gilt sowohl in unseren B\u00fcror\u00e4umen als auch via Fernwartung oder vor Ort bei Ihnen in Hochdorf. Unsere Firma ist Ihre fachkundige PC- Betreuung Ihr EDV-Profi<\/p>\n<h3>Unsere Serviceleistungen auf einen Blick:<\/h3>\n<ul>\n<li>Installation, Konfiguration von Ger\u00e4ten und Software<\/li>\n<li>Virenentfernung, Virenschutz sowie gute und preiswerte Datensicherung<\/li>\n<li>Aufr\u00fcstung von Heimcomputer sowie Notebook<\/li>\n<li>Unsere Firma steht Ihnen in jeder Lage rund um Personalcomputer wie auch Notebook mit bestem Know How zur Seite.<\/li>\n<li>Kompetente Abwicklung rund um Heimcomputer und Datensicherung<\/li>\n<li>Reparatur und Instandsetzung von Computern, Laptops<\/li>\n<\/ul>\n<p><strong><span style=\"color: #FF0000;\">Erg\u00e4nzende Leistungen auf Anfrage Telefon: 07164 909700<\/span><\/strong><\/p>\n<h2>Konfiguration von Ger\u00e4ten und Software<\/h2>\n<p>In unserer schnelllebigen Welt gibt es unabl\u00e4ssig Neuerungen. Die Anschaffung eines brandneuen PCs, Druckers, Scanners oder einer Fritz box kann f\u00fcr den Laien besonders fordernd sein. Sie haben weder Zeit noch Wissen, wie neuartige Anwendungen benutzt werden k\u00f6nnen? Dann unterst\u00fctzen wir Sie nat\u00fcrlich dabei. Selbstverst\u00e4ndlich z\u00e4hlt eine Ger\u00e4te- wie auch Installation von Software zu unseren Arbeiten.<\/p>\n<p>Personalcomputer sowie Notebook-Aufr\u00fcstung \u2013 zuverl\u00e4ssig und professionell von kaelberer services.<\/p>\n<p>Die Technik steht niemals still. Um Ihren Heimcomputer auf einem neuesten Status zu halten, m\u00fcsste ab und zu eine professionelle Aufr\u00fcstung durchgef\u00fchrt werden. Ihre Hardware-Aufr\u00fcstung ist bei uns in fachm\u00e4nnischer Hand.<\/p>\n<h2>Wenn der Personal Computer einmal defekt ist<\/h2>\n<p>Wenn Ihr Rechner nicht mehr fehlerfrei funktioniert sowie das Handy oder Notebook l\u00e4diert ist, dann wenden Sie sich vertrauensvoll an uns.<\/p>\n<p>Rund um Service f\u00fcr s\u00e4mtliche Personal Computer, egal welche Marke.<\/p>\n<p>Weitreichende Service-Leistungen, die Ihren PC und Laptop betreffen, \u00fcbernimmt unser Fachbetrieb mit jeder Menge Sorgfalt. Unsere Firm ist Ihr versierter Profi f\u00fcr Services in Hochdorf. Dabei ist das Angebot sehr breit gef\u00e4chert. Dar\u00fcber hinaus bieten wir neben Personal Computer-Reparatur auch viele EDV-T\u00e4tigkeiten wie Datensicherung, Installation von Software und Einzelschulungen.<\/p>\n<h2>PC-Support f\u00fcr Privatkunden<\/h2>\n<p>Die Anforderungen von Privatleuten ben\u00f6tigen h\u00e4ufig individuelle Services. Unsere Firma ist darauf eingestellt. Ihren \u00e4lteren Laptop m\u00fcssen Sie nicht zum Altstoffsammelzentrum bringen, eventuell ben\u00f6tigt er nur eine General\u00fcberholung und eine neue SSD-Festplatte. Hierbei gibt eine gro\u00dfe Anzahl von M\u00f6glichkeiten, Nachhaltigkeit ins Spiel zu bringen.<\/p>\n<p><strong><cite>Personalcomputer-Dienst privat: <span style=\"color: #4F81BD;\"><strong>kaelberer services<\/strong><\/span> Telefon: 07164 909700 &#8211; | E-Mail: support@kaelberer-online.de<\/cite><\/strong><\/p>\n<p>[contact-form-7 id=&#8220;524&#8243; title=&#8220;PC-Reparatur-Privat&#8220;]<\/p>\n","protected":false},"excerpt":{"rendered":"<p>Ihr EDV-Profi aus der nahe gelegenen Gegend: kaelberer services &#8211; wir sind nur etwa 7.7 Km von Ihnen entfernt. Bei uns ist Ihre Heimcomputer-Fehlerbehebung in den allerbesten H\u00e4nden! Dar\u00fcber hinaus f\u00fchren wir gewissenhaft IT-Wartungen inklusive Virenentfernung an Ihrem Laptop durch. Gegebenenfalls brauchen Sie fachgem\u00e4\u00dfe Kaufberatung, Datensicherung sowie Personal Computer-Aufr\u00fcstung? In diesem Fall sind wir der &hellip; <a href=\"https:\/\/www.kaelberer-online.de\/services\/privat\/pc-reparatur-privat-hochdorf\/\" class=\"more-link\">Continue reading<span class=\"screen-reader-text\"> &#8222;PC Reparatur Privat in Hochdorf &#8211; Telefon 07164 909700&#8220;<\/span><\/a><\/p>\n","protected":false},"author":2,"featured_media":875,"parent":486,"menu_order":0,"comment_status":"closed","ping_status":"closed","template":"","meta":{"footnotes":""},"class_list":["post-874","page","type-page","status-publish","has-post-thumbnail","hentry"],"_links":{"self":[{"href":"https:\/\/www.kaelberer-online.de\/services\/wp-json\/wp\/v2\/pages\/874","targetHints":{"allow":["GET"]}}],"collection":[{"href":"https:\/\/www.kaelberer-online.de\/services\/wp-json\/wp\/v2\/pages"}],"about":[{"href":"https:\/\/www.kaelberer-online.de\/services\/wp-json\/wp\/v2\/types\/page"}],"author":[{"embeddable":true,"href":"https:\/\/www.kaelberer-online.de\/services\/wp-json\/wp\/v2\/users\/2"}],"replies":[{"embeddable":true,"href":"https:\/\/www.kaelberer-online.de\/services\/wp-json\/wp\/v2\/comments?post=874"}],"version-history":[{"count":0,"href":"https:\/\/www.kaelberer-online.de\/services\/wp-json\/wp\/v2\/pages\/874\/revisions"}],"up":[{"embeddable":true,"href":"https:\/\/www.kaelberer-online.de\/services\/wp-json\/wp\/v2\/pages\/486"}],"wp:featuredmedia":[{"embeddable":true,"href":"https:\/\/www.kaelberer-online.de\/services\/wp-json\/wp\/v2\/media\/875"}],"wp:attachment":[{"href":"https:\/\/www.kaelberer-online.de\/services\/wp-json\/wp\/v2\/media?parent=874"}],"curies":[{"name":"wp","href":"https:\/\/api.w.org\/{rel}","templated":true}]}}