{"id":872,"date":"2022-04-18T17:03:30","date_gmt":"2022-04-18T17:03:30","guid":{"rendered":"https:\/\/kaelberer-online.de\/services\/?page_id=872"},"modified":"2022-04-18T17:03:30","modified_gmt":"2022-04-18T17:03:30","slug":"pc-reparatur-privat-heiningen","status":"publish","type":"page","link":"https:\/\/www.kaelberer-online.de\/services\/privat\/pc-reparatur-privat-heiningen\/","title":{"rendered":"PC Reparatur Privat in Heiningen &#8211; Tel. 07164 909700"},"content":{"rendered":"<h2>Ihr IT-Experte aus der nahe gelegenen Gegend: <span style=\"color: #4F81BD;\"><strong>kaelberer services<\/strong><\/span> &#8211; unsere Firma ist nur circa 4.6 Km von Ihnen entfernt.<\/h2>\n<p>Bei unserer Firma ist Ihre Heimcomputer-Instandsetzung in den besten H\u00e4nden! Au\u00dferdem f\u00fchren wir zuverl\u00e4ssig IT-Wartungen inklusive Virenentfernung an Ihrem PC durch. Unter Umst\u00e4nden brauchen Sie kompetente Kaufberatung, Datensicherung oder PC-Aufr\u00fcstung? Dann sind wir der ideale Ansprechpartner!<\/p>\n<h2>Unsere Mitarbeiter in Zell u. A. legen besonderen Wert auf individuellen EDV-Service f\u00fcr unsere Privaten Kunden.<\/h2>\n<p>Nehmen Sie mit uns Kontakt auf unter E-Mail: support@kaelberer-online.de und fordern Sie unsere PC-Unterst\u00fctzung an. Unser Angebot gilt sowohl in unseren R\u00e4umlichkeiten als auch via Fernwartung oder vor Ort bei Ihnen in Heiningen. Wir sind Ihre fachkundige PC- Betreuung Ihr EDV-Profi<\/p>\n<h3>Unsere Serviceleistungen auf einen Blick:<\/h3>\n<ul>\n<li>Installation von Ger\u00e4ten sowie Software<\/li>\n<li>Fehlerbehebung und Instandsetzung von PCs, Laptops<\/li>\n<li>Virenentfernung, Virenschutz sowie gute und preiswerte Datensicherung<\/li>\n<li>Kompetente Schadensabwicklung rund um Personalcomputer und Backup<\/li>\n<li>Es kommt \u00f6fter vor, als gedacht: ein unachtsamer Moment \u2013 versehentlich falsche Taste gedr\u00fcckt und Daten sind gel\u00f6scht.<\/li>\n<\/ul>\n<p><strong><span style=\"color: #FF0000;\">Zus\u00e4tzliche Dienstleistungen auf Anfrage Tel.: 07164 909700<\/span><\/strong><\/p>\n<h2>Konfiguration von Ger\u00e4ten und Softwarel\u00f6sungen<\/h2>\n<p>In unserer schnelllebigen Umgebung gibt es dauerhaft Innovationen. Die Anschaffung eines brandneuen Rechners, Druckers, Scanners oder einer Fritz box kann f\u00fcr den Nichtexperten \u00fcberaus herausfordernd sein. Sie wissen nicht, wie neuartige Anwendungen genutzt werden? Dann supporten wir Sie nat\u00fcrlich dabei. Selbstredend geh\u00f6rt die Ger\u00e4te- und Softwareinstallation zu unseren Arbeiten.<\/p>\n<p>Rechner und Laptop-Aufr\u00fcstung \u2013 zuverl\u00e4ssig und kompetent von kaelberer services.<\/p>\n<p>Technik steht nie still. Um Ihren Personal Computer auf einem aktuellen Stand zu halten, sollte von Zeit zu Zeit eine professionelle Aufr\u00fcstung ausgef\u00fchrt werden. Ihre Hardware-Aufr\u00fcstung ist bei uns in kompetenter Hand.<\/p>\n<h2>Wenn der Personal Computer mal defekt ist<\/h2>\n<p>Wenn Ihr PC nicht mehr richtig funktioniert oder das Smartphone oder Notebook l\u00e4diert ist, dann wenden Sie sich vertrauensvoll an uns.<\/p>\n<p>Rund um Service f\u00fcr s\u00e4mtliche Heimcomputer, egal welches Model.<\/p>\n<p>Weitreichende Mehrwerte, die Ihren PC und Laptop betreffen, \u00fcbernimmt unser Fachbetrieb mit viel Gewissenhaftigkeit. Unsere Firm ist Ihr professioneller Profi f\u00fcr Services in Heiningen. Hierbei ist das Angebot ziemlich breit gef\u00e4chert. Dar\u00fcber hinaus bieten wir neben Personal Computer-Reparatur auch weitreichende IT-Leistungen wie Backup, Installation von Software und Schulungen.<\/p>\n<h2>Personalcomputer-Support f\u00fcr Privatleute<\/h2>\n<p>Die Belange von Privatkunden ben\u00f6tigen h\u00e4ufig individuelle L\u00f6sungen. Unsere Firma ist darauf eingestellt. Ihren alten Laptop m\u00fcssen Sie nicht zum Recyclinghof verfrachten, vielleicht ben\u00f6tigt er nur eine Runderneuerung oder eine neue SSD-Festplatte. Hierbei gibt eine Vielzahl von L\u00f6sungen, Nachhaltigkeit ins Spiel zu bringen.<\/p>\n<p><strong><cite>Personalcomputer-Dienst im privaten Bereich: <span style=\"color: #4F81BD;\"><strong>kaelberer services<\/strong><\/span> Telefon: 07164 909700 &#8211; | E-Mail: support@kaelberer-online.de<\/cite><\/strong><\/p>\n<p>[contact-form-7 id=&#8220;524&#8243; title=&#8220;PC-Reparatur-Privat&#8220;]<\/p>\n","protected":false},"excerpt":{"rendered":"<p>Ihr IT-Experte aus der nahe gelegenen Gegend: kaelberer services &#8211; unsere Firma ist nur circa 4.6 Km von Ihnen entfernt. Bei unserer Firma ist Ihre Heimcomputer-Instandsetzung in den besten H\u00e4nden! Au\u00dferdem f\u00fchren wir zuverl\u00e4ssig IT-Wartungen inklusive Virenentfernung an Ihrem PC durch. Unter Umst\u00e4nden brauchen Sie kompetente Kaufberatung, Datensicherung oder PC-Aufr\u00fcstung? Dann sind wir der ideale &hellip; <a href=\"https:\/\/www.kaelberer-online.de\/services\/privat\/pc-reparatur-privat-heiningen\/\" class=\"more-link\">Continue reading<span class=\"screen-reader-text\"> &#8222;PC Reparatur Privat in Heiningen &#8211; Tel. 07164 909700&#8220;<\/span><\/a><\/p>\n","protected":false},"author":2,"featured_media":873,"parent":486,"menu_order":0,"comment_status":"closed","ping_status":"closed","template":"","meta":{"footnotes":""},"class_list":["post-872","page","type-page","status-publish","has-post-thumbnail","hentry"],"_links":{"self":[{"href":"https:\/\/www.kaelberer-online.de\/services\/wp-json\/wp\/v2\/pages\/872","targetHints":{"allow":["GET"]}}],"collection":[{"href":"https:\/\/www.kaelberer-online.de\/services\/wp-json\/wp\/v2\/pages"}],"about":[{"href":"https:\/\/www.kaelberer-online.de\/services\/wp-json\/wp\/v2\/types\/page"}],"author":[{"embeddable":true,"href":"https:\/\/www.kaelberer-online.de\/services\/wp-json\/wp\/v2\/users\/2"}],"replies":[{"embeddable":true,"href":"https:\/\/www.kaelberer-online.de\/services\/wp-json\/wp\/v2\/comments?post=872"}],"version-history":[{"count":0,"href":"https:\/\/www.kaelberer-online.de\/services\/wp-json\/wp\/v2\/pages\/872\/revisions"}],"up":[{"embeddable":true,"href":"https:\/\/www.kaelberer-online.de\/services\/wp-json\/wp\/v2\/pages\/486"}],"wp:featuredmedia":[{"embeddable":true,"href":"https:\/\/www.kaelberer-online.de\/services\/wp-json\/wp\/v2\/media\/873"}],"wp:attachment":[{"href":"https:\/\/www.kaelberer-online.de\/services\/wp-json\/wp\/v2\/media?parent=872"}],"curies":[{"name":"wp","href":"https:\/\/api.w.org\/{rel}","templated":true}]}}