{"id":870,"date":"2022-03-13T02:43:41","date_gmt":"2022-03-13T02:43:41","guid":{"rendered":"https:\/\/kaelberer-online.de\/services\/?page_id=870"},"modified":"2022-03-13T02:43:41","modified_gmt":"2022-03-13T02:43:41","slug":"pc-reparatur-privat-hattenhofen","status":"publish","type":"page","link":"https:\/\/www.kaelberer-online.de\/services\/privat\/pc-reparatur-privat-hattenhofen\/","title":{"rendered":"PC Reparatur Privat f\u00fcr Hattenhofen &#8211; Telefon 07164 909700"},"content":{"rendered":"<h2>Ihr EDV-Experte in der nahe gelegenen Gegend: <span style=\"color: #4F81BD;\"><strong>kaelberer services<\/strong><\/span> &#8211; unser Betrieb ist nur ungef\u00e4hr 1.2 Km von Ihnen entfernt.<\/h2>\n<p>Bei unserer Unternehmung ist Ihre Rechner-Fehlerbehebung in den besten H\u00e4nden! Dar\u00fcber hinaus f\u00fchren wir gewissenhaft IT-Wartungen inklusive Virenentfernung an Ihrem PC durch. Gegebenenfalls brauchen Sie qualifizierte Kaufberatung, Datensicherung sowie Heimcomputer-Aufr\u00fcstung? In diesem Fall sind wir der ideale Partner!<\/p>\n<h2>Wir von <span style=\"color: #4F81BD;\"><strong>kaelberer services<\/strong><\/span> in Zell u. A. legen besonderen Wert auf individuellen EDV-Service f\u00fcr unsere Privatkunden.<\/h2>\n<p>Nehmen Sie mit uns Kontakt auf unter Telefon 07164 909700 und fordern Sie unsere PC-Unterst\u00fctzung an. Unser Angebot gilt sowohl in unseren R\u00e4umlichkeiten als auch \u00fcber Fernwartung oder vor Ort bei Ihnen in Hattenhofen. Wir sind Ihre profesionelle PC- Betreuung Ihr IT-Profi<\/p>\n<h3>Unsere Serviceleistungen auf einen Blick:<\/h3>\n<ul>\n<li>Unsere Firma steht Ihnen in jeder Lage rund um Personalcomputer und Laptop mit bestem Fachwissen zur Seite.<\/li>\n<li>Virenentfernung, Virenschutz wie auch fachm\u00e4nnische Datensicherung<\/li>\n<li>Fehlerbehebung und Reparatur von Computern, Notebooks<\/li>\n<li>Aufr\u00fcstung von PC und Laptop<\/li>\n<li>Kompetente Schadensabwicklung rund um Heimcomputer und Datensicherung<\/li>\n<li>Es kommt \u00f6fter vor, als gedacht: ein Moment in dem man nicht aufpasst \u2013 versehentlich falsche Taste gedr\u00fcckt und Daten sind gel\u00f6scht.<\/li>\n<li>Installation, Konfiguration von Ger\u00e4tschaft und Software<\/li>\n<\/ul>\n<p><strong><span style=\"color: #FF0000;\">Erg\u00e4nzende Angebote auf Anfrage Telefon: 07164 909700<\/span><\/strong><\/p>\n<h2>Installation von Komponennten und Software<\/h2>\n<p>In unserer sich rasant ver\u00e4ndernden Welt gibt es permanent Neuerungen. Die Anschaffung eines aktuellen Rechners, Druckers, Scanners oder einer Fritz box kann f\u00fcr den Laien sehr herausfordernd sein. Sie haben weder Zeit noch Wissen, wie neue Anwendungen benutzt werden? Dann unterst\u00fctzen wir Sie gern dabei. Nat\u00fcrlich geh\u00f6rt eine Ger\u00e4te- sowie Softwareinstallation zu unseren Arbeiten.<\/p>\n<p>Personalcomputer und Notebook-Aufr\u00fcstung \u2013 gewissenhaft und fachkundig von kaelberer services.<\/p>\n<p>Technik steht nie still. Damit Sie generell auf dem neuesten Status mit Ihrem Heimcomputer sind, sollte ab und zu eine fachm\u00e4nnische Aufr\u00fcstung ausgef\u00fchrt werden. Die Hardware-Aufr\u00fcstung ist bei uns in qualifizierter Hand.<\/p>\n<h2>Schadensabwicklung vom Fachmann<\/h2>\n<p>Wenn Ihr Personalcomputer nicht mehr richtig funktioniert oder das Smartphone oder Notebook kaputt ist, dann wenden Sie sich vertrauensvoll an uns.<\/p>\n<p>Vollservice f\u00fcr alle PC, egal welches Model.<\/p>\n<p>Umfassende Dienste, die Ihren Rechner und Notebook betreffen, \u00fcbernimmt unser Fachbetrieb mit jeder Menge Genauigkeit. <span style=\"color: #4F81BD;\"><strong>kaelberer services<\/strong><\/span> ist Ihr qualifizierter Partner f\u00fcr Services in Hattenhofen. Hierbei ist das Angebot sehr breit gef\u00e4chert. Au\u00dferdem offerieren wir neben Rechner-Reparatur auch weitreichende IT-Leistungen wie Backup, Installation von Software und Einzelschulungen.<\/p>\n<h2>Personalcomputer-Unterst\u00fctzung f\u00fcr Private Kunden<\/h2>\n<p>Die Bed\u00fcrfnisse von Privaten Kunden ben\u00f6tigen oft passende Services. Wir von kaelberer-services sind darauf eingestellt. Ihren \u00e4lteren Laptop m\u00fcssen Sie nicht gleich zum Recyclinghof transportieren, eventuell ben\u00f6tigt er nur eine Runderneuerung oder eine neue SSD-Harddisk. Hierbei gibt eine Vielzahl von M\u00f6glichkeiten, Nachhaltigkeit ins Spiel zu bringen.<\/p>\n<p><strong><cite>Personalcomputer-Service im privaten Bereich: <span style=\"color: #4F81BD;\"><strong>kaelberer services<\/strong><\/span> Telefon: 07164 909700 &#8211; | E-Mail: support@kaelberer-online.de<\/cite><\/strong><\/p>\n<p>[contact-form-7 id=&#8220;524&#8243; title=&#8220;PC-Reparatur-Privat&#8220;]<\/p>\n","protected":false},"excerpt":{"rendered":"<p>Ihr EDV-Experte in der nahe gelegenen Gegend: kaelberer services &#8211; unser Betrieb ist nur ungef\u00e4hr 1.2 Km von Ihnen entfernt. Bei unserer Unternehmung ist Ihre Rechner-Fehlerbehebung in den besten H\u00e4nden! Dar\u00fcber hinaus f\u00fchren wir gewissenhaft IT-Wartungen inklusive Virenentfernung an Ihrem PC durch. Gegebenenfalls brauchen Sie qualifizierte Kaufberatung, Datensicherung sowie Heimcomputer-Aufr\u00fcstung? In diesem Fall sind wir &hellip; <a href=\"https:\/\/www.kaelberer-online.de\/services\/privat\/pc-reparatur-privat-hattenhofen\/\" class=\"more-link\">Continue reading<span class=\"screen-reader-text\"> &#8222;PC Reparatur Privat f\u00fcr Hattenhofen &#8211; Telefon 07164 909700&#8220;<\/span><\/a><\/p>\n","protected":false},"author":2,"featured_media":871,"parent":486,"menu_order":0,"comment_status":"closed","ping_status":"closed","template":"","meta":{"footnotes":""},"class_list":["post-870","page","type-page","status-publish","has-post-thumbnail","hentry"],"_links":{"self":[{"href":"https:\/\/www.kaelberer-online.de\/services\/wp-json\/wp\/v2\/pages\/870","targetHints":{"allow":["GET"]}}],"collection":[{"href":"https:\/\/www.kaelberer-online.de\/services\/wp-json\/wp\/v2\/pages"}],"about":[{"href":"https:\/\/www.kaelberer-online.de\/services\/wp-json\/wp\/v2\/types\/page"}],"author":[{"embeddable":true,"href":"https:\/\/www.kaelberer-online.de\/services\/wp-json\/wp\/v2\/users\/2"}],"replies":[{"embeddable":true,"href":"https:\/\/www.kaelberer-online.de\/services\/wp-json\/wp\/v2\/comments?post=870"}],"version-history":[{"count":0,"href":"https:\/\/www.kaelberer-online.de\/services\/wp-json\/wp\/v2\/pages\/870\/revisions"}],"up":[{"embeddable":true,"href":"https:\/\/www.kaelberer-online.de\/services\/wp-json\/wp\/v2\/pages\/486"}],"wp:featuredmedia":[{"embeddable":true,"href":"https:\/\/www.kaelberer-online.de\/services\/wp-json\/wp\/v2\/media\/871"}],"wp:attachment":[{"href":"https:\/\/www.kaelberer-online.de\/services\/wp-json\/wp\/v2\/media?parent=870"}],"curies":[{"name":"wp","href":"https:\/\/api.w.org\/{rel}","templated":true}]}}