{"id":866,"date":"2022-03-15T11:43:08","date_gmt":"2022-03-15T11:43:08","guid":{"rendered":"https:\/\/kaelberer-online.de\/services\/?page_id=866"},"modified":"2022-03-15T11:43:08","modified_gmt":"2022-03-15T11:43:08","slug":"pc-reparatur-privat-goeppingen","status":"publish","type":"page","link":"https:\/\/www.kaelberer-online.de\/services\/privat\/pc-reparatur-privat-goeppingen\/","title":{"rendered":"PC Reparatur Privat f\u00fcr G\u00f6ppingen &#8211; Tel. 07164 909700"},"content":{"rendered":"<h2>Ihr IT-Experte aus der n\u00e4chsten N\u00e4he: <span style=\"color: #4F81BD;\"><strong>kaelberer services<\/strong><\/span> &#8211; unsere Firma ist nur ungef\u00e4hr 7.9 Km von Ihnen weg.<\/h2>\n<p>Bei uns ist Ihre PC-Instandsetzung in den besten H\u00e4nden! Dar\u00fcber hinaus k\u00f6nnen wir verl\u00e4sslich IT-Wartungen inklusive Virenentfernung an Ihrem Laptop durchf\u00fchren. Eventuell brauchen Sie professionelle Kaufberatung, Datensicherung und PC-Aufr\u00fcstung? Dann sind wir der geeignete Partner!<\/p>\n<h2>Wir von <span style=\"color: #4F81BD;\"><strong>kaelberer services<\/strong><\/span> in Zell u. A. legen besonderen Wert auf pers\u00f6nlichen PC-Service f\u00fcr unsere Privatkunden.<\/h2>\n<p>Nehmen Sie mit uns Kontakt auf unter E-Mail: support@kaelberer-online.de und verlangen Sie unsere PC-Unterst\u00fctzung. Dieses Angebot gilt sowohl in unseren B\u00fcror\u00e4umen wie auch \u00fcber Fernwartung oder vor Ort bei Ihnen in G\u00f6ppingen. Unsere Firma ist Ihre fachkundige PC- Betreuung Ihr IT-Experte<\/p>\n<h3>Die Services unserer Firma auf einen Blick:<\/h3>\n<ul>\n<li>Installation von Ger\u00e4tschaft wie auch Software<\/li>\n<li>Virenentfernung, Virenschutz sowie fachm\u00e4nnische Datensicherung<\/li>\n<li>Reparatur und Instandsetzung von Computern, Laptops<\/li>\n<li>Manchmal kommt es vor: ein Moment in dem man nicht aufpasst \u2013 versehentlich falsche Taste bet\u00e4tigt und Daten sind gel\u00f6scht.<\/li>\n<li>Aufr\u00fcstung von Personalcomputer sowie Notebook<\/li>\n<\/ul>\n<p><strong><span style=\"color: #FF0000;\">Zus\u00e4tzliche Leistungen auf Anfrage Telefon: 07164 909700<\/span><\/strong><\/p>\n<h2>Installation von Ger\u00e4ten und Software<\/h2>\n<p>In unserer schnelllebigen Umgebung gibt es unabl\u00e4ssig Neuerungen. Der Erwerb eines brandneuen PCs, Druckers, Scanners oder einer Fritz box kann f\u00fcr den Laien ausgesprochen anspruchsvoll sein. Sie haben weder Zeit noch Wissen, wie neue Programme benutzt werden k\u00f6nnen? Dann unterst\u00fctzen wir Sie nat\u00fcrlich dabei. Nat\u00fcrlich z\u00e4hlt die Ger\u00e4te- sowie Installation von Software zu unseren T\u00e4tigkeiten.<\/p>\n<p>Rechner wie auch Laptop-Aufr\u00fcstung \u2013 gewissenhaft und professionell von kaelberer services.<\/p>\n<p>Die Technik steht niemals still. Um Ihren Personalcomputer auf einem neusten Stand zu halten, sollte ab und zu eine professionelle Aufr\u00fcstung ausgef\u00fchrt werden. Die Hardware-Aufr\u00fcstung ist bei uns in fachm\u00e4nnischer Hand.<\/p>\n<h2>Wenn der PC mal schadhaft ist<\/h2>\n<p>Sollte Ihr PC nicht mehr fehlerfrei funktionieren oder das Smartphone oder der Laptop besch\u00e4digt ist, dann wenden Sie sich vertrauensvoll an kaelberer-services.<\/p>\n<p>Vollservice f\u00fcr jegliche Personalcomputer, egal wie alt.<\/p>\n<p>Weitreichende Mehrwerte, die Ihren PC und Laptop betreffen, \u00fcbernehmen unsere Experten mit jeder Menge Genauigkeit. <span style=\"color: #4F81BD;\"><strong>kaelberer services<\/strong><\/span> ist Ihr kompetenter Partner f\u00fcr Services in G\u00f6ppingen. Hierbei ist das Angebotsspektrum besonders weit gef\u00e4chert. Im \u00dcbrigen bieten wir neben Personal Computer-Reparatur auch viele EDV-Leistungen wie Backup, Softwareinstallation und Einzelschulungen.<\/p>\n<h2>Heimcomputer-Unterst\u00fctzung f\u00fcr Private Kunden<\/h2>\n<p>Die W\u00fcnsche von Privatkunden erfordern h\u00e4ufig besondere L\u00f6sungen. Unsere Firma ist darauf eingestellt. Ihren \u00e4lteren Laptop m\u00fcssen Sie nicht gleich zum Recyclinghof verfrachten, vielleicht ben\u00f6tigt er nur eine General\u00fcberholung und eine moderne SSD-Festplatte. Hierbei gibt eine gro\u00dfe Anzahl von Varianten, Nachhaltigkeit ins Spiel zu bringen.<\/p>\n<p><strong><cite>Personalcomputer-Dienst im privaten Bereich: <span style=\"color: #4F81BD;\"><strong>kaelberer services<\/strong><\/span> Telefon: 07164 909700 &#8211; | E-Mail: support@kaelberer-online.de<\/cite><\/strong><\/p>\n<p>[contact-form-7 id=&#8220;524&#8243; title=&#8220;PC-Reparatur-Privat&#8220;]<\/p>\n","protected":false},"excerpt":{"rendered":"<p>Ihr IT-Experte aus der n\u00e4chsten N\u00e4he: kaelberer services &#8211; unsere Firma ist nur ungef\u00e4hr 7.9 Km von Ihnen weg. Bei uns ist Ihre PC-Instandsetzung in den besten H\u00e4nden! Dar\u00fcber hinaus k\u00f6nnen wir verl\u00e4sslich IT-Wartungen inklusive Virenentfernung an Ihrem Laptop durchf\u00fchren. Eventuell brauchen Sie professionelle Kaufberatung, Datensicherung und PC-Aufr\u00fcstung? Dann sind wir der geeignete Partner! Wir &hellip; <a href=\"https:\/\/www.kaelberer-online.de\/services\/privat\/pc-reparatur-privat-goeppingen\/\" class=\"more-link\">Continue reading<span class=\"screen-reader-text\"> &#8222;PC Reparatur Privat f\u00fcr G\u00f6ppingen &#8211; Tel. 07164 909700&#8220;<\/span><\/a><\/p>\n","protected":false},"author":2,"featured_media":867,"parent":486,"menu_order":0,"comment_status":"closed","ping_status":"closed","template":"","meta":{"footnotes":""},"class_list":["post-866","page","type-page","status-publish","has-post-thumbnail","hentry"],"_links":{"self":[{"href":"https:\/\/www.kaelberer-online.de\/services\/wp-json\/wp\/v2\/pages\/866","targetHints":{"allow":["GET"]}}],"collection":[{"href":"https:\/\/www.kaelberer-online.de\/services\/wp-json\/wp\/v2\/pages"}],"about":[{"href":"https:\/\/www.kaelberer-online.de\/services\/wp-json\/wp\/v2\/types\/page"}],"author":[{"embeddable":true,"href":"https:\/\/www.kaelberer-online.de\/services\/wp-json\/wp\/v2\/users\/2"}],"replies":[{"embeddable":true,"href":"https:\/\/www.kaelberer-online.de\/services\/wp-json\/wp\/v2\/comments?post=866"}],"version-history":[{"count":0,"href":"https:\/\/www.kaelberer-online.de\/services\/wp-json\/wp\/v2\/pages\/866\/revisions"}],"up":[{"embeddable":true,"href":"https:\/\/www.kaelberer-online.de\/services\/wp-json\/wp\/v2\/pages\/486"}],"wp:featuredmedia":[{"embeddable":true,"href":"https:\/\/www.kaelberer-online.de\/services\/wp-json\/wp\/v2\/media\/867"}],"wp:attachment":[{"href":"https:\/\/www.kaelberer-online.de\/services\/wp-json\/wp\/v2\/media?parent=866"}],"curies":[{"name":"wp","href":"https:\/\/api.w.org\/{rel}","templated":true}]}}