{"id":862,"date":"2022-02-24T12:45:09","date_gmt":"2022-02-24T12:45:09","guid":{"rendered":"https:\/\/kaelberer-online.de\/services\/?page_id=862"},"modified":"2022-02-24T12:45:09","modified_gmt":"2022-02-24T12:45:09","slug":"pc-reparatur-privat-eschenbach","status":"publish","type":"page","link":"https:\/\/www.kaelberer-online.de\/services\/privat\/pc-reparatur-privat-eschenbach\/","title":{"rendered":"PC Reparatur Privat f\u00fcr Eschenbach &#8211; Telefon 07164 909700"},"content":{"rendered":"<h2>Ihr IT-Experte aus der N\u00e4he: <span style=\"color: #4F81BD;\"><strong>kaelberer services<\/strong><\/span> &#8211; unsere Firma ist nur circa 6.7 Kilometer von Ihnen weg.<\/h2>\n<p>Bei unserer Firma ist Ihre PC-Fehlerbehebung in den besten H\u00e4nden! Dar\u00fcber hinaus f\u00fchren wir zuverl\u00e4ssig IT-Wartungen inklusive Virenentfernung an Ihrem Rechner durch. Eventuell ben\u00f6tigen Sie zuverl\u00e4ssige Kaufberatung, Datensicherung oder Personal Computer-Aufr\u00fcstung? In diesem Fall sind wir der optimale Experte!<\/p>\n<h2>Unsere Mitarbeiter in Zell unter Aichelberg legen gro\u00dfen Wert auf pers\u00f6nlichen PC-Service f\u00fcr unsere Privaten Klienten.<\/h2>\n<p>Nehmen Sie mit uns Kontakt auf unter Telefon 07164 909700 und fordern Sie unsere PC-Unterst\u00fctzung an. Unser Angebot gilt sowohl in unseren B\u00fcror\u00e4umen als auch \u00fcber Fernwartung oder vor Ort bei Ihnen in Eschenbach. Unsere Firma ist Ihre fachkundige PC- Betreuung Ihr IT-Experte<\/p>\n<h3>Unsere Serviceleistungen auf einen Blick:<\/h3>\n<ul>\n<li>Virenentfernung, Virenschutz sowie professionelle Sicherung Ihrer Daten<\/li>\n<li>Fehlerbeseitigung und Reparatur von Computern, Notebooks<\/li>\n<li>Unsere Firma steht Ihnen in jeder Situation rund um PC sowie Notebook mit bestem Fachwissen zur Seite.<\/li>\n<li>Aufr\u00fcstung von Personal Computer und Notebook<\/li>\n<li>Kompetente Schadensabwicklung rund um Personal Computer und Datensicherung<\/li>\n<\/ul>\n<p><strong><span style=\"color: #FF0000;\">Zus\u00e4tzliche Services auf Anfrage Telefon: 07164 909700<\/span><\/strong><\/p>\n<h2>Inbetriebnahme von Ger\u00e4ten sowie Software<\/h2>\n<p>In unserer sich rasant ver\u00e4ndernden Welt gibt es dauernd \u00c4nderungen. Die Anschaffung eines brandneuen PCs, Druckers, Scanners oder einer Fritz box kann f\u00fcr den Laien sehr anspruchsvoll sein. Sie haben weder Zeit noch Wissen, wie moderne Softwareprogramme genutzt werden? Dann unterst\u00fctzen wir Sie gern dabei. Selbstverst\u00e4ndlich z\u00e4hlt die Ger\u00e4te- und Installation von Software zu unseren Arbeiten.<\/p>\n<p>Personal Computer sowie Notebook-Aufr\u00fcstung \u2013 verl\u00e4sslich und qualifiziert von kaelberer services.<\/p>\n<p>Die Technik steht niemals still. Um Ihren Heimcomputer auf einem aktuellen Status zu halten, sollte ab und zu eine fachm\u00e4nnische Aufr\u00fcstung gemacht werden. Ihre Hardware-Aufr\u00fcstung ist bei uns in professioneller Hand.<\/p>\n<h2>Wenn der Heimcomputer einmal schadhaft ist<\/h2>\n<p>Wenn Ihr Personal Computer nicht mehr fehlerfrei funktioniert oder das Smartphone oder der Laptop besch\u00e4digt ist, dann wenden Sie sich vertrauensvoll an uns.<\/p>\n<p>Rund um Service f\u00fcr s\u00e4mtliche Heimcomputer, egal wie alt.<\/p>\n<p>Weitreichende Dienste, die Ihren Rechner und Laptop betreffen, \u00fcbernimmt unser Fachbetrieb mit jeder Menge Genauigkeit. <span style=\"color: #4F81BD;\"><strong>kaelberer services<\/strong><\/span> ist Ihr qualifizierter Profi f\u00fcr Services in Eschenbach. Hierbei ist das Angebot sehr weit gef\u00e4chert. Zudem bieten wir neben Personal Computer-Reparatur auch viele IT-T\u00e4tigkeiten wie Backup, Installation von Software und Einzelschulungen.<\/p>\n<h2>Personalcomputer-Unterst\u00fctzung f\u00fcr Private Kunden<\/h2>\n<p>Die Belange von Privaten Kunden erfordern h\u00e4ufig passende L\u00f6sungen. Unsere Firma ist darauf eingestellt. Den \u00e4lteren Laptop m\u00fcssen Sie nicht gleich zum Altstoffsammelzentrum bringen, vermutlich ben\u00f6tigt er lediglich eine General\u00fcberholung und eine moderne SSD. Hierbei gibt eine Reihe von Optionen, Nachhaltigkeit ins Spiel zu bringen.<\/p>\n<p><strong><cite>Personalcomputer-Service im privaten Bereich: <span style=\"color: #4F81BD;\"><strong>kaelberer services<\/strong><\/span> Telefon: 07164 909700 &#8211; | E-Mail: support@kaelberer-online.de<\/cite><\/strong><\/p>\n<p>[contact-form-7 id=&#8220;524&#8243; title=&#8220;PC-Reparatur-Privat&#8220;]<\/p>\n","protected":false},"excerpt":{"rendered":"<p>Ihr IT-Experte aus der N\u00e4he: kaelberer services &#8211; unsere Firma ist nur circa 6.7 Kilometer von Ihnen weg. Bei unserer Firma ist Ihre PC-Fehlerbehebung in den besten H\u00e4nden! Dar\u00fcber hinaus f\u00fchren wir zuverl\u00e4ssig IT-Wartungen inklusive Virenentfernung an Ihrem Rechner durch. Eventuell ben\u00f6tigen Sie zuverl\u00e4ssige Kaufberatung, Datensicherung oder Personal Computer-Aufr\u00fcstung? In diesem Fall sind wir der &hellip; <a href=\"https:\/\/www.kaelberer-online.de\/services\/privat\/pc-reparatur-privat-eschenbach\/\" class=\"more-link\">Continue reading<span class=\"screen-reader-text\"> &#8222;PC Reparatur Privat f\u00fcr Eschenbach &#8211; Telefon 07164 909700&#8220;<\/span><\/a><\/p>\n","protected":false},"author":2,"featured_media":863,"parent":486,"menu_order":0,"comment_status":"closed","ping_status":"closed","template":"","meta":{"footnotes":""},"class_list":["post-862","page","type-page","status-publish","has-post-thumbnail","hentry"],"_links":{"self":[{"href":"https:\/\/www.kaelberer-online.de\/services\/wp-json\/wp\/v2\/pages\/862","targetHints":{"allow":["GET"]}}],"collection":[{"href":"https:\/\/www.kaelberer-online.de\/services\/wp-json\/wp\/v2\/pages"}],"about":[{"href":"https:\/\/www.kaelberer-online.de\/services\/wp-json\/wp\/v2\/types\/page"}],"author":[{"embeddable":true,"href":"https:\/\/www.kaelberer-online.de\/services\/wp-json\/wp\/v2\/users\/2"}],"replies":[{"embeddable":true,"href":"https:\/\/www.kaelberer-online.de\/services\/wp-json\/wp\/v2\/comments?post=862"}],"version-history":[{"count":0,"href":"https:\/\/www.kaelberer-online.de\/services\/wp-json\/wp\/v2\/pages\/862\/revisions"}],"up":[{"embeddable":true,"href":"https:\/\/www.kaelberer-online.de\/services\/wp-json\/wp\/v2\/pages\/486"}],"wp:featuredmedia":[{"embeddable":true,"href":"https:\/\/www.kaelberer-online.de\/services\/wp-json\/wp\/v2\/media\/863"}],"wp:attachment":[{"href":"https:\/\/www.kaelberer-online.de\/services\/wp-json\/wp\/v2\/media?parent=862"}],"curies":[{"name":"wp","href":"https:\/\/api.w.org\/{rel}","templated":true}]}}