{"id":860,"date":"2022-04-12T19:11:09","date_gmt":"2022-04-12T19:11:09","guid":{"rendered":"https:\/\/kaelberer-online.de\/services\/?page_id=860"},"modified":"2022-04-12T19:11:09","modified_gmt":"2022-04-12T19:11:09","slug":"pc-reparatur-privat-eislingen-fils","status":"publish","type":"page","link":"https:\/\/www.kaelberer-online.de\/services\/privat\/pc-reparatur-privat-eislingen-fils\/","title":{"rendered":"PC Reparatur Privat in Eislingen-Fils &#8211; Tel. 07164 909700"},"content":{"rendered":"<h2>Ihr IT-Profi in der nahe gelegenen Umgebung: <span style=\"color: #4F81BD;\"><strong>kaelberer services<\/strong><\/span> &#8211; unsere Firma ist nur rund 9.8 Km von Ihnen weg.<\/h2>\n<p>Bei unserer Firma ist Ihre Personal Computer-Fehlerbeseitigung in den besten H\u00e4nden! Dar\u00fcber hinaus f\u00fchren wir gewissenhaft IT-Wartungen inklusive Virenentfernung an Ihrem Rechner durch. Gegebenenfalls ben\u00f6tigen Sie kompetente Kaufberatung, Datensicherung oder PC-Aufr\u00fcstung? Dann sind wir der optimale Experte!<\/p>\n<h2>Unsere Spezialisten in Zell u. A. legen besonderen Wert auf pers\u00f6nlichen EDV-Service f\u00fcr unsere Privaten Klienten.<\/h2>\n<p>Nehmen Sie mit uns Kontakt auf unter Telefon 07164 909700 und fordern Sie unsere PC-Unterst\u00fctzung an. Unser Angebot gilt sowohl in unseren R\u00e4umlichkeiten wie auch \u00fcber Fernwartung oder vor Ort bei Ihnen in Eislingen-Fils. Unsere Firma ist Ihre fachkundige PC- Betreuung Ihr IT-Fachmann<\/p>\n<h3>Unsere Serviceleistungen auf einen Blick:<\/h3>\n<ul>\n<li>Erweiterung von Personalcomputer sowie Notebook<\/li>\n<li>Installation, Konfiguration von Ger\u00e4tschaft sowie Software<\/li>\n<li>Fehlerbeseitigung und Instandsetzung von Computern, Laptops<\/li>\n<li>Virenentfernung, Virenschutz wie auch kompetente Sicherung Ihrer Daten<\/li>\n<li>Manchmal kommt es vor: ein Moment in dem man nicht aufpasst \u2013 falsche Taste gedr\u00fcckt und Daten sind gel\u00f6scht.<\/li>\n<li><span style=\"color: #4F81BD;\"><strong>kaelberer services<\/strong><\/span> steht Ihnen in jeder Situation rund um PC wie auch Laptop mit bestem Fachwissen zur Seite.<\/li>\n<li>Professionelle Schadensabwicklung rund um Heimcomputer und Backup<\/li>\n<\/ul>\n<p><strong><span style=\"color: #FF0000;\">Mehr Angebote auf Anfrage Tel.: 07164 909700<\/span><\/strong><\/p>\n<h2>Installation von Ger\u00e4ten und Software<\/h2>\n<p>In unserer sich rasant ver\u00e4ndernden Umgebung gibt es permanent Innovationen. Die Anschaffung eines neuen Computers, Druckers, Scanners oder einer Fritz box kann f\u00fcr den Unerfahrenen sehr fordernd sein. Sie haben weder Zeit noch Wissen, wie moderne Programme benutzt werden? Dann betreuen wir Sie gerne dabei. Nat\u00fcrlich z\u00e4hlt die Ger\u00e4te- sowie Softwareinstallation zu unseren Arbeiten.<\/p>\n<p>Personalcomputer wie auch Laptop-Aufr\u00fcstung \u2013 verl\u00e4sslich und fachkundig von kaelberer services.<\/p>\n<p>Technik steht niemals still. Damit Sie stets auf dem neuesten Stand mit Ihrem Rechner sind, sollte ab und zu eine fachm\u00e4nnische Aufr\u00fcstung realisiert werden. Die Hardware-Aufr\u00fcstung ist bei uns in qualifizierter Hand.<\/p>\n<h2>Wenn es PC-Probleme gibt<\/h2>\n<p>Wenn Ihr Personal Computer nicht mehr richtig funktioniert und das Smartphone oder Notebook kaputt ist, dann wenden Sie sich vertrauensvoll an kaelberer-services.<\/p>\n<p>Rund um Service f\u00fcr s\u00e4mtliche Rechner, egal wie alt.<\/p>\n<p>Umfassende Dienste, die Ihren PC und Notebook betreffen, \u00fcbernimmt unser Fachbetrieb mit reichlich Sorgfalt. <span style=\"color: #4F81BD;\"><strong>kaelberer services<\/strong><\/span> ist Ihr versierter Partner f\u00fcr Services in Eislingen-Fils. Dabei ist das Angebot besonders breit gef\u00e4chert. Zudem offerieren wir neben Rechner-Reparatur auch weitreichende EDV-Dienstleistungen wie Datensicherung, Softwareinstallation und Schulungen.<\/p>\n<h2>PC-Support f\u00fcr Privatkunden<\/h2>\n<p>Die W\u00fcnsche von Privatkunden ben\u00f6tigen h\u00e4ufig passende Services. Unsere Firma ist darauf eingestellt. Ihren alten Laptop m\u00fcssen Sie nicht gleich zum Altstoffsammelzentrum transportieren, vielleicht ben\u00f6tigt er lediglich eine General\u00fcberholung und eine neuartige SSD. In diesem Fall gibt eine gro\u00dfe Anzahl von M\u00f6glichkeiten, Nachhaltigkeit ins Spiel zu bringen.<\/p>\n<p><strong><cite>Heimcomputer-Service privat: <span style=\"color: #4F81BD;\"><strong>kaelberer services<\/strong><\/span> Telefon: 07164 909700 &#8211; | E-Mail: support@kaelberer-online.de<\/cite><\/strong><\/p>\n<p>[contact-form-7 id=&#8220;524&#8243; title=&#8220;PC-Reparatur-Privat&#8220;]<\/p>\n","protected":false},"excerpt":{"rendered":"<p>Ihr IT-Profi in der nahe gelegenen Umgebung: kaelberer services &#8211; unsere Firma ist nur rund 9.8 Km von Ihnen weg. Bei unserer Firma ist Ihre Personal Computer-Fehlerbeseitigung in den besten H\u00e4nden! Dar\u00fcber hinaus f\u00fchren wir gewissenhaft IT-Wartungen inklusive Virenentfernung an Ihrem Rechner durch. Gegebenenfalls ben\u00f6tigen Sie kompetente Kaufberatung, Datensicherung oder PC-Aufr\u00fcstung? Dann sind wir der &hellip; <a href=\"https:\/\/www.kaelberer-online.de\/services\/privat\/pc-reparatur-privat-eislingen-fils\/\" class=\"more-link\">Continue reading<span class=\"screen-reader-text\"> &#8222;PC Reparatur Privat in Eislingen-Fils &#8211; Tel. 07164 909700&#8220;<\/span><\/a><\/p>\n","protected":false},"author":2,"featured_media":861,"parent":486,"menu_order":0,"comment_status":"closed","ping_status":"closed","template":"","meta":{"footnotes":""},"class_list":["post-860","page","type-page","status-publish","has-post-thumbnail","hentry"],"_links":{"self":[{"href":"https:\/\/www.kaelberer-online.de\/services\/wp-json\/wp\/v2\/pages\/860","targetHints":{"allow":["GET"]}}],"collection":[{"href":"https:\/\/www.kaelberer-online.de\/services\/wp-json\/wp\/v2\/pages"}],"about":[{"href":"https:\/\/www.kaelberer-online.de\/services\/wp-json\/wp\/v2\/types\/page"}],"author":[{"embeddable":true,"href":"https:\/\/www.kaelberer-online.de\/services\/wp-json\/wp\/v2\/users\/2"}],"replies":[{"embeddable":true,"href":"https:\/\/www.kaelberer-online.de\/services\/wp-json\/wp\/v2\/comments?post=860"}],"version-history":[{"count":0,"href":"https:\/\/www.kaelberer-online.de\/services\/wp-json\/wp\/v2\/pages\/860\/revisions"}],"up":[{"embeddable":true,"href":"https:\/\/www.kaelberer-online.de\/services\/wp-json\/wp\/v2\/pages\/486"}],"wp:featuredmedia":[{"embeddable":true,"href":"https:\/\/www.kaelberer-online.de\/services\/wp-json\/wp\/v2\/media\/861"}],"wp:attachment":[{"href":"https:\/\/www.kaelberer-online.de\/services\/wp-json\/wp\/v2\/media?parent=860"}],"curies":[{"name":"wp","href":"https:\/\/api.w.org\/{rel}","templated":true}]}}