{"id":859,"date":"2022-04-13T04:11:40","date_gmt":"2022-04-13T04:11:40","guid":{"rendered":"https:\/\/kaelberer-online.de\/services\/?page_id=859"},"modified":"2022-04-13T04:11:40","modified_gmt":"2022-04-13T04:11:40","slug":"pc-reparatur-privat-ebersbach-an-der-fils","status":"publish","type":"page","link":"https:\/\/www.kaelberer-online.de\/services\/privat\/pc-reparatur-privat-ebersbach-an-der-fils\/","title":{"rendered":"PC Reparatur Privat f\u00fcr Ebersbach an der Fils &#8211; Tel. 07164 909700"},"content":{"rendered":"<h2>Ihr IT-Spezialist aus der nahe gelegenen Gegend: <span style=\"color: #4F81BD;\"><strong>kaelberer services<\/strong><\/span> &#8211; unser Betrieb ist nur etwa 5.8 Kilometer von Ihnen entfernt.<\/h2>\n<p>Bei uns ist Ihre Computer-Reparatur in den besten H\u00e4nden! Au\u00dferdem k\u00f6nnen wir zuverl\u00e4ssig IT-Wartungen inklusive Virenentfernung an Ihrem Laptop durchf\u00fchren. Unter Umst\u00e4nden w\u00fcnschen Sie professionelle Kaufberatung, Datensicherung oder Heimcomputer-Aufr\u00fcstung? Dann sind wir der richtige Experte!<\/p>\n<h2>Unsere Mitarbeiter in Zell u. A. legen besonderen Wert auf individuellen PC-Service f\u00fcr unsere Privaten Kunden.<\/h2>\n<p>Nehmen Sie mit uns Kontakt auf unter Telefon 07164 909700 und verlangen Sie unsere PC-Unterst\u00fctzung. Unser Angebot gilt sowohl in unseren B\u00fcror\u00e4umen wie auch \u00fcber Fernwartung oder vor Ort bei Ihnen in Ebersbach an der Fils. Unsere Firma ist Ihre kompetente PC- Betreuung Ihr IT-Experte<\/p>\n<h3>Die Services unserer Firma auf einen Blick:<\/h3>\n<ul>\n<li>Aufr\u00fcstung von Heimcomputer beziehungsweise Notebook<\/li>\n<li>Unsere Firma steht Ihnen in jeder Situation rund um Personal Computer und Notebook mit bestem Know How zur Seite.<\/li>\n<li>Reparatur und Instandsetzung von PCs, Laptops<\/li>\n<li>Virenentfernung, Virenschutz wie auch g\u00fcnstige und professionelle Datensicherung<\/li>\n<li>Manchmal kommt es vor: ein Moment in dem man nicht aufpasst \u2013 falsche Taste bet\u00e4tigt und die Daten sind gel\u00f6scht.<\/li>\n<li>Sachkundige Schadensabwicklung rund um Heimcomputer und Backup<\/li>\n<\/ul>\n<p><strong><span style=\"color: #FF0000;\">Weitere Leistungen auf Anfrage Tel.: 07164 909700<\/span><\/strong><\/p>\n<h2>Konfiguration von Ger\u00e4ten und Softwarel\u00f6sungen<\/h2>\n<p>In unserer sich rasant ver\u00e4ndernden Welt gibt es best\u00e4ndig \u00c4nderungen. Der Erwerb eines aktuellen PCs, Druckers, Scanners oder einer Fritz box kann f\u00fcr den Laien sehr fordernd sein. Sie wissen nicht, wie neue Tools benutzt werden k\u00f6nnen? Dann unterst\u00fctzen wir Sie gerne dabei. Selbstredend geh\u00f6rt eine Ger\u00e4te- und Installation von Software zu unseren Aufgaben.<\/p>\n<p>Heimcomputer wie auch Notebook-Aufr\u00fcstung \u2013 zuverl\u00e4ssig und kompetent von kaelberer services.<\/p>\n<p>Die Technik steht niemals still. Um Ihren Rechner auf dem neuesten Stand zu halten, sollte von Zeit zu Zeit eine fachgerechte Aufr\u00fcstung ausgef\u00fchrt werden. Die Hardware-Aufr\u00fcstung ist bei uns in professioneller Hand.<\/p>\n<h2>Schadensabwicklung vom Experten<\/h2>\n<p>Sollte Ihr Personal Computer nicht mehr korrekt funktionieren sowie das Smartphone oder der Laptop besch\u00e4digt ist, dann wenden Sie sich vertrauensvoll an kaelberer-services.<\/p>\n<p>Rund um Service f\u00fcr alle Personalcomputer, egal welches Model.<\/p>\n<p>Umfassende Dienste, die Ihren PC und Laptop betreffen, \u00fcbernehmen unsere Experten mit viel Sorgfalt. Unsere Firm ist Ihr kompetenter Profi f\u00fcr Services in Ebersbach an der Fils. Dabei ist das Angebot sehr weit gef\u00e4chert. Im \u00dcbrigen offerieren wir neben Heimcomputer-Reparatur auch weitreichende IT-T\u00e4tigkeiten wie Datensicherung, Softwareinstallation und Einzelschulungen.<\/p>\n<h2>Personalcomputer-Support f\u00fcr Private Kunden<\/h2>\n<p>Die Anforderungen von Privatleuten ben\u00f6tigen h\u00e4ufig passende Services. Unsere Firma ist darauf eingestellt. Ihren alten Laptop m\u00fcssen Sie nicht gleich zum Wertstoffhof bringen, vermutlich ben\u00f6tigt er nur eine Runderneuerung oder eine neue SSD-Harddisk. In diesem Fall gibt eine Vielzahl von M\u00f6glichkeiten, Nachhaltigkeit ins Spiel zu bringen.<\/p>\n<p><strong><cite>PC-Dienst im privaten Rahmen: <span style=\"color: #4F81BD;\"><strong>kaelberer services<\/strong><\/span> Telefon: 07164 909700 &#8211; | E-Mail: support@kaelberer-online.de<\/cite><\/strong><\/p>\n<p>[contact-form-7 id=&#8220;524&#8243; title=&#8220;PC-Reparatur-Privat&#8220;]<\/p>\n","protected":false},"excerpt":{"rendered":"<p>Ihr IT-Spezialist aus der nahe gelegenen Gegend: kaelberer services &#8211; unser Betrieb ist nur etwa 5.8 Kilometer von Ihnen entfernt. Bei uns ist Ihre Computer-Reparatur in den besten H\u00e4nden! Au\u00dferdem k\u00f6nnen wir zuverl\u00e4ssig IT-Wartungen inklusive Virenentfernung an Ihrem Laptop durchf\u00fchren. Unter Umst\u00e4nden w\u00fcnschen Sie professionelle Kaufberatung, Datensicherung oder Heimcomputer-Aufr\u00fcstung? Dann sind wir der richtige Experte! &hellip; <a href=\"https:\/\/www.kaelberer-online.de\/services\/privat\/pc-reparatur-privat-ebersbach-an-der-fils\/\" class=\"more-link\">Continue reading<span class=\"screen-reader-text\"> &#8222;PC Reparatur Privat f\u00fcr Ebersbach an der Fils &#8211; Tel. 07164 909700&#8220;<\/span><\/a><\/p>\n","protected":false},"author":2,"featured_media":0,"parent":486,"menu_order":0,"comment_status":"closed","ping_status":"closed","template":"","meta":{"footnotes":""},"class_list":["post-859","page","type-page","status-publish","hentry"],"_links":{"self":[{"href":"https:\/\/www.kaelberer-online.de\/services\/wp-json\/wp\/v2\/pages\/859","targetHints":{"allow":["GET"]}}],"collection":[{"href":"https:\/\/www.kaelberer-online.de\/services\/wp-json\/wp\/v2\/pages"}],"about":[{"href":"https:\/\/www.kaelberer-online.de\/services\/wp-json\/wp\/v2\/types\/page"}],"author":[{"embeddable":true,"href":"https:\/\/www.kaelberer-online.de\/services\/wp-json\/wp\/v2\/users\/2"}],"replies":[{"embeddable":true,"href":"https:\/\/www.kaelberer-online.de\/services\/wp-json\/wp\/v2\/comments?post=859"}],"version-history":[{"count":0,"href":"https:\/\/www.kaelberer-online.de\/services\/wp-json\/wp\/v2\/pages\/859\/revisions"}],"up":[{"embeddable":true,"href":"https:\/\/www.kaelberer-online.de\/services\/wp-json\/wp\/v2\/pages\/486"}],"wp:attachment":[{"href":"https:\/\/www.kaelberer-online.de\/services\/wp-json\/wp\/v2\/media?parent=859"}],"curies":[{"name":"wp","href":"https:\/\/api.w.org\/{rel}","templated":true}]}}