{"id":857,"date":"2022-04-21T05:33:51","date_gmt":"2022-04-21T05:33:51","guid":{"rendered":"https:\/\/kaelberer-online.de\/services\/?page_id=857"},"modified":"2022-04-21T05:33:51","modified_gmt":"2022-04-21T05:33:51","slug":"pc-reparatur-privat-duernau","status":"publish","type":"page","link":"https:\/\/www.kaelberer-online.de\/services\/privat\/pc-reparatur-privat-duernau\/","title":{"rendered":"PC Reparatur Privat f\u00fcr D\u00fcrnau &#8211; Tel. 07164 909700"},"content":{"rendered":"<h2>Ihr IT-Experte aus der nahe gelegenen Gegend: <span style=\"color: #4F81BD;\"><strong>kaelberer services<\/strong><\/span> &#8211; wir sind nur etwa 3.8 Kilometer von Ihnen weg.<\/h2>\n<p>Bei unserer Firma ist Ihre Personal Computer-Reparatur in den allerbesten H\u00e4nden! Dar\u00fcber hinaus k\u00f6nnen wir zuverl\u00e4ssig IT-Wartungen inklusive Virenentfernung an Ihrem Computer durchf\u00fchren. Unter Umst\u00e4nden w\u00fcnschen Sie fachm\u00e4nnische Kaufberatung, Datensicherung oder Heimcomputer-Aufr\u00fcstung? In diesem Fall sind wir der ideale Partner!<\/p>\n<h2>Wir von <span style=\"color: #4F81BD;\"><strong>kaelberer services<\/strong><\/span> in Zell u. A. legen besonderen Wert auf individuellen PC-Service f\u00fcr unsere Privaten Klienten.<\/h2>\n<p>Nehmen Sie mit uns Kontakt auf unter Telefon 07164 909700 und verlangen Sie unsere PC-Unterst\u00fctzung. Unser Angebot gilt sowohl in unseren R\u00e4umlichkeiten wie auch \u00fcber Fernwartung oder vor Ort bei Ihnen in D\u00fcrnau. Unsere Firma ist Ihre kompetente Heimcomputer- Betreuung Ihr EDV-Fachmann<\/p>\n<h3>Die Services unserer Firma auf einen Blick:<\/h3>\n<ul>\n<li>Aufr\u00fcstung von Personal Computer und Laptop<\/li>\n<li>Unsere Firma steht Ihnen in jeder Situation rund um Heimcomputer wie auch Notebook mit bestem Fachwissen zur Seite.<\/li>\n<li>Fehlerbeseitigung und Instandsetzung von Computern, Laptops<\/li>\n<li>Installation von Ger\u00e4tschaft sowie Software<\/li>\n<li>Manchmal kommt es vor: ein Moment in dem man nicht aufpasst \u2013 falsche Taste bet\u00e4tigt und die Daten sind gel\u00f6scht.<\/li>\n<li>Virenentfernung, Virenschutz sowie kompetente Sicherung Ihrer Daten<\/li>\n<\/ul>\n<p><strong><span style=\"color: #FF0000;\">Weitere Angebote auf Anfrage Telefon: 07164 909700<\/span><\/strong><\/p>\n<h2>Konfiguration von Komponennten sowie Software<\/h2>\n<p>In unserer schnelllebigen Umgebung gibt es beharrlich Innovationen. Der Erwerb eines brandneuen Computers, Druckers, Scanners oder einer Fritz box kann f\u00fcr den Laien ausgesprochen fordernd sein. Sie wissen nicht, wie neuartige Anwendungen genutzt werden? Dann supporten wir Sie nat\u00fcrlich dabei. Selbstverst\u00e4ndlich z\u00e4hlt eine Ger\u00e4te- wie auch Softwareinstallation zu unseren Aufgaben.<\/p>\n<p>Rechner wie auch Laptop-Aufr\u00fcstung \u2013 gewissenhaft und professionell von kaelberer services.<\/p>\n<p>Technik steht nie still. Um Ihren Heimcomputer auf dem neusten Stand zu halten, sollte von Zeit zu Zeit eine fachgerechte Aufr\u00fcstung vorgenommen werden. Ihre Hardware-Aufr\u00fcstung ist bei uns in kompetenter Hand.<\/p>\n<h2>Wenn der PC mal defekt ist<\/h2>\n<p>Sollte Ihr Personal Computer nicht mehr fehlerfrei funktionieren oder das Mobiltelefon oder Notebook kaputt ist, dann wenden Sie sich vertrauensvoll an uns.<\/p>\n<p>Vollservice f\u00fcr s\u00e4mtliche Personal Computer, egal welches Model.<\/p>\n<p>Vielf\u00e4ltige Serviceleistungen, die Ihren Rechner und Notebook betreffen, \u00fcbernehmen unsere Experten mit viel Genauigkeit. Unsere Firm ist Ihr routinierter Profi f\u00fcr Services in D\u00fcrnau. Dabei ist unser Angebotsspektrum besonders breit gef\u00e4chert. Im \u00dcbrigen offerieren wir neben Personal Computer-Reparatur auch weitreichende EDV-T\u00e4tigkeiten wie Datensicherung, Softwareinstallation und Schulungen.<\/p>\n<h2>PC-Unterst\u00fctzung f\u00fcr Privatkunden<\/h2>\n<p>Die W\u00fcnsche von Privatkunden erfordern oft passende L\u00f6sungen. Unsere Firma ist darauf eingestellt. Ihren \u00e4lteren Laptop m\u00fcssen Sie nicht gleich zum Altstoffsammelzentrum bringen, eventuell ben\u00f6tigt er lediglich eine Runderneuerung sowie eine neue SSD. Hierbei gibt eine Reihe von Optionen, Nachhaltigkeit ins Spiel zu bringen.<\/p>\n<p><strong><cite>Personal Computer-Service privat: <span style=\"color: #4F81BD;\"><strong>kaelberer services<\/strong><\/span> Telefon: 07164 909700 &#8211; | E-Mail: support@kaelberer-online.de<\/cite><\/strong><\/p>\n<p>[contact-form-7 id=&#8220;524&#8243; title=&#8220;PC-Reparatur-Privat&#8220;]<\/p>\n","protected":false},"excerpt":{"rendered":"<p>Ihr IT-Experte aus der nahe gelegenen Gegend: kaelberer services &#8211; wir sind nur etwa 3.8 Kilometer von Ihnen weg. Bei unserer Firma ist Ihre Personal Computer-Reparatur in den allerbesten H\u00e4nden! Dar\u00fcber hinaus k\u00f6nnen wir zuverl\u00e4ssig IT-Wartungen inklusive Virenentfernung an Ihrem Computer durchf\u00fchren. Unter Umst\u00e4nden w\u00fcnschen Sie fachm\u00e4nnische Kaufberatung, Datensicherung oder Heimcomputer-Aufr\u00fcstung? In diesem Fall sind &hellip; <a href=\"https:\/\/www.kaelberer-online.de\/services\/privat\/pc-reparatur-privat-duernau\/\" class=\"more-link\">Continue reading<span class=\"screen-reader-text\"> &#8222;PC Reparatur Privat f\u00fcr D\u00fcrnau &#8211; Tel. 07164 909700&#8220;<\/span><\/a><\/p>\n","protected":false},"author":2,"featured_media":858,"parent":486,"menu_order":0,"comment_status":"closed","ping_status":"closed","template":"","meta":{"footnotes":""},"class_list":["post-857","page","type-page","status-publish","has-post-thumbnail","hentry"],"_links":{"self":[{"href":"https:\/\/www.kaelberer-online.de\/services\/wp-json\/wp\/v2\/pages\/857","targetHints":{"allow":["GET"]}}],"collection":[{"href":"https:\/\/www.kaelberer-online.de\/services\/wp-json\/wp\/v2\/pages"}],"about":[{"href":"https:\/\/www.kaelberer-online.de\/services\/wp-json\/wp\/v2\/types\/page"}],"author":[{"embeddable":true,"href":"https:\/\/www.kaelberer-online.de\/services\/wp-json\/wp\/v2\/users\/2"}],"replies":[{"embeddable":true,"href":"https:\/\/www.kaelberer-online.de\/services\/wp-json\/wp\/v2\/comments?post=857"}],"version-history":[{"count":0,"href":"https:\/\/www.kaelberer-online.de\/services\/wp-json\/wp\/v2\/pages\/857\/revisions"}],"up":[{"embeddable":true,"href":"https:\/\/www.kaelberer-online.de\/services\/wp-json\/wp\/v2\/pages\/486"}],"wp:featuredmedia":[{"embeddable":true,"href":"https:\/\/www.kaelberer-online.de\/services\/wp-json\/wp\/v2\/media\/858"}],"wp:attachment":[{"href":"https:\/\/www.kaelberer-online.de\/services\/wp-json\/wp\/v2\/media?parent=857"}],"curies":[{"name":"wp","href":"https:\/\/api.w.org\/{rel}","templated":true}]}}