{"id":855,"date":"2022-04-18T10:26:00","date_gmt":"2022-04-18T10:26:00","guid":{"rendered":"https:\/\/kaelberer-online.de\/services\/?page_id=855"},"modified":"2022-04-18T10:26:00","modified_gmt":"2022-04-18T10:26:00","slug":"pc-reparatur-privat-dettingen-unter-teck","status":"publish","type":"page","link":"https:\/\/www.kaelberer-online.de\/services\/privat\/pc-reparatur-privat-dettingen-unter-teck\/","title":{"rendered":"PC Reparatur Privat in Dettingen unter Teck &#8211; Tel. 07164 909700"},"content":{"rendered":"<h2>Ihr IT-Spezialist in der nahe gelegenen Umgebung: <span style=\"color: #4F81BD;\"><strong>kaelberer services<\/strong><\/span> &#8211; unser Unternehmen ist nur ca 7.4 Km von Ihnen weg.<\/h2>\n<p>Bei uns ist Ihre Heimcomputer-Fehlerbehebung in den besten H\u00e4nden! Dar\u00fcber hinaus k\u00f6nnen wir gewissenhaft IT-Wartungen inklusive Virenentfernung an Ihrem Rechner durchf\u00fchren. Gegebenenfalls ben\u00f6tigen Sie g\u00fcnstige und professionelle Kaufberatung, Datensicherung oder PC-Aufr\u00fcstung? In diesem Fall sind wir der geeignete Partner!<\/p>\n<h2>Unsere Spezialisten in Zell unter Aichelberg legen besonderen Wert auf pers\u00f6nlichen EDV-Service f\u00fcr unsere Privatkunden.<\/h2>\n<p>Nehmen Sie mit uns Kontakt auf unter E-Mail: support@kaelberer-online.de und verlangen Sie unsere PC-Unterst\u00fctzung. Unser Angebot gilt sowohl in unseren B\u00fcror\u00e4umen als auch via Fernwartung oder vor Ort bei Ihnen in Dettingen unter Teck. Unsere Firma ist Ihre fachkundige Heimcomputer- Betreuung Ihr EDV-Profi<\/p>\n<h3>Die Services unserer Firma auf einen Blick:<\/h3>\n<ul>\n<li>Virenentfernung, Virenschutz wie auch professionelle Sicherung Ihrer Daten<\/li>\n<li>Unsere Firma steht Ihnen in jeder Situation rund um Personal Computer sowie Laptop mit bestem Wissen zur Seite.<\/li>\n<li>Es kommt \u00f6fter vor, als gedacht: ein Moment in dem man nicht aufpasst \u2013 falsche Taste bet\u00e4tigt und Daten sind gel\u00f6scht.<\/li>\n<li>Erweiterung von Personal Computer und Laptop<\/li>\n<li>Fehlerbeseitigung und Instandsetzung von Computern, Notebooks<\/li>\n<\/ul>\n<p><strong><span style=\"color: #FF0000;\">Weitere Angebote auf Anfrage Tel.: 07164 909700<\/span><\/strong><\/p>\n<h2>Installation von Ger\u00e4ten und Softwarel\u00f6sungen<\/h2>\n<p>In unserer sich rasant ver\u00e4ndernden Umgebung gibt es beharrlich Innovationen. Der Erwerb eines neuen PCs, Druckers, Scanners oder einer Fritz box kann f\u00fcr den Nichtexperten ziemlich anspruchsvoll sein. Sie haben weder Zeit noch Wissen, wie neuartige Softwareprogramme benutzt werden k\u00f6nnen? Dann betreuen wir Sie gerne dabei. Selbstverst\u00e4ndlich z\u00e4hlt eine Ger\u00e4te- wie auch Softwareinstallation zu unseren Arbeiten.<\/p>\n<p>Rechner wie auch Notebook-Aufr\u00fcstung \u2013 gewissenhaft und qualifiziert von kaelberer services.<\/p>\n<p>Die Technik steht niemals still. Um Ihren Personalcomputer auf einem neuesten Status zu halten, m\u00fcsste ab und zu eine professionelle Aufr\u00fcstung durchgef\u00fchrt werden. Die Hardware-Aufr\u00fcstung ist bei uns in kompetenter Hand.<\/p>\n<h2>Wenn es Personalcomputer-Probleme gibt<\/h2>\n<p>Sollte Ihr Personal Computer nicht mehr korrekt funktionieren oder das Mobiltelefon oder der Laptop besch\u00e4digt ist, dann wenden Sie sich vertrauensvoll an kaelberer-services.<\/p>\n<p>Vollservice f\u00fcr alle Personal Computer, egal welches Model.<\/p>\n<p>Vielf\u00e4ltige Serviceleistungen, die Ihren PC und Notebook betreffen, \u00fcbernehmen unsere Experten mit reichlich Gewissenhaftigkeit. Unsere Firm ist Ihr professioneller Profi f\u00fcr Services in Dettingen unter Teck. Dabei ist unser Angebotsspektrum besonders breit gef\u00e4chert. Zudem bieten wir neben Personal Computer-Reparatur auch viele IT-Leistungen wie Datensicherung, Softwareinstallation und Einzelschulungen.<\/p>\n<h2>PC-Support f\u00fcr Privatleute<\/h2>\n<p>Die Bed\u00fcrfnisse von Privatleuten erfordern oft passende Services. Unsere Firma ist darauf eingestellt. Den \u00e4lteren Laptop m\u00fcssen Sie nicht gleich zum Altstoffsammelzentrum verfrachten, vermutlich ben\u00f6tigt er lediglich eine General\u00fcberholung und eine neuartige SSD-Festplatte. Hierbei gibt eine Reihe von Varianten, Nachhaltigkeit ins Spiel zu bringen.<\/p>\n<p><strong><cite>Personalcomputer-Service im privaten Bereich: <span style=\"color: #4F81BD;\"><strong>kaelberer services<\/strong><\/span> Telefon: 07164 909700 &#8211; | E-Mail: support@kaelberer-online.de<\/cite><\/strong><\/p>\n<p>[contact-form-7 id=&#8220;524&#8243; title=&#8220;PC-Reparatur-Privat&#8220;]<\/p>\n","protected":false},"excerpt":{"rendered":"<p>Ihr IT-Spezialist in der nahe gelegenen Umgebung: kaelberer services &#8211; unser Unternehmen ist nur ca 7.4 Km von Ihnen weg. Bei uns ist Ihre Heimcomputer-Fehlerbehebung in den besten H\u00e4nden! Dar\u00fcber hinaus k\u00f6nnen wir gewissenhaft IT-Wartungen inklusive Virenentfernung an Ihrem Rechner durchf\u00fchren. Gegebenenfalls ben\u00f6tigen Sie g\u00fcnstige und professionelle Kaufberatung, Datensicherung oder PC-Aufr\u00fcstung? In diesem Fall sind &hellip; <a href=\"https:\/\/www.kaelberer-online.de\/services\/privat\/pc-reparatur-privat-dettingen-unter-teck\/\" class=\"more-link\">Continue reading<span class=\"screen-reader-text\"> &#8222;PC Reparatur Privat in Dettingen unter Teck &#8211; Tel. 07164 909700&#8220;<\/span><\/a><\/p>\n","protected":false},"author":2,"featured_media":856,"parent":486,"menu_order":0,"comment_status":"closed","ping_status":"closed","template":"","meta":{"footnotes":""},"class_list":["post-855","page","type-page","status-publish","has-post-thumbnail","hentry"],"_links":{"self":[{"href":"https:\/\/www.kaelberer-online.de\/services\/wp-json\/wp\/v2\/pages\/855","targetHints":{"allow":["GET"]}}],"collection":[{"href":"https:\/\/www.kaelberer-online.de\/services\/wp-json\/wp\/v2\/pages"}],"about":[{"href":"https:\/\/www.kaelberer-online.de\/services\/wp-json\/wp\/v2\/types\/page"}],"author":[{"embeddable":true,"href":"https:\/\/www.kaelberer-online.de\/services\/wp-json\/wp\/v2\/users\/2"}],"replies":[{"embeddable":true,"href":"https:\/\/www.kaelberer-online.de\/services\/wp-json\/wp\/v2\/comments?post=855"}],"version-history":[{"count":0,"href":"https:\/\/www.kaelberer-online.de\/services\/wp-json\/wp\/v2\/pages\/855\/revisions"}],"up":[{"embeddable":true,"href":"https:\/\/www.kaelberer-online.de\/services\/wp-json\/wp\/v2\/pages\/486"}],"wp:featuredmedia":[{"embeddable":true,"href":"https:\/\/www.kaelberer-online.de\/services\/wp-json\/wp\/v2\/media\/856"}],"wp:attachment":[{"href":"https:\/\/www.kaelberer-online.de\/services\/wp-json\/wp\/v2\/media?parent=855"}],"curies":[{"name":"wp","href":"https:\/\/api.w.org\/{rel}","templated":true}]}}