{"id":853,"date":"2022-03-09T07:52:34","date_gmt":"2022-03-09T07:52:34","guid":{"rendered":"https:\/\/kaelberer-online.de\/services\/?page_id=853"},"modified":"2022-03-09T07:52:34","modified_gmt":"2022-03-09T07:52:34","slug":"pc-reparatur-privat-deggingen","status":"publish","type":"page","link":"https:\/\/www.kaelberer-online.de\/services\/privat\/pc-reparatur-privat-deggingen\/","title":{"rendered":"PC Reparatur Privat in Deggingen &#8211; Telefon 07164 909700"},"content":{"rendered":"<h2>Ihr IT-Experte in der nahe gelegenen Gegend: <span style=\"color: #4F81BD;\"><strong>kaelberer services<\/strong><\/span> &#8211; unsere Firma ist nur circa 8.8 Kilometer von Ihnen entfernt.<\/h2>\n<p>Bei unserer Firma ist Ihre Computer-Instandsetzung in den allerbesten H\u00e4nden! Au\u00dferdem k\u00f6nnen wir verl\u00e4sslich IT-Wartungen inklusive Virenentfernung an Ihrem Notebook durchf\u00fchren. Vielleicht w\u00fcnschen Sie fachm\u00e4nnische Kaufberatung, Datensicherung sowie PC-Aufr\u00fcstung? Dann sind wir der perfekte Ansprechpartner!<\/p>\n<h2>Unsere Mitarbeiter in Zell unter Aichelberg legen besonderen Wert auf individuellen PC-Service f\u00fcr unsere Privatkunden.<\/h2>\n<p>Nehmen Sie mit uns Kontakt auf unter Telefon 07164 909700 und verlangen Sie unsere PC-Unterst\u00fctzung. Dieses Angebot gilt sowohl in unseren B\u00fcror\u00e4umen als auch via Fernwartung oder vor Ort bei Ihnen in Deggingen. Wir sind Ihre profesionelle PC- Betreuung Ihr EDV-Fachmann<\/p>\n<h3>Die Services unserer Firma auf einen Blick:<\/h3>\n<ul>\n<li><span style=\"color: #4F81BD;\"><strong>kaelberer services<\/strong><\/span> steht Ihnen in jeder Lage rund um PC wie auch Notebook mit bestem Know How zur Seite.<\/li>\n<li>Es kommt \u00f6fter vor, als gedacht: ein Moment in dem man nicht aufpasst \u2013 falsche Taste bet\u00e4tigt und die Daten sind gel\u00f6scht.<\/li>\n<li>Fehlerbeseitigung und Instandsetzung von PCs, Notebooks<\/li>\n<li>Erweiterung von Personal Computer sowie Laptop<\/li>\n<li>Kompetente Schadensabwicklung rund um Heimcomputer und Datensicherung<\/li>\n<\/ul>\n<p><strong><span style=\"color: #FF0000;\">Weitere Dienstleistungen auf Anfrage Telefon: 07164 909700<\/span><\/strong><\/p>\n<h2>Inbetriebnahme von Ger\u00e4ten oder Softwarel\u00f6sungen<\/h2>\n<p>In unserer schnelllebigen Welt gibt es unabl\u00e4ssig Innovationen. Der Erwerb eines aktuellen PCs, Druckers, Scanners oder einer Fritz box kann f\u00fcr den Unerfahrenen besonders anspruchsvoll sein. Sie haben weder Zeit noch Wissen, wie neue Tools genutzt werden? Dann betreuen wir Sie gerne dabei. Nat\u00fcrlich geh\u00f6rt eine Ger\u00e4te- wie auch Installation von Software zu unseren T\u00e4tigkeiten.<\/p>\n<p>Rechner sowie Notebook-Aufr\u00fcstung \u2013 zuverl\u00e4ssig und professionell von kaelberer services.<\/p>\n<p>Die Technik steht nie still. Damit Sie immer auf dem neuesten Status mit Ihrem Heimcomputer sind, sollte ab und zu eine fachgerechte Aufr\u00fcstung vorgenommen werden. Ihre Hardware-Aufr\u00fcstung ist bei uns in kompetenter Hand.<\/p>\n<h2>Schadensabwicklung vom Fachmann<\/h2>\n<p>Sollte Ihr Heimcomputer nicht mehr korrekt funktionieren sowie das Smartphone oder Notebook besch\u00e4digt ist, dann wenden Sie sich vertrauensvoll an kaelberer-services.<\/p>\n<p>Vollservice f\u00fcr alle Personalcomputer, egal wie alt.<\/p>\n<p>Vielf\u00e4ltige Mehrwerte, die Ihren PC und Notebook betreffen, \u00fcbernehmen unsere Experten mit jeder Menge Gewissenhaftigkeit. Unsere Firm ist Ihr versierter Partner f\u00fcr Services in Deggingen. Dabei ist das Angebot ziemlich breit gef\u00e4chert. Dar\u00fcber hinaus offerieren wir neben Heimcomputer-Reparatur auch weitreichende EDV-Dienstleistungen wie Backup, Softwareinstallation und Einzelschulungen.<\/p>\n<h2>Rechner-Support f\u00fcr Private Kunden<\/h2>\n<p>Die Anforderungen von Privaten Kunden erfordern h\u00e4ufig individuelle L\u00f6sungen. Unsere Firma ist darauf eingestellt. Ihren \u00e4lteren Laptop m\u00fcssen Sie nicht zum Altstoffsammelzentrum verfrachten, wom\u00f6glich ben\u00f6tigt er nur eine Runderneuerung und eine moderne SSD-Harddisk. Hierbei gibt eine gro\u00dfe Anzahl von Varianten, Nachhaltigkeit ins Spiel zu bringen.<\/p>\n<p><strong><cite>Personal Computer-Dienst im privaten Rahmen: <span style=\"color: #4F81BD;\"><strong>kaelberer services<\/strong><\/span> Telefon: 07164 909700 &#8211; | E-Mail: support@kaelberer-online.de<\/cite><\/strong><\/p>\n<p>[contact-form-7 id=&#8220;524&#8243; title=&#8220;PC-Reparatur-Privat&#8220;]<\/p>\n","protected":false},"excerpt":{"rendered":"<p>Ihr IT-Experte in der nahe gelegenen Gegend: kaelberer services &#8211; unsere Firma ist nur circa 8.8 Kilometer von Ihnen entfernt. Bei unserer Firma ist Ihre Computer-Instandsetzung in den allerbesten H\u00e4nden! Au\u00dferdem k\u00f6nnen wir verl\u00e4sslich IT-Wartungen inklusive Virenentfernung an Ihrem Notebook durchf\u00fchren. Vielleicht w\u00fcnschen Sie fachm\u00e4nnische Kaufberatung, Datensicherung sowie PC-Aufr\u00fcstung? Dann sind wir der perfekte Ansprechpartner! &hellip; <a href=\"https:\/\/www.kaelberer-online.de\/services\/privat\/pc-reparatur-privat-deggingen\/\" class=\"more-link\">Continue reading<span class=\"screen-reader-text\"> &#8222;PC Reparatur Privat in Deggingen &#8211; Telefon 07164 909700&#8220;<\/span><\/a><\/p>\n","protected":false},"author":2,"featured_media":854,"parent":486,"menu_order":0,"comment_status":"closed","ping_status":"closed","template":"","meta":{"footnotes":""},"class_list":["post-853","page","type-page","status-publish","has-post-thumbnail","hentry"],"_links":{"self":[{"href":"https:\/\/www.kaelberer-online.de\/services\/wp-json\/wp\/v2\/pages\/853","targetHints":{"allow":["GET"]}}],"collection":[{"href":"https:\/\/www.kaelberer-online.de\/services\/wp-json\/wp\/v2\/pages"}],"about":[{"href":"https:\/\/www.kaelberer-online.de\/services\/wp-json\/wp\/v2\/types\/page"}],"author":[{"embeddable":true,"href":"https:\/\/www.kaelberer-online.de\/services\/wp-json\/wp\/v2\/users\/2"}],"replies":[{"embeddable":true,"href":"https:\/\/www.kaelberer-online.de\/services\/wp-json\/wp\/v2\/comments?post=853"}],"version-history":[{"count":0,"href":"https:\/\/www.kaelberer-online.de\/services\/wp-json\/wp\/v2\/pages\/853\/revisions"}],"up":[{"embeddable":true,"href":"https:\/\/www.kaelberer-online.de\/services\/wp-json\/wp\/v2\/pages\/486"}],"wp:featuredmedia":[{"embeddable":true,"href":"https:\/\/www.kaelberer-online.de\/services\/wp-json\/wp\/v2\/media\/854"}],"wp:attachment":[{"href":"https:\/\/www.kaelberer-online.de\/services\/wp-json\/wp\/v2\/media?parent=853"}],"curies":[{"name":"wp","href":"https:\/\/api.w.org\/{rel}","templated":true}]}}