{"id":851,"date":"2022-03-30T11:29:33","date_gmt":"2022-03-30T11:29:33","guid":{"rendered":"https:\/\/kaelberer-online.de\/services\/?page_id=851"},"modified":"2022-03-30T11:29:33","modified_gmt":"2022-03-30T11:29:33","slug":"pc-reparatur-privat-bissingen-an-der-teck","status":"publish","type":"page","link":"https:\/\/www.kaelberer-online.de\/services\/privat\/pc-reparatur-privat-bissingen-an-der-teck\/","title":{"rendered":"PC Reparatur Privat in Bissingen an der Teck &#8211; Tel. 07164 909700"},"content":{"rendered":"<h2>Ihr EDV-Spezialist aus der n\u00e4chsten N\u00e4he: <span style=\"color: #4F81BD;\"><strong>kaelberer services<\/strong><\/span> &#8211; unser Betrieb ist nur etwa 5.9 Kilometer von Ihnen weg.<\/h2>\n<p>Bei unserer Unternehmung ist Ihre Heimcomputer-Fehlerbehebung in den allerbesten H\u00e4nden! Au\u00dferdem f\u00fchren wir gewissenhaft IT-Wartungen inklusive Virenentfernung an Ihrem Laptop durch. M\u00f6glicherweise brauchen Sie professionelle Kaufberatung, Datensicherung oder PC-Aufr\u00fcstung? Dann sind wir der ideale Ansprechpartner!<\/p>\n<h2>Unsere Spezialisten in Zell u. A. legen gro\u00dfen Wert auf individuellen EDV-Service f\u00fcr unsere Privatkunden.<\/h2>\n<p>Nehmen Sie mit uns Kontakt auf unter E-Mail: support@kaelberer-online.de und fordern Sie unsere PC-Unterst\u00fctzung an. Unser Angebot gilt sowohl in unseren R\u00e4umlichkeiten als auch via Fernwartung oder vor Ort bei Ihnen in Bissingen an der Teck. Unsere Firma ist Ihre profesionelle Personal Computer- Betreuung Ihr EDV-Experte<\/p>\n<h3>Unsere Serviceleistungen auf einen Blick:<\/h3>\n<ul>\n<li>Professionelle Schadensabwicklung rund um Personal Computer und Datensicherung<\/li>\n<li>Installation, Konfiguration von Ger\u00e4ten sowie Software<\/li>\n<li>Fehlerbeseitigung und Instandsetzung von PCs, Notebooks<\/li>\n<li>Virenentfernung, Virenschutz wie auch g\u00fcnstige und professionelle Datensicherung<\/li>\n<li><span style=\"color: #4F81BD;\"><strong>kaelberer services<\/strong><\/span> steht Ihnen in jeder Lage rund um Personalcomputer und Laptop mit bestem Fachwissen zur Seite.<\/li>\n<\/ul>\n<p><strong><span style=\"color: #FF0000;\">Mehr Dienstleistungen auf Anfrage Telefon: 07164 909700<\/span><\/strong><\/p>\n<h2>Konfiguration von Komponennten sowie Softwarel\u00f6sungen<\/h2>\n<p>In unserer schnelllebigen Umgebung gibt es beharrlich \u00c4nderungen. Die Anschaffung eines aktuellen PCs, Druckers, Scanners oder einer Fritz box kann f\u00fcr den Unerfahrenen besonders anspruchsvoll sein. Sie haben weder Zeit noch Wissen, wie moderne Tools benutzt werden k\u00f6nnen? Dann unterst\u00fctzen wir Sie nat\u00fcrlich dabei. Selbstverst\u00e4ndlich geh\u00f6rt die Ger\u00e4te- und Installation von Software zu unseren T\u00e4tigkeiten.<\/p>\n<p>Personalcomputer und Laptop-Aufr\u00fcstung \u2013 gewissenhaft und kompetent von kaelberer services.<\/p>\n<p>Die Technik steht niemals still. Um Ihren Rechner auf dem aktuellen Stand zu halten, m\u00fcsste ab und zu eine fachgerechte Aufr\u00fcstung gemacht werden. Ihre Hardware-Aufr\u00fcstung ist bei uns in professioneller Hand.<\/p>\n<h2>Wenn es PC-Probleme gibt<\/h2>\n<p>Wenn Ihr PC nicht mehr fehlerfrei funktioniert und das Handy oder der Laptop besch\u00e4digt ist, dann wenden Sie sich vertrauensvoll an kaelberer-services.<\/p>\n<p>Rund um Service f\u00fcr s\u00e4mtliche Personalcomputer, egal welches Model.<\/p>\n<p>Vielf\u00e4ltige Services, die Ihren PC und Laptop betreffen, \u00fcbernimmt unser Fachbetrieb mit viel Genauigkeit. Unsere Firm ist Ihr qualifizierter Profi f\u00fcr Services in Bissingen an der Teck. Dabei ist das Angebot besonders weit gef\u00e4chert. Au\u00dferdem bieten wir neben Personal Computer-Reparatur auch viele EDV-Leistungen wie Datensicherung, Softwareinstallation und Schulungen.<\/p>\n<h2>Personal Computer-Unterst\u00fctzung f\u00fcr Privatleute<\/h2>\n<p>Die Anforderungen von Privatkunden ben\u00f6tigen oft besondere L\u00f6sungen. Wir von kaelberer-services sind darauf eingestellt. Den \u00e4lteren Laptop m\u00fcssen Sie nicht zum Wertstoffhof bringen, wom\u00f6glich ben\u00f6tigt er lediglich eine General\u00fcberholung sowie eine neuartige SSD-Harddisk. Hierbei gibt eine gro\u00dfe Anzahl von Chancen, Nachhaltigkeit ins Spiel zu bringen.<\/p>\n<p><strong><cite>Personal Computer-Service im privaten Bereich: <span style=\"color: #4F81BD;\"><strong>kaelberer services<\/strong><\/span> Telefon: 07164 909700 &#8211; | E-Mail: support@kaelberer-online.de<\/cite><\/strong><\/p>\n<p>[contact-form-7 id=&#8220;524&#8243; title=&#8220;PC-Reparatur-Privat&#8220;]<\/p>\n","protected":false},"excerpt":{"rendered":"<p>Ihr EDV-Spezialist aus der n\u00e4chsten N\u00e4he: kaelberer services &#8211; unser Betrieb ist nur etwa 5.9 Kilometer von Ihnen weg. Bei unserer Unternehmung ist Ihre Heimcomputer-Fehlerbehebung in den allerbesten H\u00e4nden! Au\u00dferdem f\u00fchren wir gewissenhaft IT-Wartungen inklusive Virenentfernung an Ihrem Laptop durch. M\u00f6glicherweise brauchen Sie professionelle Kaufberatung, Datensicherung oder PC-Aufr\u00fcstung? Dann sind wir der ideale Ansprechpartner! Unsere &hellip; <a href=\"https:\/\/www.kaelberer-online.de\/services\/privat\/pc-reparatur-privat-bissingen-an-der-teck\/\" class=\"more-link\">Continue reading<span class=\"screen-reader-text\"> &#8222;PC Reparatur Privat in Bissingen an der Teck &#8211; Tel. 07164 909700&#8220;<\/span><\/a><\/p>\n","protected":false},"author":2,"featured_media":852,"parent":486,"menu_order":0,"comment_status":"closed","ping_status":"closed","template":"","meta":{"footnotes":""},"class_list":["post-851","page","type-page","status-publish","has-post-thumbnail","hentry"],"_links":{"self":[{"href":"https:\/\/www.kaelberer-online.de\/services\/wp-json\/wp\/v2\/pages\/851","targetHints":{"allow":["GET"]}}],"collection":[{"href":"https:\/\/www.kaelberer-online.de\/services\/wp-json\/wp\/v2\/pages"}],"about":[{"href":"https:\/\/www.kaelberer-online.de\/services\/wp-json\/wp\/v2\/types\/page"}],"author":[{"embeddable":true,"href":"https:\/\/www.kaelberer-online.de\/services\/wp-json\/wp\/v2\/users\/2"}],"replies":[{"embeddable":true,"href":"https:\/\/www.kaelberer-online.de\/services\/wp-json\/wp\/v2\/comments?post=851"}],"version-history":[{"count":0,"href":"https:\/\/www.kaelberer-online.de\/services\/wp-json\/wp\/v2\/pages\/851\/revisions"}],"up":[{"embeddable":true,"href":"https:\/\/www.kaelberer-online.de\/services\/wp-json\/wp\/v2\/pages\/486"}],"wp:featuredmedia":[{"embeddable":true,"href":"https:\/\/www.kaelberer-online.de\/services\/wp-json\/wp\/v2\/media\/852"}],"wp:attachment":[{"href":"https:\/\/www.kaelberer-online.de\/services\/wp-json\/wp\/v2\/media?parent=851"}],"curies":[{"name":"wp","href":"https:\/\/api.w.org\/{rel}","templated":true}]}}