{"id":849,"date":"2022-03-24T20:55:55","date_gmt":"2022-03-24T20:55:55","guid":{"rendered":"https:\/\/kaelberer-online.de\/services\/?page_id=849"},"modified":"2022-03-24T20:55:55","modified_gmt":"2022-03-24T20:55:55","slug":"pc-reparatur-privat-bad-ditzenbach","status":"publish","type":"page","link":"https:\/\/www.kaelberer-online.de\/services\/privat\/pc-reparatur-privat-bad-ditzenbach\/","title":{"rendered":"PC Reparatur Privat in Bad Ditzenbach &#8211; Tel. 07164 909700"},"content":{"rendered":"<h2>Ihr IT-Fachmann aus der N\u00e4he: <span style=\"color: #4F81BD;\"><strong>kaelberer services<\/strong><\/span> &#8211; unsere Firma ist nur ca 6.5 Kilometer von Ihnen weg.<\/h2>\n<p>Bei unserer Unternehmung ist Ihre Personal Computer-Reparatur in den besten H\u00e4nden! Au\u00dferdem f\u00fchren wir gewissenhaft IT-Wartungen inklusive Virenentfernung an Ihrem Laptop durch. Vielleicht w\u00fcnschen Sie zuverl\u00e4ssige Kaufberatung, Datensicherung oder Personal Computer-Aufr\u00fcstung? In diesem Fall sind wir der optimale Partner!<\/p>\n<h2>Unsere Mitarbeiter in Zell unter Aichelberg legen besonderen Wert auf individuellen PC-Service f\u00fcr unsere Privaten Klienten.<\/h2>\n<p>Nehmen Sie mit uns Kontakt auf unter E-Mail: support@kaelberer-online.de und fordern Sie unsere PC-Unterst\u00fctzung an. Dieses Angebot gilt sowohl in unseren B\u00fcror\u00e4umen als auch \u00fcber Fernwartung oder vor Ort bei Ihnen in Bad Ditzenbach. Unsere Firma ist Ihre profesionelle Personal Computer- Betreuung Ihr EDV-Experte<\/p>\n<h3>Unsere Serviceleistungen auf einen Blick:<\/h3>\n<ul>\n<li>Installation von Ger\u00e4ten sowie Software<\/li>\n<li>Virenentfernung, Virenschutz sowie gute und preiswerte Datensicherung<\/li>\n<li>Professionelle Abwicklung rund um Heimcomputer und Datensicherung<\/li>\n<li>Reparatur und Instandsetzung von Computern, Notebooks<\/li>\n<li>Manchmal kommt es vor: ein Moment in dem man nicht aufpasst \u2013 falsche Taste gedr\u00fcckt und Daten sind gel\u00f6scht.<\/li>\n<li>Aufr\u00fcstung von Personal Computer beziehungsweise Laptop<\/li>\n<li>Unsere Firma steht Ihnen in jeder Lage rund um Heimcomputer sowie Notebook mit bestem Fachwissen zur Seite.<\/li>\n<\/ul>\n<p><strong><span style=\"color: #FF0000;\">Zus\u00e4tzliche Dienste auf Anfrage Telefon: 07164 909700<\/span><\/strong><\/p>\n<h2>Konfiguration von Ger\u00e4ten sowie Software<\/h2>\n<p>In unserer sich rasant ver\u00e4ndernden Umgebung gibt es st\u00e4ndig Neuerungen. Die Anschaffung eines neuen Rechners, Druckers, Scanners oder einer Fritz box kann f\u00fcr den Nichtexperten besonders fordernd sein. Sie haben weder Zeit noch Wissen, wie neue Tools benutzt werden k\u00f6nnen? Dann unterst\u00fctzen wir Sie nat\u00fcrlich dabei. Nat\u00fcrlich geh\u00f6rt die Ger\u00e4te- sowie Softwareinstallation zu unseren Aufgaben.<\/p>\n<p>PC sowie Laptop-Aufr\u00fcstung \u2013 gewissenhaft und fachkundig von kaelberer services.<\/p>\n<p>Die Technik steht nie still. Um Ihren Heimcomputer auf dem neusten Status zu halten, sollte ab und zu eine fachgerechte Aufr\u00fcstung gemacht werden. Die Hardware-Aufr\u00fcstung ist bei uns in professioneller Hand.<\/p>\n<h2>Schadensabwicklung vom Profi<\/h2>\n<p>Wenn Ihr Personalcomputer nicht mehr richtig funktioniert oder das Handy oder Notebook besch\u00e4digt ist, dann wenden Sie sich vertrauensvoll an kaelberer-services.<\/p>\n<p>Vollservice f\u00fcr alle Personal Computer, egal welches Model.<\/p>\n<p>Umfassende Dienste, die Ihren Rechner und Notebook betreffen, \u00fcbernimmt unser Fachbetrieb mit jeder Menge Genauigkeit. <span style=\"color: #4F81BD;\"><strong>kaelberer services<\/strong><\/span> ist Ihr professioneller Partner f\u00fcr Services in Bad Ditzenbach. Dabei ist unser Angebotsspektrum besonders weit gef\u00e4chert. Dar\u00fcber hinaus offerieren wir neben PC-Reparatur auch viele EDV-Dienstleistungen wie Backup, Softwareinstallation und Schulungen.<\/p>\n<h2>Rechner-Support f\u00fcr Private Kunden<\/h2>\n<p>Die Anforderungen von Privatkunden erfordern oft individuelle Services. Unsere Techniker von kaelberer-services sind darauf eingestellt. Ihren alten Laptop m\u00fcssen Sie nicht zum Altstoffsammelzentrum transportieren, vielleicht ben\u00f6tigt er nur eine General\u00fcberholung und eine moderne SSD-Harddisk. Hierbei gibt eine Reihe von M\u00f6glichkeiten, Nachhaltigkeit ins Spiel zu bringen.<\/p>\n<p><strong><cite>Heimcomputer-Dienst privat: <span style=\"color: #4F81BD;\"><strong>kaelberer services<\/strong><\/span> Telefon: 07164 909700 &#8211; | E-Mail: support@kaelberer-online.de<\/cite><\/strong><\/p>\n<p>[contact-form-7 id=&#8220;524&#8243; title=&#8220;PC-Reparatur-Privat&#8220;]<\/p>\n","protected":false},"excerpt":{"rendered":"<p>Ihr IT-Fachmann aus der N\u00e4he: kaelberer services &#8211; unsere Firma ist nur ca 6.5 Kilometer von Ihnen weg. Bei unserer Unternehmung ist Ihre Personal Computer-Reparatur in den besten H\u00e4nden! Au\u00dferdem f\u00fchren wir gewissenhaft IT-Wartungen inklusive Virenentfernung an Ihrem Laptop durch. Vielleicht w\u00fcnschen Sie zuverl\u00e4ssige Kaufberatung, Datensicherung oder Personal Computer-Aufr\u00fcstung? In diesem Fall sind wir der &hellip; <a href=\"https:\/\/www.kaelberer-online.de\/services\/privat\/pc-reparatur-privat-bad-ditzenbach\/\" class=\"more-link\">Continue reading<span class=\"screen-reader-text\"> &#8222;PC Reparatur Privat in Bad Ditzenbach &#8211; Tel. 07164 909700&#8220;<\/span><\/a><\/p>\n","protected":false},"author":2,"featured_media":850,"parent":486,"menu_order":0,"comment_status":"closed","ping_status":"closed","template":"","meta":{"footnotes":""},"class_list":["post-849","page","type-page","status-publish","has-post-thumbnail","hentry"],"_links":{"self":[{"href":"https:\/\/www.kaelberer-online.de\/services\/wp-json\/wp\/v2\/pages\/849","targetHints":{"allow":["GET"]}}],"collection":[{"href":"https:\/\/www.kaelberer-online.de\/services\/wp-json\/wp\/v2\/pages"}],"about":[{"href":"https:\/\/www.kaelberer-online.de\/services\/wp-json\/wp\/v2\/types\/page"}],"author":[{"embeddable":true,"href":"https:\/\/www.kaelberer-online.de\/services\/wp-json\/wp\/v2\/users\/2"}],"replies":[{"embeddable":true,"href":"https:\/\/www.kaelberer-online.de\/services\/wp-json\/wp\/v2\/comments?post=849"}],"version-history":[{"count":0,"href":"https:\/\/www.kaelberer-online.de\/services\/wp-json\/wp\/v2\/pages\/849\/revisions"}],"up":[{"embeddable":true,"href":"https:\/\/www.kaelberer-online.de\/services\/wp-json\/wp\/v2\/pages\/486"}],"wp:featuredmedia":[{"embeddable":true,"href":"https:\/\/www.kaelberer-online.de\/services\/wp-json\/wp\/v2\/media\/850"}],"wp:attachment":[{"href":"https:\/\/www.kaelberer-online.de\/services\/wp-json\/wp\/v2\/media?parent=849"}],"curies":[{"name":"wp","href":"https:\/\/api.w.org\/{rel}","templated":true}]}}