{"id":845,"date":"2022-03-07T09:14:33","date_gmt":"2022-03-07T09:14:33","guid":{"rendered":"https:\/\/kaelberer-online.de\/services\/?page_id=845"},"modified":"2022-03-07T09:14:33","modified_gmt":"2022-03-07T09:14:33","slug":"pc-reparatur-privat-albershausen","status":"publish","type":"page","link":"https:\/\/www.kaelberer-online.de\/services\/privat\/pc-reparatur-privat-albershausen\/","title":{"rendered":"PC Reparatur Privat in Albershausen &#8211; Telefon 07164 909700"},"content":{"rendered":"<h2>Ihr EDV-Profi aus der N\u00e4he: <span style=\"color: #4F81BD;\"><strong>kaelberer services<\/strong><\/span> &#8211; unser Betrieb ist nur ungef\u00e4hr 3.1 Km von Ihnen entfernt.<\/h2>\n<p>Bei uns ist Ihre Rechner-Reparatur in den besten H\u00e4nden! Dar\u00fcber hinaus k\u00f6nnen wir gewissenhaft IT-Wartungen inklusive Virenentfernung an Ihrem PC durchf\u00fchren. Vielleicht ben\u00f6tigen Sie fachm\u00e4nnische Kaufberatung, Datensicherung oder PC-Aufr\u00fcstung? Dann sind wir der ideale Ansprechpartner!<\/p>\n<h2>Wir von <span style=\"color: #4F81BD;\"><strong>kaelberer services<\/strong><\/span> in Zell unter Aichelberg legen gro\u00dfen Wert auf individuellen EDV-Service f\u00fcr unsere Privatkunden.<\/h2>\n<p>Nehmen Sie mit uns Kontakt auf unter Telefon 07164 909700 und verlangen Sie unsere PC-Unterst\u00fctzung. Dieses Angebot gilt sowohl in unseren B\u00fcror\u00e4umen wie auch \u00fcber Fernwartung oder vor Ort bei Ihnen in Albershausen. Unsere Firma ist Ihre fachkundige PC- Betreuung Ihr IT-Experte<\/p>\n<h3>Die Services unserer Firma auf einen Blick:<\/h3>\n<ul>\n<li>Manchmal kommt es vor: ein unachtsamer Moment \u2013 versehentlich falsche Taste bet\u00e4tigt und Daten sind gel\u00f6scht.<\/li>\n<li>Installation, Konfiguration von Ger\u00e4tschaft sowie Software<\/li>\n<li>Virenentfernung, Virenschutz sowie gute und preiswerte Sicherung Ihrer Daten<\/li>\n<li><span style=\"color: #4F81BD;\"><strong>kaelberer services<\/strong><\/span> steht Ihnen in jeder Situation rund um PC und Notebook mit bestem Know How zur Seite.<\/li>\n<li>Fehlerbeseitigung und Reparatur von PCs, Notebooks<\/li>\n<li>Kompetente Schadensabwicklung rund um Personal Computer und Datensicherung<\/li>\n<\/ul>\n<p><strong><span style=\"color: #FF0000;\">Erg\u00e4nzende Dienste auf Anfrage Tel.: 07164 909700<\/span><\/strong><\/p>\n<h2>Installation von Komponennten oder Software<\/h2>\n<p>In unserer schnelllebigen Umgebung gibt es beharrlich \u00c4nderungen. Der Erwerb eines aktuellen Computers, Druckers, Scanners oder einer Fritz box kann f\u00fcr den Unerfahrenen ausgesprochen fordernd sein. Sie haben weder Zeit noch Wissen, wie neuartige Softwareprogramme benutzt werden k\u00f6nnen? Dann unterst\u00fctzen wir Sie gern dabei. Nat\u00fcrlich z\u00e4hlt die Ger\u00e4te- und Installation von Software zu unseren T\u00e4tigkeiten.<\/p>\n<p>PC sowie Notebook-Aufr\u00fcstung \u2013 verl\u00e4sslich und qualifiziert von kaelberer services.<\/p>\n<p>Die Technik steht nie still. Um Ihren Rechner auf dem neuesten Stand zu halten, m\u00fcsste ab und zu eine fachm\u00e4nnische Aufr\u00fcstung realisiert werden. Ihre Hardware-Aufr\u00fcstung ist bei uns in professioneller Hand.<\/p>\n<h2>Wenn der Personal Computer einmal schadhaft ist<\/h2>\n<p>Sollte Ihr Personal Computer nicht mehr korrekt funktionieren sowie das Handy oder Notebook l\u00e4diert ist, dann wenden Sie sich vertrauensvoll an uns.<\/p>\n<p>Vollservice f\u00fcr jegliche Heimcomputer, egal welches Model.<\/p>\n<p>Umfassende Serviceleistungen, die Ihren Rechner und Laptop betreffen, \u00fcbernehmen unsere Experten mit jeder Menge Gewissenhaftigkeit. Unsere Firm ist Ihr kompetenter Profi f\u00fcr Services in Albershausen. Dabei ist das Angebot besonders weit gef\u00e4chert. Im \u00dcbrigen bieten wir neben Rechner-Reparatur auch weitreichende EDV-Leistungen wie Datensicherung, Softwareinstallation und Schulungen.<\/p>\n<h2>PC-Unterst\u00fctzung f\u00fcr Private Kunden<\/h2>\n<p>Die Anforderungen von Privatleuten ben\u00f6tigen oft besondere Services. Unsere Firma ist darauf eingestellt. Den \u00e4lteren Laptop m\u00fcssen Sie nicht zum Recyclinghof verfrachten, wom\u00f6glich ben\u00f6tigt er lediglich eine General\u00fcberholung oder eine neuartige SSD-Harddisk. In diesem Fall gibt eine Reihe von L\u00f6sungen, Nachhaltigkeit ins Spiel zu bringen.<\/p>\n<p><strong><cite>PC-Service privat: <span style=\"color: #4F81BD;\"><strong>kaelberer services<\/strong><\/span> Telefon: 07164 909700 &#8211; | E-Mail: support@kaelberer-online.de<\/cite><\/strong><\/p>\n<p>[contact-form-7 id=&#8220;524&#8243; title=&#8220;PC-Reparatur-Privat&#8220;]<\/p>\n","protected":false},"excerpt":{"rendered":"<p>Ihr EDV-Profi aus der N\u00e4he: kaelberer services &#8211; unser Betrieb ist nur ungef\u00e4hr 3.1 Km von Ihnen entfernt. Bei uns ist Ihre Rechner-Reparatur in den besten H\u00e4nden! Dar\u00fcber hinaus k\u00f6nnen wir gewissenhaft IT-Wartungen inklusive Virenentfernung an Ihrem PC durchf\u00fchren. Vielleicht ben\u00f6tigen Sie fachm\u00e4nnische Kaufberatung, Datensicherung oder PC-Aufr\u00fcstung? Dann sind wir der ideale Ansprechpartner! Wir von &hellip; <a href=\"https:\/\/www.kaelberer-online.de\/services\/privat\/pc-reparatur-privat-albershausen\/\" class=\"more-link\">Continue reading<span class=\"screen-reader-text\"> &#8222;PC Reparatur Privat in Albershausen &#8211; Telefon 07164 909700&#8220;<\/span><\/a><\/p>\n","protected":false},"author":2,"featured_media":846,"parent":486,"menu_order":0,"comment_status":"closed","ping_status":"closed","template":"","meta":{"footnotes":""},"class_list":["post-845","page","type-page","status-publish","has-post-thumbnail","hentry"],"_links":{"self":[{"href":"https:\/\/www.kaelberer-online.de\/services\/wp-json\/wp\/v2\/pages\/845","targetHints":{"allow":["GET"]}}],"collection":[{"href":"https:\/\/www.kaelberer-online.de\/services\/wp-json\/wp\/v2\/pages"}],"about":[{"href":"https:\/\/www.kaelberer-online.de\/services\/wp-json\/wp\/v2\/types\/page"}],"author":[{"embeddable":true,"href":"https:\/\/www.kaelberer-online.de\/services\/wp-json\/wp\/v2\/users\/2"}],"replies":[{"embeddable":true,"href":"https:\/\/www.kaelberer-online.de\/services\/wp-json\/wp\/v2\/comments?post=845"}],"version-history":[{"count":0,"href":"https:\/\/www.kaelberer-online.de\/services\/wp-json\/wp\/v2\/pages\/845\/revisions"}],"up":[{"embeddable":true,"href":"https:\/\/www.kaelberer-online.de\/services\/wp-json\/wp\/v2\/pages\/486"}],"wp:featuredmedia":[{"embeddable":true,"href":"https:\/\/www.kaelberer-online.de\/services\/wp-json\/wp\/v2\/media\/846"}],"wp:attachment":[{"href":"https:\/\/www.kaelberer-online.de\/services\/wp-json\/wp\/v2\/media?parent=845"}],"curies":[{"name":"wp","href":"https:\/\/api.w.org\/{rel}","templated":true}]}}