{"id":843,"date":"2022-03-13T13:12:56","date_gmt":"2022-03-13T13:12:56","guid":{"rendered":"https:\/\/kaelberer-online.de\/services\/?page_id=843"},"modified":"2022-03-13T13:12:56","modified_gmt":"2022-03-13T13:12:56","slug":"pc-reparatur-privat-aichelberg","status":"publish","type":"page","link":"https:\/\/www.kaelberer-online.de\/services\/privat\/pc-reparatur-privat-aichelberg\/","title":{"rendered":"PC Reparatur Privat f\u00fcr Aichelberg &#8211; Tel. 07164 909700"},"content":{"rendered":"<h2>Ihr EDV-Spezialist aus der nahe gelegenen Gegend: <span style=\"color: #4F81BD;\"><strong>kaelberer services<\/strong><\/span> &#8211; unsere Firma ist nur ungef\u00e4hr 0.5 Kilometer von Ihnen weg.<\/h2>\n<p>Bei uns ist Ihre PC-Fehlerbeseitigung in den allerbesten H\u00e4nden! Dar\u00fcber hinaus f\u00fchren wir verl\u00e4sslich IT-Wartungen inklusive Virenentfernung an Ihrem PC durch. Unter Umst\u00e4nden brauchen Sie kompetente Kaufberatung, Datensicherung und PC-Aufr\u00fcstung? Dann sind wir der geeignete Ansprechpartner!<\/p>\n<h2>Unsere Mitarbeiter in Zell unter Aichelberg legen gro\u00dfen Wert auf pers\u00f6nlichen EDV-Service f\u00fcr unsere Privaten Kunden.<\/h2>\n<p>Nehmen Sie mit uns Kontakt auf unter Telefon 07164 909700 und fordern Sie unsere PC-Unterst\u00fctzung an. Unser Angebot gilt sowohl in unseren R\u00e4umlichkeiten wie auch via Fernwartung oder vor Ort bei Ihnen in Aichelberg. Unsere Firma ist Ihre fachkundige Heimcomputer- Betreuung Ihr EDV-Experte<\/p>\n<h3>Unsere Serviceleistungen auf einen Blick:<\/h3>\n<ul>\n<li>Fehlerbeseitigung und Instandsetzung von PCs, Notebooks<\/li>\n<li>Es kommt \u00f6fter vor, als gedacht: ein Moment in dem man nicht aufpasst \u2013 versehentlich falsche Taste gedr\u00fcckt und Daten sind gel\u00f6scht.<\/li>\n<li>Installation von Ger\u00e4tschaft wie auch Software<\/li>\n<li>Unsere Firma steht Ihnen in jeder Lage rund um Personal Computer sowie Notebook mit bestem Wissen zur Seite.<\/li>\n<li>Virenentfernung, Virenschutz wie auch professionelle Datensicherung<\/li>\n<li>Professionelle Schadensabwicklung rund um PC und Datensicherung<\/li>\n<\/ul>\n<p><strong><span style=\"color: #FF0000;\">Weitere Dienste auf Anfrage Telefon: 07164 909700<\/span><\/strong><\/p>\n<h2>Konfiguration von Komponennten oder Softwarel\u00f6sungen<\/h2>\n<p>In unserer schnelllebigen Welt gibt es andauernd Neuerungen. Die Anschaffung eines brandneuen Computers, Druckers, Scanners oder einer Fritz box kann f\u00fcr den Nichtexperten \u00fcberaus fordernd sein. Sie wissen nicht, wie neuartige Anwendungen genutzt werden k\u00f6nnen? Dann unterst\u00fctzen wir Sie gerne dabei. Selbstredend z\u00e4hlt die Ger\u00e4te- wie auch Softwareinstallation zu unseren Aufgaben.<\/p>\n<p>Personal Computer wie auch Notebook-Aufr\u00fcstung \u2013 verl\u00e4sslich und qualifiziert von kaelberer services.<\/p>\n<p>Die Technik steht nie still. Damit Sie stets auf dem neuesten Status mit Ihrem PC sind, m\u00fcsste von Zeit zu Zeit eine professionelle Aufr\u00fcstung durchgef\u00fchrt werden. Ihre Hardware-Aufr\u00fcstung ist bei uns in kompetenter Hand.<\/p>\n<h2>Schadensabwicklung vom Experten<\/h2>\n<p>Wenn Ihr Personal Computer nicht mehr fehlerfrei funktioniert sowie das Handy oder Notebook l\u00e4diert ist, dann wenden Sie sich vertrauensvoll an uns.<\/p>\n<p>Vollservice f\u00fcr s\u00e4mtliche Personalcomputer, egal welche Marke.<\/p>\n<p>Weitreichende Services, die Ihren Rechner und Notebook betreffen, \u00fcbernimmt unser Fachbetrieb mit jeder Menge Sorgfalt. <span style=\"color: #4F81BD;\"><strong>kaelberer services<\/strong><\/span> ist Ihr routinierter Partner f\u00fcr Services in Aichelberg. Dabei ist unser Angebot ziemlich breit gef\u00e4chert. Zudem offerieren wir neben Rechner-Reparatur auch weitreichende IT-T\u00e4tigkeiten wie Datensicherung, Softwareinstallation und Schulungen.<\/p>\n<h2>Heimcomputer-Unterst\u00fctzung f\u00fcr Privatkunden<\/h2>\n<p>Die Anforderungen von Privatleuten erfordern oft ma\u00dfgeschneiderte Services. Unsere Firma ist darauf eingestellt. Ihren \u00e4lteren Laptop m\u00fcssen Sie nicht zum Wertstoffhof bringen, wahrscheinlich ben\u00f6tigt er lediglich eine Runderneuerung und eine moderne SSD-Festplatte. In diesem Fall gibt eine Reihe von M\u00f6glichkeiten, Nachhaltigkeit ins Spiel zu bringen.<\/p>\n<p><strong><cite>Rechner-Dienst im privaten Rahmen: <span style=\"color: #4F81BD;\"><strong>kaelberer services<\/strong><\/span> Telefon: 07164 909700 &#8211; | E-Mail: support@kaelberer-online.de<\/cite><\/strong><\/p>\n<p>[contact-form-7 id=&#8220;524&#8243; title=&#8220;PC-Reparatur-Privat&#8220;]<\/p>\n","protected":false},"excerpt":{"rendered":"<p>Ihr EDV-Spezialist aus der nahe gelegenen Gegend: kaelberer services &#8211; unsere Firma ist nur ungef\u00e4hr 0.5 Kilometer von Ihnen weg. Bei uns ist Ihre PC-Fehlerbeseitigung in den allerbesten H\u00e4nden! Dar\u00fcber hinaus f\u00fchren wir verl\u00e4sslich IT-Wartungen inklusive Virenentfernung an Ihrem PC durch. Unter Umst\u00e4nden brauchen Sie kompetente Kaufberatung, Datensicherung und PC-Aufr\u00fcstung? Dann sind wir der geeignete &hellip; <a href=\"https:\/\/www.kaelberer-online.de\/services\/privat\/pc-reparatur-privat-aichelberg\/\" class=\"more-link\">Continue reading<span class=\"screen-reader-text\"> &#8222;PC Reparatur Privat f\u00fcr Aichelberg &#8211; Tel. 07164 909700&#8220;<\/span><\/a><\/p>\n","protected":false},"author":2,"featured_media":844,"parent":486,"menu_order":0,"comment_status":"closed","ping_status":"closed","template":"","meta":{"footnotes":""},"class_list":["post-843","page","type-page","status-publish","has-post-thumbnail","hentry"],"_links":{"self":[{"href":"https:\/\/www.kaelberer-online.de\/services\/wp-json\/wp\/v2\/pages\/843","targetHints":{"allow":["GET"]}}],"collection":[{"href":"https:\/\/www.kaelberer-online.de\/services\/wp-json\/wp\/v2\/pages"}],"about":[{"href":"https:\/\/www.kaelberer-online.de\/services\/wp-json\/wp\/v2\/types\/page"}],"author":[{"embeddable":true,"href":"https:\/\/www.kaelberer-online.de\/services\/wp-json\/wp\/v2\/users\/2"}],"replies":[{"embeddable":true,"href":"https:\/\/www.kaelberer-online.de\/services\/wp-json\/wp\/v2\/comments?post=843"}],"version-history":[{"count":0,"href":"https:\/\/www.kaelberer-online.de\/services\/wp-json\/wp\/v2\/pages\/843\/revisions"}],"up":[{"embeddable":true,"href":"https:\/\/www.kaelberer-online.de\/services\/wp-json\/wp\/v2\/pages\/486"}],"wp:featuredmedia":[{"embeddable":true,"href":"https:\/\/www.kaelberer-online.de\/services\/wp-json\/wp\/v2\/media\/844"}],"wp:attachment":[{"href":"https:\/\/www.kaelberer-online.de\/services\/wp-json\/wp\/v2\/media?parent=843"}],"curies":[{"name":"wp","href":"https:\/\/api.w.org\/{rel}","templated":true}]}}