{"id":800,"date":"2021-11-25T08:57:46","date_gmt":"2021-11-25T08:57:46","guid":{"rendered":"https:\/\/kaelberer-online.de\/services\/?page_id=800"},"modified":"2021-11-25T08:57:46","modified_gmt":"2021-11-25T08:57:46","slug":"telefonanlage-aerzte-wiesensteig","status":"publish","type":"page","link":"https:\/\/www.kaelberer-online.de\/services\/telefonanlagen\/telefonanlage-aerzte-wiesensteig\/","title":{"rendered":"Telefonanlage f\u00fcr \u00c4rzte in Wiesensteig &#8211; Beratung: Telefon 07164 909700"},"content":{"rendered":"<h2>Aktuelle Telefonanlagen f\u00fcr Arztpraxen: Individuell und effektiv. Wir sind nur 6.9 km von Ihnen weg, falls Sie vor Ort Hilfe oder Support ben\u00f6tigen.<\/h2>\n<p>In den allermeisten Arztpraxen steht das Telefon niemals still. Besorgte Patienten rufen an weil sie schon vor dem Termin jede Menge Ausk\u00fcnfte brauchen, die sie im Vorhinein beantwortet haben wollen. Neben den organisatorischen Fragen nach Termin und Gesch\u00e4ftszeiten der Arztpraxis, ruft eine gro\u00dfe Anzahl Patientinnen und Patienten an, die sich schon in einer Behandlung befinden, um ein Folgerezept verordnet zu bekommen. Da dieser Wunsch nur w\u00e4hrend eines bestimmten Zeitfensters ge\u00e4u\u00dfert werden kann, kann es so f\u00fcr den einen oder anderen Patienten ein \u00c4rgernis sein, niemand zu erreichen.<\/p>\n<h2>IP-Telefonanlagen \u2013 zukunftsweisend und vielf\u00e4ltig f\u00fcr Ihre Praxis<\/h2>\n<p>Der enge Kontakt mit Patienten kann nur mit einer voll funktionsf\u00e4higen Telefonanlage erhalten werden. Bis dato stand einer Praxis f\u00fcr diesen Zweck anstatt der analogen L\u00f6sung, die ISDN Technologie zur Verf\u00fcgung. Individuell installierte Telefonanlagen erschienen den meisten Praxisinhabern zu kostentr\u00e4chtig.<\/p>\n<h2>Moderne IP-Technologie macht es realisierbar \u2013 ma\u00dfgeschneiderte Anrufsteuerung zum angemessenen Preis.<\/h2>\n<p>Dabei unterst\u00fctzen Sie spezifische Anruf-Beantworter mit Ansagetexten, welche der einzelnen Situation angepasst werden k\u00f6nnen. Auf diese Weise wird der Anrufer sofort davon in Kenntnis gesetzt, ab wann die Arztpraxis wieder erreichbar ist und zu welcher Zeit die generellen Sprechzeiten sind.<\/p>\n<h2>Informationsaustausch mit wenig Aufwand \u2013 moderne IP-Telefonanlagen f\u00fcr Praxen<\/h2>\n<p>Zus\u00e4tzlich zu den optimalen Ansagetexten kann z B auch das Smartphone in die Telefonanlage integriert werden. Auf diese Weise k\u00f6nnen Sie st\u00e4ndig erreichbar sein, wann immer Sie es f\u00fcr erforderlich halten.<\/p>\n<p>Sofern Sie einen Computer mit Windows n\u00fctzen, dann steht Ihnen zum W\u00e4hlen per Klick die so genannte TAPI Funktionalit\u00e4t zur Verf\u00fcgung. Und TAPI erkennt eingehende Rufnummern und zeigt Ihnen optional den Anrufer Beispielsweise in Ihrer Patientenverwaltung auf Anhieb an.<\/p>\n<p>Viele Praxen sind nach wie vor auf die Faxfunktion angewiesen, da manches Mal Laborwerte schnell gebraucht werden. Eine softwaregesteuerte IP-TK-Anlage ist in der Lage, die Faxnachricht via E-Mail weiterzuleiten. So wird keinerlei extra Papier gebraucht und die Laborwerte sind im Anschluss sogleich im PC einsehbar. Au\u00dferdem k\u00f6nnen sehr wichtige Laborwerte auf diese Weise in jedem Raum ausgewertet und bei Bedarf mit einem Patienten diskutiert werden. Mittels der TK-Anlage k\u00f6nnen Sie nat\u00fcrlich auch selbst Faxe versenden.<\/p>\n<p><strong><\/p>\n<p>Eine IP-Telefonanlage hilft Ihnen, Zeit zu sparen, die Ihren Patienten zugutekommt. IP-Telefonanlagen verbessern den Kommunikationsaustausch und verbessern die Stimmung.<\/p>\n<p><\/strong><\/p>\n<p>Sofern Sie sich eine individuell angepasste IP-Telefonanlage f\u00fcr Ihre Arztpraxis, die keineswegs die Welt kosten w\u00fcrde, w\u00fcnschen, dann rufen Sie uns direkt bei uns an! Dank der jahrzehntelangen Kenntnisse in diesem Gebiet k\u00f6nnen wir Sie detailliert unterst\u00fctzen und \u00fcber den neuesten Stand der IP-Telefonanlagen-Technik informieren.<\/p>\n<p><span style=\"color: #4F81BD;\"><\/p>\n<h2>Kundenberatung Telefonanlagen f\u00fcr \u00c4rzte<\/h2>\n<p><\/span><\/p>\n<p><strong>Telefon: 07164909700<\/strong> &#8211; <strong>E-Mail: support@kaelberer-online.de<\/strong> oder \u00fcber das folgende Formular, wir freuen uns auf Ihre Nachricht &#8211; <strong>Unsere Firma ist ganz in Ihrer N\u00e4he!<\/strong><\/p>\n<p>[contact-form-7 id=&#8220;482&#8243; title=&#8220;Kontakt Telefonanlagen f\u00fcr Aerzte&#8220;]<\/p>\n","protected":false},"excerpt":{"rendered":"<p>Aktuelle Telefonanlagen f\u00fcr Arztpraxen: Individuell und effektiv. Wir sind nur 6.9 km von Ihnen weg, falls Sie vor Ort Hilfe oder Support ben\u00f6tigen. In den allermeisten Arztpraxen steht das Telefon niemals still. Besorgte Patienten rufen an weil sie schon vor dem Termin jede Menge Ausk\u00fcnfte brauchen, die sie im Vorhinein beantwortet haben wollen. Neben den &hellip; <a href=\"https:\/\/www.kaelberer-online.de\/services\/telefonanlagen\/telefonanlage-aerzte-wiesensteig\/\" class=\"more-link\">Continue reading<span class=\"screen-reader-text\"> &#8222;Telefonanlage f\u00fcr \u00c4rzte in Wiesensteig &#8211; Beratung: Telefon 07164 909700&#8220;<\/span><\/a><\/p>\n","protected":false},"author":2,"featured_media":801,"parent":26,"menu_order":0,"comment_status":"closed","ping_status":"open","template":"","meta":{"footnotes":""},"class_list":["post-800","page","type-page","status-publish","has-post-thumbnail","hentry"],"_links":{"self":[{"href":"https:\/\/www.kaelberer-online.de\/services\/wp-json\/wp\/v2\/pages\/800","targetHints":{"allow":["GET"]}}],"collection":[{"href":"https:\/\/www.kaelberer-online.de\/services\/wp-json\/wp\/v2\/pages"}],"about":[{"href":"https:\/\/www.kaelberer-online.de\/services\/wp-json\/wp\/v2\/types\/page"}],"author":[{"embeddable":true,"href":"https:\/\/www.kaelberer-online.de\/services\/wp-json\/wp\/v2\/users\/2"}],"replies":[{"embeddable":true,"href":"https:\/\/www.kaelberer-online.de\/services\/wp-json\/wp\/v2\/comments?post=800"}],"version-history":[{"count":0,"href":"https:\/\/www.kaelberer-online.de\/services\/wp-json\/wp\/v2\/pages\/800\/revisions"}],"up":[{"embeddable":true,"href":"https:\/\/www.kaelberer-online.de\/services\/wp-json\/wp\/v2\/pages\/26"}],"wp:featuredmedia":[{"embeddable":true,"href":"https:\/\/www.kaelberer-online.de\/services\/wp-json\/wp\/v2\/media\/801"}],"wp:attachment":[{"href":"https:\/\/www.kaelberer-online.de\/services\/wp-json\/wp\/v2\/media?parent=800"}],"curies":[{"name":"wp","href":"https:\/\/api.w.org\/{rel}","templated":true}]}}