{"id":798,"date":"2021-12-26T04:08:29","date_gmt":"2021-12-26T04:08:29","guid":{"rendered":"https:\/\/kaelberer-online.de\/services\/?page_id=798"},"modified":"2021-12-26T04:08:29","modified_gmt":"2021-12-26T04:08:29","slug":"telefonanlage-aerzte-wernau","status":"publish","type":"page","link":"https:\/\/www.kaelberer-online.de\/services\/telefonanlagen\/telefonanlage-aerzte-wernau\/","title":{"rendered":"Telefonanlage f\u00fcr \u00c4rzte in Wernau &#8211; Beratung: Telefon 07164 909700"},"content":{"rendered":"<h2>Moderne Telefonanlagen f\u00fcr Arztpraxen: Ma\u00dfgeschneidert und effektiv. Unsere Firma ist nur 9.8 km von Ihnen weg, f\u00fcr den Fall, dass Sie vor Ort Unterst\u00fctzung oder Support ben\u00f6tigen.<\/h2>\n<p>In den meisten Arztpraxen klingelt das Telefon de ganzen Tag hei\u00df. Besorgte Patienten rufen an da sie bereits schon vor dem eigentlichen Termin eine Vielzahl Ausk\u00fcnfte brauchen, die sie im Voraus beantwortet haben wollen. Neben den organisatorischen Fragen nach Termin wie auch \u00d6ffnungszeiten der Arztpraxis, ruft eine Reihe Patienten an, die sich in Behandlung befinden, um ein Rezept verschrieben zu bekommen. Da dieser Wunsch nur w\u00e4hrend eines bestimmten Zeitfensters ge\u00e4u\u00dfert werden kann, kann es f\u00fcr manchen Patienten ein Problem sein, niemand zu erreichen.<\/p>\n<h2>Voice Over IP Telefonanlagen \u2013 modern und komfortabel f\u00fcr Ihre Arztpraxis<\/h2>\n<p>Der enge Austausch mit Patienten kann nur mit einer voll funktionsf\u00e4higen Telefonanlage aufrecht erhalten werden. Bisher stand einer Arztpraxis f\u00fcr diesen Zweck statt der analogen L\u00f6sung, die ISDN Technologie zur Verf\u00fcgung. Angepasst installierte Telefonanlagen erschienen den meisten Praxisinhabern zu kostspielig.<\/p>\n<h2>Moderne IP-Technologie macht es m\u00f6glich \u2013 angepasste Anrufsteuerung zum g\u00fcnstigen Kaufpreis.<\/h2>\n<p>Dabei st\u00fctzen Sie spezifische Anrufbeantworter mit Ansagetexten, welche der einzelnen Konstellation angepasst werden k\u00f6nnen. Auf diese Weise wird der Anrufer unmittelbar davon in Kenntnis gesetzt, ab wann die Praxis wieder erreichbar ist sowie zu welcher Zeit die grunds\u00e4tzlichen Sprechzeiten sind.<\/p>\n<h2>Kommunikation ohne viel Arbeitsaufwand \u2013 professionelle IP-Telefonanlagen f\u00fcr Praxen<\/h2>\n<p>Nebst den optimalen Ansage-Texten kann etwa auch das Mobiltelefon in die Telefonanlage eingef\u00fcgt werden. Auf diese Weise k\u00f6nnen Sie zu jeder Zeit erreichbar sein, wann immer Sie w\u00fcnschen.<\/p>\n<p>Sofern Sie einen Rechner mit Windows ben\u00fctzen, dann steht Ihnen zum W\u00e4hlen per Klick die sogenannte TAPI Funktion zur Verf\u00fcgung. Und die TAPI-Schnittstelle erkennt eingehende Rufnummern und zeigt Ihnen optional den Anrufer zum Beispiel in Ihrer Patientenverwaltung gleich an.<\/p>\n<p>Unz\u00e4hlige \u00c4rzte sind noch immer auf die Telefax-Funktion angewiesen, da \u00f6fters Werte aus einem Labor schnell gebraucht werden. Die softwaregesteuerte IP-TK-Anlage macht es m\u00f6glich, die Faxnachricht via Mail weiterzuleiten. So wird kein extra Papier ben\u00f6tigt und die Werte sind danach unmittelbar im PC abrufbar. Auch k\u00f6nnen wesentliche Laborwerte auf diese Weise in jedem Raum eingesehen und notfalls mit dem Patienten besprochen werden. Mit Hilfe der Telefonanlage k\u00f6nnen Sie erwartungsgem\u00e4\u00df auch selber Telefaxe versenden.<\/p>\n<p><strong><\/p>\n<p>Eine IP-TK-Anlage hilft Ihnen, Zeit einzusparen, die beispielsweise dem Patienten zugutekommen kann. IP-Telefonanlagen verbessern den Kommunikationsaustausch und erh\u00f6hen die Stimmung.<\/p>\n<p><\/strong><\/p>\n<p>Wenn Sie sich eine ma\u00dfgeschneidert angepasste IP-Telefonanlage f\u00fcr Ihre Praxis, die nicht die Welt kosten w\u00fcrde, w\u00fcnschen, dann nehmen Sie gerne mit unserem Team Kontakt auf! Dank der langj\u00e4hrigen Erfahrung auf diesem Gebiet k\u00f6nnen wir Sie umf\u00e4nglich informieren und \u00fcber den neusten Stand der IP-TK-Anlagen-Technik informieren.<\/p>\n<p><span style=\"color: #4F81BD;\"><\/p>\n<h2>Beratung IP-Tefonanlagen f\u00fcr \u00c4rzte<\/h2>\n<p><\/span><\/p>\n<p><strong>Telefon: 07164909700<\/strong> &#8211; <strong>E-Mail: support@kaelberer-online.de<\/strong> oder \u00fcber das folgende Formular, wir freuen uns auf Ihre Kontaktanfrage &#8211; <strong>Wir sind in Ihrer N\u00e4he!<\/strong><\/p>\n<p>[contact-form-7 id=&#8220;482&#8243; title=&#8220;Kontakt Telefonanlagen f\u00fcr Aerzte&#8220;]<\/p>\n","protected":false},"excerpt":{"rendered":"<p>Moderne Telefonanlagen f\u00fcr Arztpraxen: Ma\u00dfgeschneidert und effektiv. Unsere Firma ist nur 9.8 km von Ihnen weg, f\u00fcr den Fall, dass Sie vor Ort Unterst\u00fctzung oder Support ben\u00f6tigen. In den meisten Arztpraxen klingelt das Telefon de ganzen Tag hei\u00df. Besorgte Patienten rufen an da sie bereits schon vor dem eigentlichen Termin eine Vielzahl Ausk\u00fcnfte brauchen, die &hellip; <a href=\"https:\/\/www.kaelberer-online.de\/services\/telefonanlagen\/telefonanlage-aerzte-wernau\/\" class=\"more-link\">Continue reading<span class=\"screen-reader-text\"> &#8222;Telefonanlage f\u00fcr \u00c4rzte in Wernau &#8211; Beratung: Telefon 07164 909700&#8220;<\/span><\/a><\/p>\n","protected":false},"author":2,"featured_media":799,"parent":26,"menu_order":0,"comment_status":"closed","ping_status":"open","template":"","meta":{"footnotes":""},"class_list":["post-798","page","type-page","status-publish","has-post-thumbnail","hentry"],"_links":{"self":[{"href":"https:\/\/www.kaelberer-online.de\/services\/wp-json\/wp\/v2\/pages\/798","targetHints":{"allow":["GET"]}}],"collection":[{"href":"https:\/\/www.kaelberer-online.de\/services\/wp-json\/wp\/v2\/pages"}],"about":[{"href":"https:\/\/www.kaelberer-online.de\/services\/wp-json\/wp\/v2\/types\/page"}],"author":[{"embeddable":true,"href":"https:\/\/www.kaelberer-online.de\/services\/wp-json\/wp\/v2\/users\/2"}],"replies":[{"embeddable":true,"href":"https:\/\/www.kaelberer-online.de\/services\/wp-json\/wp\/v2\/comments?post=798"}],"version-history":[{"count":0,"href":"https:\/\/www.kaelberer-online.de\/services\/wp-json\/wp\/v2\/pages\/798\/revisions"}],"up":[{"embeddable":true,"href":"https:\/\/www.kaelberer-online.de\/services\/wp-json\/wp\/v2\/pages\/26"}],"wp:featuredmedia":[{"embeddable":true,"href":"https:\/\/www.kaelberer-online.de\/services\/wp-json\/wp\/v2\/media\/799"}],"wp:attachment":[{"href":"https:\/\/www.kaelberer-online.de\/services\/wp-json\/wp\/v2\/media?parent=798"}],"curies":[{"name":"wp","href":"https:\/\/api.w.org\/{rel}","templated":true}]}}