{"id":794,"date":"2022-01-03T16:03:15","date_gmt":"2022-01-03T16:03:15","guid":{"rendered":"https:\/\/kaelberer-online.de\/services\/?page_id=794"},"modified":"2022-01-03T16:03:15","modified_gmt":"2022-01-03T16:03:15","slug":"telefonanlage-aerzte-wangen","status":"publish","type":"page","link":"https:\/\/www.kaelberer-online.de\/services\/telefonanlagen\/telefonanlage-aerzte-wangen\/","title":{"rendered":"Telefonanlage f\u00fcr \u00c4rzte in Wangen &#8211; Beratung: Telefon 07164 909700"},"content":{"rendered":"<h2>Modernste Telefonanlagen f\u00fcr Arztpraxen: Ma\u00dfgeschneidert und effektiv. Wir sind nur 8.4 km von Ihnen entfernt, wenn Sie vor Ort Unterst\u00fctzung oder Support ben\u00f6tigen.<\/h2>\n<p>In den meisten Praxen steht das Telefon niemals still. Besorgte Patientinnen und Patienten rufen an weil sie schon vor dem eigentlichen Termin eine Vielzahl Ausk\u00fcnfte ben\u00f6tigen, die sie im Voraus besprochen haben m\u00f6chten. Neben den organisatorischen Fragen nach Termin und \u00d6ffnungszeiten der Arztpraxis, ruft eine Vielzahl Patientinnen und Patienten an, die sich bereits in einer Behandlung befinden, um ein Folgerezept verschrieben zu bekommen. Da dieser Wunsch nur w\u00e4hrend eines bestimmten Zeitfensters ge\u00e4u\u00dfert werden kann, kann es so f\u00fcr den einen oder anderen Patienten ein \u00c4rgernis sein, niemand zu erreichen.<\/p>\n<h2>IP-Telefonanlagen \u2013 innovativ und praktisch f\u00fcr Ihre Praxis<\/h2>\n<p>Der enge Austausch mit Patienten kann nur mit einer voll funktionsf\u00e4higen TK-Anlage aufrechterhalten werden. Bislang stand der Praxis zu diesem Zweck anstatt der analogen L\u00f6sung, die ISDN Technik zur Verf\u00fcgung. Ma\u00dfgeschneidert installierte Telefonanlagen erschienen den meisten Praxisinhabern zu hochpreisig.<\/p>\n<h2>Moderne IP-Technologie macht es realisierbar \u2013 individuelle Anrufsteuerung zum vern\u00fcnftigen Kaufpreis.<\/h2>\n<p>Hierbei unterst\u00fctzen Sie spezifische Anruf-Beantworter mit Ansage-Texten, welche der jeweiligen Konstellation angepasst werden k\u00f6nnen. Auf diese Weise wird der Anrufer unverz\u00fcglich davon in Kenntnis gesetzt, ab wann die Praxis wieder erreichbar ist sowie zu welcher Zeit die allgemeinen Sprechzeiten sind.<\/p>\n<h2>Informationsaustausch mit wenig Arbeitsaufwand \u2013 professionelle IP-Telefon-Anlage f\u00fcr Arztpraxen<\/h2>\n<p>Neben den geeigneten Ansagetexten kann bspw. auch das Smartphone in die TK-Anlage einbezogen werden. So k\u00f6nnen Sie st\u00e4ndig erreichbar sein, wann immer Sie es f\u00fcr erforderlich halten.<\/p>\n<p>Sofern Sie einen PC mit Windows nutzen, dann steht Ihnen zum W\u00e4hlen per Klick die gern genutzte TAPI Funktionalit\u00e4t zur Verf\u00fcgung. Und die TAPI-Schnittstelle erkennt eingehende Rufnummern und zeigt Ihnen optional den Anrufer Beispielsweise in Ihrer Patientenverwaltung gleich an.<\/p>\n<p>Jede Menge Praxen sind nach wie vor auf die Telefax-Funktion angewiesen, da \u00f6fters Werte aus einem Labor direkt gebraucht werden. Eine computergesteuerte IP-TK-Anlage ist in der Lage, die Faxnachricht via E-Mail weiterzuleiten. So wird absolut kein zus\u00e4tzliches Papier gebraucht und die Laborwerte sind im Anschluss unmittelbar im Rechner abrufbar. Au\u00dferdem k\u00f6nnen sehr wichtige Laborwerte so in jedem Behandlungsraum eingesehen und gegebenenfalls mit dem Patienten diskutiert werden. Mit Hilfe der TK-Anlage k\u00f6nnen Sie selbstverst\u00e4ndlich auch selber Telefaxe versenden.<\/p>\n<p><strong><\/p>\n<p>Eine IP-Telefonanlage hilft Ihnen dabei, Zeit einzusparen, die Ihren Patientinnen und Patienten zugutekommt. IP-TK-Anlagen  optimieren den Kommunikationsaustausch und steigern die Zufriedenheit.<\/p>\n<p><\/strong><\/p>\n<p>Sollten Sie sich eine ma\u00dfgeschneidert angepasste IP-Telefonanlage f\u00fcr Ihre Praxis, die absolut nicht die Welt kosten w\u00fcrde, w\u00fcnschen, dann nehmen Sie gerne mit unserem Team Kontakt auf! Dank der jahrelangen Kenntnisse in diesem Gebiet k\u00f6nnen wir Sie detailliert informieren und \u00fcber den neuesten Stand der IP-Telefonanlagen-Technologie informieren.<\/p>\n<p><span style=\"color: #4F81BD;\"><\/p>\n<h2>Beratung IP-Tefonanlagen f\u00fcr Arztpraxen<\/h2>\n<p><\/span><\/p>\n<p><strong>Telefon: 07164909700<\/strong> &#8211; <strong>E-Mail: support@kaelberer-online.de<\/strong> oder \u00fcber das nachfolgende Kontaktformular, wir freuen uns \u00fcber Ihre Anfrage &#8211; <strong>Unser Unternehmen ist ganz in Ihrer N\u00e4he!<\/strong><\/p>\n<p>[contact-form-7 id=&#8220;482&#8243; title=&#8220;Kontakt Telefonanlagen f\u00fcr Aerzte&#8220;]<\/p>\n","protected":false},"excerpt":{"rendered":"<p>Modernste Telefonanlagen f\u00fcr Arztpraxen: Ma\u00dfgeschneidert und effektiv. Wir sind nur 8.4 km von Ihnen entfernt, wenn Sie vor Ort Unterst\u00fctzung oder Support ben\u00f6tigen. In den meisten Praxen steht das Telefon niemals still. Besorgte Patientinnen und Patienten rufen an weil sie schon vor dem eigentlichen Termin eine Vielzahl Ausk\u00fcnfte ben\u00f6tigen, die sie im Voraus besprochen haben &hellip; <a href=\"https:\/\/www.kaelberer-online.de\/services\/telefonanlagen\/telefonanlage-aerzte-wangen\/\" class=\"more-link\">Continue reading<span class=\"screen-reader-text\"> &#8222;Telefonanlage f\u00fcr \u00c4rzte in Wangen &#8211; Beratung: Telefon 07164 909700&#8220;<\/span><\/a><\/p>\n","protected":false},"author":2,"featured_media":795,"parent":26,"menu_order":0,"comment_status":"closed","ping_status":"open","template":"","meta":{"footnotes":""},"class_list":["post-794","page","type-page","status-publish","has-post-thumbnail","hentry"],"_links":{"self":[{"href":"https:\/\/www.kaelberer-online.de\/services\/wp-json\/wp\/v2\/pages\/794","targetHints":{"allow":["GET"]}}],"collection":[{"href":"https:\/\/www.kaelberer-online.de\/services\/wp-json\/wp\/v2\/pages"}],"about":[{"href":"https:\/\/www.kaelberer-online.de\/services\/wp-json\/wp\/v2\/types\/page"}],"author":[{"embeddable":true,"href":"https:\/\/www.kaelberer-online.de\/services\/wp-json\/wp\/v2\/users\/2"}],"replies":[{"embeddable":true,"href":"https:\/\/www.kaelberer-online.de\/services\/wp-json\/wp\/v2\/comments?post=794"}],"version-history":[{"count":0,"href":"https:\/\/www.kaelberer-online.de\/services\/wp-json\/wp\/v2\/pages\/794\/revisions"}],"up":[{"embeddable":true,"href":"https:\/\/www.kaelberer-online.de\/services\/wp-json\/wp\/v2\/pages\/26"}],"wp:featuredmedia":[{"embeddable":true,"href":"https:\/\/www.kaelberer-online.de\/services\/wp-json\/wp\/v2\/media\/795"}],"wp:attachment":[{"href":"https:\/\/www.kaelberer-online.de\/services\/wp-json\/wp\/v2\/media?parent=794"}],"curies":[{"name":"wp","href":"https:\/\/api.w.org\/{rel}","templated":true}]}}