{"id":790,"date":"2022-01-13T14:22:58","date_gmt":"2022-01-13T14:22:58","guid":{"rendered":"https:\/\/kaelberer-online.de\/services\/?page_id=790"},"modified":"2022-01-13T14:22:58","modified_gmt":"2022-01-13T14:22:58","slug":"telefonanlage-aerzte-schlierbach","status":"publish","type":"page","link":"https:\/\/www.kaelberer-online.de\/services\/telefonanlagen\/telefonanlage-aerzte-schlierbach\/","title":{"rendered":"Telefonanlagen f\u00fcr \u00c4rzte in Schlierbach &#8211; Beratung: Telefon 07164 909700"},"content":{"rendered":"<h2>Tolle Telefonanlagen f\u00fcr Arztpraxen: Individuell und leistungsf\u00e4hig. Unsere Firma ist nur 2.8 km von Ihnen weg, wenn Sie vor Ort Unterst\u00fctzung oder Support w\u00fcnschen.<\/h2>\n<p>In den meisten Praxen steht das Telefon niemals still. Besorgte Patientinnen und Patienten rufen an weil sie bereits vor dem Termin unz\u00e4hlige Ausk\u00fcnfte w\u00fcnschen, die sie im Vorhinein beantwortet haben wollen. Neben den Fragen nach Termin wie auch \u00d6ffnungszeiten der Praxis, ruft eine Reihe Patienten an, die sich bereits in einer Behandlung befinden, um ein Folgerezept verordnet zu bekommen. Da sie diesen Wunsch nur w\u00e4hrend eines bestimmten Zeitfensters \u00e4u\u00dfern k\u00f6nnen, kann es f\u00fcr manchen Patienten ein \u00c4rgernis sein, niemand zu erreichen.<\/p>\n<h2>Voice Over IP Telefonanlagen \u2013 fortschrittlich und vielf\u00e4ltig f\u00fcr Ihre Praxis<\/h2>\n<p>Ein enger Austausch mit Patienten kann nur mit einer voll funktionst\u00fcchtigen Telefonanlage aufrechterhalten werden. Bis dato stand der Arztpraxis zu diesem Zweck statt der analogen L\u00f6sung, die ISDN Technologie zur Verf\u00fcgung. Angepasst installierte Telefonanlagen erschienen den meisten Praxisinhabern zu teuer.<\/p>\n<h2>Tolle IP-Technik macht\u00b4s m\u00f6glich \u2013 zugeschnittene Anrufsteuerung zum g\u00fcnstigen Kaufpreis.<\/h2>\n<p>Hierbei unterst\u00fctzen Sie spezielle Anruf-Beantworter mit Ansagetexten, die der einzelnen Konstellation angepasst werden k\u00f6nnen. Dadurch kann der Anrufer prompt dar\u00fcber in Kenntnis gesetzt werden, zu welchem Zeitpunkt die Arztpraxis wieder erreichbar ist sowie zu welcher Zeit die grunds\u00e4tzlichen Sprechzeiten sind.<\/p>\n<h2>Kommunikation ohne viel Aufwand \u2013 leistungsf\u00e4hige IP-Telefon-Anlage f\u00fcr Praxen<\/h2>\n<p>Zus\u00e4tzlich zu den geeigneten Ansagetexten kann beispielsweise auch das Mobiltelefon in die TK-Anlage einbezogen werden. So k\u00f6nnen Sie stets erreichbar sein, wann immer Sie es f\u00fcr vonn\u00f6ten halten.<\/p>\n<p>Wenn Sie einen PC mit dem Betriebssystem Windows verwenden, dann steht Ihnen zum W\u00e4hlen per Klick die sogenannte TAPI Funktionalit\u00e4t zur Verf\u00fcgung. Und TAPI erkennt eingehende Nummern und zeigt Ihnen optional den Anrufer Beispielsweise in Ihrer Patientenverwaltung gleich an.<\/p>\n<p>Unz\u00e4hlige \u00c4rzte sind nach wie vor auf die Faxfunktion angewiesen, da manches Mal Laborwerte schnell ben\u00f6tigt werden. Die computergesteuerte IP-Telefonanlage ist in der Lage, das Fax via Mail weiterzuleiten. Auf diese Art wird keinerlei zus\u00e4tzliches Papier ben\u00f6tigt und die Werte sind im Anschluss sofort im Rechner einsehbar. Auch k\u00f6nnen wichtige Laborwerte dadurch in jedem Behandlungsraum ausgewertet und gegebenenfalls mit dem Patienten besprochen werden. Mit Hilfe der TK-Anlage k\u00f6nnen Sie nat\u00fcrlich auch selbst Faxe verschicken.<\/p>\n<p><strong><\/p>\n<p>Eine IP-TK-Anlage hilft Ihnen, Zeit zu sparen, die Ihren Patientinnen und Patienten zugutekommt. IP-TK-Anlagen  optimieren die Kommunikation und maximieren die Stimmung.<\/p>\n<p><\/strong><\/p>\n<p>Sofern Sie sich eine individuell angepasste IP-Telefonanlage f\u00fcr Ihre Praxis, die nicht die Welt kostet, w\u00fcnschen, dann rufen Sie uns einfach bei uns an! Dank unserer jahrelangen Kenntnisse auf diesem Gebiet k\u00f6nnen wir Sie detailliert unterst\u00fctzen und \u00fcber den aktuellen Stand der IP-Telefonanlagen-Technik informieren.<\/p>\n<p><span style=\"color: #4F81BD;\"><\/p>\n<h2>Beratung IP-Tefonanlagen f\u00fcr Praxen<\/h2>\n<p><\/span><\/p>\n<p><strong>Telefon: 07164909700<\/strong> &#8211; <strong>E-Mail: support@kaelberer-online.de<\/strong> oder \u00fcber das darauffolgende Kontakt-Formular, wir freuen uns auf Ihre Nachricht &#8211; <strong>Wir sind in Ihrer N\u00e4he!<\/strong><\/p>\n<p>[contact-form-7 id=&#8220;482&#8243; title=&#8220;Kontakt Telefonanlagen f\u00fcr Aerzte&#8220;]<\/p>\n","protected":false},"excerpt":{"rendered":"<p>Tolle Telefonanlagen f\u00fcr Arztpraxen: Individuell und leistungsf\u00e4hig. Unsere Firma ist nur 2.8 km von Ihnen weg, wenn Sie vor Ort Unterst\u00fctzung oder Support w\u00fcnschen. In den meisten Praxen steht das Telefon niemals still. Besorgte Patientinnen und Patienten rufen an weil sie bereits vor dem Termin unz\u00e4hlige Ausk\u00fcnfte w\u00fcnschen, die sie im Vorhinein beantwortet haben wollen. &hellip; <a href=\"https:\/\/www.kaelberer-online.de\/services\/telefonanlagen\/telefonanlage-aerzte-schlierbach\/\" class=\"more-link\">Continue reading<span class=\"screen-reader-text\"> &#8222;Telefonanlagen f\u00fcr \u00c4rzte in Schlierbach &#8211; Beratung: Telefon 07164 909700&#8220;<\/span><\/a><\/p>\n","protected":false},"author":2,"featured_media":791,"parent":26,"menu_order":0,"comment_status":"closed","ping_status":"open","template":"","meta":{"footnotes":""},"class_list":["post-790","page","type-page","status-publish","has-post-thumbnail","hentry"],"_links":{"self":[{"href":"https:\/\/www.kaelberer-online.de\/services\/wp-json\/wp\/v2\/pages\/790","targetHints":{"allow":["GET"]}}],"collection":[{"href":"https:\/\/www.kaelberer-online.de\/services\/wp-json\/wp\/v2\/pages"}],"about":[{"href":"https:\/\/www.kaelberer-online.de\/services\/wp-json\/wp\/v2\/types\/page"}],"author":[{"embeddable":true,"href":"https:\/\/www.kaelberer-online.de\/services\/wp-json\/wp\/v2\/users\/2"}],"replies":[{"embeddable":true,"href":"https:\/\/www.kaelberer-online.de\/services\/wp-json\/wp\/v2\/comments?post=790"}],"version-history":[{"count":0,"href":"https:\/\/www.kaelberer-online.de\/services\/wp-json\/wp\/v2\/pages\/790\/revisions"}],"up":[{"embeddable":true,"href":"https:\/\/www.kaelberer-online.de\/services\/wp-json\/wp\/v2\/pages\/26"}],"wp:featuredmedia":[{"embeddable":true,"href":"https:\/\/www.kaelberer-online.de\/services\/wp-json\/wp\/v2\/media\/791"}],"wp:attachment":[{"href":"https:\/\/www.kaelberer-online.de\/services\/wp-json\/wp\/v2\/media?parent=790"}],"curies":[{"name":"wp","href":"https:\/\/api.w.org\/{rel}","templated":true}]}}